{"id":2454,"date":"2023-02-22T21:07:42","date_gmt":"2023-02-23T03:07:42","guid":{"rendered":"https:\/\/tecsecmty.com\/index.php\/producto\/dahua-cable-convertidor-cable-doble-m12-macho-de-7-a-4-pines-m12-hembra-4-a-10-pines-para-uso-con-cable-extensor-de-7-pines-especial-para-uso-con-md02-longitud-de-30cm-lonuevo\/"},"modified":"2023-03-22T23:22:21","modified_gmt":"2023-03-23T05:22:21","slug":"dahua-cable-convertidor-cable-doble-m12-macho-de-7-a-4-pines-m12-hembra-4-a-10-pines-para-uso-con-cable-extensor-de-7-pines-especial-para-uso-con-md02-longitud-de-30cm-lonuevo","status":"publish","type":"product","link":"https:\/\/tecsecmty.com\/index.php\/producto\/dahua-cable-convertidor-cable-doble-m12-macho-de-7-a-4-pines-m12-hembra-4-a-10-pines-para-uso-con-cable-extensor-de-7-pines-especial-para-uso-con-md02-longitud-de-30cm-lonuevo\/","title":{"rendered":"DAHUA CABLE CONVERTIDOR &#8211; CABLE Doble\/ M12 Macho de 7 a 4 Pines \/ M12 Hembra 4 a 10 Pines \/ Para uso con cable extensor de 7 Pines\/ Especial para uso con MD02 \/ Longitud de 30cm \/ #LoNuevo"},"content":{"rendered":"<h5 class=\"card-title text-center\">Informaci\u00f3n general<\/h5>\n<p>El cable nos permite realizar la integraci\u00f3n del equipo MD02 con los grabadores m\u00f3viles, convirtiendo la se\u00f1al de 7 pines a 4 pines necesarios para los grabadores M\u00f3viles Dahua.<\/p>\n<h6>Nota: ESTE CABLE ES DE USO EXCLUSIVO CON MINI DISPLAY MD02 PARA DVR MOVIL<\/h6>\n<p><img decoding=\"async\" class=\"overview-center-img-web\" src=\"https:\/\/tvc.mx\/media\/608011\/Dahua-cable-convertidor-7-pines-4-pines-overPrincipal.png\" alt=\"\" \/><\/p>\n","protected":false},"excerpt":{"rendered":"<p>Informaci\u00f3n general El cable nos permite realizar la integraci\u00f3n del equipo MD02 con los grabadores m\u00f3viles, convirtiendo la se\u00f1al de 7 pines a 4 pines necesarios para los grabadores M\u00f3viles Dahua. Nota: ESTE CABLE ES DE USO EXCLUSIVO CON MINI DISPLAY MD02 PARA DVR MOVIL<\/p>\n","protected":false},"featured_media":2453,"comment_status":"open","ping_status":"closed","template":"","meta":{"om_disable_all_campaigns":false,"_monsterinsights_skip_tracking":false,"_monsterinsights_sitenote_active":false,"_monsterinsights_sitenote_note":"","_monsterinsights_sitenote_category":0},"product_brand":[],"product_cat":[157],"product_tag":[159,62,158],"class_list":{"0":"post-2454","1":"product","2":"type-product","3":"status-publish","4":"has-post-thumbnail","6":"product_cat-accesorios","7":"product_tag-camara-camion","8":"product_tag-camara-movil","9":"product_tag-camara-transporte","11":"first","12":"instock","13":"sale","14":"taxable","15":"shipping-taxable","16":"purchasable","17":"product-type-simple"},"aioseo_notices":[],"_links":{"self":[{"href":"https:\/\/tecsecmty.com\/index.php\/wp-json\/wp\/v2\/product\/2454","targetHints":{"allow":["GET"]}}],"collection":[{"href":"https:\/\/tecsecmty.com\/index.php\/wp-json\/wp\/v2\/product"}],"about":[{"href":"https:\/\/tecsecmty.com\/index.php\/wp-json\/wp\/v2\/types\/product"}],"replies":[{"embeddable":true,"href":"https:\/\/tecsecmty.com\/index.php\/wp-json\/wp\/v2\/comments?post=2454"}],"version-history":[{"count":0,"href":"https:\/\/tecsecmty.com\/index.php\/wp-json\/wp\/v2\/product\/2454\/revisions"}],"wp:featuredmedia":[{"embeddable":true,"href":"https:\/\/tecsecmty.com\/index.php\/wp-json\/wp\/v2\/media\/2453"}],"wp:attachment":[{"href":"https:\/\/tecsecmty.com\/index.php\/wp-json\/wp\/v2\/media?parent=2454"}],"wp:term":[{"taxonomy":"product_brand","embeddable":true,"href":"https:\/\/tecsecmty.com\/index.php\/wp-json\/wp\/v2\/product_brand?post=2454"},{"taxonomy":"product_cat","embeddable":true,"href":"https:\/\/tecsecmty.com\/index.php\/wp-json\/wp\/v2\/product_cat?post=2454"},{"taxonomy":"product_tag","embeddable":true,"href":"https:\/\/tecsecmty.com\/index.php\/wp-json\/wp\/v2\/product_tag?post=2454"}],"curies":[{"name":"wp","href":"https:\/\/api.w.org\/{rel}","templated":true}]}}