{"id":2460,"date":"2023-02-22T21:07:50","date_gmt":"2023-02-23T03:07:50","guid":{"rendered":"https:\/\/tecsecmty.com\/index.php\/producto\/dahua-m869-intercomunicador-para-dvr-movil-dahua-comunicacion-con-centro-de-control-de-dss\/"},"modified":"2023-03-22T23:22:58","modified_gmt":"2023-03-23T05:22:58","slug":"dahua-m869-intercomunicador-para-dvr-movil-dahua-comunicacion-con-centro-de-control-de-dss","status":"publish","type":"product","link":"https:\/\/tecsecmty.com\/index.php\/producto\/dahua-m869-intercomunicador-para-dvr-movil-dahua-comunicacion-con-centro-de-control-de-dss\/","title":{"rendered":"DAHUA M869- Intercomunicador para DVR M\u00f3vil Dahua\/ Comunicaci\u00f3n con Centro de Control de DSS"},"content":{"rendered":"<div class=\"row aling-items-center padding-bottom-2x\">\n<div class=\"col-lg-12\">\n<h5 class=\"card-title text-center\">Informaci\u00f3n General<\/h5>\n<p>El modelo\u00a0<strong>M869<\/strong>\u00a0es un micr\u00f3fono tipo PTT, para dvr m\u00f3vil Dahua, cuenta con comunicaci\u00f3n de audio bi-direccional con central de monitoreo DSS de la Serie 1 y con la plataforma Mobile Center. Es compatible con los modelos MXVR4104-GFW y MXVR1004GC.<\/p>\n<p><img decoding=\"async\" class=\"overview-center-img-web\" src=\"https:\/\/tvc.mx\/media\/185963\/Dahua-M869-Intercomunicador-con-Plataforma-DSS-S1-Mobile-Center.png\" alt=\"\" \/><\/div>\n<\/div>\n<div class=\"row aling-items-center padding-bottom-2x\">\n<div class=\"col-lg-12\">\n<h5 class=\"card-title text-center\">F\u00e1cil uso<\/h5>\n<p>El intercomunicador\u00a0<strong>M869<\/strong>\u00a0cuenta con un cuerpo ligero, f\u00e1cil de mover con funci\u00f3n de amplificador, calidad de sonido clara, cuenta con interfaz de conector de aviaci\u00f3n est\u00e1ndar, f\u00e1cil de uso.<\/p>\n<p><img decoding=\"async\" class=\"overview-center-img-web\" src=\"https:\/\/tvc.mx\/media\/186055\/Dahua-M869-Intercomunicador-con-Plataforma-DSS-S1-Mobile-Center-Comunicacion.png\" alt=\"\" \/><\/div>\n<\/div>\n<div class=\"row aling-items-center padding-bottom-2x\">\n<div class=\"col-lg-12\">\n<h5 class=\"card-title text-center\">Principales Caracter\u00edsticas<\/h5>\n<ul>\n<li class=\"ql-align-justify\">Tama\u00f1o\u00a0\u03c69,7 * 6,5.<\/li>\n<li class=\"ql-align-justify\">Sensibilidad\u00a0&#8211; 38dB \u00b1 3dB.<\/li>\n<li class=\"ql-align-justify\">Frecuencia\u00a020-20KHZ\u00a0.<\/li>\n<li class=\"ql-align-justify\">Impedancia 2,2 K\u03a9 1,5 V\u00a0.<\/li>\n<li class=\"ql-align-justify\">Resistencia a la temperatura &#8211; 40 ~ 105 \u00b0 C.<\/li>\n<li class=\"ql-align-justify\">Conector M12<\/li>\n<li class=\"ql-align-justify\">Material\u00a0poliuretano.<\/li>\n<\/ul>\n<p><img decoding=\"async\" class=\"overview-center-img-web\" src=\"https:\/\/tvc.mx\/media\/186383\/principalcaracimg-pal.png\" alt=\"\" \/><\/div>\n<\/div>\n<div class=\"row align-items-center padding-bottom-2x\">\n<div class=\"col-md-5\"><img decoding=\"async\" class=\"d-block m-auto img-thumbnail\" src=\"https:\/\/tvc.mx\/media\/633438\/PhotoRoom-20230120_095007.png\" alt=\" \" \/><\/div>\n<div class=\"col-md-7 text-md-left text-center\">\n<h2>Incluye<\/h2>\n<p class=\"text-muted\">\n<ul>\n<li>Intercomunicador<\/li>\n<li>Arn\u00e9s de sujeci\u00f3n<\/li>\n<li>2 cables M12<\/li>\n<li>P\u00f3liza de garant\u00eda<\/li>\n<li>Informaci\u00f3n<\/li>\n<li>Tornillos<\/li>\n<\/ul>\n<\/div>\n<\/div>\n","protected":false},"excerpt":{"rendered":"<p>Informaci\u00f3n General El modelo\u00a0M869\u00a0es un micr\u00f3fono tipo PTT, para dvr m\u00f3vil Dahua, cuenta con comunicaci\u00f3n de audio bi-direccional con central de monitoreo DSS de la Serie 1 y con la plataforma Mobile Center. Es compatible con los modelos MXVR4104-GFW y MXVR1004GC. F\u00e1cil uso El intercomunicador\u00a0M869\u00a0cuenta&hellip;<\/p>\n","protected":false},"featured_media":2459,"comment_status":"open","ping_status":"closed","template":"","meta":{"om_disable_all_campaigns":false,"_monsterinsights_skip_tracking":false,"_monsterinsights_sitenote_active":false,"_monsterinsights_sitenote_note":"","_monsterinsights_sitenote_category":0},"product_brand":[],"product_cat":[157],"product_tag":[159,62,158],"class_list":{"0":"post-2460","1":"product","2":"type-product","3":"status-publish","4":"has-post-thumbnail","6":"product_cat-accesorios","7":"product_tag-camara-camion","8":"product_tag-camara-movil","9":"product_tag-camara-transporte","11":"first","12":"instock","13":"sale","14":"taxable","15":"shipping-taxable","16":"purchasable","17":"product-type-simple"},"aioseo_notices":[],"_links":{"self":[{"href":"https:\/\/tecsecmty.com\/index.php\/wp-json\/wp\/v2\/product\/2460","targetHints":{"allow":["GET"]}}],"collection":[{"href":"https:\/\/tecsecmty.com\/index.php\/wp-json\/wp\/v2\/product"}],"about":[{"href":"https:\/\/tecsecmty.com\/index.php\/wp-json\/wp\/v2\/types\/product"}],"replies":[{"embeddable":true,"href":"https:\/\/tecsecmty.com\/index.php\/wp-json\/wp\/v2\/comments?post=2460"}],"version-history":[{"count":0,"href":"https:\/\/tecsecmty.com\/index.php\/wp-json\/wp\/v2\/product\/2460\/revisions"}],"wp:featuredmedia":[{"embeddable":true,"href":"https:\/\/tecsecmty.com\/index.php\/wp-json\/wp\/v2\/media\/2459"}],"wp:attachment":[{"href":"https:\/\/tecsecmty.com\/index.php\/wp-json\/wp\/v2\/media?parent=2460"}],"wp:term":[{"taxonomy":"product_brand","embeddable":true,"href":"https:\/\/tecsecmty.com\/index.php\/wp-json\/wp\/v2\/product_brand?post=2460"},{"taxonomy":"product_cat","embeddable":true,"href":"https:\/\/tecsecmty.com\/index.php\/wp-json\/wp\/v2\/product_cat?post=2460"},{"taxonomy":"product_tag","embeddable":true,"href":"https:\/\/tecsecmty.com\/index.php\/wp-json\/wp\/v2\/product_tag?post=2460"}],"curies":[{"name":"wp","href":"https:\/\/api.w.org\/{rel}","templated":true}]}}