{"id":2462,"date":"2023-02-22T21:07:51","date_gmt":"2023-02-23T03:07:51","guid":{"rendered":"https:\/\/tecsecmty.com\/index.php\/producto\/dahua-mc-af4-am4-18-cable-extensor-tipo-aviacion-de-18-metros-para-transmision-de-video-y-audio-analogico-conectores-m12-hembra-a-m12-macho-4-pines-especial-para-dvr-movil-lonuevo\/"},"modified":"2023-03-22T23:22:58","modified_gmt":"2023-03-23T05:22:58","slug":"dahua-mc-af4-am4-18-cable-extensor-tipo-aviacion-de-18-metros-para-transmision-de-video-y-audio-analogico-conectores-m12-hembra-a-m12-macho-4-pines-especial-para-dvr-movil-lonuevo","status":"publish","type":"product","link":"https:\/\/tecsecmty.com\/index.php\/producto\/dahua-mc-af4-am4-18-cable-extensor-tipo-aviacion-de-18-metros-para-transmision-de-video-y-audio-analogico-conectores-m12-hembra-a-m12-macho-4-pines-especial-para-dvr-movil-lonuevo\/","title":{"rendered":"DAHUA MC-AF4-AM4-18 &#8211; Cable extensor tipo aviaci\u00f3n de 18 Metros\/ Para transmisi\u00f3n de video y audio analogico\/ Conectores M12 hembra a M12 macho\/ 4 Pines\/ Especial para DVR Movil\/ #LoNuevo"},"content":{"rendered":"<h5 class=\"card-title text-center\">Informaci\u00f3n General<\/h5>\n<p>El\u00a0<strong>MC-AF4-AM4-18<\/strong>\u00a0es un conector M12 del tambi\u00e9n conocido como aviaci\u00f3n o tipo aire, est\u00e1 dise\u00f1ado para conectar c\u00e1maras a los DVR M\u00f3viles Dahua, por medio de este se transmite la alimentaci\u00f3n, audio y video a trav\u00e9s del mismo cable. Es compatible con tecnolog\u00eda anal\u00f3gica\/HDCVI.<\/p>\n<ul>\n<li>Longitud de 18 m.<\/li>\n<li>Color: Negro.<\/li>\n<li>Transmite Audio (S\u00f3lo CVI).<\/li>\n<li>Transmite Energ\u00eda.<\/li>\n<li>Transmite Video (Anal\u00f3gico\/CVI).<\/li>\n<\/ul>\n<p><img decoding=\"async\" class=\"overview-center-img-web\" src=\"https:\/\/tvc.mx\/media\/594051\/Cable_conector_camara_a_DVR-Movil_18mts-4pines_Dahua_MC-AF4-AM4-18_Over_Ppal.png\" alt=\"\" \/><\/p>\n","protected":false},"excerpt":{"rendered":"<p>Informaci\u00f3n General El\u00a0MC-AF4-AM4-18\u00a0es un conector M12 del tambi\u00e9n conocido como aviaci\u00f3n o tipo aire, est\u00e1 dise\u00f1ado para conectar c\u00e1maras a los DVR M\u00f3viles Dahua, por medio de este se transmite la alimentaci\u00f3n, audio y video a trav\u00e9s del mismo cable. Es compatible con tecnolog\u00eda anal\u00f3gica\/HDCVI.&hellip;<\/p>\n","protected":false},"featured_media":2461,"comment_status":"open","ping_status":"closed","template":"","meta":{"om_disable_all_campaigns":false,"_monsterinsights_skip_tracking":false,"_monsterinsights_sitenote_active":false,"_monsterinsights_sitenote_note":"","_monsterinsights_sitenote_category":0},"product_brand":[],"product_cat":[157],"product_tag":[159,62,158],"class_list":{"0":"post-2462","1":"product","2":"type-product","3":"status-publish","4":"has-post-thumbnail","6":"product_cat-accesorios","7":"product_tag-camara-camion","8":"product_tag-camara-movil","9":"product_tag-camara-transporte","11":"first","12":"instock","13":"sale","14":"taxable","15":"shipping-taxable","16":"purchasable","17":"product-type-simple"},"aioseo_notices":[],"_links":{"self":[{"href":"https:\/\/tecsecmty.com\/index.php\/wp-json\/wp\/v2\/product\/2462","targetHints":{"allow":["GET"]}}],"collection":[{"href":"https:\/\/tecsecmty.com\/index.php\/wp-json\/wp\/v2\/product"}],"about":[{"href":"https:\/\/tecsecmty.com\/index.php\/wp-json\/wp\/v2\/types\/product"}],"replies":[{"embeddable":true,"href":"https:\/\/tecsecmty.com\/index.php\/wp-json\/wp\/v2\/comments?post=2462"}],"version-history":[{"count":0,"href":"https:\/\/tecsecmty.com\/index.php\/wp-json\/wp\/v2\/product\/2462\/revisions"}],"wp:featuredmedia":[{"embeddable":true,"href":"https:\/\/tecsecmty.com\/index.php\/wp-json\/wp\/v2\/media\/2461"}],"wp:attachment":[{"href":"https:\/\/tecsecmty.com\/index.php\/wp-json\/wp\/v2\/media?parent=2462"}],"wp:term":[{"taxonomy":"product_brand","embeddable":true,"href":"https:\/\/tecsecmty.com\/index.php\/wp-json\/wp\/v2\/product_brand?post=2462"},{"taxonomy":"product_cat","embeddable":true,"href":"https:\/\/tecsecmty.com\/index.php\/wp-json\/wp\/v2\/product_cat?post=2462"},{"taxonomy":"product_tag","embeddable":true,"href":"https:\/\/tecsecmty.com\/index.php\/wp-json\/wp\/v2\/product_tag?post=2462"}],"curies":[{"name":"wp","href":"https:\/\/api.w.org\/{rel}","templated":true}]}}