{"id":2464,"date":"2023-02-22T21:07:52","date_gmt":"2023-02-23T03:07:52","guid":{"rendered":"https:\/\/tecsecmty.com\/index.php\/producto\/dahua-mc-pf3-b3-4-cable-de-alimentacion-para-dvr-movil-dahua-lonuevo\/"},"modified":"2023-03-22T23:22:58","modified_gmt":"2023-03-23T05:22:58","slug":"dahua-mc-pf3-b3-4-cable-de-alimentacion-para-dvr-movil-dahua-lonuevo","status":"publish","type":"product","link":"https:\/\/tecsecmty.com\/index.php\/producto\/dahua-mc-pf3-b3-4-cable-de-alimentacion-para-dvr-movil-dahua-lonuevo\/","title":{"rendered":"DAHUA MC-PF3-B3-4 &#8211; Cable de Alimentaci\u00f3n para DVR Movil Dahua\/ #LoNuevo"},"content":{"rendered":"<div class=\"row aling-items-center padding-bottom-2x\">\n<div class=\"col-lg-12\">\n<h5 class=\"card-title text-center\">Informaci\u00f3n General<\/h5>\n<p>El cable\u00a0<strong>MC-PF3-B3-4\u00a0<\/strong>se utiliza para alimentar el grabador m\u00f3vil directamente de la bater\u00eda del veh\u00edculo que esta puede estar a 4 metros de distancia del grabador.<\/p>\n<p><img decoding=\"async\" class=\"overview-center-img-web\" src=\"https:\/\/tvc.mx\/media\/488556\/cable-de-alimentacion-para-dvr-MC-PF3-B3-4-Dahua.png\" alt=\"\" \/><\/div>\n<\/div>\n<div class=\"row align-items-center padding-bottom-2x\">\n<div class=\"col-md-5\"><img decoding=\"async\" class=\"d-block m-auto img-thumbnail\" src=\"https:\/\/tvc.mx\/media\/488564\/cable-de-alimentacion-para-dvr-MC-PF3-B3-4-Dahua-caracteristicas.png\" alt=\" \" \/><\/div>\n<div class=\"col-md-7 text-md-left text-center\">\n<h2>Principales Caracter\u00edsticas<\/h2>\n<p class=\"text-muted\">\n<ul>\n<li>Extremos met\u00e1licos \/ regleta de conectores hembra de 3 v\u00edas con conectores push-in de 6,3 mm}<\/li>\n<li>Longitud del cable: 4 m<\/li>\n<li>Voltaje: 12 V<\/li>\n<li>Actual: m\u00e1x. 20 A<\/li>\n<li>Montaje muy f\u00e1cil y r\u00e1pido<\/li>\n<li>Mano de obra s\u00f3lida<\/li>\n<li>Fusible de coche de 20 A en el cable<\/li>\n<li>Peso: 0,35 kilogramos<\/li>\n<\/ul>\n<\/div>\n<\/div>\n","protected":false},"excerpt":{"rendered":"<p>Informaci\u00f3n General El cable\u00a0MC-PF3-B3-4\u00a0se utiliza para alimentar el grabador m\u00f3vil directamente de la bater\u00eda del veh\u00edculo que esta puede estar a 4 metros de distancia del grabador. Principales Caracter\u00edsticas Extremos met\u00e1licos \/ regleta de conectores hembra de 3 v\u00edas con conectores push-in de 6,3 mm}&hellip;<\/p>\n","protected":false},"featured_media":2463,"comment_status":"open","ping_status":"closed","template":"","meta":{"om_disable_all_campaigns":false,"_monsterinsights_skip_tracking":false,"_monsterinsights_sitenote_active":false,"_monsterinsights_sitenote_note":"","_monsterinsights_sitenote_category":0},"product_brand":[],"product_cat":[157],"product_tag":[159,62,158],"class_list":{"0":"post-2464","1":"product","2":"type-product","3":"status-publish","4":"has-post-thumbnail","6":"product_cat-accesorios","7":"product_tag-camara-camion","8":"product_tag-camara-movil","9":"product_tag-camara-transporte","11":"first","12":"instock","13":"sale","14":"taxable","15":"shipping-taxable","16":"purchasable","17":"product-type-simple"},"aioseo_notices":[],"_links":{"self":[{"href":"https:\/\/tecsecmty.com\/index.php\/wp-json\/wp\/v2\/product\/2464","targetHints":{"allow":["GET"]}}],"collection":[{"href":"https:\/\/tecsecmty.com\/index.php\/wp-json\/wp\/v2\/product"}],"about":[{"href":"https:\/\/tecsecmty.com\/index.php\/wp-json\/wp\/v2\/types\/product"}],"replies":[{"embeddable":true,"href":"https:\/\/tecsecmty.com\/index.php\/wp-json\/wp\/v2\/comments?post=2464"}],"version-history":[{"count":0,"href":"https:\/\/tecsecmty.com\/index.php\/wp-json\/wp\/v2\/product\/2464\/revisions"}],"wp:featuredmedia":[{"embeddable":true,"href":"https:\/\/tecsecmty.com\/index.php\/wp-json\/wp\/v2\/media\/2463"}],"wp:attachment":[{"href":"https:\/\/tecsecmty.com\/index.php\/wp-json\/wp\/v2\/media?parent=2464"}],"wp:term":[{"taxonomy":"product_brand","embeddable":true,"href":"https:\/\/tecsecmty.com\/index.php\/wp-json\/wp\/v2\/product_brand?post=2464"},{"taxonomy":"product_cat","embeddable":true,"href":"https:\/\/tecsecmty.com\/index.php\/wp-json\/wp\/v2\/product_cat?post=2464"},{"taxonomy":"product_tag","embeddable":true,"href":"https:\/\/tecsecmty.com\/index.php\/wp-json\/wp\/v2\/product_tag?post=2464"}],"curies":[{"name":"wp","href":"https:\/\/api.w.org\/{rel}","templated":true}]}}