{"id":2466,"date":"2023-02-22T21:07:54","date_gmt":"2023-02-23T03:07:54","guid":{"rendered":"https:\/\/tecsecmty.com\/index.php\/producto\/dahua-mcnu-gxf4-gxm4-12-cable-extensor-tipo-aviacion-de-12-metros-para-transmision-de-video-y-audio-analogico-conectores-m12-hembra-a-m12-macho-4-pines-especial-para-dvr-movil-lonuevo\/"},"modified":"2023-03-22T23:22:58","modified_gmt":"2023-03-23T05:22:58","slug":"dahua-mcnu-gxf4-gxm4-12-cable-extensor-tipo-aviacion-de-12-metros-para-transmision-de-video-y-audio-analogico-conectores-m12-hembra-a-m12-macho-4-pines-especial-para-dvr-movil-lonuevo","status":"publish","type":"product","link":"https:\/\/tecsecmty.com\/index.php\/producto\/dahua-mcnu-gxf4-gxm4-12-cable-extensor-tipo-aviacion-de-12-metros-para-transmision-de-video-y-audio-analogico-conectores-m12-hembra-a-m12-macho-4-pines-especial-para-dvr-movil-lonuevo\/","title":{"rendered":"DAHUA MCNU-GXF4-GXM4-12 &#8211; Cable extensor tipo aviaci\u00f3n de 12 Metros\/ Para transmisi\u00f3n de video y audio analogico\/ Conectores M12 hembra a M12 macho\/ 4 Pines\/ Especial para DVR Movil\/ #LoNuevo"},"content":{"rendered":"<div class=\"row aling-items-center padding-bottom-2x\">\n<div class=\"col-lg-12\">\n<h5 class=\"card-title text-center\">Informaci\u00f3n General<\/h5>\n<p>El\u00a0MCNU-GXF4-GXM4-12 es un cable del tipo aviaci\u00f3n\u00a0dise\u00f1ado para instalaciones de equipos DVR\u00b4s M\u00f3viles, por el cual se transmite la alimentaci\u00f3n, audio y video entre c\u00e1mara y grabador. Compatible con tecnolog\u00eda HDCVI y anal\u00f3gica.<\/p>\n<p><img decoding=\"async\" class=\"overview-center-img-web\" src=\"https:\/\/tvc.mx\/media\/571719\/Cable-Tipo_Aviacion-12-Metros-Video_Audio-Conectores_M12_Dahua_MCNU-GXF4-GXM4-12_Over-Ppal.png\" alt=\"\" \/><\/div>\n<\/div>\n<div class=\"row align-items-center padding-bottom-2x\">\n<div class=\"col-md-5\"><img decoding=\"async\" class=\"d-block m-auto img-thumbnail\" src=\"https:\/\/tvc.mx\/media\/571931\/Cable-Tipo_Aviacion-12-Metros-Video_Audio-Conectores_M12_Dahua_MCNU-GXF4-GXM4-12_Over-M.png\" alt=\" \" \/><\/div>\n<div class=\"col-md-7 text-md-left text-center\">\n<h2>Principales Caracter\u00edsticas<\/h2>\n<p class=\"text-muted\">\n<ul>\n<li>\u00a0\u00a0\u00a0Longitud de\u00a012 Mts.<\/li>\n<li>\u00a0\u00a0\u00a0Color Negro.<\/li>\n<li>\u00a0\u00a0\u00a0Transmite Audio (S\u00d3LO CVI).<\/li>\n<li>\u00a0\u00a0\u00a0Transmite Energ\u00eda.<\/li>\n<li>\u00a0\u00a0\u00a0Transmite Video (CVI \/ Anal\u00f3gico).<\/li>\n<\/ul>\n<ul>\n<li>Requerimientos de\u00a0Instalaci\u00f3n (No\u00a0Incluidos).<\/li>\n<li>\u00a0\u00a0\u00a0DVR M\u00f3vil<\/li>\n<li>\u00a0\u00a0\u00a0C\u00e1maras<\/li>\n<\/ul>\n<\/div>\n<\/div>\n","protected":false},"excerpt":{"rendered":"<p>Informaci\u00f3n General El\u00a0MCNU-GXF4-GXM4-12 es un cable del tipo aviaci\u00f3n\u00a0dise\u00f1ado para instalaciones de equipos DVR\u00b4s M\u00f3viles, por el cual se transmite la alimentaci\u00f3n, audio y video entre c\u00e1mara y grabador. Compatible con tecnolog\u00eda HDCVI y anal\u00f3gica. Principales Caracter\u00edsticas \u00a0\u00a0\u00a0Longitud de\u00a012 Mts. \u00a0\u00a0\u00a0Color Negro. \u00a0\u00a0\u00a0Transmite Audio (S\u00d3LO&hellip;<\/p>\n","protected":false},"featured_media":2465,"comment_status":"open","ping_status":"closed","template":"","meta":{"om_disable_all_campaigns":false,"_monsterinsights_skip_tracking":false,"_monsterinsights_sitenote_active":false,"_monsterinsights_sitenote_note":"","_monsterinsights_sitenote_category":0},"product_brand":[],"product_cat":[157],"product_tag":[159,62,158],"class_list":{"0":"post-2466","1":"product","2":"type-product","3":"status-publish","4":"has-post-thumbnail","6":"product_cat-accesorios","7":"product_tag-camara-camion","8":"product_tag-camara-movil","9":"product_tag-camara-transporte","11":"first","12":"instock","13":"sale","14":"taxable","15":"shipping-taxable","16":"purchasable","17":"product-type-simple"},"aioseo_notices":[],"_links":{"self":[{"href":"https:\/\/tecsecmty.com\/index.php\/wp-json\/wp\/v2\/product\/2466","targetHints":{"allow":["GET"]}}],"collection":[{"href":"https:\/\/tecsecmty.com\/index.php\/wp-json\/wp\/v2\/product"}],"about":[{"href":"https:\/\/tecsecmty.com\/index.php\/wp-json\/wp\/v2\/types\/product"}],"replies":[{"embeddable":true,"href":"https:\/\/tecsecmty.com\/index.php\/wp-json\/wp\/v2\/comments?post=2466"}],"version-history":[{"count":0,"href":"https:\/\/tecsecmty.com\/index.php\/wp-json\/wp\/v2\/product\/2466\/revisions"}],"wp:featuredmedia":[{"embeddable":true,"href":"https:\/\/tecsecmty.com\/index.php\/wp-json\/wp\/v2\/media\/2465"}],"wp:attachment":[{"href":"https:\/\/tecsecmty.com\/index.php\/wp-json\/wp\/v2\/media?parent=2466"}],"wp:term":[{"taxonomy":"product_brand","embeddable":true,"href":"https:\/\/tecsecmty.com\/index.php\/wp-json\/wp\/v2\/product_brand?post=2466"},{"taxonomy":"product_cat","embeddable":true,"href":"https:\/\/tecsecmty.com\/index.php\/wp-json\/wp\/v2\/product_cat?post=2466"},{"taxonomy":"product_tag","embeddable":true,"href":"https:\/\/tecsecmty.com\/index.php\/wp-json\/wp\/v2\/product_tag?post=2466"}],"curies":[{"name":"wp","href":"https:\/\/api.w.org\/{rel}","templated":true}]}}