{"id":2472,"date":"2023-02-22T21:08:01","date_gmt":"2023-02-23T03:08:01","guid":{"rendered":"https:\/\/tecsecmty.com\/index.php\/producto\/dahua-md02-pantalla-mini-display-de-alarma-para-conductor-alertas-de-conduccion-anormal-compatible-con-dvr-movil-inteligente-para-adas-y-dsm-mxvr-i-display-de-1-54-pulgadas-uso-interior-lonu\/"},"modified":"2023-03-22T23:22:58","modified_gmt":"2023-03-23T05:22:58","slug":"dahua-md02-pantalla-mini-display-de-alarma-para-conductor-alertas-de-conduccion-anormal-compatible-con-dvr-movil-inteligente-para-adas-y-dsm-mxvr-i-display-de-1-54-pulgadas-uso-interior-lonu","status":"publish","type":"product","link":"https:\/\/tecsecmty.com\/index.php\/producto\/dahua-md02-pantalla-mini-display-de-alarma-para-conductor-alertas-de-conduccion-anormal-compatible-con-dvr-movil-inteligente-para-adas-y-dsm-mxvr-i-display-de-1-54-pulgadas-uso-interior-lonu\/","title":{"rendered":"DAHUA MD02 &#8211; Pantalla mini display de alarma para conductor\/ Alertas de conducci\u00f3n anormal\/ Compatible con DVR M\u00f3vil inteligente\/ Para ADAS y DSM\/ MXVR-I\/ Display de 1.54 pulgadas\/ Uso interior\/ #LoNuevo"},"content":{"rendered":"<div class=\"row aling-items-center padding-bottom-2x\">\n<div class=\"col-lg-12\">\n<h5 class=\"card-title text-center\">Informaci\u00f3n General<\/h5>\n<p>Usado junto con un dispositivo de almacenamiento como MXVR y MNVR, la pantalla de alarma muestra y emite recordatorios de voz sobre el comportamiento de conducci\u00f3n, como bostezos, fumar, conducci\u00f3n fatigada, cambio de carril y advertencia de colisi\u00f3n de veh\u00edculos.<\/p>\n<p><img decoding=\"async\" class=\"overview-center-img-web\" src=\"https:\/\/tvc.mx\/media\/489716\/displayde-alarma-para-conductor--MD02-Dahua.png\" alt=\"\" \/><\/div>\n<\/div>\n<div class=\"row align-items-center padding-bottom-2x\">\n<div class=\"col-md-5\"><img decoding=\"async\" class=\"d-block m-auto img-thumbnail\" src=\"https:\/\/tvc.mx\/media\/489718\/displayde-alarma-para-conductor--MD02-Dahua-caracteristicas.png\" alt=\" \" \/><\/div>\n<div class=\"col-md-7 text-md-left text-center\">\n<h2>Principales Caracter\u00edsticas<\/h2>\n<p class=\"text-muted\">\n<ul>\n<li>Tama\u00f1o de pantalla 1,54 pulgadas<\/li>\n<li>680 cd\/m\u00b2, nivel de brillo ajustable seg\u00fan las condiciones de iluminaci\u00f3n.<\/li>\n<li>Entrada de audio 1 canal de M12, cabezal de aviaci\u00f3n de 7 n\u00facleos<\/li>\n<li>Longitud del cable 1000 mm<\/li>\n<li>Fuente de alimentaci\u00f3n 12V CC<\/li>\n<\/ul>\n<\/div>\n<\/div>\n","protected":false},"excerpt":{"rendered":"<p>Informaci\u00f3n General Usado junto con un dispositivo de almacenamiento como MXVR y MNVR, la pantalla de alarma muestra y emite recordatorios de voz sobre el comportamiento de conducci\u00f3n, como bostezos, fumar, conducci\u00f3n fatigada, cambio de carril y advertencia de colisi\u00f3n de veh\u00edculos. Principales Caracter\u00edsticas Tama\u00f1o&hellip;<\/p>\n","protected":false},"featured_media":2471,"comment_status":"open","ping_status":"closed","template":"","meta":{"om_disable_all_campaigns":false,"_monsterinsights_skip_tracking":false,"_monsterinsights_sitenote_active":false,"_monsterinsights_sitenote_note":"","_monsterinsights_sitenote_category":0},"product_brand":[],"product_cat":[157],"product_tag":[159,62,158],"class_list":{"0":"post-2472","1":"product","2":"type-product","3":"status-publish","4":"has-post-thumbnail","6":"product_cat-accesorios","7":"product_tag-camara-camion","8":"product_tag-camara-movil","9":"product_tag-camara-transporte","11":"first","12":"instock","13":"sale","14":"taxable","15":"shipping-taxable","16":"purchasable","17":"product-type-simple"},"aioseo_notices":[],"_links":{"self":[{"href":"https:\/\/tecsecmty.com\/index.php\/wp-json\/wp\/v2\/product\/2472","targetHints":{"allow":["GET"]}}],"collection":[{"href":"https:\/\/tecsecmty.com\/index.php\/wp-json\/wp\/v2\/product"}],"about":[{"href":"https:\/\/tecsecmty.com\/index.php\/wp-json\/wp\/v2\/types\/product"}],"replies":[{"embeddable":true,"href":"https:\/\/tecsecmty.com\/index.php\/wp-json\/wp\/v2\/comments?post=2472"}],"version-history":[{"count":0,"href":"https:\/\/tecsecmty.com\/index.php\/wp-json\/wp\/v2\/product\/2472\/revisions"}],"wp:featuredmedia":[{"embeddable":true,"href":"https:\/\/tecsecmty.com\/index.php\/wp-json\/wp\/v2\/media\/2471"}],"wp:attachment":[{"href":"https:\/\/tecsecmty.com\/index.php\/wp-json\/wp\/v2\/media?parent=2472"}],"wp:term":[{"taxonomy":"product_brand","embeddable":true,"href":"https:\/\/tecsecmty.com\/index.php\/wp-json\/wp\/v2\/product_brand?post=2472"},{"taxonomy":"product_cat","embeddable":true,"href":"https:\/\/tecsecmty.com\/index.php\/wp-json\/wp\/v2\/product_cat?post=2472"},{"taxonomy":"product_tag","embeddable":true,"href":"https:\/\/tecsecmty.com\/index.php\/wp-json\/wp\/v2\/product_tag?post=2472"}],"curies":[{"name":"wp","href":"https:\/\/api.w.org\/{rel}","templated":true}]}}