{"id":2476,"date":"2023-02-22T21:08:06","date_gmt":"2023-02-23T03:08:06","guid":{"rendered":"https:\/\/tecsecmty.com\/index.php\/producto\/dahua-mp06-intercomunicador-de-2-vias-para-dvr-movil-1-canal-de-entrada-de-audio-altavoz-integrado-lonuevo\/"},"modified":"2023-03-22T23:22:59","modified_gmt":"2023-03-23T05:22:59","slug":"dahua-mp06-intercomunicador-de-2-vias-para-dvr-movil-1-canal-de-entrada-de-audio-altavoz-integrado-lonuevo","status":"publish","type":"product","link":"https:\/\/tecsecmty.com\/index.php\/producto\/dahua-mp06-intercomunicador-de-2-vias-para-dvr-movil-1-canal-de-entrada-de-audio-altavoz-integrado-lonuevo\/","title":{"rendered":"DAHUA MP06- Intercomunicador de 2 Vias\/ Para DVR Movil\/ 1 Canal de Entrada de Audio\/ Altavoz Integrado\/ #LoNuevo"},"content":{"rendered":"<div class=\"row aling-items-center padding-bottom-2x\">\n<div class=\"col-lg-12\">\n<h5 class=\"card-title text-center\">Informaci\u00f3n General<\/h5>\n<p>Intercomunicador para DVR m\u00f3vil, al hacer clic en el bot\u00f3n para activar para iniciar una conversaci\u00f3n bidireccional con la plataforma.<\/p>\n<p><img decoding=\"async\" class=\"overview-center-img-web\" src=\"https:\/\/tvc.mx\/media\/490066\/intercomunicador-de-2-vias-para-dvr-movil-MP06-Dahua.png\" alt=\"\" \/><\/div>\n<\/div>\n<div class=\"row align-items-center padding-bottom-2x\">\n<div class=\"col-md-5\"><img decoding=\"async\" class=\"d-block m-auto img-thumbnail\" src=\"https:\/\/tvc.mx\/media\/490068\/intercomunicador-de-2-vias-para-dvr-movil-MP06-Dahua-caracteristicas.png\" alt=\" \" \/><\/div>\n<div class=\"col-md-7 text-md-left text-center\">\n<h2>Principales Caracter\u00edsticas<\/h2>\n<p class=\"text-muted\">\n<ul>\n<li>Modo de trabajo: Duplex completo<\/li>\n<li>Modo de operaci\u00f3n: Bot\u00f3n<\/li>\n<li>Entrada de audio de 1 canal, salida de altavoz de 1 canal<\/li>\n<li>Rango de recogida 90cm<\/li>\n<li>Luz indicadora<\/li>\n<li>Voltaje CC 12V<\/li>\n<\/ul>\n<p>&nbsp;<\/p>\n<\/div>\n<\/div>\n<hr class=\"padding-bottom-2x\" \/>\n<div class=\"row align-items-center padding-bottom-2x\">\n<div class=\"col-md-5\"><img decoding=\"async\" class=\"d-block m-auto img-thumbnail\" src=\"https:\/\/tvc.mx\/media\/633446\/PhotoRoom-20230120_095516.png\" alt=\" \" \/><\/div>\n<div class=\"col-md-7 text-md-left text-center\">\n<h2>Incluye<\/h2>\n<p class=\"text-muted\">\n<ul>\n<li>Intercomunicador<\/li>\n<li>Arn\u00e9s de sujeci\u00f3n<\/li>\n<li>Tornillos<\/li>\n<li>Cable M12<\/li>\n<li>Gu\u00eda r\u00e1pida<\/li>\n<li>Informaci\u00f3n<\/li>\n<li>Garant\u00edas<\/li>\n<\/ul>\n<\/div>\n<\/div>\n","protected":false},"excerpt":{"rendered":"<p>Informaci\u00f3n General Intercomunicador para DVR m\u00f3vil, al hacer clic en el bot\u00f3n para activar para iniciar una conversaci\u00f3n bidireccional con la plataforma. Principales Caracter\u00edsticas Modo de trabajo: Duplex completo Modo de operaci\u00f3n: Bot\u00f3n Entrada de audio de 1 canal, salida de altavoz de 1 canal&hellip;<\/p>\n","protected":false},"featured_media":2475,"comment_status":"open","ping_status":"closed","template":"","meta":{"om_disable_all_campaigns":false,"_monsterinsights_skip_tracking":false,"_monsterinsights_sitenote_active":false,"_monsterinsights_sitenote_note":"","_monsterinsights_sitenote_category":0},"product_brand":[],"product_cat":[157],"product_tag":[159,62,158],"class_list":{"0":"post-2476","1":"product","2":"type-product","3":"status-publish","4":"has-post-thumbnail","6":"product_cat-accesorios","7":"product_tag-camara-camion","8":"product_tag-camara-movil","9":"product_tag-camara-transporte","11":"first","12":"instock","13":"sale","14":"taxable","15":"shipping-taxable","16":"purchasable","17":"product-type-simple"},"aioseo_notices":[],"_links":{"self":[{"href":"https:\/\/tecsecmty.com\/index.php\/wp-json\/wp\/v2\/product\/2476","targetHints":{"allow":["GET"]}}],"collection":[{"href":"https:\/\/tecsecmty.com\/index.php\/wp-json\/wp\/v2\/product"}],"about":[{"href":"https:\/\/tecsecmty.com\/index.php\/wp-json\/wp\/v2\/types\/product"}],"replies":[{"embeddable":true,"href":"https:\/\/tecsecmty.com\/index.php\/wp-json\/wp\/v2\/comments?post=2476"}],"version-history":[{"count":0,"href":"https:\/\/tecsecmty.com\/index.php\/wp-json\/wp\/v2\/product\/2476\/revisions"}],"wp:featuredmedia":[{"embeddable":true,"href":"https:\/\/tecsecmty.com\/index.php\/wp-json\/wp\/v2\/media\/2475"}],"wp:attachment":[{"href":"https:\/\/tecsecmty.com\/index.php\/wp-json\/wp\/v2\/media?parent=2476"}],"wp:term":[{"taxonomy":"product_brand","embeddable":true,"href":"https:\/\/tecsecmty.com\/index.php\/wp-json\/wp\/v2\/product_brand?post=2476"},{"taxonomy":"product_cat","embeddable":true,"href":"https:\/\/tecsecmty.com\/index.php\/wp-json\/wp\/v2\/product_cat?post=2476"},{"taxonomy":"product_tag","embeddable":true,"href":"https:\/\/tecsecmty.com\/index.php\/wp-json\/wp\/v2\/product_tag?post=2476"}],"curies":[{"name":"wp","href":"https:\/\/api.w.org\/{rel}","templated":true}]}}