{"id":2478,"date":"2023-02-22T21:08:08","date_gmt":"2023-02-23T03:08:08","guid":{"rendered":"https:\/\/tecsecmty.com\/index.php\/producto\/dahua-rc978-boton-de-panico-para-dvr-movil-lonuevo\/"},"modified":"2023-03-22T23:23:07","modified_gmt":"2023-03-23T05:23:07","slug":"dahua-rc978-boton-de-panico-para-dvr-movil-lonuevo","status":"publish","type":"product","link":"https:\/\/tecsecmty.com\/index.php\/producto\/dahua-rc978-boton-de-panico-para-dvr-movil-lonuevo\/","title":{"rendered":"DAHUA RC978- Bot\u00f3n de P\u00e1nico para DVR M\u00f3vil\/ #LoNuevo"},"content":{"rendered":"<div class=\"row aling-items-center padding-bottom-2x\">\n<div class=\"col-lg-12\">\n<h5 class=\"card-title text-center\">Informaci\u00f3n General<\/h5>\n<p>El\u00a0<strong>RC978\u00a0<\/strong>es un bot\u00f3n de p\u00e1nico dise\u00f1ado para ser conectado en un DVR o NVR m\u00f3vil y mediante el cual se activara una alerta de manera local y remota, una vez que sean configurados de manera correcta los dvr m\u00f3viles y la plataforma de monitoreo utilizada. Esta elaborado con policarbonato de excelente calidad lo que lo hace resistente y duradero.<\/p>\n<p><img decoding=\"async\" class=\"overview-center-img-web\" src=\"https:\/\/tvc.mx\/media\/485244\/Dahua-dh-rc978-boton-de-panico-para-dvr-movil-portada.png\" alt=\"\" \/><\/div>\n<\/div>\n<div class=\"row align-items-center padding-bottom-2x\">\n<div class=\"col-md-5 order-md-2\"><img decoding=\"async\" class=\"d-block m-auto img-thumbnail\" src=\"https:\/\/tvc.mx\/media\/485246\/Dahua-dh-rc978-boton-de-panico-para-dvr-movil-conexion.png\" alt=\" \" \/><\/div>\n<div class=\"col-md-7 order-md-1 text-md-left text-center\">\n<h2>F\u00e1cil conexi\u00f3n<\/h2>\n<p class=\"text-muted\">\n<p>Para la conexi\u00f3n del bot\u00f3n deber\u00e1 realizarse con un par de hilos de cable, puede utilizar un calibre delgado como UTP, cable de alarma calibre 22 multifilar, este cable deber\u00e1 ir conectado a el arn\u00e9s de las conexiones de entradas y salidas de alarma del DVR o NVR m\u00f3vil. Este dispositivo no ocupa voltaje por lo cual es muy f\u00e1cil de instalar.<\/p>\n<p>&nbsp;<\/p>\n<\/div>\n<\/div>\n<hr class=\"padding-bottom-2x\" \/>\n<div class=\"row align-items-center padding-bottom-2x\">\n<div class=\"col-md-5\"><img decoding=\"async\" class=\"d-block m-auto img-thumbnail\" src=\"https:\/\/tvc.mx\/media\/485248\/Dahua-dh-rc978-boton-de-panico-para-dvr-movil-diagrama.png\" alt=\" \" \/><\/div>\n<div class=\"col-md-7 text-md-left text-center\">\n<h2>Compatibilidad<\/h2>\n<p class=\"text-muted\">\n<p>El bot\u00f3n\u00a0<strong>RC978\u00a0<\/strong>es un complemento ideal para la soluci\u00f3n de DVR o NVR m\u00f3vil ya que puede integrarse y lograr tener un aliado en el monitoreo de los dispositivos, ya que puede alertar a la central de monitoreo de manera silenciosa, este tipo de alertas hacen que el monitoreo pueda realizarse por eventos y no 24\/7 lo cual generar\u00eda costos elevados para el internet m\u00f3vil.<\/p>\n<p>&nbsp;<\/p>\n<\/div>\n<\/div>\n<hr class=\"padding-bottom-2x\" \/>\n<div class=\"row align-items-center padding-bottom-2x\">\n<div class=\"col-md-5 order-md-2\"><img decoding=\"async\" class=\"d-block m-auto img-thumbnail\" src=\"https:\/\/tvc.mx\/media\/485250\/Dahua-dh-rc978-boton-de-panico-para-dvr-movil-portada-caracteristicas.png\" alt=\" \" \/><\/div>\n<div class=\"col-md-7 order-md-1 text-md-left text-center\">\n<h2>Principales caracter\u00edsticas<\/h2>\n<p class=\"text-muted\">\n<ul>\n<li>Bot\u00f3n de p\u00e1nico<\/li>\n<li>Color rojo con gris<\/li>\n<li>material de pl\u00e1stico resistente<\/li>\n<li>Uso general en DVRs y NVRs m\u00f3viles de Dahua<\/li>\n<\/ul>\n<\/div>\n<\/div>\n","protected":false},"excerpt":{"rendered":"<p>Informaci\u00f3n General El\u00a0RC978\u00a0es un bot\u00f3n de p\u00e1nico dise\u00f1ado para ser conectado en un DVR o NVR m\u00f3vil y mediante el cual se activara una alerta de manera local y remota, una vez que sean configurados de manera correcta los dvr m\u00f3viles y la plataforma de&hellip;<\/p>\n","protected":false},"featured_media":2477,"comment_status":"open","ping_status":"closed","template":"","meta":{"om_disable_all_campaigns":false,"_monsterinsights_skip_tracking":false,"_monsterinsights_sitenote_active":false,"_monsterinsights_sitenote_note":"","_monsterinsights_sitenote_category":0},"product_brand":[],"product_cat":[157],"product_tag":[159,62,158],"class_list":{"0":"post-2478","1":"product","2":"type-product","3":"status-publish","4":"has-post-thumbnail","6":"product_cat-accesorios","7":"product_tag-camara-camion","8":"product_tag-camara-movil","9":"product_tag-camara-transporte","11":"first","12":"instock","13":"sale","14":"taxable","15":"shipping-taxable","16":"purchasable","17":"product-type-simple"},"aioseo_notices":[],"_links":{"self":[{"href":"https:\/\/tecsecmty.com\/index.php\/wp-json\/wp\/v2\/product\/2478","targetHints":{"allow":["GET"]}}],"collection":[{"href":"https:\/\/tecsecmty.com\/index.php\/wp-json\/wp\/v2\/product"}],"about":[{"href":"https:\/\/tecsecmty.com\/index.php\/wp-json\/wp\/v2\/types\/product"}],"replies":[{"embeddable":true,"href":"https:\/\/tecsecmty.com\/index.php\/wp-json\/wp\/v2\/comments?post=2478"}],"version-history":[{"count":0,"href":"https:\/\/tecsecmty.com\/index.php\/wp-json\/wp\/v2\/product\/2478\/revisions"}],"wp:featuredmedia":[{"embeddable":true,"href":"https:\/\/tecsecmty.com\/index.php\/wp-json\/wp\/v2\/media\/2477"}],"wp:attachment":[{"href":"https:\/\/tecsecmty.com\/index.php\/wp-json\/wp\/v2\/media?parent=2478"}],"wp:term":[{"taxonomy":"product_brand","embeddable":true,"href":"https:\/\/tecsecmty.com\/index.php\/wp-json\/wp\/v2\/product_brand?post=2478"},{"taxonomy":"product_cat","embeddable":true,"href":"https:\/\/tecsecmty.com\/index.php\/wp-json\/wp\/v2\/product_cat?post=2478"},{"taxonomy":"product_tag","embeddable":true,"href":"https:\/\/tecsecmty.com\/index.php\/wp-json\/wp\/v2\/product_tag?post=2478"}],"curies":[{"name":"wp","href":"https:\/\/api.w.org\/{rel}","templated":true}]}}