{"id":2480,"date":"2023-02-22T21:08:10","date_gmt":"2023-02-23T03:08:10","guid":{"rendered":"https:\/\/tecsecmty.com\/index.php\/producto\/dahua-dhi-dae-cdm5110-cyn-camara-para-monitoreo-de-conductor-lente-de-4mm-ir-de-3-mts-para-dvr-movil-serie-adas-con-inteligencia-artificial-para-detectar-cansancio-distracciones-en-el-conducto\/"},"modified":"2023-03-22T23:22:32","modified_gmt":"2023-03-23T05:22:32","slug":"dahua-dhi-dae-cdm5110-cyn-camara-para-monitoreo-de-conductor-lente-de-4mm-ir-de-3-mts-para-dvr-movil-serie-adas-con-inteligencia-artificial-para-detectar-cansancio-distracciones-en-el-conducto","status":"publish","type":"product","link":"https:\/\/tecsecmty.com\/index.php\/producto\/dahua-dhi-dae-cdm5110-cyn-camara-para-monitoreo-de-conductor-lente-de-4mm-ir-de-3-mts-para-dvr-movil-serie-adas-con-inteligencia-artificial-para-detectar-cansancio-distracciones-en-el-conducto\/","title":{"rendered":"DAHUA DHI-DAE-CDM5110-CYN &#8211; C\u00e1mara para Monitoreo de Conductor\/ Lente de 4mm\/ IR de 3 Mts\/ Para DVR movil\/ Serie ADAS\/ Con Inteligencia Artificial para Detectar Cansancio, Distracciones en el Conductor\/ Uso Interior\/ #Conducci\u00f3nSegura"},"content":{"rendered":"<div class=\"row aling-items-center padding-bottom-2x\">\n<div class=\"col-lg-12\">\n<h5 class=\"card-title text-center\">Informaci\u00f3n general<\/h5>\n<p>La c\u00e1mara adopta un sensor de imagen CMOS de 1\/4 \u00aby una mejor luminancia de la luz estrobosc\u00f3pica para evitar eficazmente la quema de infrarrojos, lo que elimina las preocupaciones de los conductores de que los infrarrojos pueden da\u00f1ar los ojos humanos. El soporte de montaje mejorado permite ajustar hacia adelante, hacia atr\u00e1s, izquierda y derecha, lo que hace Es m\u00e1s f\u00e1cil instalar la c\u00e1mara en varias plataformas La estructura de metal y pl\u00e1stico cumple con los requisitos de disipaci\u00f3n de calor de la c\u00e1mara y reduce el peso total al mismo tiempo.<\/p>\n<p><img decoding=\"async\" class=\"overview-center-img-web\" src=\"https:\/\/tvc.mx\/media\/447511\/Camara-monitoreo-conductor-lente-4mm-inteligencia-artificial-deteccion-cansancio-DAE-CDM5110-CYN-Dahua-B-.png\" alt=\"\" \/><\/div>\n<\/div>\n<div class=\"row align-items-center padding-bottom-2x\">\n<div class=\"col-md-5 order-md-2\"><img decoding=\"async\" class=\"d-block m-auto img-thumbnail\" src=\"https:\/\/tvc.mx\/media\/447515\/Serie-DSM.png\" alt=\" \" \/><\/div>\n<div class=\"col-md-7 order-md-1 text-md-left text-center\">\n<h2>Serie DSM<\/h2>\n<p class=\"text-muted\">\n<p>La serie DSM est\u00e1 equipada con iluminaci\u00f3n de infrarrojos, que puede detectar los ojos humanos incluso en entornos completamente negros o cuando los conductores llevan gafas de sol que no bloquean los rayos infrarrojos. Tambi\u00e9n adopta una luz estrobosc\u00f3pica especial para proteger los<\/p>\n<p>ojos. Conectado con un terminal de montaje en autom\u00f3vil inteligente para detectar alarmas de conducci\u00f3n somnolienta, conducci\u00f3n distra\u00edda, llamadas mientras se conduce, sin conductor, gafas de sol con bloqueo de infrarrojos, fumar al conducir y manipulaci\u00f3n de lentes.<\/p>\n<p>&nbsp;<\/p>\n<\/div>\n<\/div>\n<hr class=\"padding-bottom-2x\" \/>\n<div class=\"row align-items-center padding-bottom-2x\">\n<div class=\"col-md-5\"><img decoding=\"async\" class=\"d-block m-auto img-thumbnail\" src=\"https:\/\/tvc.mx\/media\/330365\/Camara-monitoreo-serie-multiples-ajustes-Dahua.png\" alt=\" \" \/><\/div>\n<div class=\"col-md-7 text-md-left text-center\">\n<h2>Ajuste de m\u00faltiples \u00e1ngulos<\/h2>\n<p class=\"text-muted\">\n<p>El soporte de montaje mejorado permite el ajuste hacia adelante, hacia atr\u00e1s, hacia la izquierda y hacia la derecha, lo que facilita la instalaci\u00f3n de la c\u00e1mara en varias plataformas.<\/p>\n<p>&nbsp;<\/p>\n<\/div>\n<\/div>\n<hr class=\"padding-bottom-2x\" \/>\n<div class=\"row align-items-center padding-bottom-2x\">\n<div class=\"col-md-5 order-md-2\"><img decoding=\"async\" class=\"d-block m-auto img-thumbnail\" src=\"https:\/\/tvc.mx\/media\/447519\/escenarios-de-camaras-movil.png\" alt=\" \" \/><\/div>\n<div class=\"col-md-7 order-md-1 text-md-left text-center\">\n<h2>Escenarios<\/h2>\n<p class=\"text-muted\">\n<p>La c\u00e1mara se puede instalar en veh\u00edculos para conectarse con terminales de montaje en autom\u00f3vil, lo que detecta y emite una alarma del estado del conductor<\/p>\n<p>&nbsp;<\/p>\n<\/div>\n<\/div>\n<hr class=\"padding-bottom-2x\" \/>\n<div class=\"row align-items-center padding-bottom-2x\">\n<div class=\"col-md-5\"><img decoding=\"async\" class=\"d-block m-auto img-thumbnail\" src=\"https:\/\/tvc.mx\/media\/447523\/Camara-monitoreo-conductor-lente-4mm-inteligencia-artificial-deteccion-cansancio-DAE-CDM5110-CYN-Dahua-caracteristicas.png\" alt=\" \" \/><\/div>\n<div class=\"col-md-7 text-md-left text-center\">\n<h2>Caracter\u00edsticas<\/h2>\n<p class=\"text-muted\">\n<ul>\n<li>Iluminaci\u00f3n optimizada<\/li>\n<li>ajustes de m\u00faltiples \u00e1ngulos<\/li>\n<li>Detectar Cansancio, Distracciones en el Conductor<\/li>\n<\/ul>\n<p>&nbsp;<\/p>\n<\/div>\n<\/div>\n<hr class=\"padding-bottom-2x\" \/>\n<div class=\"row align-items-center padding-bottom-2x\">\n<div class=\"col-md-5 order-md-2\"><img decoding=\"async\" class=\"d-block m-auto img-thumbnail\" src=\"https:\/\/tvc.mx\/media\/447527\/Camara-monitoreo-conductor-lente-4mm-inteligencia-artificial-deteccion-cansancio-DAE-CDM5110-CYN-Dahua-especificaciones.png\" alt=\" \" \/><\/div>\n<div class=\"col-md-7 order-md-1 text-md-left text-center\">\n<h2>Especificaciones<\/h2>\n<p class=\"text-muted\">\n<ul>\n<li>CMOS de 1\/4 \u00ab<\/li>\n<li>Distancia IR 3 m<\/li>\n<li>N\u00famero de LED IR 1<\/li>\n<li>Longitud focal 4 mm<\/li>\n<li>Resoluci\u00f3n 720 p (1280 \u00d7 720)<\/li>\n<li>BLC<\/li>\n<li>HLC<\/li>\n<li>Reducci\u00f3n de ruido 2D \/ 3D<\/li>\n<li>Fuente de alimentaci\u00f3n 9 V \u2013 16 V CC<\/li>\n<li>Protecci\u00f3n de ingreso IP54<\/li>\n<li>Cubierta: Pl\u00e1stico Trasera: Metal<\/li>\n<\/ul>\n<p>&nbsp;<\/p>\n<\/div>\n<\/div>\n<hr class=\"padding-bottom-2x\" \/>\n<div class=\"row align-items-center padding-bottom-2x\">\n<div class=\"col-md-5\"><img decoding=\"async\" class=\"d-block m-auto img-thumbnail\" src=\"https:\/\/tvc.mx\/media\/525755\/DHI-DAE-CDM5110-CYN-CAMARA-MONITOREO-CONDUCTOR-DHT0310009-400X300.png\" alt=\" \" \/><\/div>\n<div class=\"col-md-7 text-md-left text-center\">\n<h2>Incluye:<\/h2>\n<p class=\"text-muted\">\n<ul>\n<li>Tornillos<\/li>\n<li>Base de montaje con pegamento<\/li>\n<li>C\u00e1mara para monitoreo de conductor con conector M12 para DVR M\u00f3vil<\/li>\n<\/ul>\n<\/div>\n<\/div>\n","protected":false},"excerpt":{"rendered":"<p>Informaci\u00f3n general La c\u00e1mara adopta un sensor de imagen CMOS de 1\/4 \u00aby una mejor luminancia de la luz estrobosc\u00f3pica para evitar eficazmente la quema de infrarrojos, lo que elimina las preocupaciones de los conductores de que los infrarrojos pueden da\u00f1ar los ojos humanos. El&hellip;<\/p>\n","protected":false},"featured_media":2479,"comment_status":"open","ping_status":"closed","template":"","meta":{"om_disable_all_campaigns":false,"_monsterinsights_skip_tracking":false,"_monsterinsights_sitenote_active":false,"_monsterinsights_sitenote_note":"","_monsterinsights_sitenote_category":0},"product_brand":[],"product_cat":[160],"product_tag":[159,62,158],"class_list":{"0":"post-2480","1":"product","2":"type-product","3":"status-publish","4":"has-post-thumbnail","6":"product_cat-camaras-moviles","7":"product_tag-camara-camion","8":"product_tag-camara-movil","9":"product_tag-camara-transporte","11":"first","12":"instock","13":"sale","14":"taxable","15":"shipping-taxable","16":"purchasable","17":"product-type-simple"},"aioseo_notices":[],"_links":{"self":[{"href":"https:\/\/tecsecmty.com\/index.php\/wp-json\/wp\/v2\/product\/2480","targetHints":{"allow":["GET"]}}],"collection":[{"href":"https:\/\/tecsecmty.com\/index.php\/wp-json\/wp\/v2\/product"}],"about":[{"href":"https:\/\/tecsecmty.com\/index.php\/wp-json\/wp\/v2\/types\/product"}],"replies":[{"embeddable":true,"href":"https:\/\/tecsecmty.com\/index.php\/wp-json\/wp\/v2\/comments?post=2480"}],"version-history":[{"count":0,"href":"https:\/\/tecsecmty.com\/index.php\/wp-json\/wp\/v2\/product\/2480\/revisions"}],"wp:featuredmedia":[{"embeddable":true,"href":"https:\/\/tecsecmty.com\/index.php\/wp-json\/wp\/v2\/media\/2479"}],"wp:attachment":[{"href":"https:\/\/tecsecmty.com\/index.php\/wp-json\/wp\/v2\/media?parent=2480"}],"wp:term":[{"taxonomy":"product_brand","embeddable":true,"href":"https:\/\/tecsecmty.com\/index.php\/wp-json\/wp\/v2\/product_brand?post=2480"},{"taxonomy":"product_cat","embeddable":true,"href":"https:\/\/tecsecmty.com\/index.php\/wp-json\/wp\/v2\/product_cat?post=2480"},{"taxonomy":"product_tag","embeddable":true,"href":"https:\/\/tecsecmty.com\/index.php\/wp-json\/wp\/v2\/product_tag?post=2480"}],"curies":[{"name":"wp","href":"https:\/\/api.w.org\/{rel}","templated":true}]}}