{"id":2482,"date":"2023-02-22T21:08:12","date_gmt":"2023-02-23T03:08:12","guid":{"rendered":"https:\/\/tecsecmty.com\/index.php\/producto\/dahua-dhi-dae-cfm5210-cyn-camara-de-monitoreo-frontal-para-dvrs-moviles-2-megapixeles-lente-de-6-mm-funcion-de-inteligencia-artificial-y-asistencia-al-conductor-serie-adas-ip54-conduccionsegu\/"},"modified":"2023-03-22T23:22:32","modified_gmt":"2023-03-23T05:22:32","slug":"dahua-dhi-dae-cfm5210-cyn-camara-de-monitoreo-frontal-para-dvrs-moviles-2-megapixeles-lente-de-6-mm-funcion-de-inteligencia-artificial-y-asistencia-al-conductor-serie-adas-ip54-conduccionsegu","status":"publish","type":"product","link":"https:\/\/tecsecmty.com\/index.php\/producto\/dahua-dhi-dae-cfm5210-cyn-camara-de-monitoreo-frontal-para-dvrs-moviles-2-megapixeles-lente-de-6-mm-funcion-de-inteligencia-artificial-y-asistencia-al-conductor-serie-adas-ip54-conduccionsegu\/","title":{"rendered":"DAHUA DHI-DAE-CFM5210-CYN &#8211; Camara de Monitoreo Frontal para DVRs Moviles\/ 2 Megapixeles\/ Lente de 6 mm\/ Funcion de Inteligencia Artificial y Asistencia al Conductor\/ Serie ADAS\/ IP54\/ #Conducci\u00f3nSegura"},"content":{"rendered":"<div class=\"row aling-items-center padding-bottom-2x\">\n<div class=\"col-lg-12\">\n<h5 class=\"card-title text-center\">Informaci\u00f3n general<\/h5>\n<p>La c\u00e1mara est\u00e1 equipada con tecnolog\u00eda verdaderamente amplia din\u00e1mica, tecnolog\u00eda digital amplia din\u00e1mica y algoritmo de preprocesamiento de im\u00e1genes de supresi\u00f3n de resaltado, que suprime eficazmente la luz intensa de los faros delanteros durante la noche al tiempo que mejora el brillo y la transparencia generales<\/p>\n<p><img decoding=\"async\" class=\"overview-center-img-web\" src=\"https:\/\/tvc.mx\/media\/447911\/Camara-monitoreo-frontal-DVR-movil-inteligencia-artificial-DAE-CFM5210-CYN-Dahua-B.png\" alt=\"\" \/><\/div>\n<\/div>\n<div class=\"row align-items-center padding-bottom-2x\">\n<div class=\"col-md-5 order-md-2\"><img decoding=\"async\" class=\"d-block m-auto img-thumbnail\" src=\"https:\/\/tvc.mx\/media\/447915\/WDR-Dahua.png\" alt=\" \" \/><\/div>\n<div class=\"col-md-7 order-md-1 text-md-left text-center\">\n<h2>Amplio rango din\u00e1mico<\/h2>\n<p class=\"text-muted\">\n<p>La c\u00e1mara adopta un sensor de imagen CMOS de 1\/4 \u00aby una mejor luminancia de la luz estrobosc\u00f3pica para evitar eficazmente la quema de infrarrojos, lo que elimina la preocupaci\u00f3n del conductor de que los infrarrojos pueden da\u00f1ar los ojos humanos.<\/p>\n<p>&nbsp;<\/p>\n<\/div>\n<\/div>\n<hr class=\"padding-bottom-2x\" \/>\n<div class=\"row align-items-center padding-bottom-2x\">\n<div class=\"col-md-5\"><img decoding=\"async\" class=\"d-block m-auto img-thumbnail\" src=\"https:\/\/tvc.mx\/media\/447919\/escenarios-paara-camaras-moviles.png\" alt=\" \" \/><\/div>\n<div class=\"col-md-7 text-md-left text-center\">\n<h2>Escenarios<\/h2>\n<p class=\"text-muted\">\n<p>La c\u00e1mara es aplicable para montar en veh\u00edculos para conectar con terminales de montaje en autom\u00f3vil, lo que realiza una advertencia temprana y una conducci\u00f3n segura.<\/p>\n<p>&nbsp;<\/p>\n<\/div>\n<\/div>\n<hr class=\"padding-bottom-2x\" \/>\n<div class=\"row align-items-center padding-bottom-2x\">\n<div class=\"col-md-5 order-md-2\"><img decoding=\"async\" class=\"d-block m-auto img-thumbnail\" src=\"https:\/\/tvc.mx\/media\/447923\/Camara-monitoreo-frontal-DVR-movil-inteligencia-artificial-DAE-CFM5210-CYN-Dahua-caracteristicas.png\" alt=\" \" \/><\/div>\n<div class=\"col-md-7 order-md-1 text-md-left text-center\">\n<h2>Caracter\u00edsticas<\/h2>\n<p class=\"text-muted\">\n<ul>\n<li>Amplio rango din\u00e1mico<\/li>\n<li>Reducci\u00f3n de ruido<\/li>\n<li>Balance de blancos<\/li>\n<li>Compresi\u00f3n de luz de fondo<\/li>\n<\/ul>\n<p>&nbsp;<\/p>\n<\/div>\n<\/div>\n<hr class=\"padding-bottom-2x\" \/>\n<div class=\"row align-items-center padding-bottom-2x\">\n<div class=\"col-md-5\"><img decoding=\"async\" class=\"d-block m-auto img-thumbnail\" src=\"https:\/\/tvc.mx\/media\/447927\/Camara-monitoreo-frontal-DVR-movil-inteligencia-artificial-DAE-CFM5210-CYN-Dahua-especificaciones.png\" alt=\" \" \/><\/div>\n<div class=\"col-md-7 text-md-left text-center\">\n<h2>Especificaciones<\/h2>\n<p class=\"text-muted\">\n<ul>\n<li>CMOS de 1 \/ 2,8 \u00ab<\/li>\n<li>\u00a0Resoluci\u00f3n 1920 (H) \u00d7 1080 (V)<\/li>\n<li>Longitud focal 6 mm<\/li>\n<li>BLC<\/li>\n<li>WDR real100 dB<\/li>\n<li>HLC<\/li>\n<li>Reducci\u00f3n de ruido 3D NR<\/li>\n<li>Fuente de alimentaci\u00f3n 9 V \u2013 16 V CC<\/li>\n<li>Protecci\u00f3n de ingreso IP54<\/li>\n<\/ul>\n<p>&nbsp;<\/p>\n<\/div>\n<\/div>\n<hr class=\"padding-bottom-2x\" \/>\n<div class=\"row align-items-center padding-bottom-2x\">\n<div class=\"col-md-5 order-md-2\"><img decoding=\"async\" class=\"d-block m-auto img-thumbnail\" src=\"https:\/\/tvc.mx\/media\/419691\/20220411_184300_400x300.png\" alt=\" \" \/><\/div>\n<div class=\"col-md-7 order-md-1 text-md-left text-center\">\n<h2>Incluye:<\/h2>\n<p class=\"text-muted\">\n<ul>\n<li>Equipo con cable M12<\/li>\n<li>Pegote para montaje y sujeci\u00f3n en veh\u00edculo<\/li>\n<li>P\u00f3liza de garant\u00eda<\/li>\n<\/ul>\n<\/div>\n<\/div>\n","protected":false},"excerpt":{"rendered":"<p>Informaci\u00f3n general La c\u00e1mara est\u00e1 equipada con tecnolog\u00eda verdaderamente amplia din\u00e1mica, tecnolog\u00eda digital amplia din\u00e1mica y algoritmo de preprocesamiento de im\u00e1genes de supresi\u00f3n de resaltado, que suprime eficazmente la luz intensa de los faros delanteros durante la noche al tiempo que mejora el brillo y&hellip;<\/p>\n","protected":false},"featured_media":2481,"comment_status":"open","ping_status":"closed","template":"","meta":{"om_disable_all_campaigns":false,"_monsterinsights_skip_tracking":false,"_monsterinsights_sitenote_active":false,"_monsterinsights_sitenote_note":"","_monsterinsights_sitenote_category":0},"product_brand":[],"product_cat":[160],"product_tag":[159,62,158],"class_list":{"0":"post-2482","1":"product","2":"type-product","3":"status-publish","4":"has-post-thumbnail","6":"product_cat-camaras-moviles","7":"product_tag-camara-camion","8":"product_tag-camara-movil","9":"product_tag-camara-transporte","11":"first","12":"instock","13":"sale","14":"taxable","15":"shipping-taxable","16":"purchasable","17":"product-type-simple"},"aioseo_notices":[],"_links":{"self":[{"href":"https:\/\/tecsecmty.com\/index.php\/wp-json\/wp\/v2\/product\/2482","targetHints":{"allow":["GET"]}}],"collection":[{"href":"https:\/\/tecsecmty.com\/index.php\/wp-json\/wp\/v2\/product"}],"about":[{"href":"https:\/\/tecsecmty.com\/index.php\/wp-json\/wp\/v2\/types\/product"}],"replies":[{"embeddable":true,"href":"https:\/\/tecsecmty.com\/index.php\/wp-json\/wp\/v2\/comments?post=2482"}],"version-history":[{"count":0,"href":"https:\/\/tecsecmty.com\/index.php\/wp-json\/wp\/v2\/product\/2482\/revisions"}],"wp:featuredmedia":[{"embeddable":true,"href":"https:\/\/tecsecmty.com\/index.php\/wp-json\/wp\/v2\/media\/2481"}],"wp:attachment":[{"href":"https:\/\/tecsecmty.com\/index.php\/wp-json\/wp\/v2\/media?parent=2482"}],"wp:term":[{"taxonomy":"product_brand","embeddable":true,"href":"https:\/\/tecsecmty.com\/index.php\/wp-json\/wp\/v2\/product_brand?post=2482"},{"taxonomy":"product_cat","embeddable":true,"href":"https:\/\/tecsecmty.com\/index.php\/wp-json\/wp\/v2\/product_cat?post=2482"},{"taxonomy":"product_tag","embeddable":true,"href":"https:\/\/tecsecmty.com\/index.php\/wp-json\/wp\/v2\/product_tag?post=2482"}],"curies":[{"name":"wp","href":"https:\/\/api.w.org\/{rel}","templated":true}]}}