{"id":2484,"date":"2023-02-22T21:08:15","date_gmt":"2023-02-23T03:08:15","guid":{"rendered":"https:\/\/tecsecmty.com\/index.php\/producto\/dahua-hac-hdw3200g-m-0360b-camara-mini-domo-1080p-especial-para-dvr-movil-dahua-lente-de-3-6mm-angulo-de-83-grados-microfono-integrado-ir-20mts-shock-proof-ip67\/"},"modified":"2023-03-22T23:22:40","modified_gmt":"2023-03-23T05:22:40","slug":"dahua-hac-hdw3200g-m-0360b-camara-mini-domo-1080p-especial-para-dvr-movil-dahua-lente-de-3-6mm-angulo-de-83-grados-microfono-integrado-ir-20mts-shock-proof-ip67","status":"publish","type":"product","link":"https:\/\/tecsecmty.com\/index.php\/producto\/dahua-hac-hdw3200g-m-0360b-camara-mini-domo-1080p-especial-para-dvr-movil-dahua-lente-de-3-6mm-angulo-de-83-grados-microfono-integrado-ir-20mts-shock-proof-ip67\/","title":{"rendered":"DAHUA HAC-HDW3200G-M-0360B &#8211; Camara Mini Domo 1080p\/ Especial para DVR Movil Dahua\/ Lente de 3.6mm\/ Angulo de 83 Grados\/ Microfono Integrado\/ IR 20Mts\/ Shock-Proof\/ IP67\/"},"content":{"rendered":"<div class=\"row aling-items-center padding-bottom-2x\">\n<div class=\"col-lg-12\">\n<h5 class=\"card-title text-center\">Informaci\u00f3n General<\/h5>\n<p>La c\u00e1mara\u00a0<strong>HDW3200G-M<\/strong>\u00a0es una c\u00e1mara de seguridad dise\u00f1ada especialmente para DVR M\u00f3vil,\u00a0cuenta con una resoluci\u00f3n de 2 Megap\u00edxeles (1920&#215;1080)\u00a0lo que nos brinda una gran calidad de imagen,\u00a0 una de las ventajas que nos proporciona este modelo es que tendremos una visi\u00f3n de\u00a0<strong>84\u00a0grados<\/strong>\u00a0con su lente de\u00a0<strong>3.6mm.\u00a0<\/strong>Adem\u00e1s cuenta con un \u00edndice de protecci\u00f3n\u00a0<strong>IP67.<\/strong><\/p>\n<p>La alta resoluci\u00f3n de la c\u00e1mara\u00a0nos permite apreciar una excelente calidad de imagen y colores reales para una mejor soluci\u00f3n de video vigilancia que las c\u00e1maras convencionales an\u00e1logas.<\/p>\n<p><img decoding=\"async\" class=\"overview-center-img-web\" src=\"https:\/\/tvc.mx\/media\/448227\/Dahua-HDAW3200G-M-0360B-C%C3%A1mara-mini-domo-1080p-m%C3%B3vil-Principal.png\" alt=\"\" \/><\/div>\n<\/div>\n<div class=\"row align-items-center padding-bottom-2x\">\n<div class=\"col-md-5\"><img decoding=\"async\" class=\"d-block m-auto img-thumbnail\" src=\"https:\/\/tvc.mx\/media\/448231\/instalaci%C3%B3n-flexible.png\" alt=\" \" \/><\/div>\n<div class=\"col-md-7 text-md-left text-center\">\n<h2>Instalaci\u00f3n Flexible<\/h2>\n<p class=\"text-muted\">\n<p>La c\u00e1mara\u00a0<strong>HDW3200G-M<\/strong>\u00a0es apropiada para su uso dentro de la carrocer\u00eda trasera de un cami\u00f3n, dentro de la cabina de un veh\u00edculo, en las zonas de mayor peligro dentro del interior de un autob\u00fas, en el tablero de conducci\u00f3n para captar hacia el exterior del parabrisas o en el exterior de cualquier veh\u00edculo grande para supervisar procesos de carga y descarga.<\/p>\n<p>&nbsp;<\/p>\n<\/div>\n<\/div>\n<hr class=\"padding-bottom-2x\" \/>\n<div class=\"row align-items-center padding-bottom-2x\">\n<div class=\"col-md-5 order-md-2\"><img decoding=\"async\" class=\"d-block m-auto img-thumbnail\" src=\"https:\/\/tvc.mx\/media\/448235\/Smart-IR-Dahua.png\" alt=\" \" \/><\/div>\n<div class=\"col-md-7 order-md-1 text-md-left text-center\">\n<h2>Tecnolog\u00eda Smart IR<\/h2>\n<p class=\"text-muted\">\n<p>La c\u00e1mara\u00a0<strong>HDAW1220GM<\/strong>\u00a0cuenta con<strong>\u00a0Smart IR<\/strong>, esto es que los LEDs IR al ser activados en condiciones de poca luz regulan su intensidad dependiendo de las distancias a las\u00a0que se encuentre el objeto en frente, esto evitar\u00e1 im\u00e1genes blancas y podr\u00e1 detectar m\u00e1s clara la imagen, los LEDs IR nos permiten una distancia de hasta<strong>\u00a020 mts.<\/strong><\/p>\n<p>&nbsp;<\/p>\n<\/div>\n<\/div>\n<hr class=\"padding-bottom-2x\" \/>\n<div class=\"row align-items-center padding-bottom-2x\">\n<div class=\"col-md-5\"><img decoding=\"async\" class=\"d-block m-auto img-thumbnail\" src=\"https:\/\/tvc.mx\/media\/448239\/IP67-dahua.png\" alt=\" \" \/><\/div>\n<div class=\"col-md-7 text-md-left text-center\">\n<h2>Protecci\u00f3n<\/h2>\n<p class=\"text-muted\">\n<p>La excelente fiabilidad de la c\u00e1mara es insuperable debido a su dise\u00f1o resistente.\u00a0La c\u00e1mara est\u00e1 protegida contra el agua y el polvo con clasificaci\u00f3n IP67, lo que la hace adecuada para ambientes interiores o exteriores.\u00a0Con un rango de temperatura de trabajo de -40 \u00b0 C a +60 \u00b0 C (-40 \u00b0 F a +140 \u00b0 F), la c\u00e1mara est\u00e1 dise\u00f1ada para entornos de temperatura extrema.\u00a0Con una tolerancia de voltaje de entrada de \u00b1 25%, esta c\u00e1mara se adapta incluso a las condiciones de suministro de energ\u00eda m\u00e1s inestables.\u00a0Su clasificaci\u00f3n de rayos 4KV brinda protecci\u00f3n contra la c\u00e1mara y su estructura contra los efectos de los rayos.<\/p>\n<p>&nbsp;<\/p>\n<\/div>\n<\/div>\n<hr class=\"padding-bottom-2x\" \/>\n<div class=\"row align-items-center padding-bottom-2x\">\n<div class=\"col-md-5 order-md-2\"><img decoding=\"async\" class=\"d-block m-auto img-thumbnail\" src=\"https:\/\/tvc.mx\/media\/448243\/Dahua-HDAW3200G-M-0360B-C%C3%A1mara-mini-domo-1080p-m%C3%B3vil-Principal-caracteristicas.png\" alt=\" \" \/><\/div>\n<div class=\"col-md-7 order-md-1 text-md-left text-center\">\n<h2>Principales Caracter\u00edsticas<\/h2>\n<p class=\"text-muted\">\n<ul>\n<li class=\"ql-align-justify\">SMART IR.<\/li>\n<li class=\"ql-align-justify\">Micr\u00f3fono Integrado.<\/li>\n<li class=\"ql-align-justify\">A prueba de choque<\/li>\n<li class=\"ql-align-justify\">OSD en varios idiomas<\/li>\n<li class=\"ql-align-justify\">\u00cdndice de Protecci\u00f3n IP67.<\/li>\n<\/ul>\n<p>&nbsp;<\/p>\n<\/div>\n<\/div>\n<hr class=\"padding-bottom-2x\" \/>\n<div class=\"row align-items-center padding-bottom-2x\">\n<div class=\"col-md-5\"><img decoding=\"async\" class=\"d-block m-auto img-thumbnail\" src=\"https:\/\/tvc.mx\/media\/448299\/Dahua-HDAW3200G-M-0360B-C%C3%A1mara-mini-domo-1080p-m%C3%B3vil-Principal-especificaciones.png\" alt=\" \" \/><\/div>\n<div class=\"col-md-7 text-md-left text-center\">\n<h2>Especificaciones<\/h2>\n<p class=\"text-muted\">\n<ul>\n<li>CMOS de 1 \/ 2,7 pulgadas<\/li>\n<li>Resoluci\u00f3n 1920 (H) x 1080 (V)<\/li>\n<li>2 megap\u00edxeles<\/li>\n<li>Distancia de iluminaci\u00f3n 20m<\/li>\n<li>Lente fija 3.6mm<\/li>\n<li>BLC \/ HLC \/ DWDR<\/li>\n<li>Reducci\u00f3n de ruido 2D NR<\/li>\n<li>Interfaz de audio Micr\u00f3fono incorporado<\/li>\n<li>Fuente de alimentaci\u00f3n 12V<\/li>\n<li>Grado de protecci\u00f3n IP67<\/li>\n<li>Carcasa: Metal<\/li>\n<\/ul>\n<\/div>\n<\/div>\n","protected":false},"excerpt":{"rendered":"<p>Informaci\u00f3n General La c\u00e1mara\u00a0HDW3200G-M\u00a0es una c\u00e1mara de seguridad dise\u00f1ada especialmente para DVR M\u00f3vil,\u00a0cuenta con una resoluci\u00f3n de 2 Megap\u00edxeles (1920&#215;1080)\u00a0lo que nos brinda una gran calidad de imagen,\u00a0 una de las ventajas que nos proporciona este modelo es que tendremos una visi\u00f3n de\u00a084\u00a0grados\u00a0con su lente&hellip;<\/p>\n","protected":false},"featured_media":2483,"comment_status":"open","ping_status":"closed","template":"","meta":{"om_disable_all_campaigns":false,"_monsterinsights_skip_tracking":false,"_monsterinsights_sitenote_active":false,"_monsterinsights_sitenote_note":"","_monsterinsights_sitenote_category":0},"product_brand":[],"product_cat":[160],"product_tag":[159,62,158],"class_list":{"0":"post-2484","1":"product","2":"type-product","3":"status-publish","4":"has-post-thumbnail","6":"product_cat-camaras-moviles","7":"product_tag-camara-camion","8":"product_tag-camara-movil","9":"product_tag-camara-transporte","11":"first","12":"instock","13":"sale","14":"taxable","15":"shipping-taxable","16":"purchasable","17":"product-type-simple"},"aioseo_notices":[],"_links":{"self":[{"href":"https:\/\/tecsecmty.com\/index.php\/wp-json\/wp\/v2\/product\/2484","targetHints":{"allow":["GET"]}}],"collection":[{"href":"https:\/\/tecsecmty.com\/index.php\/wp-json\/wp\/v2\/product"}],"about":[{"href":"https:\/\/tecsecmty.com\/index.php\/wp-json\/wp\/v2\/types\/product"}],"replies":[{"embeddable":true,"href":"https:\/\/tecsecmty.com\/index.php\/wp-json\/wp\/v2\/comments?post=2484"}],"version-history":[{"count":0,"href":"https:\/\/tecsecmty.com\/index.php\/wp-json\/wp\/v2\/product\/2484\/revisions"}],"wp:featuredmedia":[{"embeddable":true,"href":"https:\/\/tecsecmty.com\/index.php\/wp-json\/wp\/v2\/media\/2483"}],"wp:attachment":[{"href":"https:\/\/tecsecmty.com\/index.php\/wp-json\/wp\/v2\/media?parent=2484"}],"wp:term":[{"taxonomy":"product_brand","embeddable":true,"href":"https:\/\/tecsecmty.com\/index.php\/wp-json\/wp\/v2\/product_brand?post=2484"},{"taxonomy":"product_cat","embeddable":true,"href":"https:\/\/tecsecmty.com\/index.php\/wp-json\/wp\/v2\/product_cat?post=2484"},{"taxonomy":"product_tag","embeddable":true,"href":"https:\/\/tecsecmty.com\/index.php\/wp-json\/wp\/v2\/product_tag?post=2484"}],"curies":[{"name":"wp","href":"https:\/\/api.w.org\/{rel}","templated":true}]}}