{"id":2486,"date":"2023-02-22T21:08:19","date_gmt":"2023-02-23T03:08:19","guid":{"rendered":"https:\/\/tecsecmty.com\/index.php\/producto\/dahua-hac-hdw3200g-m28-camara-mini-domo-de-2-megapixeles-especial-para-dvr-movil-lente-de-2-8mm-101-grados-de-apertura-ir-de-20-mts-microfono-integrado-a-prueba-de-choques-ip67\/"},"modified":"2023-03-22T23:22:40","modified_gmt":"2023-03-23T05:22:40","slug":"dahua-hac-hdw3200g-m28-camara-mini-domo-de-2-megapixeles-especial-para-dvr-movil-lente-de-2-8mm-101-grados-de-apertura-ir-de-20-mts-microfono-integrado-a-prueba-de-choques-ip67","status":"publish","type":"product","link":"https:\/\/tecsecmty.com\/index.php\/producto\/dahua-hac-hdw3200g-m28-camara-mini-domo-de-2-megapixeles-especial-para-dvr-movil-lente-de-2-8mm-101-grados-de-apertura-ir-de-20-mts-microfono-integrado-a-prueba-de-choques-ip67\/","title":{"rendered":"DAHUA HAC-HDW3200G-M28 &#8211; Camara Mini Domo de 2 Megapixeles\/ Especial para DVR Movil\/ Lente de 2.8mm\/ 101 Grados de Apertura\/ IR de 20 Mts\/ Microfono Integrado\/ A Prueba de Choques\/ IP67\/"},"content":{"rendered":"<div class=\"row aling-items-center padding-bottom-2x\">\n<div class=\"col-lg-12\">\n<h5 class=\"card-title text-center\">Informaci\u00f3n general.<\/h5>\n<p>La c\u00e1mara\u00a0<strong>HDW3200G-M<\/strong>\u00a0m\u00f3vil est\u00e1 dise\u00f1ada con una\u00a0<strong>carcasa compacta a prueba de vibraciones<\/strong>, lo que hace que sea conveniente de instalar y adaptable a diversas aplicaciones. Ofrece una imagen de alta calidad, as\u00ed como un\u00a0<strong>OSD<\/strong>\u00a0en varios idiomas. Adem\u00e1s, la c\u00e1mara emplea las\u00a0<strong>ventajas de HDCVI<\/strong>\u00a0para garantizar la transmisi\u00f3n en tiempo real.<\/p>\n<p><img decoding=\"async\" class=\"overview-center-img-web\" src=\"https:\/\/tvc.mx\/media\/453876\/camara-mini-domo-2-megapxeles-especial-para-dvr-movil-HAC-HDW3200G-M-Dahua.png\" alt=\"\" \/><\/div>\n<\/div>\n<div class=\"row align-items-center padding-bottom-2x\">\n<div class=\"col-md-5 order-md-2\"><img decoding=\"async\" class=\"d-block m-auto img-thumbnail\" src=\"https:\/\/tvc.mx\/media\/453879\/antivibracion-dahua.png\" alt=\" \" \/><\/div>\n<div class=\"col-md-7 order-md-1 text-md-left text-center\">\n<h2>Anti-Vibraci\u00f3n.<\/h2>\n<p class=\"text-muted\">\n<p>La vibraci\u00f3n es inevitable en las aplicaciones m\u00f3viles. Para evitar la imagen o falla de conexi\u00f3n, la estructura de hardware de la c\u00e1mara m\u00f3vil es a prueba de golpes con la\u00a0<strong>certificaci\u00f3n de EN50155<\/strong>. Adem\u00e1s, la c\u00e1mara m\u00f3vil adopta un\u00a0<strong>conector de aviaci\u00f3n M12<\/strong>\u00a0para una conexi\u00f3n estable con\u00a0<strong>MCVR<\/strong>.<\/p>\n<p>&nbsp;<\/p>\n<\/div>\n<\/div>\n<hr class=\"padding-bottom-2x\" \/>\n<div class=\"row align-items-center padding-bottom-2x\">\n<div class=\"col-md-5\"><img decoding=\"async\" class=\"d-block m-auto img-thumbnail\" src=\"https:\/\/tvc.mx\/media\/453882\/IP67-dahua.png\" alt=\" \" \/><\/div>\n<div class=\"col-md-7 text-md-left text-center\">\n<h2>Dise\u00f1ada para condiciones dif\u00edciles.<\/h2>\n<p class=\"text-muted\">\n<p>La c\u00e1mara est\u00e1 protegida contra el\u00a0<strong>agua y el polvo<\/strong>\u00a0con clasificaci\u00f3n\u00a0<strong>IP67<\/strong>, haci\u00e9ndolo adecuado para ambientes\u00a0<strong>interiores o exteriores<\/strong>. Con un rango de temperatura de trabajo de\u00a0<strong>\u201340 \u00b0 C a + 60 \u00b0 C<\/strong>, la c\u00e1mara est\u00e1 dise\u00f1ada para entornos de temperaturas extremas. Con una\u00a0<strong>tolerancia de voltaje de entrada de \u00b1 30%<\/strong>, esta c\u00e1mara se adapta incluso condiciones de suministro de energ\u00eda m\u00e1s inestables. Cuenta con protecci\u00f3n de rayos\u00a0<strong>4KV<\/strong>\u00a0proporciona protecci\u00f3n a la c\u00e1mara y su estructura de los efectos de rel\u00e1mpago.<\/p>\n<p>&nbsp;<\/p>\n<\/div>\n<\/div>\n<hr class=\"padding-bottom-2x\" \/>\n<div class=\"row align-items-center padding-bottom-2x\">\n<div class=\"col-md-5 order-md-2\"><img decoding=\"async\" class=\"d-block m-auto img-thumbnail\" src=\"https:\/\/tvc.mx\/media\/453885\/Smart-IR-Dahua.png\" alt=\" \" \/><\/div>\n<div class=\"col-md-7 order-md-1 text-md-left text-center\">\n<h2>Smart IR.<\/h2>\n<p class=\"text-muted\">\n<p>Smart IR es una tecnolog\u00eda para garantizar la\u00a0<strong>uniformidad del brillo en B \/ N<\/strong>\u00a0imagen con poca iluminaci\u00f3n. El\u00a0<strong>IR inteligente exclusivo de Dahua<\/strong>\u00a0se ajusta a la intensidad de los LED infrarrojos de la c\u00e1mara para compensar la distancia de un objeto, y\u00a0<strong>evita que los LED de infrarrojos sobreexpongan im\u00e1genes<\/strong>\u00a0de objetos que se encuentren cerca de la c\u00e1mara.<\/p>\n<p>&nbsp;<\/p>\n<\/div>\n<\/div>\n<hr class=\"padding-bottom-2x\" \/>\n<div class=\"row align-items-center padding-bottom-2x\">\n<div class=\"col-md-5\"><img decoding=\"async\" class=\"d-block m-auto img-thumbnail\" src=\"https:\/\/tvc.mx\/media\/453888\/camara-mini-domo-2-megapxeles-especial-para-dvr-movil-HAC-HDW3200G-M-Dahua-caracteristicas.png\" alt=\" \" \/><\/div>\n<div class=\"col-md-7 text-md-left text-center\">\n<h2>Principales Caracter\u00edsticas.<\/h2>\n<p class=\"text-muted\">\n<ul>\n<li>Smart IR<\/li>\n<li>Conector M12.<\/li>\n<li>D\u00eda\/Noche Autom\u00e1tico mediante ICR.<\/li>\n<li>BLC, HLC, DWDR. 2D NR.<\/li>\n<li>Micr\u00f3fono integrado.<\/li>\n<\/ul>\n<p>&nbsp;<\/p>\n<\/div>\n<\/div>\n<hr class=\"padding-bottom-2x\" \/>\n<div class=\"row align-items-center padding-bottom-2x\">\n<div class=\"col-md-5 order-md-2\"><img decoding=\"async\" class=\"d-block m-auto img-thumbnail\" src=\"https:\/\/tvc.mx\/media\/453897\/camara-mini-domo-2-megapxeles-especial-para-dvr-movil-HAC-HDW3200G-M-Dahua-especificaciones.png\" alt=\" \" \/><\/div>\n<div class=\"col-md-7 order-md-1 text-md-left text-center\">\n<h2>Especificaciones<\/h2>\n<p class=\"text-muted\">\n<ul>\n<li>CMOS de 1 \/ 2,7 pulgadas<\/li>\n<li>2 megap\u00edxeles<\/li>\n<li>Distancia de iluminaci\u00f3n hasta 20 m<\/li>\n<li>Lente fijo 2.8mm<\/li>\n<li>D\u00eda \/ noche: Cambio autom\u00e1tico por ICR<\/li>\n<li>BLC \/ HLC \/ DWDR<\/li>\n<li>Reducci\u00f3n de ruido: 2D NR<\/li>\n<li>Interfaz de audio: Micr\u00f3fono incorporado<\/li>\n<li>Salida de video conmutable CVI \/ CVBS \/ AHD \/ TVI de 1 canal<\/li>\n<li>Fuente de alimentaci\u00f3n:12V \u00b1 30% CC<\/li>\n<li>Grado de protecci\u00f3n: IP67<\/li>\n<li>Carcasa: Metal<\/li>\n<\/ul>\n<\/div>\n<\/div>\n","protected":false},"excerpt":{"rendered":"<p>Informaci\u00f3n general. La c\u00e1mara\u00a0HDW3200G-M\u00a0m\u00f3vil est\u00e1 dise\u00f1ada con una\u00a0carcasa compacta a prueba de vibraciones, lo que hace que sea conveniente de instalar y adaptable a diversas aplicaciones. Ofrece una imagen de alta calidad, as\u00ed como un\u00a0OSD\u00a0en varios idiomas. Adem\u00e1s, la c\u00e1mara emplea las\u00a0ventajas de HDCVI\u00a0para garantizar&hellip;<\/p>\n","protected":false},"featured_media":2485,"comment_status":"open","ping_status":"closed","template":"","meta":{"om_disable_all_campaigns":false,"_monsterinsights_skip_tracking":false,"_monsterinsights_sitenote_active":false,"_monsterinsights_sitenote_note":"","_monsterinsights_sitenote_category":0},"product_brand":[],"product_cat":[160],"product_tag":[159,62,158],"class_list":{"0":"post-2486","1":"product","2":"type-product","3":"status-publish","4":"has-post-thumbnail","6":"product_cat-camaras-moviles","7":"product_tag-camara-camion","8":"product_tag-camara-movil","9":"product_tag-camara-transporte","11":"first","12":"instock","13":"sale","14":"taxable","15":"shipping-taxable","16":"purchasable","17":"product-type-simple"},"aioseo_notices":[],"_links":{"self":[{"href":"https:\/\/tecsecmty.com\/index.php\/wp-json\/wp\/v2\/product\/2486","targetHints":{"allow":["GET"]}}],"collection":[{"href":"https:\/\/tecsecmty.com\/index.php\/wp-json\/wp\/v2\/product"}],"about":[{"href":"https:\/\/tecsecmty.com\/index.php\/wp-json\/wp\/v2\/types\/product"}],"replies":[{"embeddable":true,"href":"https:\/\/tecsecmty.com\/index.php\/wp-json\/wp\/v2\/comments?post=2486"}],"version-history":[{"count":0,"href":"https:\/\/tecsecmty.com\/index.php\/wp-json\/wp\/v2\/product\/2486\/revisions"}],"wp:featuredmedia":[{"embeddable":true,"href":"https:\/\/tecsecmty.com\/index.php\/wp-json\/wp\/v2\/media\/2485"}],"wp:attachment":[{"href":"https:\/\/tecsecmty.com\/index.php\/wp-json\/wp\/v2\/media?parent=2486"}],"wp:term":[{"taxonomy":"product_brand","embeddable":true,"href":"https:\/\/tecsecmty.com\/index.php\/wp-json\/wp\/v2\/product_brand?post=2486"},{"taxonomy":"product_cat","embeddable":true,"href":"https:\/\/tecsecmty.com\/index.php\/wp-json\/wp\/v2\/product_cat?post=2486"},{"taxonomy":"product_tag","embeddable":true,"href":"https:\/\/tecsecmty.com\/index.php\/wp-json\/wp\/v2\/product_tag?post=2486"}],"curies":[{"name":"wp","href":"https:\/\/api.w.org\/{rel}","templated":true}]}}