{"id":2488,"date":"2023-02-22T21:08:23","date_gmt":"2023-02-23T03:08:23","guid":{"rendered":"https:\/\/tecsecmty.com\/index.php\/producto\/dahua-hac-hmw3100-camara-cubo-especial-para-dvr-movil-720p-lente-2-8-mm-92-grados-de-apertura-microfono-integrado-ip67-ir-20-mts-ip67-proteccion-contra-choques\/"},"modified":"2023-03-22T23:22:43","modified_gmt":"2023-03-23T05:22:43","slug":"dahua-hac-hmw3100-camara-cubo-especial-para-dvr-movil-720p-lente-2-8-mm-92-grados-de-apertura-microfono-integrado-ip67-ir-20-mts-ip67-proteccion-contra-choques","status":"publish","type":"product","link":"https:\/\/tecsecmty.com\/index.php\/producto\/dahua-hac-hmw3100-camara-cubo-especial-para-dvr-movil-720p-lente-2-8-mm-92-grados-de-apertura-microfono-integrado-ip67-ir-20-mts-ip67-proteccion-contra-choques\/","title":{"rendered":"DAHUA HAC-HMW3100 &#8211; Camara Cubo Especial para DVR movil 720p\/ Lente 2.8 mm\/ 92 Grados de Apertura\/ Microfono Integrado\/ IP67\/ IR 20 Mts\/ IP67\/ Protecci\u00f3n Contra Choques\/"},"content":{"rendered":"<div class=\"row aling-items-center padding-bottom-2x\">\n<div class=\"col-lg-12\">\n<h5 class=\"card-title text-center\">Informaci\u00f3n General<\/h5>\n<p class=\"ql-align-justify\">La c\u00e1mara\u00a0<strong>HMAW3100<\/strong>\u00a0es una c\u00e1mara HDCVI dise\u00f1ada especialmente para DVR M\u00f3vil debido a su conector tipo aviaci\u00f3n, dise\u00f1ada con una carcasa compacta a prueba de golpes lo que hace que sea conveniente de instalar y adaptable a diversas aplicaciones. Ofrece una imagen de alta calidad, as\u00ed como un OSD multilenguaje, adem\u00e1s, la c\u00e1mara emplea los puntos fuertes de HDCVI para garantizar la transmisi\u00f3n en tiempo real.<\/p>\n<p><img decoding=\"async\" class=\"overview-center-img-web\" src=\"https:\/\/tvc.mx\/media\/454134\/camara-cubo-especial-para-dvr-movil-720p-microfono-integrado-HAC-HMW3100-Dahua.png\" alt=\"\" \/><\/div>\n<\/div>\n<div class=\"row align-items-center padding-bottom-2x\">\n<div class=\"col-md-5\"><img decoding=\"async\" class=\"d-block m-auto img-thumbnail\" src=\"https:\/\/tvc.mx\/media\/454137\/microfono-dahua.png\" alt=\" \" \/><\/div>\n<div class=\"col-md-7 text-md-left text-center\">\n<h2>Audio Incorporado<\/h2>\n<p class=\"text-muted\">\n<p class=\"ql-align-justify\">Cuenta con un\u00a0micr\u00f3fono integrado de esta manera se puede transmitir la se\u00f1al de video y audio utilizando un solo cable (coaxial o UTP) hacia el dvr m\u00f3vil.Tambi\u00e9n se puede interactuar con la plataforma dss.<\/p>\n<p>&nbsp;<\/p>\n<\/div>\n<\/div>\n<hr class=\"padding-bottom-2x\" \/>\n<div class=\"row align-items-center padding-bottom-2x\">\n<div class=\"col-md-5 order-md-2\"><img decoding=\"async\" class=\"d-block m-auto img-thumbnail\" src=\"https:\/\/tvc.mx\/media\/454140\/resolucion-720p.png\" alt=\" \" \/><\/div>\n<div class=\"col-md-7 order-md-1 text-md-left text-center\">\n<h2>Resoluci\u00f3n HD<\/h2>\n<p class=\"text-muted\">\n<p class=\"ql-align-justify\">La c\u00e1mara nos permite obtener im\u00e1gen en alta definici\u00f3n ya que puede grabar a resoluci\u00f3n 720P<\/p>\n<p>&nbsp;<\/p>\n<\/div>\n<\/div>\n<hr class=\"padding-bottom-2x\" \/>\n<div class=\"row align-items-center padding-bottom-2x\">\n<div class=\"col-md-5\"><img decoding=\"async\" class=\"d-block m-auto img-thumbnail\" src=\"https:\/\/tvc.mx\/media\/454143\/a-prueba-de-choque-dahua.png\" alt=\" \" \/><\/div>\n<div class=\"col-md-7 text-md-left text-center\">\n<h2>A prueba de choques<\/h2>\n<p class=\"text-muted\">\n<p>La vibraci\u00f3n es inevitable en aplicaciones m\u00f3viles. Para evitar fallas en la imagen o la conexi\u00f3n, la estructura de hardware de la c\u00e1mara m\u00f3vil\u00a0<strong>HMAW3100<\/strong>\u00a0es a prueba de golpes con la certificaci\u00f3n EN50155. Adem\u00e1s, la c\u00e1mara m\u00f3vil adopta un conector de aviaci\u00f3n M12 para una conexi\u00f3n estable con MCVR.<\/p>\n<p>&nbsp;<\/p>\n<\/div>\n<\/div>\n<hr class=\"padding-bottom-2x\" \/>\n<div class=\"row align-items-center padding-bottom-2x\">\n<div class=\"col-md-5 order-md-2\"><img decoding=\"async\" class=\"d-block m-auto img-thumbnail\" src=\"https:\/\/tvc.mx\/media\/454146\/IP67-dahua.png\" alt=\" \" \/><\/div>\n<div class=\"col-md-7 order-md-1 text-md-left text-center\">\n<h2>Excelente Protecci\u00f3n<\/h2>\n<p class=\"text-muted\">\n<p>La excelente fiabilidad de la c\u00e1mara\u00a0<strong>HMAW3100\u00a0<\/strong>es insuperable debido a su dise\u00f1o resistente.<\/p>\n<p>Est\u00e1 protegida contra el agua y el polvo con clasificaci\u00f3n\u00a0<strong>IP67<\/strong>, lo que la hace adecuada para ambientes interiores o exteriores.<\/p>\n<p>Con un rango de temperatura de trabajo de\u00a0<strong>-40 \u00b0 C a +80 \u00b0 C<\/strong>, la c\u00e1mara est\u00e1 dise\u00f1ada para entornos de temperatura extrema.<\/p>\n<p>Con una tolerancia de voltaje de entrada de \u00b1 25%, esta c\u00e1mara se adapta incluso a las condiciones de suministro de energ\u00eda m\u00e1s inestables. Su clasificaci\u00f3n de rayos\u00a0<strong>4KV\u00a0<\/strong>proporciona protecci\u00f3n contra la c\u00e1mara y su estructura contra los efectos de los rayos.<\/p>\n<p>&nbsp;<\/p>\n<\/div>\n<\/div>\n<hr class=\"padding-bottom-2x\" \/>\n<div class=\"row align-items-center padding-bottom-2x\">\n<div class=\"col-md-5\"><img decoding=\"async\" class=\"d-block m-auto img-thumbnail\" src=\"https:\/\/tvc.mx\/media\/454149\/camara-cubo-especial-para-dvr-movil-720p-microfono-integrado-HAC-HMW3100-Dahua-caracteristicas.png\" alt=\" \" \/><\/div>\n<div class=\"col-md-7 text-md-left text-center\">\n<h2>Principales Caracter\u00edsticas<\/h2>\n<p class=\"text-muted\">\n<ul>\n<li class=\"ql-align-justify\">Salida de video HDCVI (conector de aviaci\u00f3n).<\/li>\n<li class=\"ql-align-justify\">IR inteligente<\/li>\n<li class=\"ql-align-justify\">D\u00eda\/noche auto (ICR).<\/li>\n<li class=\"ql-align-justify\">BLC, HLC, DWDR.<\/li>\n<li class=\"ql-align-justify\">Reducci\u00f3n de ruido 2D.<\/li>\n<li class=\"ql-align-justify\">Micr\u00f3fono incorporado.<\/li>\n<\/ul>\n<p>&nbsp;<\/p>\n<\/div>\n<\/div>\n<hr class=\"padding-bottom-2x\" \/>\n<div class=\"row align-items-center padding-bottom-2x\">\n<div class=\"col-md-5 order-md-2\"><img decoding=\"async\" class=\"d-block m-auto img-thumbnail\" src=\"https:\/\/tvc.mx\/media\/454152\/camara-cubo-especial-para-dvr-movil-720p-microfono-integrado-HAC-HMW3100-Dahua-especificaciones.png\" alt=\" \" \/><\/div>\n<div class=\"col-md-7 order-md-1 text-md-left text-center\">\n<h2>Especificaciones<\/h2>\n<p class=\"text-muted\">\n<ul>\n<li>CMOS de 1\/3&#8243;<\/li>\n<li>P\u00edxeles efectivos: 1280 (Altura) \u00d7 720 (Vista), 1MP<\/li>\n<li>Lente fijo 2.8mm<\/li>\n<li>Salida de video de alta definici\u00f3n BNC HDCVI de 1 canal<\/li>\n<li>D\u00eda\/Noche: Autom\u00e1tico (ICR) \/ Manual<\/li>\n<li>BLC\/HLC\/DWDR<\/li>\n<li>Reducci\u00f3n de ruido 2D<\/li>\n<li>Micr\u00f3fono incorporado<\/li>\n<li>Fuente de alimentaci\u00f3n 12 V CC \u00b125 %<\/li>\n<li>Protecci\u00f3n de entrada: IP67<\/li>\n<li>Carcasa: Aluminio<\/li>\n<\/ul>\n<\/div>\n<\/div>\n","protected":false},"excerpt":{"rendered":"<p>Informaci\u00f3n General La c\u00e1mara\u00a0HMAW3100\u00a0es una c\u00e1mara HDCVI dise\u00f1ada especialmente para DVR M\u00f3vil debido a su conector tipo aviaci\u00f3n, dise\u00f1ada con una carcasa compacta a prueba de golpes lo que hace que sea conveniente de instalar y adaptable a diversas aplicaciones. Ofrece una imagen de alta&hellip;<\/p>\n","protected":false},"featured_media":2487,"comment_status":"open","ping_status":"closed","template":"","meta":{"om_disable_all_campaigns":false,"_monsterinsights_skip_tracking":false,"_monsterinsights_sitenote_active":false,"_monsterinsights_sitenote_note":"","_monsterinsights_sitenote_category":0},"product_brand":[],"product_cat":[160],"product_tag":[159,62,158],"class_list":{"0":"post-2488","1":"product","2":"type-product","3":"status-publish","4":"has-post-thumbnail","6":"product_cat-camaras-moviles","7":"product_tag-camara-camion","8":"product_tag-camara-movil","9":"product_tag-camara-transporte","11":"first","12":"instock","13":"sale","14":"taxable","15":"shipping-taxable","16":"purchasable","17":"product-type-simple"},"aioseo_notices":[],"_links":{"self":[{"href":"https:\/\/tecsecmty.com\/index.php\/wp-json\/wp\/v2\/product\/2488","targetHints":{"allow":["GET"]}}],"collection":[{"href":"https:\/\/tecsecmty.com\/index.php\/wp-json\/wp\/v2\/product"}],"about":[{"href":"https:\/\/tecsecmty.com\/index.php\/wp-json\/wp\/v2\/types\/product"}],"replies":[{"embeddable":true,"href":"https:\/\/tecsecmty.com\/index.php\/wp-json\/wp\/v2\/comments?post=2488"}],"version-history":[{"count":0,"href":"https:\/\/tecsecmty.com\/index.php\/wp-json\/wp\/v2\/product\/2488\/revisions"}],"wp:featuredmedia":[{"embeddable":true,"href":"https:\/\/tecsecmty.com\/index.php\/wp-json\/wp\/v2\/media\/2487"}],"wp:attachment":[{"href":"https:\/\/tecsecmty.com\/index.php\/wp-json\/wp\/v2\/media?parent=2488"}],"wp:term":[{"taxonomy":"product_brand","embeddable":true,"href":"https:\/\/tecsecmty.com\/index.php\/wp-json\/wp\/v2\/product_brand?post=2488"},{"taxonomy":"product_cat","embeddable":true,"href":"https:\/\/tecsecmty.com\/index.php\/wp-json\/wp\/v2\/product_cat?post=2488"},{"taxonomy":"product_tag","embeddable":true,"href":"https:\/\/tecsecmty.com\/index.php\/wp-json\/wp\/v2\/product_tag?post=2488"}],"curies":[{"name":"wp","href":"https:\/\/api.w.org\/{rel}","templated":true}]}}