{"id":2494,"date":"2023-02-22T21:08:30","date_gmt":"2023-02-23T03:08:30","guid":{"rendered":"https:\/\/tecsecmty.com\/index.php\/producto\/dahua-hdbw3231fn-m-camara-ip-domo-de-2-megapixeles-especial-para-nvr-movil-lente-de-2-8mm-110-grados-de-apertura-microfono-integrado-ir-de-23-metros-wdr-real-ip67-ik10-poe-lonuevo\/"},"modified":"2023-03-22T23:22:44","modified_gmt":"2023-03-23T05:22:44","slug":"dahua-hdbw3231fn-m-camara-ip-domo-de-2-megapixeles-especial-para-nvr-movil-lente-de-2-8mm-110-grados-de-apertura-microfono-integrado-ir-de-23-metros-wdr-real-ip67-ik10-poe-lonuevo","status":"publish","type":"product","link":"https:\/\/tecsecmty.com\/index.php\/producto\/dahua-hdbw3231fn-m-camara-ip-domo-de-2-megapixeles-especial-para-nvr-movil-lente-de-2-8mm-110-grados-de-apertura-microfono-integrado-ir-de-23-metros-wdr-real-ip67-ik10-poe-lonuevo\/","title":{"rendered":"DAHUA HDBW3231FN-M- Camara IP Domo de 2 Megapixeles\/ Especial para NVR Movil\/ Lente de 2.8mm\/ 110 Grados de Apertura\/ Microfono Integrado\/ IR de 23 Metros\/ WDR Real\/ IP67\/ IK10\/ PoE\/ #LoNuevo"},"content":{"rendered":"<div class=\"row aling-items-center padding-bottom-2x\">\n<div class=\"col-lg-12\">\n<h5 class=\"card-title text-center\">Informaci\u00f3n general<\/h5>\n<p>La c\u00e1mara fue dise\u00f1ada especialmente para uso en trenes, autobuses y otro tipo de veh\u00edculos, cumpliendo asi con los requerimientos necesarios para las regulaciones m\u00f3viles como la EN50155, lo que nos indica que la c\u00e1mara puede trabajar en condiciones de vibraci\u00f3n, altos rangos de temperatura y golpes.<\/p>\n<p><img decoding=\"async\" class=\"overview-center-img-web\" src=\"https:\/\/tvc.mx\/media\/501248\/camara-ip-tipo-mini-domo-para-nvr-movil-de-2-megapixeles-IPC-HDBW3231F-M-Dahua-b.png\" alt=\"\" \/><\/div>\n<\/div>\n<div class=\"row align-items-center padding-bottom-2x\">\n<div class=\"col-md-5\"><img decoding=\"async\" class=\"d-block m-auto img-thumbnail\" src=\"https:\/\/tvc.mx\/media\/501266\/WDR-Dahua.png\" alt=\" \" \/><\/div>\n<div class=\"col-md-7 text-md-left text-center\">\n<h2>WDR real 120dB<\/h2>\n<p class=\"text-muted\">\n<p>Integrada con la tecnolog\u00eda de Amplio Rango Din\u00e1mico (WDR), se logran im\u00e1genes v\u00edvidas incluso con iluminaci\u00f3n de contraste intenso, gracias a True WDR la imagen se optimiza tanto en el brillo como en las \u00e1reas oscuras de una escena al mismo tiempo para proporcionar video utilizable.<\/p>\n<p>&nbsp;<\/p>\n<\/div>\n<\/div>\n<hr class=\"padding-bottom-2x\" \/>\n<div class=\"row align-items-center padding-bottom-2x\">\n<div class=\"col-md-5 order-md-2\"><img decoding=\"async\" class=\"d-block m-auto img-thumbnail\" src=\"https:\/\/tvc.mx\/media\/501276\/IVS-Dahua.png\" alt=\" \" \/><\/div>\n<div class=\"col-md-7 order-md-1 text-md-left text-center\">\n<h2>IVS<\/h2>\n<p class=\"text-muted\">\n<p>Con an\u00e1lisis de video inteligente incorporado, la c\u00e1mara tiene la capacidad de detectar y analizar objetos en movimiento para mejorar la videovigilancia. con el an\u00e1lisis de cruce de l\u00ednea la c\u00e1mara es capaz de detectar cuando se ha cruzado una l\u00ednea o per\u00edmetro predeterminado, es ideal para la f\u00e1cil identificaci\u00f3n o b\u00fasqueda de eventos.<\/p>\n<p>&nbsp;<\/p>\n<\/div>\n<\/div>\n<hr class=\"padding-bottom-2x\" \/>\n<div class=\"row align-items-center padding-bottom-2x\">\n<div class=\"col-md-5\"><img decoding=\"async\" class=\"d-block m-auto img-thumbnail\" src=\"https:\/\/tvc.mx\/media\/501294\/IP67-IK10-Dahua.png\" alt=\" \" \/><\/div>\n<div class=\"col-md-7 text-md-left text-center\">\n<h2>Protecci\u00f3n<\/h2>\n<p class=\"text-muted\">\n<p>La c\u00e1mara esta dise\u00f1ada para entornos de temperatura extrema soportando de -30 \u00b0C a 60 \u00b0C, adem\u00e1s de contar con una clasificaci\u00f3n de impacto IK10, lo que la hace capaz de soportar el equivalente a 55 Kg de fuerza, la clasificaci\u00f3n IP67 la hace adecuada para exigentes aplicaciones al aire libre.<\/p>\n<p>&nbsp;<\/p>\n<\/div>\n<\/div>\n<hr class=\"padding-bottom-2x\" \/>\n<div class=\"row align-items-center padding-bottom-2x\">\n<div class=\"col-md-5 order-md-2\"><img decoding=\"async\" class=\"d-block m-auto img-thumbnail\" src=\"https:\/\/tvc.mx\/media\/501306\/camara-ip-tipo-mini-domo-para-nvr-movil-de-2-megapixeles-IPC-HDBW3231F-M-Dahua-Caracteristicas.png\" alt=\" \" \/><\/div>\n<div class=\"col-md-7 order-md-1 text-md-left text-center\">\n<h2>Principales caracter\u00edsticas<\/h2>\n<p class=\"text-muted\">\n<ul>\n<li>Lente fijo &#8211; La c\u00e1mara cuenta con un enfoque fijo<\/li>\n<li>WDR &#8211; Amplio rango din\u00e1mico de la iluminaci\u00f3n<\/li>\n<li>3D-DNR &#8211; Reducci\u00f3n digital de ruido en la imagen<\/li>\n<li>Zoom digital &#8211; Con la capacidad de ampliar la imagen digitalmente<\/li>\n<li>BLC &#8211; compensaci\u00f3n de contraluz<\/li>\n<li>HLC &#8211; Compensaci\u00f3n de alta luz (punto)<\/li>\n<li>Detecci\u00f3n de movimiento<\/li>\n<li>Regiones de inter\u00e9s &#8211; hasta 4 zonas<\/li>\n<li>Mirror &#8211; Imagen de espejo<\/li>\n<li>Balance de blancos autom\u00e1tico<\/li>\n<\/ul>\n<p>&nbsp;<\/p>\n<\/div>\n<\/div>\n<hr class=\"padding-bottom-2x\" \/>\n<div class=\"row align-items-center padding-bottom-2x\">\n<div class=\"col-md-5\"><img decoding=\"async\" class=\"d-block m-auto img-thumbnail\" src=\"https:\/\/tvc.mx\/media\/501322\/camara-ip-tipo-mini-domo-para-nvr-movil-de-2-megapixeles-IPC-HDBW3231F-M-Dahua-espec.png\" alt=\" \" \/><\/div>\n<div class=\"col-md-7 text-md-left text-center\">\n<h2>Especificaciones<\/h2>\n<p class=\"text-muted\">\n<ul>\n<li>1\/2.8\u00a0\u00bb Progressive Scan CMOS<\/li>\n<li>2 megap\u00edxeles<\/li>\n<li>Conexi\u00f3n RJ45 (10\/100 base T)<\/li>\n<li>Lentes motorizado:2.8 mm<\/li>\n<li>\u00c1ngulo de visi\u00f3n:110\u00b0<\/li>\n<li>Rango del iluminador IR:23\u00a0m<\/li>\n<li>Ajuste de potencia del iluminador IR: Autom\u00e1tico<\/li>\n<li>Alimentaci\u00f3n:12\u00a0V\u00a0DC, PoE (IEEE 802.3af) (Clase 0)<\/li>\n<li>Carcasa: Metal<\/li>\n<li>Grado de protecci\u00f3n:IP67 \/ IK10<\/li>\n<\/ul>\n<\/div>\n<\/div>\n","protected":false},"excerpt":{"rendered":"<p>Informaci\u00f3n general La c\u00e1mara fue dise\u00f1ada especialmente para uso en trenes, autobuses y otro tipo de veh\u00edculos, cumpliendo asi con los requerimientos necesarios para las regulaciones m\u00f3viles como la EN50155, lo que nos indica que la c\u00e1mara puede trabajar en condiciones de vibraci\u00f3n, altos rangos&hellip;<\/p>\n","protected":false},"featured_media":2493,"comment_status":"open","ping_status":"closed","template":"","meta":{"om_disable_all_campaigns":false,"_monsterinsights_skip_tracking":false,"_monsterinsights_sitenote_active":false,"_monsterinsights_sitenote_note":"","_monsterinsights_sitenote_category":0},"product_brand":[],"product_cat":[160],"product_tag":[159,62,158],"class_list":{"0":"post-2494","1":"product","2":"type-product","3":"status-publish","4":"has-post-thumbnail","6":"product_cat-camaras-moviles","7":"product_tag-camara-camion","8":"product_tag-camara-movil","9":"product_tag-camara-transporte","11":"first","12":"instock","13":"sale","14":"taxable","15":"shipping-taxable","16":"purchasable","17":"product-type-simple"},"aioseo_notices":[],"_links":{"self":[{"href":"https:\/\/tecsecmty.com\/index.php\/wp-json\/wp\/v2\/product\/2494","targetHints":{"allow":["GET"]}}],"collection":[{"href":"https:\/\/tecsecmty.com\/index.php\/wp-json\/wp\/v2\/product"}],"about":[{"href":"https:\/\/tecsecmty.com\/index.php\/wp-json\/wp\/v2\/types\/product"}],"replies":[{"embeddable":true,"href":"https:\/\/tecsecmty.com\/index.php\/wp-json\/wp\/v2\/comments?post=2494"}],"version-history":[{"count":0,"href":"https:\/\/tecsecmty.com\/index.php\/wp-json\/wp\/v2\/product\/2494\/revisions"}],"wp:featuredmedia":[{"embeddable":true,"href":"https:\/\/tecsecmty.com\/index.php\/wp-json\/wp\/v2\/media\/2493"}],"wp:attachment":[{"href":"https:\/\/tecsecmty.com\/index.php\/wp-json\/wp\/v2\/media?parent=2494"}],"wp:term":[{"taxonomy":"product_brand","embeddable":true,"href":"https:\/\/tecsecmty.com\/index.php\/wp-json\/wp\/v2\/product_brand?post=2494"},{"taxonomy":"product_cat","embeddable":true,"href":"https:\/\/tecsecmty.com\/index.php\/wp-json\/wp\/v2\/product_cat?post=2494"},{"taxonomy":"product_tag","embeddable":true,"href":"https:\/\/tecsecmty.com\/index.php\/wp-json\/wp\/v2\/product_tag?post=2494"}],"curies":[{"name":"wp","href":"https:\/\/api.w.org\/{rel}","templated":true}]}}