{"id":2496,"date":"2023-02-22T21:08:32","date_gmt":"2023-02-23T03:08:32","guid":{"rendered":"https:\/\/tecsecmty.com\/index.php\/producto\/dahua-hmw3200-camara-cubo-para-dvr-movil-de-2-megapixeles-lente-de-2-8-mm-106-grados-de-apertura-ir-para-20-mts-a-prueba-de-choques-ip67-microfono-integrado-lonuevo\/"},"modified":"2023-03-22T23:22:46","modified_gmt":"2023-03-23T05:22:46","slug":"dahua-hmw3200-camara-cubo-para-dvr-movil-de-2-megapixeles-lente-de-2-8-mm-106-grados-de-apertura-ir-para-20-mts-a-prueba-de-choques-ip67-microfono-integrado-lonuevo","status":"publish","type":"product","link":"https:\/\/tecsecmty.com\/index.php\/producto\/dahua-hmw3200-camara-cubo-para-dvr-movil-de-2-megapixeles-lente-de-2-8-mm-106-grados-de-apertura-ir-para-20-mts-a-prueba-de-choques-ip67-microfono-integrado-lonuevo\/","title":{"rendered":"DAHUA HMW3200 &#8211; C\u00e1mara Cubo para DVR M\u00f3vil de 2 Megapixeles\/ Lente de 2.8 mm\/ 106 Grados de Apertura\/ IR para 20 Mts\/ A prueba de Choques\/ IP67\/ Microfono Integrado\/ #LoNuevo"},"content":{"rendered":"<div class=\"row aling-items-center padding-bottom-2x\">\n<div class=\"col-lg-12\">\n<h5 class=\"card-title text-center\">Informaci\u00f3n General<\/h5>\n<p>Experimente una soluci\u00f3n de videovigilancia m\u00f3vil Full HD de 1080p con la simplicidad de la infraestructura anal\u00f3gica. La c\u00e1mara m\u00f3vil est\u00e1 dise\u00f1ada con una carcasa compacta a prueba de golpes, lo que la hace conveniente para instalar y adaptable a diversas aplicaciones. Ofrece una imagen de alta calidad, as\u00ed como un men\u00fa OSD en varios idiomas. Adem\u00e1s, la c\u00e1mara emplea las ventajas de HDCVI para garantizar la transmisi\u00f3n en tiempo real.<\/p>\n<p><img decoding=\"async\" class=\"overview-center-img-web\" src=\"https:\/\/tvc.mx\/media\/487966\/camara-tipo-cubo-para-dvr-movil-2-megapixeles-HAC-HMW3200N-Dahua.png\" alt=\"\" \/><\/div>\n<\/div>\n<div class=\"row align-items-center padding-bottom-2x\">\n<div class=\"col-md-5\"><img decoding=\"async\" class=\"d-block m-auto img-thumbnail\" src=\"https:\/\/tvc.mx\/media\/487968\/microfono-dahua.png\" alt=\" \" \/><\/div>\n<div class=\"col-md-7 text-md-left text-center\">\n<h2>Micr\u00f3fono integrado<\/h2>\n<p class=\"text-muted\">\n<p>Cuenta con un\u00a0micr\u00f3fono integrado de esta manera se puede transmitir la se\u00f1al de video y audio utilizando un solo cable hacia el dvr m\u00f3vil.Tambi\u00e9n se puede interactuar con la plataforma Dss o Mobile Center.<\/p>\n<p>&nbsp;<\/p>\n<\/div>\n<\/div>\n<hr class=\"padding-bottom-2x\" \/>\n<div class=\"row align-items-center padding-bottom-2x\">\n<div class=\"col-md-5 order-md-2\"><img decoding=\"async\" class=\"d-block m-auto img-thumbnail\" src=\"https:\/\/tvc.mx\/media\/487970\/Smart-IR-Dahua.png\" alt=\" \" \/><\/div>\n<div class=\"col-md-7 order-md-1 text-md-left text-center\">\n<h2>IR Inteligente<\/h2>\n<p class=\"text-muted\">\n<p>La c\u00e1mara est\u00e1 dise\u00f1ada con iluminaci\u00f3n LED IR para un mejor rendimiento con poca luz. Smart IR es una tecnolog\u00eda para garantizar la uniformidad del brillo en im\u00e1genes en blanco y negro con poca iluminaci\u00f3n. El exclusivo Smart IR de Dahua se ajusta a la intensidad de los LED infrarrojos de la c\u00e1mara para compensar la distancia de un objeto y evita que los LED IR sobreexpongan las im\u00e1genes a medida que el objeto se acerca a la c\u00e1mara.<\/p>\n<p>&nbsp;<\/p>\n<\/div>\n<\/div>\n<hr class=\"padding-bottom-2x\" \/>\n<div class=\"row align-items-center padding-bottom-2x\">\n<div class=\"col-md-5\"><img decoding=\"async\" class=\"d-block m-auto img-thumbnail\" src=\"https:\/\/tvc.mx\/media\/487972\/a-prueba-de-choque-dahua.png\" alt=\" \" \/><\/div>\n<div class=\"col-md-7 text-md-left text-center\">\n<h2>A prueba de choques<\/h2>\n<p class=\"text-muted\">\n<p>La vibraci\u00f3n es inevitable en las aplicaciones m\u00f3viles. Para evitar fallas de imagen o conexi\u00f3n, la estructura de hardware de la c\u00e1mara m\u00f3vil es a prueba de golpes con la certificaci\u00f3n de EN50155. Adem\u00e1s, la c\u00e1mara m\u00f3vil adopta un conector de aviaci\u00f3n M12 para una conexi\u00f3n estable con MCVR.<\/p>\n<p>&nbsp;<\/p>\n<\/div>\n<\/div>\n<hr class=\"padding-bottom-2x\" \/>\n<div class=\"row align-items-center padding-bottom-2x\">\n<div class=\"col-md-5 order-md-2\"><img decoding=\"async\" class=\"d-block m-auto img-thumbnail\" src=\"https:\/\/tvc.mx\/media\/487974\/camara-tipo-cubo-para-dvr-movil-2-megapixeles-HAC-HMW3200N-Dahua-caracteristicas.png\" alt=\" \" \/><\/div>\n<div class=\"col-md-7 order-md-1 text-md-left text-center\">\n<h2>Principales Caracter\u00edsticas<\/h2>\n<p class=\"text-muted\">\n<ul>\n<li class=\"ql-align-justify\">Salida de video HDCVI (conector de aviaci\u00f3n).<\/li>\n<li class=\"ql-align-justify\">IR Inteligente<\/li>\n<li class=\"ql-align-justify\">D\u00eda\/noche auto (ICR).<\/li>\n<li class=\"ql-align-justify\">BLC, HLC, DWDR.<\/li>\n<li class=\"ql-align-justify\">Reducci\u00f3n de ruido 2D.<\/li>\n<li class=\"ql-align-justify\">Micr\u00f3fono incorporado.<\/li>\n<\/ul>\n<p>&nbsp;<\/p>\n<\/div>\n<\/div>\n<hr class=\"padding-bottom-2x\" \/>\n<div class=\"row align-items-center padding-bottom-2x\">\n<div class=\"col-md-5\"><img decoding=\"async\" class=\"d-block m-auto img-thumbnail\" src=\"https:\/\/tvc.mx\/media\/487976\/camara-tipo-cubo-para-dvr-movil-2-megapixeles-HAC-HMW3200N-Dahua-especificaciones.png\" alt=\" \" \/><\/div>\n<div class=\"col-md-7 text-md-left text-center\">\n<h2>Especificaciones<\/h2>\n<p class=\"text-muted\">\n<ul>\n<li>CMOS de 1\/2,7 pulgadas<\/li>\n<li>2 megap\u00edxeles<\/li>\n<li>Distancia de iluminaci\u00f3n 20 m<\/li>\n<li>Lente fijo 2.8mm<\/li>\n<li>D\u00eda\/Noche: Cambio autom\u00e1tico por ICR<\/li>\n<li>DWDR<\/li>\n<li>Reducci\u00f3n de ruido NR 2D<\/li>\n<li>Micr\u00f3fono incorporado<\/li>\n<li>IR inteligente<\/li>\n<li>Fuente de alimentaci\u00f3n 12 V \u00b130 % CC<\/li>\n<li>Grado de protecci\u00f3n IP67<\/li>\n<li>Carcasa: Metal<\/li>\n<\/ul>\n<\/div>\n<\/div>\n","protected":false},"excerpt":{"rendered":"<p>Informaci\u00f3n General Experimente una soluci\u00f3n de videovigilancia m\u00f3vil Full HD de 1080p con la simplicidad de la infraestructura anal\u00f3gica. La c\u00e1mara m\u00f3vil est\u00e1 dise\u00f1ada con una carcasa compacta a prueba de golpes, lo que la hace conveniente para instalar y adaptable a diversas aplicaciones. Ofrece&hellip;<\/p>\n","protected":false},"featured_media":2495,"comment_status":"open","ping_status":"closed","template":"","meta":{"om_disable_all_campaigns":false,"_monsterinsights_skip_tracking":false,"_monsterinsights_sitenote_active":false,"_monsterinsights_sitenote_note":"","_monsterinsights_sitenote_category":0},"product_brand":[],"product_cat":[160],"product_tag":[159,62,158],"class_list":{"0":"post-2496","1":"product","2":"type-product","3":"status-publish","4":"has-post-thumbnail","6":"product_cat-camaras-moviles","7":"product_tag-camara-camion","8":"product_tag-camara-movil","9":"product_tag-camara-transporte","11":"first","12":"instock","13":"sale","14":"taxable","15":"shipping-taxable","16":"purchasable","17":"product-type-simple"},"aioseo_notices":[],"_links":{"self":[{"href":"https:\/\/tecsecmty.com\/index.php\/wp-json\/wp\/v2\/product\/2496","targetHints":{"allow":["GET"]}}],"collection":[{"href":"https:\/\/tecsecmty.com\/index.php\/wp-json\/wp\/v2\/product"}],"about":[{"href":"https:\/\/tecsecmty.com\/index.php\/wp-json\/wp\/v2\/types\/product"}],"replies":[{"embeddable":true,"href":"https:\/\/tecsecmty.com\/index.php\/wp-json\/wp\/v2\/comments?post=2496"}],"version-history":[{"count":0,"href":"https:\/\/tecsecmty.com\/index.php\/wp-json\/wp\/v2\/product\/2496\/revisions"}],"wp:featuredmedia":[{"embeddable":true,"href":"https:\/\/tecsecmty.com\/index.php\/wp-json\/wp\/v2\/media\/2495"}],"wp:attachment":[{"href":"https:\/\/tecsecmty.com\/index.php\/wp-json\/wp\/v2\/media?parent=2496"}],"wp:term":[{"taxonomy":"product_brand","embeddable":true,"href":"https:\/\/tecsecmty.com\/index.php\/wp-json\/wp\/v2\/product_brand?post=2496"},{"taxonomy":"product_cat","embeddable":true,"href":"https:\/\/tecsecmty.com\/index.php\/wp-json\/wp\/v2\/product_cat?post=2496"},{"taxonomy":"product_tag","embeddable":true,"href":"https:\/\/tecsecmty.com\/index.php\/wp-json\/wp\/v2\/product_tag?post=2496"}],"curies":[{"name":"wp","href":"https:\/\/api.w.org\/{rel}","templated":true}]}}