{"id":2498,"date":"2023-02-22T21:08:34","date_gmt":"2023-02-23T03:08:34","guid":{"rendered":"https:\/\/tecsecmty.com\/index.php\/producto\/dahua-hmw32002-1mm-camara-cubo-para-dvr-movil-de-2-megapixeles-lente-de-2-1-mm-128-grados-de-apertura-ir-para-20-mts-a-prueba-de-choques-ip67-microfono-integrado\/"},"modified":"2023-03-22T23:22:46","modified_gmt":"2023-03-23T05:22:46","slug":"dahua-hmw32002-1mm-camara-cubo-para-dvr-movil-de-2-megapixeles-lente-de-2-1-mm-128-grados-de-apertura-ir-para-20-mts-a-prueba-de-choques-ip67-microfono-integrado","status":"publish","type":"product","link":"https:\/\/tecsecmty.com\/index.php\/producto\/dahua-hmw32002-1mm-camara-cubo-para-dvr-movil-de-2-megapixeles-lente-de-2-1-mm-128-grados-de-apertura-ir-para-20-mts-a-prueba-de-choques-ip67-microfono-integrado\/","title":{"rendered":"DAHUA HMW3200(2.1mm) &#8211; C\u00e1mara Cubo para DVR M\u00f3vil de 2 Megapixeles\/ Lente de 2.1 mm\/ 128 Grados de Apertura\/ IR para 20 Mts\/ A prueba de Choques\/ IP67\/ Microfono Integrado\/"},"content":{"rendered":"<div class=\"row aling-items-center padding-bottom-2x\">\n<div class=\"col-lg-12\">\n<h5 class=\"card-title text-center\">Informaci\u00f3n General<\/h5>\n<p>La c\u00e1mara\u00a0<strong>HMW3200<\/strong>\u00a0es una c\u00e1mara HDCVI de\u00a0<strong>2MP<\/strong>\u00a0dise\u00f1ada especialmente para DVR M\u00f3vil debido a su conector tipo aviaci\u00f3n, dise\u00f1ada con una carcasa compacta a prueba de golpes lo que hace que sea conveniente de instalar y adaptable a diversas aplicaciones. Ofrece una imagen de alta calidad, as\u00ed como un men\u00fa OSD multilenguaje, adem\u00e1s, la c\u00e1mara emplea los puntos fuertes de HDCVI para garantizar la transmisi\u00f3n en tiempo real.<\/p>\n<p><img decoding=\"async\" class=\"overview-center-img-web\" src=\"https:\/\/tvc.mx\/media\/454914\/camara-cubo-para-dvr-movil-2-megapixeles-a-prueba-de-choques--HMW3200-Dahua.png\" alt=\"\" \/><\/div>\n<\/div>\n<div class=\"row align-items-center padding-bottom-2x\">\n<div class=\"col-md-5\"><img decoding=\"async\" class=\"d-block m-auto img-thumbnail\" src=\"https:\/\/tvc.mx\/media\/454917\/microfono-dahua.png\" alt=\" \" \/><\/div>\n<div class=\"col-md-7 text-md-left text-center\">\n<h2>Micr\u00f3fono Integrado<\/h2>\n<p class=\"text-muted\">\n<p>Cuenta con un\u00a0micr\u00f3fono integrado de esta manera se puede transmitir la se\u00f1al de video y audio utilizando un solo cable hacia el dvr m\u00f3vil.Tambi\u00e9n se puede interactuar con la plataforma Dss o Mobile Center.<\/p>\n<p>&nbsp;<\/p>\n<\/div>\n<\/div>\n<hr class=\"padding-bottom-2x\" \/>\n<div class=\"row align-items-center padding-bottom-2x\">\n<div class=\"col-md-5 order-md-2\"><img decoding=\"async\" class=\"d-block m-auto img-thumbnail\" src=\"https:\/\/tvc.mx\/media\/454920\/resolucion-full-HD-2-mp.png\" alt=\" \" \/><\/div>\n<div class=\"col-md-7 order-md-1 text-md-left text-center\">\n<h2>Resoluci\u00f3n Full HD<\/h2>\n<p class=\"text-muted\">\n<p>La c\u00e1mara nos permite obtener im\u00e1gen en alta definici\u00f3n ya que puede grabar a resoluci\u00f3n de 2MP.<\/p>\n<p>&nbsp;<\/p>\n<\/div>\n<\/div>\n<hr class=\"padding-bottom-2x\" \/>\n<div class=\"row align-items-center padding-bottom-2x\">\n<div class=\"col-md-5\"><img decoding=\"async\" class=\"d-block m-auto img-thumbnail\" src=\"https:\/\/tvc.mx\/media\/454923\/a-prueba-de-choque-dahua.png\" alt=\" \" \/><\/div>\n<div class=\"col-md-7 text-md-left text-center\">\n<h2>A prueba de choques<\/h2>\n<p class=\"text-muted\">\n<p>La vibraci\u00f3n es inevitable en aplicaciones m\u00f3viles. Para evitar fallas en la imagen o la conexi\u00f3n, la estructura de hardware de la c\u00e1mara m\u00f3vil\u00a0<strong>HMW3100<\/strong>\u00a0es a prueba de golpes con la certificaci\u00f3n EN50155. Adem\u00e1s, la c\u00e1mara m\u00f3vil adopta un conector de aviaci\u00f3n\u00a0<strong>M12<\/strong>\u00a0para una conexi\u00f3n estable con los Dvr M\u00f3viles.<\/p>\n<p>&nbsp;<\/p>\n<\/div>\n<\/div>\n<hr class=\"padding-bottom-2x\" \/>\n<div class=\"row align-items-center padding-bottom-2x\">\n<div class=\"col-md-5 order-md-2\"><img decoding=\"async\" class=\"d-block m-auto img-thumbnail\" src=\"https:\/\/tvc.mx\/media\/454926\/camara-cubo-para-dvr-movil-2-megapixeles-a-prueba-de-choques--HMW3200-Dahua-imgpp.png\" alt=\" \" \/><\/div>\n<div class=\"col-md-7 order-md-1 text-md-left text-center\">\n<h2>Principales Caracter\u00edsticas<\/h2>\n<p class=\"text-muted\">\n<ul>\n<li class=\"ql-align-justify\">Salida de video HDCVI (conector de aviaci\u00f3n).<\/li>\n<li class=\"ql-align-justify\">IR Inteligente<\/li>\n<li class=\"ql-align-justify\">D\u00eda\/noche auto (ICR).<\/li>\n<li class=\"ql-align-justify\">BLC, HLC, DWDR.<\/li>\n<li class=\"ql-align-justify\">Reducci\u00f3n de ruido 2D.<\/li>\n<li class=\"ql-align-justify\">Micr\u00f3fono incorporado.<\/li>\n<\/ul>\n<p>&nbsp;<\/p>\n<\/div>\n<\/div>\n<hr class=\"padding-bottom-2x\" \/>\n<div class=\"row align-items-center padding-bottom-2x\">\n<div class=\"col-md-5\"><img decoding=\"async\" class=\"d-block m-auto img-thumbnail\" src=\"https:\/\/tvc.mx\/media\/454965\/camara-cubo-para-dvr-movil-2-megapixeles-a-prueba-de-choques--HMW3200-Dahua-Especificaciones.png\" alt=\" \" \/><\/div>\n<div class=\"col-md-7 text-md-left text-center\">\n<h2>Especificaciones<\/h2>\n<p class=\"text-muted\">\n<ul>\n<li>CMOS de 1\/2,9&#8243;<\/li>\n<li>2 Megap\u00edxeles<\/li>\n<li>Distancia de infrarrojos Hasta 20 m<\/li>\n<li>Lente fijo 2.1mm<\/li>\n<li>Punto de vista: 128\u00b0<\/li>\n<li>Salida de video de alta definici\u00f3n BNC HDCVI de 1 canal (conector de aviaci\u00f3n)<\/li>\n<li>D\u00eda\/Noche: Autom\u00e1tico (ICR) \/ Manual<\/li>\n<li>BLC\/HLC\/DWDR<\/li>\n<li>Reducci\u00f3n de ruido 2D<\/li>\n<li>Micr\u00f3fono incorporado<\/li>\n<li>Fuente de alimentaci\u00f3n: 12 V CC \u00b125 %<\/li>\n<\/ul>\n<\/div>\n<\/div>\n","protected":false},"excerpt":{"rendered":"<p>Informaci\u00f3n General La c\u00e1mara\u00a0HMW3200\u00a0es una c\u00e1mara HDCVI de\u00a02MP\u00a0dise\u00f1ada especialmente para DVR M\u00f3vil debido a su conector tipo aviaci\u00f3n, dise\u00f1ada con una carcasa compacta a prueba de golpes lo que hace que sea conveniente de instalar y adaptable a diversas aplicaciones. Ofrece una imagen de alta&hellip;<\/p>\n","protected":false},"featured_media":2497,"comment_status":"open","ping_status":"closed","template":"","meta":{"om_disable_all_campaigns":false,"_monsterinsights_skip_tracking":false,"_monsterinsights_sitenote_active":false,"_monsterinsights_sitenote_note":"","_monsterinsights_sitenote_category":0},"product_brand":[],"product_cat":[160],"product_tag":[159,62,158],"class_list":{"0":"post-2498","1":"product","2":"type-product","3":"status-publish","4":"has-post-thumbnail","6":"product_cat-camaras-moviles","7":"product_tag-camara-camion","8":"product_tag-camara-movil","9":"product_tag-camara-transporte","11":"first","12":"instock","13":"sale","14":"taxable","15":"shipping-taxable","16":"purchasable","17":"product-type-simple"},"aioseo_notices":[],"_links":{"self":[{"href":"https:\/\/tecsecmty.com\/index.php\/wp-json\/wp\/v2\/product\/2498","targetHints":{"allow":["GET"]}}],"collection":[{"href":"https:\/\/tecsecmty.com\/index.php\/wp-json\/wp\/v2\/product"}],"about":[{"href":"https:\/\/tecsecmty.com\/index.php\/wp-json\/wp\/v2\/types\/product"}],"replies":[{"embeddable":true,"href":"https:\/\/tecsecmty.com\/index.php\/wp-json\/wp\/v2\/comments?post=2498"}],"version-history":[{"count":0,"href":"https:\/\/tecsecmty.com\/index.php\/wp-json\/wp\/v2\/product\/2498\/revisions"}],"wp:featuredmedia":[{"embeddable":true,"href":"https:\/\/tecsecmty.com\/index.php\/wp-json\/wp\/v2\/media\/2497"}],"wp:attachment":[{"href":"https:\/\/tecsecmty.com\/index.php\/wp-json\/wp\/v2\/media?parent=2498"}],"wp:term":[{"taxonomy":"product_brand","embeddable":true,"href":"https:\/\/tecsecmty.com\/index.php\/wp-json\/wp\/v2\/product_brand?post=2498"},{"taxonomy":"product_cat","embeddable":true,"href":"https:\/\/tecsecmty.com\/index.php\/wp-json\/wp\/v2\/product_cat?post=2498"},{"taxonomy":"product_tag","embeddable":true,"href":"https:\/\/tecsecmty.com\/index.php\/wp-json\/wp\/v2\/product_tag?post=2498"}],"curies":[{"name":"wp","href":"https:\/\/api.w.org\/{rel}","templated":true}]}}