{"id":2500,"date":"2023-02-22T21:08:37","date_gmt":"2023-02-23T03:08:37","guid":{"rendered":"https:\/\/tecsecmty.com\/index.php\/producto\/dahua-hmw3200l-camara-mini-domo-1080p-especial-para-dvr-movil-lente-2-1-mm-139-grados-de-apertura-microfono-integrado-ir-de-3-mts-uso-interior\/"},"modified":"2023-03-22T23:22:46","modified_gmt":"2023-03-23T05:22:46","slug":"dahua-hmw3200l-camara-mini-domo-1080p-especial-para-dvr-movil-lente-2-1-mm-139-grados-de-apertura-microfono-integrado-ir-de-3-mts-uso-interior","status":"publish","type":"product","link":"https:\/\/tecsecmty.com\/index.php\/producto\/dahua-hmw3200l-camara-mini-domo-1080p-especial-para-dvr-movil-lente-2-1-mm-139-grados-de-apertura-microfono-integrado-ir-de-3-mts-uso-interior\/","title":{"rendered":"DAHUA HMW3200L &#8211; Camara Mini Domo 1080p\/ Especial para DVR Movil\/ Lente 2.1 mm\/ 139 Grados de Apertura\/ Microfono Integrado\/ IR de 3 Mts\/ Uso Interior"},"content":{"rendered":"<div class=\"row aling-items-center padding-bottom-2x\">\n<div class=\"col-lg-12\">\n<h5 class=\"card-title text-center\">Informaci\u00f3n General<\/h5>\n<p class=\"ql-align-justify\">La c\u00e1mara mini domo\u00a0<strong>HMW3200L<\/strong>\u00a0especial para dvr m\u00f3vil est\u00e1 dise\u00f1ada con una estructura compacta a prueba de golpes, lo que lo hace conveniente de instalar y adaptable a varias aplicaciones. Ofrece una imagen de alta calidad en resoluci\u00f3n en\u00a0<strong>1080P<\/strong>, as\u00ed como un Menu OSD en varios idiomas. Adem\u00e1s, la c\u00e1mara emplea los puntos fuertes de HDCVI para garantizar una transmisi\u00f3n real sin retrasos,\u00a0<strong>incorpora audio<\/strong>\u00a0y un lente de\u00a0<strong>2.1mm<\/strong>\u00a0que nos proporciona una visi\u00f3n de\u00a0<strong>139\u00b0<\/strong>.<\/p>\n<p><img decoding=\"async\" class=\"overview-center-img-web\" src=\"https:\/\/tvc.mx\/media\/455052\/camara-mini-domo-1080p-especial-para-dvr-movil-HMW3200L-Dahua.png\" alt=\"\" \/><\/div>\n<\/div>\n<div class=\"row align-items-center padding-bottom-2x\">\n<div class=\"col-md-5\"><img decoding=\"async\" class=\"d-block m-auto img-thumbnail\" src=\"https:\/\/tvc.mx\/media\/455055\/Facil-instalacion.png\" alt=\" \" \/><\/div>\n<div class=\"col-md-7 text-md-left text-center\">\n<h2>Dise\u00f1o Est\u00e9tico<\/h2>\n<p class=\"text-muted\">\n<p class=\"ql-align-justify\">Para adaptar mejor las aplicaciones de los veh\u00edculos, la c\u00e1mara est\u00e1 dise\u00f1ada con una estructura compacta de tama\u00f1o peque\u00f1o que cumple con los requisitos de est\u00e9tica, la estructura y la cara frontal de la c\u00e1mara son completamente negros. Por otro lado, esta c\u00e1mara puede utilizar cinta de doble cara para un montaje f\u00e1cil y r\u00e1pido en lugar de la instalaci\u00f3n tradicional con tornillos.<\/p>\n<p>&nbsp;<\/p>\n<\/div>\n<\/div>\n<hr class=\"padding-bottom-2x\" \/>\n<div class=\"row align-items-center padding-bottom-2x\">\n<div class=\"col-md-5 order-md-2\"><img decoding=\"async\" class=\"d-block m-auto img-thumbnail\" src=\"https:\/\/tvc.mx\/media\/12117\/audioppalban.png\" alt=\" \" \/><\/div>\n<div class=\"col-md-7 order-md-1 text-md-left text-center\">\n<h2>Audio Incorporado<\/h2>\n<p class=\"text-muted\">\n<p class=\"ql-align-justify\">La c\u00e1mara est\u00e1 dise\u00f1ada con micr\u00f3fono incorporado para realizar la recopilaci\u00f3n y transmisi\u00f3n de audio a trav\u00e9s del cable con conector aviaci\u00f3n. La tecnolog\u00eda de compresi\u00f3n de audio de la c\u00e1mara garantiza la sincronizaci\u00f3n de audio y video. Proporciona evidencia para evitar varios incidentes causados por disputas verbales o agresiones f\u00edsicas como ejemplos.<\/p>\n<p>&nbsp;<\/p>\n<\/div>\n<\/div>\n<hr class=\"padding-bottom-2x\" \/>\n<div class=\"row align-items-center padding-bottom-2x\">\n<div class=\"col-md-5\"><img decoding=\"async\" class=\"d-block m-auto img-thumbnail\" src=\"https:\/\/tvc.mx\/media\/12180\/CERTIFPPAL.png\" alt=\" \" \/><\/div>\n<div class=\"col-md-7 text-md-left text-center\">\n<h2>Certificaci\u00f3n EN50155 &#8211; A prueba de choques<\/h2>\n<p class=\"text-muted\">\n<p class=\"ql-align-justify\">La estructura de la c\u00e1mara\u00a0<strong>HMW3200L<\/strong>\u00a0cuenta con un dise\u00f1o compacto y resistente que cumple con los est\u00e1ndares internacionales de protecci\u00f3n contra vibraciones y golpes con el certificado\u00a0<strong>EN50155\u00a0<\/strong>que nos permite tener una videovigilancia de calidad. Adopta el conector de aviaci\u00f3n\u00a0<strong>M12\u00a0<\/strong>para una conexi\u00f3n estable con el MCVR y as\u00ed evitar la mala transmisi\u00f3n de la imagen o fallo en la conexi\u00f3n.<\/p>\n<p>&nbsp;<\/p>\n<\/div>\n<\/div>\n<hr class=\"padding-bottom-2x\" \/>\n<div class=\"row align-items-center padding-bottom-2x\">\n<div class=\"col-md-5 order-md-2\"><img decoding=\"async\" class=\"d-block m-auto img-thumbnail\" src=\"https:\/\/tvc.mx\/media\/12185\/ANGULOBANN.png\" alt=\" \" \/><\/div>\n<div class=\"col-md-7 order-md-1 text-md-left text-center\">\n<h2>Angulo de Visi\u00f3n Amplio<\/h2>\n<p class=\"text-muted\">\n<p>Una de las ventajas que nos proporciona este modelo es el \u00e1ngulo de visi\u00f3n amplio de 139\u00b0, sin perder detalle alguno.<\/p>\n<p>&nbsp;<\/p>\n<\/div>\n<\/div>\n<hr class=\"padding-bottom-2x\" \/>\n<div class=\"row align-items-center padding-bottom-2x\">\n<div class=\"col-md-5\"><img decoding=\"async\" class=\"d-block m-auto img-thumbnail\" src=\"https:\/\/tvc.mx\/media\/455058\/camara-mini-domo-1080p-especial-para-dvr-movil-HMW3200L-Dahua-caracteriticas.png\" alt=\" \" \/><\/div>\n<div class=\"col-md-7 text-md-left text-center\">\n<h2>Principales Caracter\u00edsticas<\/h2>\n<p class=\"text-muted\">\n<ul>\n<li>D-WDR &#8211; Amplio rango din\u00e1mico de la iluminaci\u00f3n<\/li>\n<li>2D-DNR &#8211; Reducci\u00f3n digital de ruido en la imagen<\/li>\n<li>AGC &#8211; Ajuste autom\u00e1tico de la ganancia de la imagen<\/li>\n<li>BLC\/HLC &#8211; compensaci\u00f3n de luz de fondo \/ luz alta<\/li>\n<li>Balance de blancos autom\u00e1tico<\/li>\n<li>Modo d\u00eda\/noche &#8211; C\u00e1mara para observaci\u00f3n del interior del veh\u00edculo<\/li>\n<li>Mirror &#8211; Imagen de espejo<\/li>\n<li>Zonas de privacidad &#8211; hasta 8<\/li>\n<li>Carcasa de pl\u00e1stico ergon\u00f3mica, resistente a los golpes &#8211; EN50155<\/li>\n<\/ul>\n<p>&nbsp;<\/p>\n<\/div>\n<\/div>\n<hr class=\"padding-bottom-2x\" \/>\n<div class=\"row align-items-center padding-bottom-2x\">\n<div class=\"col-md-5 order-md-2\"><img decoding=\"async\" class=\"d-block m-auto img-thumbnail\" src=\"https:\/\/tvc.mx\/media\/455061\/camara-mini-domo-1080p-especial-para-dvr-movil-HMW3200L-Dahua-especificaciones.png\" alt=\" \" \/><\/div>\n<div class=\"col-md-7 order-md-1 text-md-left text-center\">\n<h2>Especificaciones<\/h2>\n<p class=\"text-muted\">\n<ul>\n<li>1\/2.7\u00a0\u00bb Progressive Scan CMOS<\/li>\n<li>2 megap\u00edxeles<\/li>\n<li>Lente fijo 2.1mm<\/li>\n<li>\u00c1ngulo de visi\u00f3n:132\u00a0\u00b0<\/li>\n<li>Rango del iluminador IR: 3\u00a0m<\/li>\n<li>Salida de v\u00eddeo:1\u00a0Vpp\u00a0\/ 75\u00a0\u03a9 &#8211; Puerto M12, 4-pin, C\u00f3digo A<\/li>\n<li>Audio: Micr\u00f3fono integrado<\/li>\n<li>Aplicaci\u00f3n: La c\u00e1mara est\u00e1 dise\u00f1ada para instalarse en el interior de veh\u00edculos<\/li>\n<li>Alimentaci\u00f3n:12\u00a0V\u00a0DC\u00a0\/ 160\u00a0mA &#8211; Alimentaci\u00f3n de c\u00e1maras con una tensi\u00f3n de 12V DC directamente de la grabadora<\/li>\n<\/ul>\n<p>&nbsp;<\/p>\n<\/div>\n<\/div>\n<hr class=\"padding-bottom-2x\" \/>\n<div class=\"row align-items-center padding-bottom-2x\">\n<div class=\"col-md-5 order-md-2\"><img decoding=\"async\" class=\"d-block m-auto img-thumbnail\" src=\"https:\/\/tvc.mx\/media\/524847\/HAC-HDW3200LN-400X300.png\" alt=\" \" \/><\/div>\n<div class=\"col-md-7 order-md-1 text-md-left text-center\">\n<h2>Incluye<\/h2>\n<p class=\"text-muted\">\n<ul>\n<li>P\u00f3liza de Garant\u00eda<\/li>\n<li>Manual de Instalaci\u00f3n f\u00edsica<\/li>\n<li>Reglamento el\u00e9ctrico<\/li>\n<li>Tornillos<\/li>\n<li>Herramienta circular para ajustar el movimiento en los 3 ejes<\/li>\n<li>C\u00e1mara domo mini con conector M12 para DVR M\u00f3vil<\/li>\n<\/ul>\n<\/div>\n<\/div>\n","protected":false},"excerpt":{"rendered":"<p>Informaci\u00f3n General La c\u00e1mara mini domo\u00a0HMW3200L\u00a0especial para dvr m\u00f3vil est\u00e1 dise\u00f1ada con una estructura compacta a prueba de golpes, lo que lo hace conveniente de instalar y adaptable a varias aplicaciones. Ofrece una imagen de alta calidad en resoluci\u00f3n en\u00a01080P, as\u00ed como un Menu OSD&hellip;<\/p>\n","protected":false},"featured_media":2499,"comment_status":"open","ping_status":"closed","template":"","meta":{"om_disable_all_campaigns":false,"_monsterinsights_skip_tracking":false,"_monsterinsights_sitenote_active":false,"_monsterinsights_sitenote_note":"","_monsterinsights_sitenote_category":0},"product_brand":[],"product_cat":[160],"product_tag":[159,62,158],"class_list":{"0":"post-2500","1":"product","2":"type-product","3":"status-publish","4":"has-post-thumbnail","6":"product_cat-camaras-moviles","7":"product_tag-camara-camion","8":"product_tag-camara-movil","9":"product_tag-camara-transporte","11":"first","12":"instock","13":"sale","14":"taxable","15":"shipping-taxable","16":"purchasable","17":"product-type-simple"},"aioseo_notices":[],"_links":{"self":[{"href":"https:\/\/tecsecmty.com\/index.php\/wp-json\/wp\/v2\/product\/2500","targetHints":{"allow":["GET"]}}],"collection":[{"href":"https:\/\/tecsecmty.com\/index.php\/wp-json\/wp\/v2\/product"}],"about":[{"href":"https:\/\/tecsecmty.com\/index.php\/wp-json\/wp\/v2\/types\/product"}],"replies":[{"embeddable":true,"href":"https:\/\/tecsecmty.com\/index.php\/wp-json\/wp\/v2\/comments?post=2500"}],"version-history":[{"count":0,"href":"https:\/\/tecsecmty.com\/index.php\/wp-json\/wp\/v2\/product\/2500\/revisions"}],"wp:featuredmedia":[{"embeddable":true,"href":"https:\/\/tecsecmty.com\/index.php\/wp-json\/wp\/v2\/media\/2499"}],"wp:attachment":[{"href":"https:\/\/tecsecmty.com\/index.php\/wp-json\/wp\/v2\/media?parent=2500"}],"wp:term":[{"taxonomy":"product_brand","embeddable":true,"href":"https:\/\/tecsecmty.com\/index.php\/wp-json\/wp\/v2\/product_brand?post=2500"},{"taxonomy":"product_cat","embeddable":true,"href":"https:\/\/tecsecmty.com\/index.php\/wp-json\/wp\/v2\/product_cat?post=2500"},{"taxonomy":"product_tag","embeddable":true,"href":"https:\/\/tecsecmty.com\/index.php\/wp-json\/wp\/v2\/product_tag?post=2500"}],"curies":[{"name":"wp","href":"https:\/\/api.w.org\/{rel}","templated":true}]}}