{"id":2506,"date":"2023-02-22T21:08:47","date_gmt":"2023-02-23T03:08:47","guid":{"rendered":"https:\/\/tecsecmty.com\/index.php\/producto\/dahua-ipc-hdbw5241fn-m-dae-sa-0280b-camara-ip-domo-para-nvr-movil-de-2-megapixeles-lente-de-2-8mm-con-106-de-apertura-especial-para-conteo-de-personas-en-vehiculos-30-metros-de-ir-wdr-real\/"},"modified":"2023-03-22T23:22:48","modified_gmt":"2023-03-23T05:22:48","slug":"dahua-ipc-hdbw5241fn-m-dae-sa-0280b-camara-ip-domo-para-nvr-movil-de-2-megapixeles-lente-de-2-8mm-con-106-de-apertura-especial-para-conteo-de-personas-en-vehiculos-30-metros-de-ir-wdr-real","status":"publish","type":"product","link":"https:\/\/tecsecmty.com\/index.php\/producto\/dahua-ipc-hdbw5241fn-m-dae-sa-0280b-camara-ip-domo-para-nvr-movil-de-2-megapixeles-lente-de-2-8mm-con-106-de-apertura-especial-para-conteo-de-personas-en-vehiculos-30-metros-de-ir-wdr-real\/","title":{"rendered":"DAHUA IPC-HDBW5241FN-M-DAE-SA-0280B &#8211; C\u00e1mara IP Domo para NVR Movil de 2 Megapixeles\/ Lente de 2.8mm con 106\u00b0 de Apertura\/ Especial para Conteo de Personas en Veh\u00edculos\/ 30 metros de IR\/ WDR Real de 120 dB\/ Antivand\u00e1lica IK10\/ IP67\/ #LoNuevo"},"content":{"rendered":"<div class=\"row aling-items-center padding-bottom-2x\">\n<div class=\"col-lg-12\">\n<h5 class=\"card-title text-center\">Informaci\u00f3n General<\/h5>\n<p>La c\u00e1mara de red de la serie Dahua Mobile se puede usar de manera estable en escenas m\u00f3viles como trenes y autobuses. Esta c\u00e1mara de serie cumple con los requisitos relacionados con veh\u00edculos de EN50155 y E-mark (ECE 10) (seleccione seg\u00fan sea necesario). Al trabajar con el NVR m\u00f3vil de Dahua, puede proporcionar varias soluciones m\u00f3viles.<\/p>\n<p><img decoding=\"async\" class=\"overview-center-img-web\" src=\"https:\/\/tvc.mx\/media\/488034\/camara-ip-para-nvr-movil-2-megapixeles-IPC-HDBW5241FN-M-Dahua.png\" alt=\"\" \/><\/div>\n<\/div>\n<div class=\"row align-items-center padding-bottom-2x\">\n<div class=\"col-md-5\"><img decoding=\"async\" class=\"d-block m-auto img-thumbnail\" src=\"https:\/\/tvc.mx\/media\/488036\/reconocimiento-facial-dahua.png\" alt=\" \" \/><\/div>\n<div class=\"col-md-7 text-md-left text-center\">\n<h2>Detecci\u00f3n de rostro<\/h2>\n<p class=\"text-muted\">\n<p>La tecnolog\u00eda de detecci\u00f3n de rostros de Dahua puede detectar el rostro en la imagen. Con un algoritmo de aprendizaje profundo, la tecnolog\u00eda admite la detecci\u00f3n, el seguimiento, la captura y la selecci\u00f3n de la mejor imagen del rostro, y luego genera una instant\u00e1nea del rostro.<\/p>\n<p>&nbsp;<\/p>\n<\/div>\n<\/div>\n<hr class=\"padding-bottom-2x\" \/>\n<div class=\"row align-items-center padding-bottom-2x\">\n<div class=\"col-md-5 order-md-2\"><img decoding=\"async\" class=\"d-block m-auto img-thumbnail\" src=\"https:\/\/tvc.mx\/media\/488038\/proteccion-perimetral-dahua.png\" alt=\" \" \/><\/div>\n<div class=\"col-md-7 order-md-1 text-md-left text-center\">\n<h2>Protecci\u00f3n perimetral<\/h2>\n<p class=\"text-muted\">\n<p>Con un algoritmo de aprendizaje profundo, la tecnolog\u00eda de protecci\u00f3n perimetral de Dahua puede reconocer a humanos y veh\u00edculos con precisi\u00f3n. En \u00e1reas restringidas (como \u00e1reas para peatones y veh\u00edculos), las falsas alarmas de detecci\u00f3n inteligente basadas en el tipo de objetivo (como cable trampa, intrusi\u00f3n, movimiento r\u00e1pido, detecci\u00f3n de estacionamiento, detecci\u00f3n de merodeo y detecci\u00f3n de reuni\u00f3n) se reducen en gran medida.<\/p>\n<p>&nbsp;<\/p>\n<\/div>\n<\/div>\n<hr class=\"padding-bottom-2x\" \/>\n<div class=\"row align-items-center padding-bottom-2x\">\n<div class=\"col-md-5\"><img decoding=\"async\" class=\"d-block m-auto img-thumbnail\" src=\"https:\/\/tvc.mx\/media\/488040\/Conteo-de-personas-Dahua.png\" alt=\" \" \/><\/div>\n<div class=\"col-md-7 text-md-left text-center\">\n<h2>Conteo de personas<\/h2>\n<p class=\"text-muted\">\n<p>Con un algoritmo de aprendizaje profundo, la tecnolog\u00eda de conteo de personas de Dahua puede rastrear y procesar objetivos del cuerpo humano en movimiento para realizar estad\u00edsticas precisas de n\u00famero de entrada, n\u00famero de salida y n\u00famero de \u00e1rea. Trabajando con la plataforma de gesti\u00f3n, genera informes anuales\/mensuales\/diarios para cumplir con sus requisitos.<\/p>\n<p>&nbsp;<\/p>\n<\/div>\n<\/div>\n<hr class=\"padding-bottom-2x\" \/>\n<div class=\"row align-items-center padding-bottom-2x\">\n<div class=\"col-md-5 order-md-2\"><img decoding=\"async\" class=\"d-block m-auto img-thumbnail\" src=\"https:\/\/tvc.mx\/media\/488042\/IP67-IK10-Dahua.png\" alt=\" \" \/><\/div>\n<div class=\"col-md-7 order-md-1 text-md-left text-center\">\n<h2>Protecci\u00f3n<\/h2>\n<p class=\"text-muted\">\n<p>IP67: la c\u00e1mara pasa una serie de pruebas estrictas sobre polvo y remojo. Tiene una funci\u00f3n a prueba de polvo y la carcasa puede funcionar normalmente despu\u00e9s de sumergirse en agua a 1 m de profundidad durante 30 minutos.<\/p>\n<p>IK10: El recinto puede soportar m\u00e1s de 5 golpes de un martillo de 5 kg que cae desde una altura de 40 cm (la energ\u00eda del impacto es de 20J). Amplio voltaje: la c\u00e1mara permite una tolerancia de voltaje de entrada de \u00b130 % (amplio rango de voltaje) y se aplica ampliamente en ambientes exteriores con voltaje inestable.<\/p>\n<p>&nbsp;<\/p>\n<\/div>\n<\/div>\n<hr class=\"padding-bottom-2x\" \/>\n<div class=\"row align-items-center padding-bottom-2x\">\n<div class=\"col-md-5\"><img decoding=\"async\" class=\"d-block m-auto img-thumbnail\" src=\"https:\/\/tvc.mx\/media\/488044\/camara-ip-para-nvr-movil-2-megapixeles-IPC-HDBW5241FN-M-Dahua-caracteristicas.png\" alt=\" \" \/><\/div>\n<div class=\"col-md-7 text-md-left text-center\">\n<h2>Principales Caracter\u00edsticas<\/h2>\n<p class=\"text-muted\">\n<ul>\n<li>WDR (120 dB)<\/li>\n<li>D\u00eda\/Noche (ICR)<\/li>\n<li>3D NR<\/li>\n<li>AWB, AGC, BLC<\/li>\n<li>Supervisi\u00f3n de m\u00faltiples redes: visor web, CMS (DSS\/PSS) y DMSS<\/li>\n<li>LED IR<\/li>\n<li>Memoria Micro SD<\/li>\n<li>IP67, IK10<\/li>\n<li>SMD Plus<\/li>\n<li>EN50155 (Medio ambiente), E-MARK<\/li>\n<\/ul>\n<p>&nbsp;<\/p>\n<\/div>\n<\/div>\n<hr class=\"padding-bottom-2x\" \/>\n<div class=\"row align-items-center padding-bottom-2x\">\n<div class=\"col-md-5 order-md-2\"><img decoding=\"async\" class=\"d-block m-auto img-thumbnail\" src=\"https:\/\/tvc.mx\/media\/488046\/camara-ip-para-nvr-movil-2-megapixeles-IPC-HDBW5241FN-M-Dahua-especificaciones.png\" alt=\" \" \/><\/div>\n<div class=\"col-md-7 order-md-1 text-md-left text-center\">\n<h2>Especificaciones<\/h2>\n<p class=\"text-muted\">\n<ul>\n<li>CMOS de 1\/2,8\u201d<\/li>\n<li>2 megap\u00edxeles<\/li>\n<li>Distancia de iluminaci\u00f3n 30 m<\/li>\n<li>Lente fijo 2.8mm<\/li>\n<li>IVS: Objeto abandonado; objeto faltante<\/li>\n<li>Tripwire, intrusi\u00f3n, movimiento r\u00e1pido (las tres funciones admiten la clasificaci\u00f3n y detecci\u00f3n precisa de veh\u00edculos y personas), detecci\u00f3n de merodeo, reuni\u00f3n de personas, detecci\u00f3n de estacionamiento<\/li>\n<li>Detecci\u00f3n de rostro; pista; instant\u00e1nea; optimizaci\u00f3n de instant\u00e1neas; carga \u00f3ptima de instant\u00e1neas faciales; mejora de la cara; exposici\u00f3n de la cara; extracci\u00f3n de atributos faciales que incluye 6 atributos.<\/li>\n<li>Admite el conteo del n\u00famero de entrada y el n\u00famero de salida, y muestra y genera informes anuales\/mensuales\/ diarios.<\/li>\n<li>C\u00f3dec inteligente Inteligente H.265+\/ Inteligente H.264+<\/li>\n<li>D\u00eda\/Noche: Autom\u00e1tico (ICR)\/Color\/B\/N<\/li>\n<li>WDR real 120dB<\/li>\n<li>Reducci\u00f3n de ruido NR 3D<\/li>\n<li>MICR\u00d3FONO incorporado<\/li>\n<li>Almacenamiento: Tarjeta Micro SD admite m\u00e1x. 256 G<\/li>\n<li>Fuente de alimentaci\u00f3n 12 V CC\/PoE (802.3af)<\/li>\n<li>Grado de protecci\u00f3n IP67; IK10<\/li>\n<li>Carcasa: Metal<\/li>\n<\/ul>\n<\/div>\n<\/div>\n","protected":false},"excerpt":{"rendered":"<p>Informaci\u00f3n General La c\u00e1mara de red de la serie Dahua Mobile se puede usar de manera estable en escenas m\u00f3viles como trenes y autobuses. Esta c\u00e1mara de serie cumple con los requisitos relacionados con veh\u00edculos de EN50155 y E-mark (ECE 10) (seleccione seg\u00fan sea necesario).&hellip;<\/p>\n","protected":false},"featured_media":2505,"comment_status":"open","ping_status":"closed","template":"","meta":{"om_disable_all_campaigns":false,"_monsterinsights_skip_tracking":false,"_monsterinsights_sitenote_active":false,"_monsterinsights_sitenote_note":"","_monsterinsights_sitenote_category":0},"product_brand":[],"product_cat":[160],"product_tag":[159,62,158],"class_list":{"0":"post-2506","1":"product","2":"type-product","3":"status-publish","4":"has-post-thumbnail","6":"product_cat-camaras-moviles","7":"product_tag-camara-camion","8":"product_tag-camara-movil","9":"product_tag-camara-transporte","11":"first","12":"instock","13":"sale","14":"taxable","15":"shipping-taxable","16":"purchasable","17":"product-type-simple"},"aioseo_notices":[],"_links":{"self":[{"href":"https:\/\/tecsecmty.com\/index.php\/wp-json\/wp\/v2\/product\/2506","targetHints":{"allow":["GET"]}}],"collection":[{"href":"https:\/\/tecsecmty.com\/index.php\/wp-json\/wp\/v2\/product"}],"about":[{"href":"https:\/\/tecsecmty.com\/index.php\/wp-json\/wp\/v2\/types\/product"}],"replies":[{"embeddable":true,"href":"https:\/\/tecsecmty.com\/index.php\/wp-json\/wp\/v2\/comments?post=2506"}],"version-history":[{"count":0,"href":"https:\/\/tecsecmty.com\/index.php\/wp-json\/wp\/v2\/product\/2506\/revisions"}],"wp:featuredmedia":[{"embeddable":true,"href":"https:\/\/tecsecmty.com\/index.php\/wp-json\/wp\/v2\/media\/2505"}],"wp:attachment":[{"href":"https:\/\/tecsecmty.com\/index.php\/wp-json\/wp\/v2\/media?parent=2506"}],"wp:term":[{"taxonomy":"product_brand","embeddable":true,"href":"https:\/\/tecsecmty.com\/index.php\/wp-json\/wp\/v2\/product_brand?post=2506"},{"taxonomy":"product_cat","embeddable":true,"href":"https:\/\/tecsecmty.com\/index.php\/wp-json\/wp\/v2\/product_cat?post=2506"},{"taxonomy":"product_tag","embeddable":true,"href":"https:\/\/tecsecmty.com\/index.php\/wp-json\/wp\/v2\/product_tag?post=2506"}],"curies":[{"name":"wp","href":"https:\/\/api.w.org\/{rel}","templated":true}]}}