{"id":2508,"date":"2023-02-22T21:08:50","date_gmt":"2023-02-23T03:08:50","guid":{"rendered":"https:\/\/tecsecmty.com\/index.php\/producto\/dahua-ipc-mbw4231n-as-h-camara-ip-especial-para-nvr-movil-h265-2-megapixeles-ip67-ik10\/"},"modified":"2023-03-22T23:22:55","modified_gmt":"2023-03-23T05:22:55","slug":"dahua-ipc-mbw4231n-as-h-camara-ip-especial-para-nvr-movil-h265-2-megapixeles-ip67-ik10","status":"publish","type":"product","link":"https:\/\/tecsecmty.com\/index.php\/producto\/dahua-ipc-mbw4231n-as-h-camara-ip-especial-para-nvr-movil-h265-2-megapixeles-ip67-ik10\/","title":{"rendered":"DAHUA IPC-MBW4231N-AS-H &#8211; CAMARA IP ESPECIAL PARA NVR MOVIL\/ H265+\/ 2 MEGAPIXELES\/ IP67\/ IK10"},"content":{"rendered":"<div class=\"row aling-items-center padding-bottom-2x\">\n<div class=\"col-lg-12\">\n<h5 class=\"card-title text-center\">Informaci\u00f3n General<\/h5>\n<p>La c\u00e1mara m\u00f3vil Dahua est\u00e1 especialmente dise\u00f1ada para trenes, autobuses y otros veh\u00edculos. Debido a su dise\u00f1o de alta especificaci\u00f3n, la c\u00e1mara m\u00f3vil cumple con los requisitos de los est\u00e1ndares de veh\u00edculos como EN50155, E-MARK (Reglamento ECE n. \u00b0 10), lo que hace que la c\u00e1mara sea capaz de soportar condiciones dif\u00edciles como vibraciones, golpes y una amplia gama de temperaturas. fluctuaciones. La c\u00e1mara externa cumple con el est\u00e1ndar IP6K9K, lo que la hace a prueba de polvo e impermeable, manteniendo la limpieza a alta presi\u00f3n \/ chorro de vapor directamente.<\/p>\n<p><img decoding=\"async\" class=\"overview-center-img-web\" src=\"https:\/\/tvc.mx\/media\/496262\/camara-ip-especial-para-nvr-movil-IPC-MBW4231N-AS-H-Dahua.png\" alt=\"\" \/><\/div>\n<\/div>\n<div class=\"row align-items-center padding-bottom-2x\">\n<div class=\"col-md-5\"><img decoding=\"async\" class=\"d-block m-auto img-thumbnail\" src=\"https:\/\/tvc.mx\/media\/496264\/ip6k6k-dahua.png\" alt=\" \" \/><\/div>\n<div class=\"col-md-7 text-md-left text-center\">\n<h2>IP6K9K<\/h2>\n<p class=\"text-muted\">\n<p><strong>IP6K9K\u00a0<\/strong>son los grados de protecci\u00f3n (c\u00f3digo IP, ISO 20653) para veh\u00edculos de carretera, protecci\u00f3n de equipos el\u00e9ctricos contra objetos extra\u00f1os, agua y acceso. Los productos cumplen con el est\u00e1ndar IP6K9K, se pueden utilizar directamente para limpieza con chorro de vapor \/ alta presi\u00f3n.<\/p>\n<p>&nbsp;<\/p>\n<\/div>\n<\/div>\n<hr class=\"padding-bottom-2x\" \/>\n<div class=\"row align-items-center padding-bottom-2x\">\n<div class=\"col-md-5 order-md-2\"><img decoding=\"async\" class=\"d-block m-auto img-thumbnail\" src=\"https:\/\/tvc.mx\/media\/496266\/WDR-Dahua.png\" alt=\" \" \/><\/div>\n<div class=\"col-md-7 order-md-1 text-md-left text-center\">\n<h2>Amplio Rango Din\u00e1mico<\/h2>\n<p class=\"text-muted\">\n<p>Integrado con la tecnolog\u00eda de rango din\u00e1mico amplio (WDR) l\u00edder en la industria, se logran im\u00e1genes v\u00edvidas incluso en las condiciones de iluminaci\u00f3n de contraste m\u00e1s intensas. Para aplicaciones con condiciones de luz brillante y baja que cambian r\u00e1pidamente, WDR real 120dB optimiza las \u00e1reas brillantes y oscuras de una escena al mismo tiempo para proporcionar video utilizable.<\/p>\n<p>&nbsp;<\/p>\n<\/div>\n<\/div>\n<hr class=\"padding-bottom-2x\" \/>\n<div class=\"row align-items-center padding-bottom-2x\">\n<div class=\"col-md-5\"><img decoding=\"async\" class=\"d-block m-auto img-thumbnail\" src=\"https:\/\/tvc.mx\/media\/496268\/codificacion-h.265-dahua.png\" alt=\" \" \/><\/div>\n<div class=\"col-md-7 text-md-left text-center\">\n<h2>Inteligente H.265 +<\/h2>\n<p class=\"text-muted\">\n<p>Entregue video de alta calidad sin forzar la red, Smart H.265 + es la implementaci\u00f3n optimizada de H.265. La tecnolog\u00eda de codificaci\u00f3n Smart H.265 + incluye una estrategia de codificaci\u00f3n adaptativa de escena, GOP din\u00e1mico, ROI din\u00e1mico, estructura de referencia de m\u00faltiples fotogramas flexible y reducci\u00f3n de ruido inteligente, lo que proporciona un ahorro de hasta un 70% de ancho de banda y almacenamiento en comparaci\u00f3n con el est\u00e1ndar H.265.<\/p>\n<p>&nbsp;<\/p>\n<\/div>\n<\/div>\n<hr class=\"padding-bottom-2x\" \/>\n<div class=\"row align-items-center padding-bottom-2x\">\n<div class=\"col-md-5 order-md-2\"><img decoding=\"async\" class=\"d-block m-auto img-thumbnail\" src=\"https:\/\/tvc.mx\/media\/496270\/camara-ip-especial-para-nvr-movil-IPC-MBW4231N-AS-H-Dahua-caracteristicas.png\" alt=\" \" \/><\/div>\n<div class=\"col-md-7 order-md-1 text-md-left text-center\">\n<h2>Principales Caracter\u00edsticas<\/h2>\n<p class=\"text-muted\">\n<ul>\n<li>Codificaci\u00f3n de triple flujo H.265 y H.264<\/li>\n<li>WDR real 120dB<\/li>\n<li>D\u00eda \/ noche (ICR)<\/li>\n<li>Reducci\u00f3n de ruido 3DNR, AWB, AGC, BLC<\/li>\n<li>Monitoreo de m\u00faltiples redes: visor web, CMS (DSS \/ PSS) y DMSS<\/li>\n<li>LED de infrarrojos<\/li>\n<li>Memoria Micro SD<\/li>\n<li>IP67, IK10, IP6K9K<\/li>\n<li>PoE<\/li>\n<li>E-MARK (Reglamento CEPE n \u00b0 10)<\/li>\n<\/ul>\n<\/div>\n<\/div>\n","protected":false},"excerpt":{"rendered":"<p>Informaci\u00f3n General La c\u00e1mara m\u00f3vil Dahua est\u00e1 especialmente dise\u00f1ada para trenes, autobuses y otros veh\u00edculos. Debido a su dise\u00f1o de alta especificaci\u00f3n, la c\u00e1mara m\u00f3vil cumple con los requisitos de los est\u00e1ndares de veh\u00edculos como EN50155, E-MARK (Reglamento ECE n. \u00b0 10), lo que hace&hellip;<\/p>\n","protected":false},"featured_media":2507,"comment_status":"open","ping_status":"closed","template":"","meta":{"om_disable_all_campaigns":false,"_monsterinsights_skip_tracking":false,"_monsterinsights_sitenote_active":false,"_monsterinsights_sitenote_note":"","_monsterinsights_sitenote_category":0},"product_brand":[],"product_cat":[160],"product_tag":[159,62,158],"class_list":{"0":"post-2508","1":"product","2":"type-product","3":"status-publish","4":"has-post-thumbnail","6":"product_cat-camaras-moviles","7":"product_tag-camara-camion","8":"product_tag-camara-movil","9":"product_tag-camara-transporte","11":"first","12":"instock","13":"sale","14":"taxable","15":"shipping-taxable","16":"purchasable","17":"product-type-simple"},"aioseo_notices":[],"_links":{"self":[{"href":"https:\/\/tecsecmty.com\/index.php\/wp-json\/wp\/v2\/product\/2508","targetHints":{"allow":["GET"]}}],"collection":[{"href":"https:\/\/tecsecmty.com\/index.php\/wp-json\/wp\/v2\/product"}],"about":[{"href":"https:\/\/tecsecmty.com\/index.php\/wp-json\/wp\/v2\/types\/product"}],"replies":[{"embeddable":true,"href":"https:\/\/tecsecmty.com\/index.php\/wp-json\/wp\/v2\/comments?post=2508"}],"version-history":[{"count":0,"href":"https:\/\/tecsecmty.com\/index.php\/wp-json\/wp\/v2\/product\/2508\/revisions"}],"wp:featuredmedia":[{"embeddable":true,"href":"https:\/\/tecsecmty.com\/index.php\/wp-json\/wp\/v2\/media\/2507"}],"wp:attachment":[{"href":"https:\/\/tecsecmty.com\/index.php\/wp-json\/wp\/v2\/media?parent=2508"}],"wp:term":[{"taxonomy":"product_brand","embeddable":true,"href":"https:\/\/tecsecmty.com\/index.php\/wp-json\/wp\/v2\/product_brand?post=2508"},{"taxonomy":"product_cat","embeddable":true,"href":"https:\/\/tecsecmty.com\/index.php\/wp-json\/wp\/v2\/product_cat?post=2508"},{"taxonomy":"product_tag","embeddable":true,"href":"https:\/\/tecsecmty.com\/index.php\/wp-json\/wp\/v2\/product_tag?post=2508"}],"curies":[{"name":"wp","href":"https:\/\/api.w.org\/{rel}","templated":true}]}}