{"id":2510,"date":"2023-02-22T21:08:52","date_gmt":"2023-02-23T03:08:52","guid":{"rendered":"https:\/\/tecsecmty.com\/index.php\/producto\/dahua-mptz1100-2030ra-camara-ptz-movil-de-2-megapixeles-30x-de-zoom-optico-paneo-de-360-grados-sin-fin-ir-de-80-metros-ranura-sd-hasta-128-gb-uso-exterior-ip-antivibracion-wdr-real-puertos-1\/"},"modified":"2023-03-22T23:22:59","modified_gmt":"2023-03-23T05:22:59","slug":"dahua-mptz1100-2030ra-camara-ptz-movil-de-2-megapixeles-30x-de-zoom-optico-paneo-de-360-grados-sin-fin-ir-de-80-metros-ranura-sd-hasta-128-gb-uso-exterior-ip-antivibracion-wdr-real-puertos-1","status":"publish","type":"product","link":"https:\/\/tecsecmty.com\/index.php\/producto\/dahua-mptz1100-2030ra-camara-ptz-movil-de-2-megapixeles-30x-de-zoom-optico-paneo-de-360-grados-sin-fin-ir-de-80-metros-ranura-sd-hasta-128-gb-uso-exterior-ip-antivibracion-wdr-real-puertos-1\/","title":{"rendered":"DAHUA MPTZ1100-2030RA &#8211; Camara PTZ Movil de 2 Megapixeles\/ 30x de Zoom Optico\/ Paneo de 360 Grados sin Fin\/ IR de 80 Metros\/ Ranura SD Hasta 128 GB\/ Uso Exterior IP\/ Antivibraci\u00f3n\/ WDR Real\/ Puertos 1 RJ-45 y M12 Aviaci\u00f3n\/ #LoNuevo"},"content":{"rendered":"<div class=\"row aling-items-center padding-bottom-2x\">\n<div class=\"col-lg-12\">\n<h5 class=\"card-title text-center\">Informaci\u00f3n General<\/h5>\n<p>Con un potente zoom \u00f3ptico y un rendimiento preciso de giro\/inclinaci\u00f3n\/ zoom, esta c\u00e1mara ofrece una soluci\u00f3n todo en uno para capturar videovigilancia de larga distancia para aplicaciones al aire libre. Junto con la tecnolog\u00eda de iluminaci\u00f3n infrarroja, la c\u00e1mara es la soluci\u00f3n perfecta para aplicaciones oscuras y con poca luz. La serie combina un filtro de corte IR mec\u00e1nico de d\u00eda\/noche para obtener la m\u00e1xima calidad de imagen en condiciones de iluminaci\u00f3n variables durante el d\u00eda y WDR real para aplicaciones con luz solar directa o deslumbramiento.<\/p>\n<p>Esta c\u00e1mara se puede utilizar en veh\u00edculos policiales y veh\u00edculos blindados.<\/p>\n<p><img decoding=\"async\" class=\"overview-center-img-web\" src=\"https:\/\/tvc.mx\/media\/481622\/camara-ptz-2-megapixeles-zoom-optico-30x-MPTZ1100-2030RA-Dahua.png\" alt=\"\" \/><\/div>\n<\/div>\n<div class=\"row align-items-center padding-bottom-2x\">\n<div class=\"col-md-5\"><img decoding=\"async\" class=\"d-block m-auto img-thumbnail\" src=\"https:\/\/tvc.mx\/media\/481624\/antivibracion-dahua.png\" alt=\" \" \/><\/div>\n<div class=\"col-md-7 text-md-left text-center\">\n<h2>Anti vibraci\u00f3n<\/h2>\n<p class=\"text-muted\">\n<p>Usando material y estructura amortiguadores, el nuevo dise\u00f1o mantiene el sistema funcionando normalmente todo el tiempo.<\/p>\n<p>&nbsp;<\/p>\n<\/div>\n<\/div>\n<hr class=\"padding-bottom-2x\" \/>\n<div class=\"row align-items-center padding-bottom-2x\">\n<div class=\"col-md-5 order-md-2\"><img decoding=\"async\" class=\"d-block m-auto img-thumbnail\" src=\"https:\/\/tvc.mx\/media\/481626\/WDR-Dahua.png\" alt=\" \" \/><\/div>\n<div class=\"col-md-7 order-md-1 text-md-left text-center\">\n<h2>Amplio Rango Din\u00e1mico<\/h2>\n<p class=\"text-muted\">\n<p>La c\u00e1mara logra im\u00e1genes v\u00edvidas, incluso en las condiciones de iluminaci\u00f3n de contraste m\u00e1s intensas, utilizando la tecnolog\u00eda de amplio rango din\u00e1mico (WDR) l\u00edder en la industria.<\/p>\n<p>&nbsp;<\/p>\n<\/div>\n<\/div>\n<hr class=\"padding-bottom-2x\" \/>\n<div class=\"row align-items-center padding-bottom-2x\">\n<div class=\"col-md-5\"><img decoding=\"async\" class=\"d-block m-auto img-thumbnail\" src=\"https:\/\/tvc.mx\/media\/481628\/Auto-Traking-dahua.png\" alt=\" \" \/><\/div>\n<div class=\"col-md-7 text-md-left text-center\">\n<h2>Seguimiento<\/h2>\n<p class=\"text-muted\">\n<p>Esta funci\u00f3n controla las acciones de movimiento horizontal\/vertical\/zoom de la c\u00e1mara para seguir autom\u00e1ticamente un objeto en movimiento y mantenerlo en la escena. La acci\u00f3n de seguimiento se puede activar manualmente con el teclado del m\u00f3vil.<\/p>\n<p>&nbsp;<\/p>\n<\/div>\n<\/div>\n<hr class=\"padding-bottom-2x\" \/>\n<div class=\"row align-items-center padding-bottom-2x\">\n<div class=\"col-md-5\"><img decoding=\"async\" class=\"d-block m-auto img-thumbnail\" src=\"https:\/\/tvc.mx\/media\/481630\/IP66-dahua.png\" alt=\" \" \/><\/div>\n<div class=\"col-md-7 text-md-left text-center\">\n<h2>Protecci\u00f3n<\/h2>\n<p class=\"text-muted\">\n<p>Las c\u00e1maras Dahua funcionan en entornos de temperatura extrema, clasificados para su uso en temperaturas de -35 \u00b0C a +60 \u00b0C con un 90 % de humedad. Sometido a rigurosas pruebas de inmersi\u00f3n en polvo y agua y certificado IP66.<\/p>\n<p>&nbsp;<\/p>\n<\/div>\n<\/div>\n<hr class=\"padding-bottom-2x\" \/>\n<div class=\"row align-items-center padding-bottom-2x\">\n<div class=\"col-md-5 order-md-2\"><img decoding=\"async\" class=\"d-block m-auto img-thumbnail\" src=\"https:\/\/tvc.mx\/media\/481632\/camara-ptz-2-megapixeles-zoom-optico-30x-MPTZ1100-2030RA-Dahua-caracteristicas.png\" alt=\" \" \/><\/div>\n<div class=\"col-md-7 order-md-1 text-md-left text-center\">\n<h2>Principales Caracter\u00edsticas<\/h2>\n<p class=\"text-muted\">\n<ul>\n<li>Potente zoom \u00f3ptico<\/li>\n<li>Rango panor\u00e1mico<\/li>\n<li>Hasta 256 preajustes, 8 recorridos<\/li>\n<li>Led IR hasta<\/li>\n<li>Admite tarjeta SD<\/li>\n<li>IP66<\/li>\n<\/ul>\n<p>&nbsp;<\/p>\n<\/div>\n<\/div>\n<hr class=\"padding-bottom-2x\" \/>\n<div class=\"row align-items-center padding-bottom-2x\">\n<div class=\"col-md-5\"><img decoding=\"async\" class=\"d-block m-auto img-thumbnail\" src=\"https:\/\/tvc.mx\/media\/481634\/camara-ptz-2-megapixeles-zoom-optico-30x-MPTZ1100-2030RA-Dahua-especificacion.png\" alt=\" \" \/><\/div>\n<div class=\"col-md-7 text-md-left text-center\">\n<h2>Especificaciones<\/h2>\n<p class=\"text-muted\">\n<ul>\n<li>CMOS de 1\/2,8&#8243;<\/li>\n<li>2 megap\u00edxeles<\/li>\n<li>Reducci\u00f3n de ruido: 3DNR\/ 2DNR<\/li>\n<li>Anti vibraci\u00f3n<\/li>\n<li>WDR<\/li>\n<li>Zoom digital 16x<\/li>\n<li>Zoom \u00f3ptico 30x<\/li>\n<li>Longitud focal Recorrido 8 4,5 mm ~ 135 mm<\/li>\n<li>Rango panor\u00e1mico 360\u00b0 sin fin<\/li>\n<li>distancia de infrarrojos 80m<\/li>\n<li>Compresi\u00f3n de video: H.265\/H.264Perfil base\/H.264Perfil principal\/ H.264Perfil alto\/M-JPEG<\/li>\n<li>Fuente de alimentaci\u00f3n CC 12V<\/li>\n<li>Protecci\u00f3n IP66<\/li>\n<\/ul>\n<\/div>\n<\/div>\n","protected":false},"excerpt":{"rendered":"<p>Informaci\u00f3n General Con un potente zoom \u00f3ptico y un rendimiento preciso de giro\/inclinaci\u00f3n\/ zoom, esta c\u00e1mara ofrece una soluci\u00f3n todo en uno para capturar videovigilancia de larga distancia para aplicaciones al aire libre. Junto con la tecnolog\u00eda de iluminaci\u00f3n infrarroja, la c\u00e1mara es la soluci\u00f3n&hellip;<\/p>\n","protected":false},"featured_media":2509,"comment_status":"open","ping_status":"closed","template":"","meta":{"om_disable_all_campaigns":false,"_monsterinsights_skip_tracking":false,"_monsterinsights_sitenote_active":false,"_monsterinsights_sitenote_note":"","_monsterinsights_sitenote_category":0},"product_brand":[],"product_cat":[160],"product_tag":[159,62,158],"class_list":{"0":"post-2510","1":"product","2":"type-product","3":"status-publish","4":"has-post-thumbnail","6":"product_cat-camaras-moviles","7":"product_tag-camara-camion","8":"product_tag-camara-movil","9":"product_tag-camara-transporte","11":"first","12":"instock","13":"sale","14":"taxable","15":"shipping-taxable","16":"purchasable","17":"product-type-simple"},"aioseo_notices":[],"_links":{"self":[{"href":"https:\/\/tecsecmty.com\/index.php\/wp-json\/wp\/v2\/product\/2510","targetHints":{"allow":["GET"]}}],"collection":[{"href":"https:\/\/tecsecmty.com\/index.php\/wp-json\/wp\/v2\/product"}],"about":[{"href":"https:\/\/tecsecmty.com\/index.php\/wp-json\/wp\/v2\/types\/product"}],"replies":[{"embeddable":true,"href":"https:\/\/tecsecmty.com\/index.php\/wp-json\/wp\/v2\/comments?post=2510"}],"version-history":[{"count":0,"href":"https:\/\/tecsecmty.com\/index.php\/wp-json\/wp\/v2\/product\/2510\/revisions"}],"wp:featuredmedia":[{"embeddable":true,"href":"https:\/\/tecsecmty.com\/index.php\/wp-json\/wp\/v2\/media\/2509"}],"wp:attachment":[{"href":"https:\/\/tecsecmty.com\/index.php\/wp-json\/wp\/v2\/media?parent=2510"}],"wp:term":[{"taxonomy":"product_brand","embeddable":true,"href":"https:\/\/tecsecmty.com\/index.php\/wp-json\/wp\/v2\/product_brand?post=2510"},{"taxonomy":"product_cat","embeddable":true,"href":"https:\/\/tecsecmty.com\/index.php\/wp-json\/wp\/v2\/product_cat?post=2510"},{"taxonomy":"product_tag","embeddable":true,"href":"https:\/\/tecsecmty.com\/index.php\/wp-json\/wp\/v2\/product_tag?post=2510"}],"curies":[{"name":"wp","href":"https:\/\/api.w.org\/{rel}","templated":true}]}}