{"id":2514,"date":"2023-02-22T21:08:56","date_gmt":"2023-02-23T03:08:56","guid":{"rendered":"https:\/\/tecsecmty.com\/index.php\/producto\/dahua-dae-cdr8213-gfw-camara-para-tablero-de-2-megapixeles-dashcam-1080p-campo-de-vision-128-6-soporta-adas-microfono-y-altavoz-integrado-4g-gps-wifi-admite-camaras-moviles-hdcvi-exter\/"},"modified":"2023-03-22T23:22:23","modified_gmt":"2023-03-23T05:22:23","slug":"dahua-dae-cdr8213-gfw-camara-para-tablero-de-2-megapixeles-dashcam-1080p-campo-de-vision-128-6-soporta-adas-microfono-y-altavoz-integrado-4g-gps-wifi-admite-camaras-moviles-hdcvi-exter","status":"publish","type":"product","link":"https:\/\/tecsecmty.com\/index.php\/producto\/dahua-dae-cdr8213-gfw-camara-para-tablero-de-2-megapixeles-dashcam-1080p-campo-de-vision-128-6-soporta-adas-microfono-y-altavoz-integrado-4g-gps-wifi-admite-camaras-moviles-hdcvi-exter\/","title":{"rendered":"DAHUA DAE-CDR8213-GFW &#8211; C\u00e1mara para Tablero de 2 Megap\u00edxeles\/ Dashcam 1080p\/ Campo de Visi\u00f3n 128.6\u00b0\/ Soporta ADAS\/ Micr\u00f3fono y Altavoz Integrado\/ 4G\/ GPS\/ WiFi\/ Admite C\u00e1maras M\u00f3viles HDCVI Externas\/ Compatible con Mobile Center\/ #LoNuevo"},"content":{"rendered":"<div class=\"row aling-items-center padding-bottom-2x\">\n<div class=\"col-lg-12\">\n<h5 class=\"card-title text-center\">Informaci\u00f3n General<\/h5>\n<p>La c\u00e1mara del tablero adopta un dise\u00f1o liviano que integra video, grabaci\u00f3n, almacenamiento, inteligencia y enlace de plataforma. Viene con una lente de 1080P y admite 3 canales externos de entrada de video anal\u00f3gico de 720P al mismo tiempo. Con el algoritmo de aprendizaje profundo, se pueden realizar varias funciones inteligentes como ADAS, DSM, reconocimiento facial y detecci\u00f3n de objetos abandonados.<\/p>\n<p><img decoding=\"async\" class=\"overview-center-img-web\" src=\"https:\/\/tvc.mx\/media\/503724\/C%C3%A1mara-de-tablero-DAE-CDR8213-GFW-ADAS-DSM.png\" alt=\"\" \/><\/div>\n<\/div>\n<div class=\"row align-items-center padding-bottom-2x\">\n<div class=\"col-md-5 order-md-2\"><img decoding=\"async\" class=\"d-block m-auto img-thumbnail\" src=\"https:\/\/tvc.mx\/media\/504000\/reconocimiento-wifi.png\" alt=\" \" \/><\/div>\n<div class=\"col-md-7 order-md-1 text-md-left text-center\">\n<h2>M\u00f3dulo 3G\/4G incorporado<\/h2>\n<p class=\"text-muted\">\n<p>El m\u00f3dulo es compatible con FDD, TDD, WCDMA, GSM, el m\u00f3dulo Wi-Fi incorporado admite Wi-Fi y AP<\/p>\n<p>&nbsp;<\/p>\n<\/div>\n<\/div>\n<hr class=\"padding-bottom-2x\" \/>\n<div class=\"row align-items-center padding-bottom-2x\">\n<div class=\"col-md-5\"><img decoding=\"async\" class=\"d-block m-auto img-thumbnail\" src=\"https:\/\/tvc.mx\/media\/504002\/GPS-Dahua.png\" alt=\" \" \/><\/div>\n<div class=\"col-md-7 text-md-left text-center\">\n<h2>GPS incorporado.<\/h2>\n<p class=\"text-muted\">\n<p>El m\u00f3dulo GPS incorporado puede realizar la funci\u00f3n de visualizaci\u00f3n y grabaci\u00f3n de video de la informaci\u00f3n GPS.<\/p>\n<p>&nbsp;<\/p>\n<\/div>\n<\/div>\n<hr class=\"padding-bottom-2x\" \/>\n<div class=\"row align-items-center padding-bottom-2x\">\n<div class=\"col-md-5 order-md-2\"><img decoding=\"async\" class=\"d-block m-auto img-thumbnail\" src=\"https:\/\/tvc.mx\/media\/504004\/antivibracion-dahua.png\" alt=\" \" \/><\/div>\n<div class=\"col-md-7 order-md-1 text-md-left text-center\">\n<h2>Sensor G<\/h2>\n<p class=\"text-muted\">\n<p>Admite detecci\u00f3n de estado de colisi\u00f3n y vuelco.<\/p>\n<p>&nbsp;<\/p>\n<\/div>\n<\/div>\n<hr class=\"padding-bottom-2x\" \/>\n<div class=\"row align-items-center padding-bottom-2x\">\n<div class=\"col-md-5\"><img decoding=\"async\" class=\"d-block m-auto img-thumbnail\" src=\"https:\/\/tvc.mx\/media\/504008\/C%C3%A1mara-de-tablero-DAE-CDR8213-GFW.png\" alt=\" \" \/><\/div>\n<div class=\"col-md-7 text-md-left text-center\">\n<h2>Principales caracteristicas<\/h2>\n<p class=\"text-muted\">\n<ul>\n<li>Resoluci\u00f3n 1080P con campo de visi\u00f3n de 128,6\u00b0<\/li>\n<li>Admite 3 entradas de c\u00e1maras CVI\/AHD externas<\/li>\n<li>Micr\u00f3fono y altavoz integrados compatibles con audio bidireccional<\/li>\n<li>M\u00f3dulos GPS, 3G\/4G y Wi-Fi integrados<\/li>\n<li>El sensor G incorporado admite detecciones de estado de vuelco y colisi\u00f3n<\/li>\n<\/ul>\n<p>&nbsp;<\/p>\n<\/div>\n<\/div>\n<hr class=\"padding-bottom-2x\" \/>\n<div class=\"row align-items-center padding-bottom-2x\">\n<div class=\"col-md-5 order-md-2\"><img decoding=\"async\" class=\"d-block m-auto img-thumbnail\" src=\"https:\/\/tvc.mx\/media\/504010\/C%C3%A1mara-de-tablero-DAE-CDR8213-GFW-Medidas.png\" alt=\" \" \/><\/div>\n<div class=\"col-md-7 order-md-1 text-md-left text-center\">\n<h2>Especificaciones<\/h2>\n<p class=\"text-muted\">\n<ul>\n<li>Admite almacenamiento de tarjeta TF dual y sobrescritura de grabaci\u00f3n, hasta 256 GB<\/li>\n<li>Admite entrada de alarma de E\/S de 3 canales y alarma Bluetooth de 1 tecla<\/li>\n<li>Admite ADAS con c\u00e1mara incorporada<\/li>\n<li>Admite DSM, reconocimiento facial y detecci\u00f3n de objetos abandonados<\/li>\n<li>(requiere c\u00e1mara externa)<\/li>\n<\/ul>\n<\/div>\n<\/div>\n","protected":false},"excerpt":{"rendered":"<p>Informaci\u00f3n General La c\u00e1mara del tablero adopta un dise\u00f1o liviano que integra video, grabaci\u00f3n, almacenamiento, inteligencia y enlace de plataforma. Viene con una lente de 1080P y admite 3 canales externos de entrada de video anal\u00f3gico de 720P al mismo tiempo. Con el algoritmo de&hellip;<\/p>\n","protected":false},"featured_media":2513,"comment_status":"open","ping_status":"closed","template":"","meta":{"om_disable_all_campaigns":false,"_monsterinsights_skip_tracking":false,"_monsterinsights_sitenote_active":false,"_monsterinsights_sitenote_note":"","_monsterinsights_sitenote_category":0},"product_brand":[],"product_cat":[161],"product_tag":[159,62,158],"class_list":{"0":"post-2514","1":"product","2":"type-product","3":"status-publish","4":"has-post-thumbnail","6":"product_cat-dvrs-y-nvrs-moviles","7":"product_tag-camara-camion","8":"product_tag-camara-movil","9":"product_tag-camara-transporte","11":"first","12":"instock","13":"sale","14":"taxable","15":"shipping-taxable","16":"purchasable","17":"product-type-simple"},"aioseo_notices":[],"_links":{"self":[{"href":"https:\/\/tecsecmty.com\/index.php\/wp-json\/wp\/v2\/product\/2514","targetHints":{"allow":["GET"]}}],"collection":[{"href":"https:\/\/tecsecmty.com\/index.php\/wp-json\/wp\/v2\/product"}],"about":[{"href":"https:\/\/tecsecmty.com\/index.php\/wp-json\/wp\/v2\/types\/product"}],"replies":[{"embeddable":true,"href":"https:\/\/tecsecmty.com\/index.php\/wp-json\/wp\/v2\/comments?post=2514"}],"version-history":[{"count":0,"href":"https:\/\/tecsecmty.com\/index.php\/wp-json\/wp\/v2\/product\/2514\/revisions"}],"wp:featuredmedia":[{"embeddable":true,"href":"https:\/\/tecsecmty.com\/index.php\/wp-json\/wp\/v2\/media\/2513"}],"wp:attachment":[{"href":"https:\/\/tecsecmty.com\/index.php\/wp-json\/wp\/v2\/media?parent=2514"}],"wp:term":[{"taxonomy":"product_brand","embeddable":true,"href":"https:\/\/tecsecmty.com\/index.php\/wp-json\/wp\/v2\/product_brand?post=2514"},{"taxonomy":"product_cat","embeddable":true,"href":"https:\/\/tecsecmty.com\/index.php\/wp-json\/wp\/v2\/product_cat?post=2514"},{"taxonomy":"product_tag","embeddable":true,"href":"https:\/\/tecsecmty.com\/index.php\/wp-json\/wp\/v2\/product_tag?post=2514"}],"curies":[{"name":"wp","href":"https:\/\/api.w.org\/{rel}","templated":true}]}}