{"id":2518,"date":"2023-02-22T21:09:00","date_gmt":"2023-02-23T03:09:00","guid":{"rendered":"https:\/\/tecsecmty.com\/index.php\/producto\/dahua-dhi-mxvr1004-gfi-dvr-movil-de-4-canales-con-inteligencia-artificial-1080p-4g-h-265-soporta-2-tarjetas-sd-soporta-dsm-adas-bsd-comunicacion-3g-y-4g-no-tiene-wifi-lonuevo\/"},"modified":"2023-03-22T23:22:35","modified_gmt":"2023-03-23T05:22:35","slug":"dahua-dhi-mxvr1004-gfi-dvr-movil-de-4-canales-con-inteligencia-artificial-1080p-4g-h-265-soporta-2-tarjetas-sd-soporta-dsm-adas-bsd-comunicacion-3g-y-4g-no-tiene-wifi-lonuevo","status":"publish","type":"product","link":"https:\/\/tecsecmty.com\/index.php\/producto\/dahua-dhi-mxvr1004-gfi-dvr-movil-de-4-canales-con-inteligencia-artificial-1080p-4g-h-265-soporta-2-tarjetas-sd-soporta-dsm-adas-bsd-comunicacion-3g-y-4g-no-tiene-wifi-lonuevo\/","title":{"rendered":"DAHUA DHI-MXVR1004-GFI &#8211; DVR Movil de 4 Canales con Inteligencia Artificial 1080p\/ 4G\/ H.265\/ Soporta 2 Tarjetas SD\/ Soporta DSM\/ADAS\/BSD\/ Comunicaci\u00f3n 3G y 4G\/ No tiene WiFi\/ #LoNuevo"},"content":{"rendered":"<div class=\"row aling-items-center padding-bottom-2x\">\n<div class=\"col-lg-12\">\n<h5 class=\"card-title text-center\">Informaci\u00f3n general<\/h5>\n<p class=\"ql-align-justify\">MXVR1004-I es la nueva generaci\u00f3n de grabadora de video m\u00f3vil AI que admite funciones inteligentes, utiliza tecnolog\u00eda H.265 y las ventajas son reducir el ancho de banda de transmisi\u00f3n y ahorrar almacenamiento. Puede admitir grabaci\u00f3n en tiempo real de alta definici\u00f3n 1080P, veh\u00edculo en tiempo real seguimiento y monitoreo de ubicaci\u00f3n. Toda la informaci\u00f3n, como GPS y video, se puede cargar a trav\u00e9s de la red inal\u00e1mbrica: 3G\/4G. Ya ha pasado EN50155\/ISO16750 para cumplir con los requisitos de uso m\u00f3vil. Este dispositivo se puede utilizar en tipos de soluciones para diferentes aplicaciones<\/p>\n<p><img decoding=\"async\" class=\"overview-center-img-web\" src=\"https:\/\/tvc.mx\/media\/578071\/DAHUA-DHI-MXVR1004-GFI---DVR-Movil-4-Canales-Inteligencia-Artificial-1080p-4G-H-banner-principal.png\" alt=\"DVR\" \/><\/div>\n<\/div>\n<div class=\"row align-items-center padding-bottom-2x\">\n<div class=\"col-md-5\"><img decoding=\"async\" class=\"d-block m-auto img-thumbnail\" src=\"https:\/\/tvc.mx\/media\/575067\/reconocimiento-wifi.png\" alt=\" Wifi\" \/><\/div>\n<div class=\"col-md-7 text-md-left text-center\">\n<h2>3G\/4G<\/h2>\n<p class=\"text-muted\">\n<p class=\"ql-align-justify\">Integrado con el m\u00f3dulo 3G\/4G, el dispositivo puede registrarse en una red p\u00fablica para conectarse con VMS y puede enviar toda la informaci\u00f3n (video\/audio\/alarma\/gps) a trav\u00e9s de la red inal\u00e1mbrica.<\/p>\n<p>&nbsp;<\/p>\n<\/div>\n<\/div>\n<hr class=\"padding-bottom-2x\" \/>\n<div class=\"row align-items-center padding-bottom-2x\">\n<div class=\"col-md-5 order-md-2\"><img decoding=\"async\" class=\"d-block m-auto img-thumbnail\" src=\"https:\/\/tvc.mx\/media\/575071\/GPS-Dahua.png\" alt=\" GPS\" \/><\/div>\n<div class=\"col-md-7 order-md-1 text-md-left text-center\">\n<h2>GPS<\/h2>\n<p class=\"text-muted\">\n<p class=\"ql-align-justify\">El m\u00f3dulo GPS integrado puede recibir informaci\u00f3n de ubicaci\u00f3n y cargarla en VMS. Incluso cuando el dispositivo est\u00e1 fuera de l\u00ednea, puede cargar la informaci\u00f3n despu\u00e9s de que est\u00e9 en l\u00ednea nuevamente y se puede rastrear el veh\u00edculo en el mapa el\u00e9ctrico de VMS.<\/p>\n<p>&nbsp;<\/p>\n<\/div>\n<\/div>\n<hr class=\"padding-bottom-2x\" \/>\n<div class=\"row align-items-center padding-bottom-2x\">\n<div class=\"col-md-5\"><img decoding=\"async\" class=\"d-block m-auto img-thumbnail\" src=\"https:\/\/tvc.mx\/media\/575087\/DAHUA-DHI-MXVR1004-GFI---DVR-Movil-4-Canales-Inteligencia-Artificial-1080p-4G-H-caracteristica-principal.png\" alt=\" DVR \" \/><\/div>\n<div class=\"col-md-7 text-md-left text-center\">\n<h2>Caracter\u00edsticas Principales<\/h2>\n<p class=\"text-muted\">\n<p class=\"ql-align-justify\">\u00b7\u00a0Admite c\u00e1maras anal\u00f3gicas de 4 canales y 2MP y entrada de c\u00e1mara IP de 1 canal y 2MP<\/p>\n<p class=\"ql-align-justify\">\u00b7 Admite compresi\u00f3n de video H.265\/smart H.265<\/p>\n<p class=\"ql-align-justify\">\u00b7 Admite 2 tarjetas SD (hasta 256 GB para cada una)<\/p>\n<p class=\"ql-align-justify\">\u00b7 Admite DSM\/ADAS\/BSD \u00b7 Supervisi\u00f3n de m\u00faltiples redes: visor web, Mobile Center y DMSS<\/p>\n<p>&nbsp;<\/p>\n<\/div>\n<\/div>\n<hr class=\"padding-bottom-2x\" \/>\n<div class=\"row align-items-center padding-bottom-2x\">\n<div class=\"col-md-5 order-md-2\"><img decoding=\"async\" class=\"d-block m-auto img-thumbnail\" src=\"https:\/\/tvc.mx\/media\/575095\/DAHUA-DHI-MXVR1004-GFI---DVR-Movil-4-Canales-Inteligencia-Artificial-1080p-4G-H-Especificaciones-tecnicas.png\" alt=\" dimensiones\" \/><\/div>\n<div class=\"col-md-7 order-md-1 text-md-left text-center\">\n<h2>Especificaciones T\u00e9cnicas<\/h2>\n<p class=\"text-muted\">\n<ul>\n<li>Microcontrolador integrado industrial de alto rendimiento<\/li>\n<li>Sistema Linux integrado<\/li>\n<li>Interfaz de operaci\u00f3n; web, AV<\/li>\n<li>4 c\u00e1maras HDCVI\/AHD\/TVI\/CVBS, resoluci\u00f3n de hasta 1080P (la entrada de audio no es compatible cuando se conectan c\u00e1maras AHD\/TVI\/CVBS)<\/li>\n<li>1 c\u00e1mara IP, hasta resoluci\u00f3n 1080P<\/li>\n<li>Compresi\u00f3n de audio G.711A\/G.711U\/PCM<\/li>\n<li>No cuenta con modulo WiFi<\/li>\n<\/ul>\n<\/div>\n<\/div>\n","protected":false},"excerpt":{"rendered":"<p>Informaci\u00f3n general MXVR1004-I es la nueva generaci\u00f3n de grabadora de video m\u00f3vil AI que admite funciones inteligentes, utiliza tecnolog\u00eda H.265 y las ventajas son reducir el ancho de banda de transmisi\u00f3n y ahorrar almacenamiento. Puede admitir grabaci\u00f3n en tiempo real de alta definici\u00f3n 1080P, veh\u00edculo&hellip;<\/p>\n","protected":false},"featured_media":2517,"comment_status":"open","ping_status":"closed","template":"","meta":{"om_disable_all_campaigns":false,"_monsterinsights_skip_tracking":false,"_monsterinsights_sitenote_active":false,"_monsterinsights_sitenote_note":"","_monsterinsights_sitenote_category":0},"product_brand":[],"product_cat":[161],"product_tag":[159,62,158],"class_list":{"0":"post-2518","1":"product","2":"type-product","3":"status-publish","4":"has-post-thumbnail","6":"product_cat-dvrs-y-nvrs-moviles","7":"product_tag-camara-camion","8":"product_tag-camara-movil","9":"product_tag-camara-transporte","11":"first","12":"instock","13":"sale","14":"taxable","15":"shipping-taxable","16":"purchasable","17":"product-type-simple"},"aioseo_notices":[],"_links":{"self":[{"href":"https:\/\/tecsecmty.com\/index.php\/wp-json\/wp\/v2\/product\/2518","targetHints":{"allow":["GET"]}}],"collection":[{"href":"https:\/\/tecsecmty.com\/index.php\/wp-json\/wp\/v2\/product"}],"about":[{"href":"https:\/\/tecsecmty.com\/index.php\/wp-json\/wp\/v2\/types\/product"}],"replies":[{"embeddable":true,"href":"https:\/\/tecsecmty.com\/index.php\/wp-json\/wp\/v2\/comments?post=2518"}],"version-history":[{"count":0,"href":"https:\/\/tecsecmty.com\/index.php\/wp-json\/wp\/v2\/product\/2518\/revisions"}],"wp:featuredmedia":[{"embeddable":true,"href":"https:\/\/tecsecmty.com\/index.php\/wp-json\/wp\/v2\/media\/2517"}],"wp:attachment":[{"href":"https:\/\/tecsecmty.com\/index.php\/wp-json\/wp\/v2\/media?parent=2518"}],"wp:term":[{"taxonomy":"product_brand","embeddable":true,"href":"https:\/\/tecsecmty.com\/index.php\/wp-json\/wp\/v2\/product_brand?post=2518"},{"taxonomy":"product_cat","embeddable":true,"href":"https:\/\/tecsecmty.com\/index.php\/wp-json\/wp\/v2\/product_cat?post=2518"},{"taxonomy":"product_tag","embeddable":true,"href":"https:\/\/tecsecmty.com\/index.php\/wp-json\/wp\/v2\/product_tag?post=2518"}],"curies":[{"name":"wp","href":"https:\/\/api.w.org\/{rel}","templated":true}]}}