{"id":2520,"date":"2023-02-22T21:09:02","date_gmt":"2023-02-23T03:09:02","guid":{"rendered":"https:\/\/tecsecmty.com\/index.php\/producto\/dahua-dhi-mxvr4104-gfi-dvr-movil-de-4-canales-hdcvi-1080p4-canales-ip-h-265-gps-4g-soporta-1-hdd-2-5-pulgadas-1-tarjeta-sd-soporta-hdcvi-ahd-tvi-cvbs-ip-no-tiene-wifi-lonuevo\/"},"modified":"2023-03-22T23:22:35","modified_gmt":"2023-03-23T05:22:35","slug":"dahua-dhi-mxvr4104-gfi-dvr-movil-de-4-canales-hdcvi-1080p4-canales-ip-h-265-gps-4g-soporta-1-hdd-2-5-pulgadas-1-tarjeta-sd-soporta-hdcvi-ahd-tvi-cvbs-ip-no-tiene-wifi-lonuevo","status":"publish","type":"product","link":"https:\/\/tecsecmty.com\/index.php\/producto\/dahua-dhi-mxvr4104-gfi-dvr-movil-de-4-canales-hdcvi-1080p4-canales-ip-h-265-gps-4g-soporta-1-hdd-2-5-pulgadas-1-tarjeta-sd-soporta-hdcvi-ahd-tvi-cvbs-ip-no-tiene-wifi-lonuevo\/","title":{"rendered":"DAHUA DHI-MXVR4104-GFI &#8211; DVR Movil de 4 Canales HDCVI 1080p+4 Canales IP\/ H.265\/ GPS\/ 4G\/ Soporta 1 HDD 2.5 Pulgadas + 1 Tarjeta SD\/ Soporta HDCVI\/AHD\/TVI\/CVBS\/IP\/ No tiene WiFi\/ #LoNuevo"},"content":{"rendered":"<div class=\"row aling-items-center padding-bottom-2x\">\n<div class=\"col-lg-12\">\n<h5 class=\"card-title text-center\">Informaci\u00f3n general<\/h5>\n<h5 class=\"ql-align-justify\">MXVR4104\/4204-I es la nueva generaci\u00f3n de grabadoras de video m\u00f3viles AI que admite funciones inteligentes, utiliza tecnolog\u00eda H.265 y las ventajas son reducir el ancho de banda de transmisi\u00f3n y ahorrar almacenamiento. Puede admitir grabaci\u00f3n en tiempo real de alta definici\u00f3n 1080P, real- Seguimiento y monitoreo de la ubicaci\u00f3n del veh\u00edculo en el tiempo. Toda la informaci\u00f3n, como GPS y video, se puede cargar a trav\u00e9s de una red inal\u00e1mbrica: 3G\/4G<\/h5>\n<p><img decoding=\"async\" class=\"overview-center-img-web\" src=\"https:\/\/tvc.mx\/media\/636770\/DHI-MXVR4104-GFI-DVR-Movil--4-Canales-HDCVI-1080p%2B4-Canales-IP-H.BANER.png\" alt=\"DVR movil\" \/><\/div>\n<\/div>\n<div class=\"row align-items-center padding-bottom-2x\">\n<div class=\"col-md-5\"><img decoding=\"async\" class=\"d-block m-auto img-thumbnail\" src=\"https:\/\/tvc.mx\/media\/624559\/GPS-Dahua.png\" alt=\" \" \/><\/div>\n<div class=\"col-md-7 text-md-left text-center\">\n<h2>GPS<\/h2>\n<p class=\"text-muted\">\n<h5 class=\"ql-align-justify\">El m\u00f3dulo GPS integrado puede recibir informaci\u00f3n de ubicaci\u00f3n y cargarla en VMS. Incluso cuando el dispositivo est\u00e1 fuera de l\u00ednea, puede cargar la informaci\u00f3n despu\u00e9s de que est\u00e9 en l\u00ednea nuevamente y se puede rastrear el veh\u00edculo en el mapa el\u00e9ctrico de VMS.<\/h5>\n<p>&nbsp;<\/p>\n<\/div>\n<\/div>\n<hr class=\"padding-bottom-2x\" \/>\n<div class=\"row align-items-center padding-bottom-2x\">\n<div class=\"col-md-5 order-md-2\"><img decoding=\"async\" class=\"d-block m-auto img-thumbnail\" src=\"https:\/\/tvc.mx\/media\/624563\/antivibracion-dahua.png\" alt=\" \" \/><\/div>\n<div class=\"col-md-7 order-md-1 text-md-left text-center\">\n<h2>Anti-vibraci\u00f3n<\/h2>\n<p class=\"text-muted\">\n<h5 class=\"ql-align-justify\">Utilizando material y estructura amortiguadores, la nueva caja de disco duro dise\u00f1ada puede hacer frente a diversos grados de vibraci\u00f3n, manteniendo el sistema funcionando normalmente todo el tiempo.<\/h5>\n<p>&nbsp;<\/p>\n<\/div>\n<\/div>\n<hr class=\"padding-bottom-2x\" \/>\n<div class=\"row align-items-center padding-bottom-2x\">\n<div class=\"col-md-5\"><img decoding=\"async\" class=\"d-block m-auto img-thumbnail\" src=\"https:\/\/tvc.mx\/media\/624571\/DAHUA-DHI-MXVR4104-GFI---DVR-Movil-4-Canales-HDCVI-1080p%2B4-Canales-IP-H.265-GPS-4G-caracteristicas-principales.png\" alt=\" DVR\" \/><\/div>\n<div class=\"col-md-7 text-md-left text-center\">\n<h2>Caracter\u00edsticas Principales<\/h2>\n<p class=\"text-muted\">\n<h5 class=\"ql-align-justify\">\u00b7 Admite entrada de video penta-brid (HDCVI\/AHD\/TVI\/CVBS\/IP)<\/h5>\n<h5 class=\"ql-align-justify\">\u00b7 Admite c\u00e1maras anal\u00f3gicas de 4 canales y 2MP y entrada de c\u00e1maras IP de 4 canales y 2MP<\/h5>\n<h5 class=\"ql-align-justify\">\u00b7 Admite compresi\u00f3n de video H.265\/smart H.265<\/h5>\n<h5 class=\"ql-align-justify\">\u00b7 Admite 1\/2 HDD de hasta 2 TB cada uno) y 1 tarjeta SD (hasta 256 GB)<\/h5>\n<h5 class=\"ql-align-justify\">\u00b7 Admite DSM\/ADAS\/BSD<\/h5>\n<h5 class=\"ql-align-justify\">\u00b7 Supervisi\u00f3n de m\u00faltiples redes: visor web, Mobile Center y DMSS<\/h5>\n<p>&nbsp;<\/p>\n<\/div>\n<\/div>\n<hr class=\"padding-bottom-2x\" \/>\n<div class=\"row align-items-center padding-bottom-2x\">\n<div class=\"col-md-5\"><img decoding=\"async\" class=\"d-block m-auto img-thumbnail\" src=\"https:\/\/tvc.mx\/media\/624763\/DAHUA-DHI-MXVR4104-GFI---DVR-Movil-4-Canales-HDCVI-1080p%2B4-Canales-IP-H.265-GPS-4G-Especificaciones-tecnicas.png\" alt=\" Dimesion\" \/><\/div>\n<div class=\"col-md-7 text-md-left text-center\">\n<h2>Especificaciones T\u00e9cnicas<\/h2>\n<p class=\"text-muted\">\n<h5 class=\"ql-align-justify\">Procesador principal:\u00a0Microcontrolador integrado industrial de alto rendimiento<\/h5>\n<h5 class=\"ql-align-justify\">Sistema operativo: Linux integrado<\/h5>\n<h5 class=\"ql-align-justify\">Interfaz de operaci\u00f3n: WEB, AV, VGA<\/h5>\n<h5 class=\"ql-align-justify\">Entrada de c\u00e1mara anal\u00f3gica: 4 c\u00e1maras HDCVI\/AHD\/TVI\/CVBS, resoluci\u00f3n de hasta<\/h5>\n<h5 class=\"ql-align-justify\">1080P (la entrada de audio no es compatible cuando se conectan c\u00e1maras AHD\/TVI\/CVBS)<\/h5>\n<h5 class=\"ql-align-justify\">Entrada de c\u00e1mara IP: 4 c\u00e1maras HDCVI\/AHD\/TVI\/CVBS, resoluci\u00f3n de hasta 1080P (la entrada de audio no es compatible cuando se conectan c\u00e1maras AHD\/TVI\/CVBS)<\/h5>\n<h5>Velocidad de fotogramas de video: PAL: 1\u2013 25 fps NTSC: 1 &#8211; 30 fps<\/h5>\n<\/div>\n<\/div>\n","protected":false},"excerpt":{"rendered":"<p>Informaci\u00f3n general MXVR4104\/4204-I es la nueva generaci\u00f3n de grabadoras de video m\u00f3viles AI que admite funciones inteligentes, utiliza tecnolog\u00eda H.265 y las ventajas son reducir el ancho de banda de transmisi\u00f3n y ahorrar almacenamiento. Puede admitir grabaci\u00f3n en tiempo real de alta definici\u00f3n 1080P, real-&hellip;<\/p>\n","protected":false},"featured_media":2519,"comment_status":"open","ping_status":"closed","template":"","meta":{"om_disable_all_campaigns":false,"_monsterinsights_skip_tracking":false,"_monsterinsights_sitenote_active":false,"_monsterinsights_sitenote_note":"","_monsterinsights_sitenote_category":0},"product_brand":[],"product_cat":[161],"product_tag":[159,62,158],"class_list":{"0":"post-2520","1":"product","2":"type-product","3":"status-publish","4":"has-post-thumbnail","6":"product_cat-dvrs-y-nvrs-moviles","7":"product_tag-camara-camion","8":"product_tag-camara-movil","9":"product_tag-camara-transporte","11":"first","12":"instock","13":"sale","14":"taxable","15":"shipping-taxable","16":"purchasable","17":"product-type-simple"},"aioseo_notices":[],"_links":{"self":[{"href":"https:\/\/tecsecmty.com\/index.php\/wp-json\/wp\/v2\/product\/2520","targetHints":{"allow":["GET"]}}],"collection":[{"href":"https:\/\/tecsecmty.com\/index.php\/wp-json\/wp\/v2\/product"}],"about":[{"href":"https:\/\/tecsecmty.com\/index.php\/wp-json\/wp\/v2\/types\/product"}],"replies":[{"embeddable":true,"href":"https:\/\/tecsecmty.com\/index.php\/wp-json\/wp\/v2\/comments?post=2520"}],"version-history":[{"count":0,"href":"https:\/\/tecsecmty.com\/index.php\/wp-json\/wp\/v2\/product\/2520\/revisions"}],"wp:featuredmedia":[{"embeddable":true,"href":"https:\/\/tecsecmty.com\/index.php\/wp-json\/wp\/v2\/media\/2519"}],"wp:attachment":[{"href":"https:\/\/tecsecmty.com\/index.php\/wp-json\/wp\/v2\/media?parent=2520"}],"wp:term":[{"taxonomy":"product_brand","embeddable":true,"href":"https:\/\/tecsecmty.com\/index.php\/wp-json\/wp\/v2\/product_brand?post=2520"},{"taxonomy":"product_cat","embeddable":true,"href":"https:\/\/tecsecmty.com\/index.php\/wp-json\/wp\/v2\/product_cat?post=2520"},{"taxonomy":"product_tag","embeddable":true,"href":"https:\/\/tecsecmty.com\/index.php\/wp-json\/wp\/v2\/product_tag?post=2520"}],"curies":[{"name":"wp","href":"https:\/\/api.w.org\/{rel}","templated":true}]}}