{"id":2524,"date":"2023-02-22T21:09:05","date_gmt":"2023-02-23T03:09:05","guid":{"rendered":"https:\/\/tecsecmty.com\/index.php\/producto\/dahua-mnvr4104-gfwi-nvr-movil-de-4-canales-con-inteligencia-artificial-4-puertos-poe-incluye-gps-wifi-4g-soporta-reconocimiento-facial-dsm-monitoreo-de-conductor-reconocimiento-de-placas-a\/"},"modified":"2023-03-22T23:22:58","modified_gmt":"2023-03-23T05:22:58","slug":"dahua-mnvr4104-gfwi-nvr-movil-de-4-canales-con-inteligencia-artificial-4-puertos-poe-incluye-gps-wifi-4g-soporta-reconocimiento-facial-dsm-monitoreo-de-conductor-reconocimiento-de-placas-a","status":"publish","type":"product","link":"https:\/\/tecsecmty.com\/index.php\/producto\/dahua-mnvr4104-gfwi-nvr-movil-de-4-canales-con-inteligencia-artificial-4-puertos-poe-incluye-gps-wifi-4g-soporta-reconocimiento-facial-dsm-monitoreo-de-conductor-reconocimiento-de-placas-a\/","title":{"rendered":"DAHUA MNVR4104-GFWI &#8211; NVR Movil de 4 Canales con Inteligencia Artificial\/ 4 Puertos PoE\/ Incluye GPS\/ Wifi\/ 4G\/ Soporta Reconocimiento Facial\/ DSM (Monitoreo de Conductor)\/ Reconocimiento de Placas (ANPR)\/ #LoNuevo"},"content":{"rendered":"<div class=\"row aling-items-center padding-bottom-2x\">\n<div class=\"col-lg-12\">\n<h5 class=\"card-title text-center\">Informaci\u00f3n General<\/h5>\n<p><strong>MNVR4104-GFWI<\/strong>\u00a0es la nueva generaci\u00f3n de grabadoras de video m\u00f3viles AI que admite funciones inteligentes, utiliza tecnolog\u00eda H.265 y las ventajas son reducir el ancho de banda de transmisi\u00f3n y ahorrar almacenamiento. Admite grabaci\u00f3n en tiempo real de alta definici\u00f3n de 4MP, real seguimiento y monitoreo de la ubicaci\u00f3n del veh\u00edculo en el tiempo.<\/p>\n<p><img decoding=\"async\" class=\"overview-center-img-web\" src=\"https:\/\/tvc.mx\/media\/488704\/nvr-movil-poe-de-4-canales-con-inteligencia-artificial-MNVR4104-GFWI-Dahua.png\" alt=\"\" \/><\/div>\n<\/div>\n<div class=\"row align-items-center padding-bottom-2x\">\n<div class=\"col-md-5\"><img decoding=\"async\" class=\"d-block m-auto img-thumbnail\" src=\"https:\/\/tvc.mx\/media\/488706\/antivibracion-dahua.png\" alt=\" \" \/><\/div>\n<div class=\"col-md-7 text-md-left text-center\">\n<h2>Anti-vibraci\u00f3n<\/h2>\n<p class=\"text-muted\">\n<p>Utilizando material y estructura amortiguadores, la nueva caja de disco duro dise\u00f1ada puede hacer frente a diversos grados de vibraci\u00f3n, manteniendo el sistema funcionando normalmente todo el tiempo.<\/p>\n<p>&nbsp;<\/p>\n<\/div>\n<\/div>\n<hr class=\"padding-bottom-2x\" \/>\n<div class=\"row align-items-center padding-bottom-2x\">\n<div class=\"col-md-5 order-md-2\"><img decoding=\"async\" class=\"d-block m-auto img-thumbnail\" src=\"https:\/\/tvc.mx\/media\/488708\/reconocimiento-wifi.png\" alt=\" \" \/><\/div>\n<div class=\"col-md-7 order-md-1 text-md-left text-center\">\n<h2>3G\/4G\/Wi-Fi<\/h2>\n<p class=\"text-muted\">\n<p>Integrado con 3G\/4M\u00f3dulo G\/Wi-Fi, el dispositivo puede registrarse en una red p\u00fablica para conectarse con VMS y puede enviar toda la informaci\u00f3n (video\/audio\/alarma\/gps) a trav\u00e9s de la red inal\u00e1mbrica.<\/p>\n<p>&nbsp;<\/p>\n<\/div>\n<\/div>\n<hr class=\"padding-bottom-2x\" \/>\n<div class=\"row align-items-center padding-bottom-2x\">\n<div class=\"col-md-5\"><img decoding=\"async\" class=\"d-block m-auto img-thumbnail\" src=\"https:\/\/tvc.mx\/media\/488710\/GPS-Dahua.png\" alt=\" \" \/><\/div>\n<div class=\"col-md-7 text-md-left text-center\">\n<h2>GPS<\/h2>\n<p class=\"text-muted\">\n<p>El m\u00f3dulo GPS integrado puede recibir informaci\u00f3n de ubicaci\u00f3n y cargarla en VMS. Incluso cuando el dispositivo est\u00e1 fuera de l\u00ednea, puede cargar la informaci\u00f3n despu\u00e9s de que est\u00e9 en l\u00ednea nuevamente y se puede rastrear el veh\u00edculo en el mapa el\u00e9ctrico de VMS.<\/p>\n<p>&nbsp;<\/p>\n<\/div>\n<\/div>\n<hr class=\"padding-bottom-2x\" \/>\n<div class=\"row align-items-center padding-bottom-2x\">\n<div class=\"col-md-5 order-md-2\"><img decoding=\"async\" class=\"d-block m-auto img-thumbnail\" src=\"https:\/\/tvc.mx\/media\/488712\/nvr-movil-poe-de-4-canales-con-inteligencia-artificial-MNVR4104-GFWI-Dahua-caracteristicas.png\" alt=\" \" \/><\/div>\n<div class=\"col-md-7 order-md-1 text-md-left text-center\">\n<h2>Principales Caracter\u00edsticas<\/h2>\n<p class=\"text-muted\">\n<ul>\n<li>Admite compresi\u00f3n de video H.265\/smart H.265<\/li>\n<li>Admite 1\/2 HDD (hasta 2 TB para cada uno) y 1 tarjeta SD (hasta 256 GB)<\/li>\n<li>Admite DSM, reconocimiento facial o ANPR<\/li>\n<li>Conectores de aviaci\u00f3n opcionales<\/li>\n<li>Supervisi\u00f3n de m\u00faltiples redes: visor web, Mobile Center y DMSS<\/li>\n<\/ul>\n<p>&nbsp;<\/p>\n<\/div>\n<\/div>\n<hr class=\"padding-bottom-2x\" \/>\n<div class=\"row align-items-center padding-bottom-2x\">\n<div class=\"col-md-5\"><img decoding=\"async\" class=\"d-block m-auto img-thumbnail\" src=\"https:\/\/tvc.mx\/media\/488714\/nvr-movil-poe-de-4-canales-con-inteligencia-artificial-MNVR4104-GFWI-Dahua-especificaciones.png\" alt=\" \" \/><\/div>\n<div class=\"col-md-7 text-md-left text-center\">\n<h2>Especificaciones<\/h2>\n<p class=\"text-muted\">\n<ul>\n<li>4 puertos Ethernet PoE, todos los canales 1080P<\/li>\n<li>Capacidad de codificaci\u00f3n 1080P\/720P\/960H\/D1\/CIF<\/li>\n<li>Salida de v\u00eddeo: SALIDA AV \u00d7 1, VGA \u00d7 1, HDMI \u00d7 1<\/li>\n<li>Compresi\u00f3n de video H.265, inteligente H.265, H.264, inteligente H.264<\/li>\n<li>Admite m\u00f3dulos Wi-Fi de 2,4 G integrados.<\/li>\n<li>1\/2 disco duro de 2,5 pulgadas (SATA)<\/li>\n<li>Admite la detecci\u00f3n de eventos y alarmas como vuelcos, colisiones, aceleraci\u00f3n\/desaceleraci\u00f3n\/giro r\u00e1pidos.<\/li>\n<li>Entrada de audio PoE de 4 canales<\/li>\n<li>8 canales para entrada de alarma, 1 canal para medici\u00f3n de velocidad de pulso<\/li>\n<\/ul>\n<\/div>\n<\/div>\n","protected":false},"excerpt":{"rendered":"<p>Informaci\u00f3n General MNVR4104-GFWI\u00a0es la nueva generaci\u00f3n de grabadoras de video m\u00f3viles AI que admite funciones inteligentes, utiliza tecnolog\u00eda H.265 y las ventajas son reducir el ancho de banda de transmisi\u00f3n y ahorrar almacenamiento. Admite grabaci\u00f3n en tiempo real de alta definici\u00f3n de 4MP, real seguimiento&hellip;<\/p>\n","protected":false},"featured_media":2523,"comment_status":"open","ping_status":"closed","template":"","meta":{"om_disable_all_campaigns":false,"_monsterinsights_skip_tracking":false,"_monsterinsights_sitenote_active":false,"_monsterinsights_sitenote_note":"","_monsterinsights_sitenote_category":0},"product_brand":[],"product_cat":[161],"product_tag":[159,62,158],"class_list":{"0":"post-2524","1":"product","2":"type-product","3":"status-publish","4":"has-post-thumbnail","6":"product_cat-dvrs-y-nvrs-moviles","7":"product_tag-camara-camion","8":"product_tag-camara-movil","9":"product_tag-camara-transporte","11":"first","12":"instock","13":"sale","14":"taxable","15":"shipping-taxable","16":"purchasable","17":"product-type-simple"},"aioseo_notices":[],"_links":{"self":[{"href":"https:\/\/tecsecmty.com\/index.php\/wp-json\/wp\/v2\/product\/2524","targetHints":{"allow":["GET"]}}],"collection":[{"href":"https:\/\/tecsecmty.com\/index.php\/wp-json\/wp\/v2\/product"}],"about":[{"href":"https:\/\/tecsecmty.com\/index.php\/wp-json\/wp\/v2\/types\/product"}],"replies":[{"embeddable":true,"href":"https:\/\/tecsecmty.com\/index.php\/wp-json\/wp\/v2\/comments?post=2524"}],"version-history":[{"count":0,"href":"https:\/\/tecsecmty.com\/index.php\/wp-json\/wp\/v2\/product\/2524\/revisions"}],"wp:featuredmedia":[{"embeddable":true,"href":"https:\/\/tecsecmty.com\/index.php\/wp-json\/wp\/v2\/media\/2523"}],"wp:attachment":[{"href":"https:\/\/tecsecmty.com\/index.php\/wp-json\/wp\/v2\/media?parent=2524"}],"wp:term":[{"taxonomy":"product_brand","embeddable":true,"href":"https:\/\/tecsecmty.com\/index.php\/wp-json\/wp\/v2\/product_brand?post=2524"},{"taxonomy":"product_cat","embeddable":true,"href":"https:\/\/tecsecmty.com\/index.php\/wp-json\/wp\/v2\/product_cat?post=2524"},{"taxonomy":"product_tag","embeddable":true,"href":"https:\/\/tecsecmty.com\/index.php\/wp-json\/wp\/v2\/product_tag?post=2524"}],"curies":[{"name":"wp","href":"https:\/\/api.w.org\/{rel}","templated":true}]}}