{"id":2526,"date":"2023-02-22T21:09:08","date_gmt":"2023-02-23T03:09:08","guid":{"rendered":"https:\/\/tecsecmty.com\/index.php\/producto\/dahua-mnvr4208-gfwi-nvr-movil-de-8-canales-con-inteligencia-artificial-8-puertos-poe-incluye-gps-wifi-4g-soporta-2-discos-duros-de-2-5-pulgadas-soporta-reconocimiento-facial-dsm-monitoreo-de\/"},"modified":"2023-03-22T23:22:59","modified_gmt":"2023-03-23T05:22:59","slug":"dahua-mnvr4208-gfwi-nvr-movil-de-8-canales-con-inteligencia-artificial-8-puertos-poe-incluye-gps-wifi-4g-soporta-2-discos-duros-de-2-5-pulgadas-soporta-reconocimiento-facial-dsm-monitoreo-de","status":"publish","type":"product","link":"https:\/\/tecsecmty.com\/index.php\/producto\/dahua-mnvr4208-gfwi-nvr-movil-de-8-canales-con-inteligencia-artificial-8-puertos-poe-incluye-gps-wifi-4g-soporta-2-discos-duros-de-2-5-pulgadas-soporta-reconocimiento-facial-dsm-monitoreo-de\/","title":{"rendered":"DAHUA MNVR4208-GFWI &#8211; NVR Movil de 8 Canales con Inteligencia Artificial\/ 8 Puertos PoE\/ Incluye GPS\/ Wifi\/ 4G\/ Soporta 2 Discos Duros de 2.5 Pulgadas\/ Soporta Reconocimiento Facial\/ DSM (Monitoreo de Conductor)\/ Reconocimiento de Placas (ANPR)\/ #LoNuevo"},"content":{"rendered":"<div class=\"row aling-items-center padding-bottom-2x\">\n<div class=\"col-lg-12\">\n<h5 class=\"card-title text-center\">Informaci\u00f3n general<\/h5>\n<p>El MNVR4208-GFWI es un NVR M\u00f3vil que admite 8 canales de entrada para c\u00e1maras IP PoE de hasta 2 MP, admite compresi\u00f3n de video H.265\/smart H.265, con una capacidad para almacenamiento de hasta 2 HDD (hasta 2 TB para cada uno) y 1 tarjeta SD (hasta 256 GB), Soporta DSM, reconocimiento facial o ANPR, y supervisi\u00f3n por m\u00faltiples redes: visor web, Mobile Center y DMSS.<\/p>\n<p><img decoding=\"async\" class=\"overview-center-img-web\" src=\"https:\/\/tvc.mx\/media\/483322\/NVR_Movil_PoE_-8canales_IA_2HDD_2-5_SD256_GPS_WiFI_3G-4G_Dahua_DHI-MNVR4208-GFWI_Over_Ppal.png\" alt=\"\" \/><\/div>\n<\/div>\n<div class=\"row align-items-center padding-bottom-2x\">\n<div class=\"col-md-5\"><img decoding=\"async\" class=\"d-block m-auto img-thumbnail\" src=\"https:\/\/tvc.mx\/media\/501372\/antivibracion-dahua.png\" alt=\" \" \/><\/div>\n<div class=\"col-md-7 text-md-left text-center\">\n<h2>Anti-vibraci\u00f3n<\/h2>\n<p class=\"text-muted\">\n<p>Con material y estructura de absorci\u00f3n de golpes, el dise\u00f1o de la caja de disco duro, puede hacer frente a diversos grados de vibraci\u00f3n, manteniendo el sistema funcional todo el tiempo.<\/p>\n<p>&nbsp;<\/p>\n<\/div>\n<\/div>\n<hr class=\"padding-bottom-2x\" \/>\n<div class=\"row align-items-center padding-bottom-2x\">\n<div class=\"col-md-5 order-md-2\"><img decoding=\"async\" class=\"d-block m-auto img-thumbnail\" src=\"https:\/\/tvc.mx\/media\/501374\/reconocimiento-wifi.png\" alt=\" \" \/><\/div>\n<div class=\"col-md-7 order-md-1 text-md-left text-center\">\n<h2>3G\/ 4G\/ WiFi<\/h2>\n<p class=\"text-muted\">\n<p>Modulo 3G \/ 4G\/ WiFi incorporado, el dispositivo puede registrarse y conectarse con el software Mobile Center, y as\u00ed mandar toda la informaci\u00f3n (video\/audio\/alarm\/gps) por red inal\u00e1mbrica.<\/p>\n<p>&nbsp;<\/p>\n<\/div>\n<\/div>\n<hr class=\"padding-bottom-2x\" \/>\n<div class=\"row align-items-center padding-bottom-2x\">\n<div class=\"col-md-5\"><img decoding=\"async\" class=\"d-block m-auto img-thumbnail\" src=\"https:\/\/tvc.mx\/media\/501382\/GPS-Dahua.png\" alt=\" \" \/><\/div>\n<div class=\"col-md-7 text-md-left text-center\">\n<h2>GPS<\/h2>\n<p class=\"text-muted\">\n<p>El modulo GPS puede recibir informaci\u00f3n de la localizaci\u00f3n y enviarla al software Mobile Center. Incluso cuando el equipo este offline, puede subir la informaci\u00f3n despu\u00e9s ya que el grabador este online una vez mas, asi podemos rastrear en el E-map del software.<\/p>\n<p>&nbsp;<\/p>\n<\/div>\n<\/div>\n<hr class=\"padding-bottom-2x\" \/>\n<div class=\"row align-items-center padding-bottom-2x\">\n<div class=\"col-md-5 order-md-2\"><img decoding=\"async\" class=\"d-block m-auto img-thumbnail\" src=\"https:\/\/tvc.mx\/media\/483324\/NVR_Movil_PoE_-8canales_IA_2HDD_2-5_SD256_GPS_WiFI_3G-4G_Dahua_DHI-MNVR4208-GFWI_Over_M.png\" alt=\" \" \/><\/div>\n<div class=\"col-md-7 order-md-1 text-md-left text-center\">\n<h2>Especificaciones<\/h2>\n<p class=\"text-muted\">\n<ul>\n<li>Fuente de alimentaci\u00f3n DC 6-36V con el UPS incorporado (Habilita la protecci\u00f3n del sistema en cortes de energ\u00eda normales y bajo voltaje de la bater\u00eda del veh\u00edculo).<\/li>\n<li>El consumo de energ\u00eda 11,1 W (sin perif\u00e9rico)<\/li>\n<li>Bajo consumo de energ\u00eda: &lt;0.1W<\/li>\n<li>Peso bruto 2,93 KG (6,50 lb) (con paquetes)<\/li>\n<li>Dimensiones del producto 1 DIN<\/li>\n<li>Panel frontal: 190 mm \u00d7 60 mm (7,5&#8217;\u00d72,4&#8242;)<\/li>\n<li>Panel trasero: 180 mm \u00d7 50 mm (7,1 &#8216;\u00d7 2,0&#8217;)<\/li>\n<li>Profundidad: 190 mm (7,5&#8242;)<\/li>\n<li>Temperatura de funcionamiento \u201330 \u00b0C a +70 \u00b0C (\u201322 \u00b0F a +158 \u00b0F)<\/li>\n<li>Humedad de funcionamiento 10% &#8211; 90%<\/li>\n<li>Altitud de funcionamiento 5000m<\/li>\n<li>Instalaci\u00f3n Montado antes de salir de f\u00e1brica\/soporte<\/li>\n<li>Certificaciones CE\\FCC\\EN50155\\ISO7637-2\\ISO16750\\BIS<\/li>\n<\/ul>\n<\/div>\n<\/div>\n","protected":false},"excerpt":{"rendered":"<p>Informaci\u00f3n general El MNVR4208-GFWI es un NVR M\u00f3vil que admite 8 canales de entrada para c\u00e1maras IP PoE de hasta 2 MP, admite compresi\u00f3n de video H.265\/smart H.265, con una capacidad para almacenamiento de hasta 2 HDD (hasta 2 TB para cada uno) y 1&hellip;<\/p>\n","protected":false},"featured_media":2525,"comment_status":"open","ping_status":"closed","template":"","meta":{"om_disable_all_campaigns":false,"_monsterinsights_skip_tracking":false,"_monsterinsights_sitenote_active":false,"_monsterinsights_sitenote_note":"","_monsterinsights_sitenote_category":0},"product_brand":[],"product_cat":[161],"product_tag":[159,62,158],"class_list":{"0":"post-2526","1":"product","2":"type-product","3":"status-publish","4":"has-post-thumbnail","6":"product_cat-dvrs-y-nvrs-moviles","7":"product_tag-camara-camion","8":"product_tag-camara-movil","9":"product_tag-camara-transporte","11":"first","12":"instock","13":"sale","14":"taxable","15":"shipping-taxable","16":"purchasable","17":"product-type-simple"},"aioseo_notices":[],"_links":{"self":[{"href":"https:\/\/tecsecmty.com\/index.php\/wp-json\/wp\/v2\/product\/2526","targetHints":{"allow":["GET"]}}],"collection":[{"href":"https:\/\/tecsecmty.com\/index.php\/wp-json\/wp\/v2\/product"}],"about":[{"href":"https:\/\/tecsecmty.com\/index.php\/wp-json\/wp\/v2\/types\/product"}],"replies":[{"embeddable":true,"href":"https:\/\/tecsecmty.com\/index.php\/wp-json\/wp\/v2\/comments?post=2526"}],"version-history":[{"count":0,"href":"https:\/\/tecsecmty.com\/index.php\/wp-json\/wp\/v2\/product\/2526\/revisions"}],"wp:featuredmedia":[{"embeddable":true,"href":"https:\/\/tecsecmty.com\/index.php\/wp-json\/wp\/v2\/media\/2525"}],"wp:attachment":[{"href":"https:\/\/tecsecmty.com\/index.php\/wp-json\/wp\/v2\/media?parent=2526"}],"wp:term":[{"taxonomy":"product_brand","embeddable":true,"href":"https:\/\/tecsecmty.com\/index.php\/wp-json\/wp\/v2\/product_brand?post=2526"},{"taxonomy":"product_cat","embeddable":true,"href":"https:\/\/tecsecmty.com\/index.php\/wp-json\/wp\/v2\/product_cat?post=2526"},{"taxonomy":"product_tag","embeddable":true,"href":"https:\/\/tecsecmty.com\/index.php\/wp-json\/wp\/v2\/product_tag?post=2526"}],"curies":[{"name":"wp","href":"https:\/\/api.w.org\/{rel}","templated":true}]}}