{"id":2530,"date":"2023-02-22T21:09:11","date_gmt":"2023-02-23T03:09:11","guid":{"rendered":"https:\/\/tecsecmty.com\/index.php\/producto\/dahua-mobilecenterbase-licencia-base-de-mobile-center-para-16-canales-de-video-solucion-movil-dahua-100-usuarios-en-linea-windows-10-sobre-pedido\/"},"modified":"2023-03-22T23:22:59","modified_gmt":"2023-03-23T05:22:59","slug":"dahua-mobilecenterbase-licencia-base-de-mobile-center-para-16-canales-de-video-solucion-movil-dahua-100-usuarios-en-linea-windows-10-sobre-pedido","status":"publish","type":"product","link":"https:\/\/tecsecmty.com\/index.php\/producto\/dahua-mobilecenterbase-licencia-base-de-mobile-center-para-16-canales-de-video-solucion-movil-dahua-100-usuarios-en-linea-windows-10-sobre-pedido\/","title":{"rendered":"DAHUA MobileCenterBase &#8211; Licencia Base de Mobile Center para 16 Canales de video\/ Soluci\u00f3n M\u00f3vil Dahua\/ 100 Usuarios en L\u00ednea\/ Windows 10\/ SOBRE PEDIDO"},"content":{"rendered":"<div class=\"row align-items-center padding-bottom-2x\">\n<div class=\"col-md-5\"><img decoding=\"async\" class=\"d-block m-auto img-thumbnail\" src=\"https:\/\/tvc.mx\/media\/133126\/Dahua-Mobile-Center-Logo.jpg\" alt=\" \" \/><\/div>\n<div class=\"col-md-7 text-md-left text-center\">\n<h2>Mobile Center Video Management System<\/h2>\n<p class=\"text-muted\">\n<p>Mobile Center es un potente sistema de software de gesti\u00f3n central todo en uno, dise\u00f1ado espec\u00edficamente para aplicaciones m\u00f3viles. Proporciona control de gesti\u00f3n central y conexiones convenientes a dispositivos Dahua, se conecta f\u00e1cilmente a c\u00e1maras de red, NVR, DVR HDCVI, entre otros. El software proporciona funciones de administraci\u00f3n b\u00e1sicas que incluyen administraci\u00f3n de permisos de usuario, administraci\u00f3n de dispositivos, administraci\u00f3n de alarmas, almacenamiento central y copias de seguridad.<\/p>\n<p>Mobile Center muestra hasta 16 canales de c\u00e1mara separados y puede reproducir videos con capacidades de b\u00fasqueda completas.<\/p>\n<p>&nbsp;<\/p>\n<\/div>\n<\/div>\n<hr class=\"padding-bottom-2x\" \/>\n<div class=\"row align-items-center padding-bottom-2x\">\n<div class=\"col-md-5 order-md-2\"><img decoding=\"async\" class=\"d-block m-auto img-thumbnail\" src=\"https:\/\/tvc.mx\/media\/133130\/Logo-Onvif-400x300.jpg\" alt=\" \" \/><\/div>\n<div class=\"col-md-7 order-md-1 text-md-left text-center\">\n<h2>Compatibilidad<\/h2>\n<p class=\"text-muted\">\n<p>Mobile Center es compatible con todas las c\u00e1maras IP y grabadores de video de Dahua. El servidor tambi\u00e9n es compatible con el protocolo ONVIF, para que pueda conectarse a dispositivos de terceros habilitados para estandar ONVIF.<\/p>\n<p>&nbsp;<\/p>\n<\/div>\n<\/div>\n<hr class=\"padding-bottom-2x\" \/>\n<div class=\"row align-items-center padding-bottom-2x\">\n<div class=\"col-md-5\"><img decoding=\"async\" class=\"d-block m-auto img-thumbnail\" src=\"https:\/\/tvc.mx\/media\/133134\/Dahua-Fisheye-Dewarping-400x300.jpg\" alt=\" \" \/><\/div>\n<div class=\"col-md-7 text-md-left text-center\">\n<h2>Soporta c\u00e1maras fisheye<\/h2>\n<p class=\"text-muted\">\n<p>El software cuenta con soporte completo para c\u00e1maras Dahua Fisheye. Admite opciones para la instalaci\u00f3n de la c\u00e1mara Fisheye y ofrece modos de dewarp.<\/p>\n<p>La funcion dewarping resuelve el problema de la distorsi\u00f3n en el vista panor\u00e1mica circular en los modos en vivo o de reproducci\u00f3n.<\/p>\n<p>&nbsp;<\/p>\n<\/div>\n<\/div>\n<hr class=\"padding-bottom-2x\" \/>\n<div class=\"row align-items-center padding-bottom-2x\">\n<div class=\"col-md-5 order-md-2\"><img decoding=\"async\" class=\"d-block m-auto img-thumbnail\" src=\"https:\/\/tvc.mx\/media\/133138\/Logo-dahua-400x300.jpg\" alt=\" \" \/><\/div>\n<div class=\"col-md-7 order-md-1 text-md-left text-center\">\n<h2>Principales caracter\u00edsticas<\/h2>\n<p class=\"text-muted\">\n<ul>\n<li>Compatible con c\u00e1maras de IP, NVR y DVR HDCVI de Dahua.<\/li>\n<li>Se conecta a dispositivos de terceros a trav\u00e9s del protocolo ONVIF est\u00e1ndar.<\/li>\n<li>Admite implementaci\u00f3n de LAN, WAN, Wi-Fi, 3G y 4G.<\/li>\n<li>Permite inicializaci\u00f3n y gesti\u00f3n de dispositivos.<\/li>\n<li>Configurar la administraci\u00f3n de roles y usuarios y administrar permisos.<\/li>\n<li>Reproducci\u00f3n de video en vivo desde el dispositivo final.<\/li>\n<li>Ofrece correcci\u00f3n de distorsi\u00f3n (Dewarping) de la c\u00e1mara ojo de pez en vi<\/li>\n<\/ul>\n<\/div>\n<\/div>\n","protected":false},"excerpt":{"rendered":"<p>Mobile Center Video Management System Mobile Center es un potente sistema de software de gesti\u00f3n central todo en uno, dise\u00f1ado espec\u00edficamente para aplicaciones m\u00f3viles. Proporciona control de gesti\u00f3n central y conexiones convenientes a dispositivos Dahua, se conecta f\u00e1cilmente a c\u00e1maras de red, NVR, DVR HDCVI,&hellip;<\/p>\n","protected":false},"featured_media":2529,"comment_status":"open","ping_status":"closed","template":"","meta":{"om_disable_all_campaigns":false,"_monsterinsights_skip_tracking":false,"_monsterinsights_sitenote_active":false,"_monsterinsights_sitenote_note":"","_monsterinsights_sitenote_category":0},"product_brand":[],"product_cat":[161],"product_tag":[159,62,158],"class_list":{"0":"post-2530","1":"product","2":"type-product","3":"status-publish","4":"has-post-thumbnail","6":"product_cat-dvrs-y-nvrs-moviles","7":"product_tag-camara-camion","8":"product_tag-camara-movil","9":"product_tag-camara-transporte","11":"first","12":"instock","13":"sale","14":"taxable","15":"shipping-taxable","16":"purchasable","17":"product-type-simple"},"aioseo_notices":[],"_links":{"self":[{"href":"https:\/\/tecsecmty.com\/index.php\/wp-json\/wp\/v2\/product\/2530","targetHints":{"allow":["GET"]}}],"collection":[{"href":"https:\/\/tecsecmty.com\/index.php\/wp-json\/wp\/v2\/product"}],"about":[{"href":"https:\/\/tecsecmty.com\/index.php\/wp-json\/wp\/v2\/types\/product"}],"replies":[{"embeddable":true,"href":"https:\/\/tecsecmty.com\/index.php\/wp-json\/wp\/v2\/comments?post=2530"}],"version-history":[{"count":0,"href":"https:\/\/tecsecmty.com\/index.php\/wp-json\/wp\/v2\/product\/2530\/revisions"}],"wp:featuredmedia":[{"embeddable":true,"href":"https:\/\/tecsecmty.com\/index.php\/wp-json\/wp\/v2\/media\/2529"}],"wp:attachment":[{"href":"https:\/\/tecsecmty.com\/index.php\/wp-json\/wp\/v2\/media?parent=2530"}],"wp:term":[{"taxonomy":"product_brand","embeddable":true,"href":"https:\/\/tecsecmty.com\/index.php\/wp-json\/wp\/v2\/product_brand?post=2530"},{"taxonomy":"product_cat","embeddable":true,"href":"https:\/\/tecsecmty.com\/index.php\/wp-json\/wp\/v2\/product_cat?post=2530"},{"taxonomy":"product_tag","embeddable":true,"href":"https:\/\/tecsecmty.com\/index.php\/wp-json\/wp\/v2\/product_tag?post=2530"}],"curies":[{"name":"wp","href":"https:\/\/api.w.org\/{rel}","templated":true}]}}