{"id":2532,"date":"2023-02-22T21:09:14","date_gmt":"2023-02-23T03:09:14","guid":{"rendered":"https:\/\/tecsecmty.com\/index.php\/producto\/dahua-eec300-modulo-de-control-recoleccion-de-datos-soporta-4-bases-eec300d8-n1-pantalla-touch-de-13-3-pulgadas-administra-la-recoleccion-de-datos-de-multiples-dispositivos-mpt-220-lonuevo\/"},"modified":"2023-03-22T23:22:37","modified_gmt":"2023-03-23T05:22:37","slug":"dahua-eec300-modulo-de-control-recoleccion-de-datos-soporta-4-bases-eec300d8-n1-pantalla-touch-de-13-3-pulgadas-administra-la-recoleccion-de-datos-de-multiples-dispositivos-mpt-220-lonuevo","status":"publish","type":"product","link":"https:\/\/tecsecmty.com\/index.php\/producto\/dahua-eec300-modulo-de-control-recoleccion-de-datos-soporta-4-bases-eec300d8-n1-pantalla-touch-de-13-3-pulgadas-administra-la-recoleccion-de-datos-de-multiples-dispositivos-mpt-220-lonuevo\/","title":{"rendered":"DAHUA EEC300 &#8211; Modulo de Control\/ Recolecci\u00f3n de Datos\/ Soporta 4 bases EEC300D8-N1\/ Pantalla Touch de 13.3 Pulgadas\/ Administra la Recolecci\u00f3n de Datos de Multiples Dispositivos MPT-220\/ #LoNuevo"},"content":{"rendered":"<div class=\"row aling-items-center padding-bottom-2x\">\n<div class=\"col-lg-12\">\n<h5 class=\"card-title text-center\">Informaci\u00f3n General<\/h5>\n<p>La estaci\u00f3n de recopilaci\u00f3n de datos de Dahua es un sistema de recopilaci\u00f3n de datos que se compone de un m\u00f3dulo de control y un m\u00f3dulo de recopilaci\u00f3n de datos, y puede cargar, identificar y autenticar autom\u00e1ticamente terminales m\u00f3viles port\u00e1tiles (MPT).<\/p>\n<p>Recopila autom\u00e1ticamente evidencias digitales (como videos, audios y fotos) de MPT, marca archivos importantes, busca y reproduce los archivos de grabaci\u00f3n a trav\u00e9s de la pantalla local o el cliente web.<\/p>\n<p><img decoding=\"async\" class=\"overview-center-img-web\" src=\"https:\/\/tvc.mx\/media\/470212\/controlador-que-soporta-4-baases-EEC300D8-N1-EEC300-Dahua.png\" alt=\"\" \/><\/div>\n<\/div>\n<div class=\"row align-items-center padding-bottom-2x\">\n<div class=\"col-md-5\"><img decoding=\"async\" class=\"d-block m-auto img-thumbnail\" src=\"https:\/\/tvc.mx\/media\/470214\/ciber-seguridad-dahua.png\" alt=\" \" \/><\/div>\n<div class=\"col-md-7 text-md-left text-center\">\n<h2>Gesti\u00f3n de seguridad<\/h2>\n<p class=\"text-muted\">\n<p>Dise\u00f1o de bloqueo electr\u00f3nico para el muelle en la estaci\u00f3n de recopilaci\u00f3n de datos: cada muelle se puede desbloquear usando la cara, la huella digital y la contrase\u00f1a a trav\u00e9s del m\u00f3dulo de control. Tambi\u00e9n admite un toque para desbloquear todos los muelles.<\/p>\n<p>&nbsp;<\/p>\n<\/div>\n<\/div>\n<hr class=\"padding-bottom-2x\" \/>\n<div class=\"row align-items-center padding-bottom-2x\">\n<div class=\"col-md-5 order-md-2\"><img decoding=\"async\" class=\"d-block m-auto img-thumbnail\" src=\"https:\/\/tvc.mx\/media\/470216\/instalcion-sencilla-HTI-UC320-dahua.png\" alt=\" \" \/><\/div>\n<div class=\"col-md-7 order-md-1 text-md-left text-center\">\n<h2>F\u00e1cil instalaci\u00f3n<\/h2>\n<p class=\"text-muted\">\n<p>Presenta un dise\u00f1o dividido montado en la pared con M\u00f3dulo de Control y M\u00f3dulo de Recolecci\u00f3n de Datos que se pueden instalar y quitar por separado. Soporte para instalar en la pared y soporte m\u00f3vil, flexible para usar.<\/p>\n<p>&nbsp;<\/p>\n<\/div>\n<\/div>\n<hr class=\"padding-bottom-2x\" \/>\n<div class=\"row align-items-center padding-bottom-2x\">\n<div class=\"col-md-5\"><img decoding=\"async\" class=\"d-block m-auto img-thumbnail\" src=\"https:\/\/tvc.mx\/media\/470218\/controlador-que-soporta-4-baases-EEC300D8-N1-EEC300-Dahua-caracteristicas.png\" alt=\" \" \/><\/div>\n<div class=\"col-md-7 text-md-left text-center\">\n<h2>Principales Caracter\u00edsticas<\/h2>\n<p class=\"text-muted\">\n<ul>\n<li>Inicie sesi\u00f3n en el sistema por cara, huella digital y contrase\u00f1a.<\/li>\n<li>El M\u00f3dulo de Control debe conectar al menos 1 M\u00f3dulo de Recolecci\u00f3n de Datos, y se pueden conectar hasta 4.<\/li>\n<li>Descargue archivos de grabaci\u00f3n de MPT y cargue MPT una vez conectado.<\/li>\n<li>Con pantalla t\u00e1ctil y cliente web, el cliente autorizado puede buscar, reproducir y descargar grabaciones, marcar archivos importantes f\u00e1cilmente.<\/li>\n<li>Busque archivos por hora, tipo de archivo (video, audio, imagen), ID de usuario, etc.<\/li>\n<li>Admite un toque para desbloquear los muelles en el m\u00f3dulo de recopilaci\u00f3n de datos.<\/li>\n<li>Admite la actualizaci\u00f3n del firmware MPT de forma autom\u00e1tica o manual.<\/li>\n<\/ul>\n<p>&nbsp;<\/p>\n<\/div>\n<\/div>\n<hr class=\"padding-bottom-2x\" \/>\n<div class=\"row align-items-center padding-bottom-2x\">\n<div class=\"col-md-5 order-md-2\"><img decoding=\"async\" class=\"d-block m-auto img-thumbnail\" src=\"https:\/\/tvc.mx\/media\/470220\/controlador-que-soporta-4-baases-EEC300D8-N1-EEC300-Dahua-especificaciones.png\" alt=\" \" \/><\/div>\n<div class=\"col-md-7 order-md-1 text-md-left text-center\">\n<h2>Especificaciones<\/h2>\n<p class=\"text-muted\">\n<ul>\n<li>LCD de 13,3&#8243;<\/li>\n<li>Resoluci\u00f3n 1080p<\/li>\n<li>C\u00e1mara HD CMOS de 2MP<\/li>\n<li>Luz blanca: S\u00ed (solo habilitado autom\u00e1ticamente en escenarios de reconocimiento facial)<\/li>\n<li>2 (USB 2.0 y USB 3.0)<\/li>\n<li>6 \u00d7 SATA3.0; m\u00e1x. 10 TB para un disco duro. Use al menos 2 HDD para una velocidad de recopilaci\u00f3n \u00f3ptima<\/li>\n<li>Reconocimiento facial S\u00ed. m\u00e1x. 330 bases de datos de rostros<\/li>\n<li>Identificaci\u00f3n de huellas dactilares: S\u00ed. m\u00e1x. 1000 bases de datos de huellas dactilares<\/li>\n<li>Fuente de alimentaci\u00f3n 100\u2013240 V CA, 50\/60 Hz<\/li>\n<li>Bater\u00eda de Litio 2600 mAh-7.26 V-8.4 Vchr-1.3 AIcr-520 mAIdr<\/li>\n<\/ul>\n<\/div>\n<\/div>\n","protected":false},"excerpt":{"rendered":"<p>Informaci\u00f3n General La estaci\u00f3n de recopilaci\u00f3n de datos de Dahua es un sistema de recopilaci\u00f3n de datos que se compone de un m\u00f3dulo de control y un m\u00f3dulo de recopilaci\u00f3n de datos, y puede cargar, identificar y autenticar autom\u00e1ticamente terminales m\u00f3viles port\u00e1tiles (MPT). Recopila autom\u00e1ticamente&hellip;<\/p>\n","protected":false},"featured_media":2531,"comment_status":"open","ping_status":"closed","template":"","meta":{"om_disable_all_campaigns":false,"_monsterinsights_skip_tracking":false,"_monsterinsights_sitenote_active":false,"_monsterinsights_sitenote_note":"","_monsterinsights_sitenote_category":0},"product_brand":[],"product_cat":[162],"product_tag":[159,62,158],"class_list":{"0":"post-2532","1":"product","2":"type-product","3":"status-publish","4":"has-post-thumbnail","6":"product_cat-portatiles","7":"product_tag-camara-camion","8":"product_tag-camara-movil","9":"product_tag-camara-transporte","11":"first","12":"instock","13":"sale","14":"taxable","15":"shipping-taxable","16":"purchasable","17":"product-type-simple"},"aioseo_notices":[],"_links":{"self":[{"href":"https:\/\/tecsecmty.com\/index.php\/wp-json\/wp\/v2\/product\/2532","targetHints":{"allow":["GET"]}}],"collection":[{"href":"https:\/\/tecsecmty.com\/index.php\/wp-json\/wp\/v2\/product"}],"about":[{"href":"https:\/\/tecsecmty.com\/index.php\/wp-json\/wp\/v2\/types\/product"}],"replies":[{"embeddable":true,"href":"https:\/\/tecsecmty.com\/index.php\/wp-json\/wp\/v2\/comments?post=2532"}],"version-history":[{"count":0,"href":"https:\/\/tecsecmty.com\/index.php\/wp-json\/wp\/v2\/product\/2532\/revisions"}],"wp:featuredmedia":[{"embeddable":true,"href":"https:\/\/tecsecmty.com\/index.php\/wp-json\/wp\/v2\/media\/2531"}],"wp:attachment":[{"href":"https:\/\/tecsecmty.com\/index.php\/wp-json\/wp\/v2\/media?parent=2532"}],"wp:term":[{"taxonomy":"product_brand","embeddable":true,"href":"https:\/\/tecsecmty.com\/index.php\/wp-json\/wp\/v2\/product_brand?post=2532"},{"taxonomy":"product_cat","embeddable":true,"href":"https:\/\/tecsecmty.com\/index.php\/wp-json\/wp\/v2\/product_cat?post=2532"},{"taxonomy":"product_tag","embeddable":true,"href":"https:\/\/tecsecmty.com\/index.php\/wp-json\/wp\/v2\/product_tag?post=2532"}],"curies":[{"name":"wp","href":"https:\/\/api.w.org\/{rel}","templated":true}]}}