{"id":2536,"date":"2023-02-22T21:09:17","date_gmt":"2023-02-23T03:09:17","guid":{"rendered":"https:\/\/tecsecmty.com\/index.php\/producto\/dahua-mpt220-camara-portatil-de-video-pantalla-touch-de-2-resolucion-de-imagen-de-hasta-34mp-h264-y-h265-2g-3g-4g-wifi-bluetooth-nfc-gps-lonuevo\/"},"modified":"2023-03-22T23:22:59","modified_gmt":"2023-03-23T05:22:59","slug":"dahua-mpt220-camara-portatil-de-video-pantalla-touch-de-2-resolucion-de-imagen-de-hasta-34mp-h264-y-h265-2g-3g-4g-wifi-bluetooth-nfc-gps-lonuevo","status":"publish","type":"product","link":"https:\/\/tecsecmty.com\/index.php\/producto\/dahua-mpt220-camara-portatil-de-video-pantalla-touch-de-2-resolucion-de-imagen-de-hasta-34mp-h264-y-h265-2g-3g-4g-wifi-bluetooth-nfc-gps-lonuevo\/","title":{"rendered":"DAHUA MPT220- C\u00e1mara Port\u00e1til de V\u00eddeo \/ Pantalla Touch de 2&#8243; \/ Resoluci\u00f3n de imagen de hasta 34MP \/ H264 y H265\/ 2G \/ 3G \/ 4G, WiFi, Bluetooth, NFC, GPS\/ #LoNuevo"},"content":{"rendered":"<div class=\"row aling-items-center padding-bottom-2x\">\n<div class=\"col-lg-12\">\n<h5 class=\"card-title text-center\">Informaci\u00f3n General<\/h5>\n<p>Con un dise\u00f1o ergon\u00f3mico, el\u00a0<strong>DH-MPT220<\/strong>\u00a0puede ser una buena opci\u00f3n para recolectar evidencia para la aplicaci\u00f3n de la ley. Admite una pulsaci\u00f3n para iniciar la grabaci\u00f3n en tiempo real de alta definici\u00f3n, tomar fotos, PTT, \u00fatil para la justicia, las inspecciones de seguridad y el control de procesos.<\/p>\n<p><img decoding=\"async\" class=\"overview-center-img-web\" src=\"https:\/\/tvc.mx\/media\/468684\/camara-portatil-de-video-pantalla-touch-2-pulgadas-wifi-MPT220-Dahua.png\" alt=\"\" \/><\/div>\n<\/div>\n<div class=\"row align-items-center padding-bottom-2x\">\n<div class=\"col-md-5\"><img decoding=\"async\" class=\"d-block m-auto img-thumbnail\" src=\"https:\/\/tvc.mx\/media\/468686\/amplio-nagulo-de-vision-dahua.png\" alt=\" \" \/><\/div>\n<div class=\"col-md-7 text-md-left text-center\">\n<h2>Gran vista angular<\/h2>\n<p class=\"text-muted\">\n<p>Con una lente ultra gran angular de 124 \u00b0, la gama de elementos de imagen capturados es m\u00e1s amplia.<\/p>\n<p>&nbsp;<\/p>\n<\/div>\n<\/div>\n<hr class=\"padding-bottom-2x\" \/>\n<div class=\"row align-items-center padding-bottom-2x\">\n<div class=\"col-md-5 order-md-2\"><img decoding=\"async\" class=\"d-block m-auto img-thumbnail\" src=\"https:\/\/tvc.mx\/media\/468688\/h.264-y-h.265-dahua.png\" alt=\" \" \/><\/div>\n<div class=\"col-md-7 order-md-1 text-md-left text-center\">\n<h2>Compresi\u00f3n de video<\/h2>\n<p class=\"text-muted\">\n<p>Admite los est\u00e1ndares de compresi\u00f3n de video H.265\/H.264 que ofrecen un control de tasa de bits adaptativo para mejorar la calidad del video con requisitos de almacenamiento y ancho de banda reducidos.<\/p>\n<p>&nbsp;<\/p>\n<\/div>\n<\/div>\n<hr class=\"padding-bottom-2x\" \/>\n<div class=\"row align-items-center padding-bottom-2x\">\n<div class=\"col-md-5\"><img decoding=\"async\" class=\"d-block m-auto img-thumbnail\" src=\"https:\/\/tvc.mx\/media\/571167\/Dahua-MPT220-GPS-over.png\" alt=\" \" \/><\/div>\n<div class=\"col-md-7 text-md-left text-center\">\n<h2>Localizaci\u00f3n GPS<\/h2>\n<p class=\"text-muted\">\n<p>El MPT220 puede mandarnos informaci\u00f3n en pantalla del software Mobile Center como la GPS, la cual nos ayuda a saber el punto exacto donde se encuentra el dispositivo y de esta manera tener un mayor control del personal.<\/p>\n<p>&nbsp;<\/p>\n<\/div>\n<\/div>\n<hr class=\"padding-bottom-2x\" \/>\n<div class=\"row align-items-center padding-bottom-2x\">\n<div class=\"col-md-5\"><img decoding=\"async\" class=\"d-block m-auto img-thumbnail\" src=\"https:\/\/tvc.mx\/media\/468690\/camara-portatil-de-video-pantalla-touch-2-pulgadas-wifi-MPT220-Dahua-caracteristicas.png\" alt=\" \" \/><\/div>\n<div class=\"col-md-7 text-md-left text-center\">\n<h2>Principales Caracter\u00edsticas<\/h2>\n<p class=\"text-muted\">\n<ul>\n<li>Android 9.0.<\/li>\n<li>CPU de alto rendimiento de 8 n\u00facleos a 1,8 GHz.<\/li>\n<li>Pantalla t\u00e1ctil de 2.0&#8243;.<\/li>\n<li>Admite grabaci\u00f3n de 1080p<\/li>\n<li>Codificaci\u00f3n de alta compresi\u00f3n H.265\/H.264.<\/li>\n<li>Admite red celular 2G\/3G\/4G, WiFi, Bluetooth, NFC, posicionamiento GPS\/ GLONALL.<\/li>\n<li>Iluminaci\u00f3n LED y modo IR autom\u00e1tico, superposici\u00f3n OSD.<\/li>\n<\/ul>\n<p>&nbsp;<\/p>\n<\/div>\n<\/div>\n<hr class=\"padding-bottom-2x\" \/>\n<div class=\"row align-items-center padding-bottom-2x\">\n<div class=\"col-md-5 order-md-2\"><img decoding=\"async\" class=\"d-block m-auto img-thumbnail\" src=\"https:\/\/tvc.mx\/media\/468692\/camara-portatil-de-video-pantalla-touch-2-pulgadas-wifi-MPT220-Dahua-especificaciones.png\" alt=\" \" \/><\/div>\n<div class=\"col-md-7 order-md-1 text-md-left text-center\">\n<h2>Especificaciones<\/h2>\n<p class=\"text-muted\">\n<ul>\n<li>Memoria interna: La capacidad de almacenamiento es de 16 GB.<\/li>\n<li>Ranura para tarjetas TF: La capacidad de almacenamiento se puede ampliar hasta 256 GB.<\/li>\n<li>Tama\u00f1o de pantalla 2,0&#8243;<\/li>\n<li>Pantalla t\u00e1ctil capacitiva multipunto<\/li>\n<li>Compresi\u00f3n de video H.264 y H.265, H.265 por defecto<\/li>\n<li>Wifi 2,4 GB\/5 GHz, 802.11 a\/b\/g\/n\/ac<\/li>\n<li>Bluetooth<\/li>\n<li>IP68; prueba de ca\u00edda de 2 metros<\/li>\n<\/ul>\n<\/div>\n<\/div>\n","protected":false},"excerpt":{"rendered":"<p>Informaci\u00f3n General Con un dise\u00f1o ergon\u00f3mico, el\u00a0DH-MPT220\u00a0puede ser una buena opci\u00f3n para recolectar evidencia para la aplicaci\u00f3n de la ley. Admite una pulsaci\u00f3n para iniciar la grabaci\u00f3n en tiempo real de alta definici\u00f3n, tomar fotos, PTT, \u00fatil para la justicia, las inspecciones de seguridad y&hellip;<\/p>\n","protected":false},"featured_media":2535,"comment_status":"open","ping_status":"closed","template":"","meta":{"om_disable_all_campaigns":false,"_monsterinsights_skip_tracking":false,"_monsterinsights_sitenote_active":false,"_monsterinsights_sitenote_note":"","_monsterinsights_sitenote_category":0},"product_brand":[],"product_cat":[162],"product_tag":[159,62,158],"class_list":{"0":"post-2536","1":"product","2":"type-product","3":"status-publish","4":"has-post-thumbnail","6":"product_cat-portatiles","7":"product_tag-camara-camion","8":"product_tag-camara-movil","9":"product_tag-camara-transporte","11":"first","12":"instock","13":"sale","14":"taxable","15":"shipping-taxable","16":"purchasable","17":"product-type-simple"},"aioseo_notices":[],"_links":{"self":[{"href":"https:\/\/tecsecmty.com\/index.php\/wp-json\/wp\/v2\/product\/2536","targetHints":{"allow":["GET"]}}],"collection":[{"href":"https:\/\/tecsecmty.com\/index.php\/wp-json\/wp\/v2\/product"}],"about":[{"href":"https:\/\/tecsecmty.com\/index.php\/wp-json\/wp\/v2\/types\/product"}],"replies":[{"embeddable":true,"href":"https:\/\/tecsecmty.com\/index.php\/wp-json\/wp\/v2\/comments?post=2536"}],"version-history":[{"count":0,"href":"https:\/\/tecsecmty.com\/index.php\/wp-json\/wp\/v2\/product\/2536\/revisions"}],"wp:featuredmedia":[{"embeddable":true,"href":"https:\/\/tecsecmty.com\/index.php\/wp-json\/wp\/v2\/media\/2535"}],"wp:attachment":[{"href":"https:\/\/tecsecmty.com\/index.php\/wp-json\/wp\/v2\/media?parent=2536"}],"wp:term":[{"taxonomy":"product_brand","embeddable":true,"href":"https:\/\/tecsecmty.com\/index.php\/wp-json\/wp\/v2\/product_brand?post=2536"},{"taxonomy":"product_cat","embeddable":true,"href":"https:\/\/tecsecmty.com\/index.php\/wp-json\/wp\/v2\/product_cat?post=2536"},{"taxonomy":"product_tag","embeddable":true,"href":"https:\/\/tecsecmty.com\/index.php\/wp-json\/wp\/v2\/product_tag?post=2536"}],"curies":[{"name":"wp","href":"https:\/\/api.w.org\/{rel}","templated":true}]}}