{"id":2541,"date":"2023-02-22T21:45:20","date_gmt":"2023-02-23T03:45:20","guid":{"rendered":"https:\/\/tecsecmty.com\/index.php\/producto\/dahua-cooper-b1a21-28-camara-bullet-de-2-megapixeles-1080p-lente-de-2-8-mm-100-grados-de-apertura-ir-de-20-metros-ip67-soporta-cvi-tvi-ahd-y-cvbs-lonuevo\/"},"modified":"2023-03-22T23:22:21","modified_gmt":"2023-03-23T05:22:21","slug":"dahua-cooper-b1a21-28-camara-bullet-de-2-megapixeles-1080p-lente-de-2-8-mm-100-grados-de-apertura-ir-de-20-metros-ip67-soporta-cvi-tvi-ahd-y-cvbs-lonuevo","status":"publish","type":"product","link":"https:\/\/tecsecmty.com\/index.php\/producto\/dahua-cooper-b1a21-28-camara-bullet-de-2-megapixeles-1080p-lente-de-2-8-mm-100-grados-de-apertura-ir-de-20-metros-ip67-soporta-cvi-tvi-ahd-y-cvbs-lonuevo\/","title":{"rendered":"DAHUA COOPER B1A21-28 &#8211; Camara Bullet de 2 Megapixeles\/ 1080p\/ Lente de 2.8 mm\/ 100 Grados de Apertura\/ IR de 20 Metros\/ IP67\/ Soporta: CVI\/TVI\/AHD y CVBS\/ #LoNuevo"},"content":{"rendered":"<div class=\"row aling-items-center padding-bottom-2x\">\n<div class=\"col-lg-12\">\n<h5 class=\"card-title text-center\">Informaci\u00f3n general<\/h5>\n<p class=\"ql-align-justify\">La Serie Cooper ofrece soluciones HDCVI simples y altamente rentables. Brinda monitoreo confiable las 24 horas del d\u00eda, los 7 d\u00edas de la semana con un rendimiento de imagen de alta calidad, lo que ahorra costos tanto en materiales como en mano de obra. Tambi\u00e9n est\u00e1 dise\u00f1ado y construido seg\u00fan los est\u00e1ndares espec\u00edficos de Dahua.<\/p>\n<p><img decoding=\"async\" class=\"overview-center-img-web\" src=\"https:\/\/tvc.mx\/media\/557195\/Dahua-DH-HAC-B1A21-Camara-Bullet-2-Megapixeles-1080p-banner-principal.png\" alt=\"Camara bullet\" \/><\/div>\n<\/div>\n<div class=\"row align-items-center padding-bottom-2x\">\n<div class=\"col-md-5\"><img decoding=\"async\" class=\"d-block m-auto img-thumbnail\" src=\"https:\/\/tvc.mx\/media\/557199\/IP67-dahua.png\" alt=\" Protecci\u00f3n\" \/><\/div>\n<div class=\"col-md-7 text-md-left text-center\">\n<h2>Protecci\u00f3n IP67<\/h2>\n<p class=\"text-muted\">\n<p>IP67: la c\u00e1mara super\u00f3 una serie de rigurosas pruebas de polvo e inmersi\u00f3n. Su carcasa es a prueba de polvo e impermeable, y puede funcionar normalmente mientras se sumerge en agua a 1 m de profundidad durante un m\u00e1ximo de 30 minutos.<\/p>\n<p class=\"ql-align-justify\">Amplio voltaje: la c\u00e1mara tiene una tolerancia de voltaje de entrada de \u00b130 % (para algunas fuentes de alimentaci\u00f3n) y un amplio rango de voltaje, lo que la hace adecuada para una variedad de escenarios al aire libre.<\/p>\n<p>&nbsp;<\/p>\n<\/div>\n<\/div>\n<hr class=\"padding-bottom-2x\" \/>\n<div class=\"row align-items-center padding-bottom-2x\">\n<div class=\"col-md-5 order-md-2\"><img decoding=\"async\" class=\"d-block m-auto img-thumbnail\" src=\"https:\/\/tvc.mx\/media\/557215\/Iluminadores-inteligentes-dahua.png\" alt=\" iluminaci\u00f3n inteligente\" \/><\/div>\n<div class=\"col-md-7 order-md-1 text-md-left text-center\">\n<h2>Iluminaci\u00f3n IR inteligente<\/h2>\n<p class=\"text-muted\">\n<p class=\"ql-align-justify\">Con su iluminaci\u00f3n IR, la c\u00e1mara proporciona un rendimiento \u00f3ptimo en condiciones de poca luz, asegurando la uniformidad en el brillo de las im\u00e1genes en blanco y negro. A trav\u00e9s de su tecnolog\u00eda IR inteligente, la c\u00e1mara tambi\u00e9n compensa la distancia de los objetivos ajustando la intensidad de sus LED IR, evitando la sobre exposici\u00f3n de las im\u00e1genes a medida que los objetivos se acercan a la c\u00e1mara.<\/p>\n<p>&nbsp;<\/p>\n<\/div>\n<\/div>\n<hr class=\"padding-bottom-2x\" \/>\n<div class=\"row align-items-center padding-bottom-2x\">\n<div class=\"col-md-5\"><img decoding=\"async\" class=\"d-block m-auto img-thumbnail\" src=\"https:\/\/tvc.mx\/media\/557223\/4-se%C3%B1ales-sobre-1-cable-coaxial-Dahua.png\" alt=\" Tecnolog\u00eda HDCVI\" \/><\/div>\n<div class=\"col-md-7 text-md-left text-center\">\n<h2>4 Se\u00f1ales sobre 1 cable coaxial<\/h2>\n<p class=\"text-muted\">\n<p class=\"ql-align-justify\">La tecnolog\u00eda HDCVI admite 4 se\u00f1ales (video, audio*, datos y alimentaci\u00f3n) que se transmiten simult\u00e1neamente a trav\u00e9s de un cable coaxial. La transmisi\u00f3n de datos bidireccional permite que la c\u00e1mara HDCVI interact\u00fae con el XVR para realizar diversas acciones, como enviar se\u00f1ales de control y activar alarmas. La tecnolog\u00eda HDCVI tambi\u00e9n es compatible con PoC, lo que hace que la c\u00e1mara sea f\u00e1cil y r\u00e1pida de instalar.<\/p>\n<p>&nbsp;<\/p>\n<\/div>\n<\/div>\n<hr class=\"padding-bottom-2x\" \/>\n<div class=\"row align-items-center padding-bottom-2x\">\n<div class=\"col-md-5\"><img decoding=\"async\" class=\"d-block m-auto img-thumbnail\" src=\"https:\/\/tvc.mx\/media\/557227\/HDCVI-dahua.png\" alt=\" Tecnologia HDCVI\" \/><\/div>\n<div class=\"col-md-7 text-md-left text-center\">\n<h2>Transmisi\u00f3n de larga distancia<\/h2>\n<p class=\"text-muted\">\n<p class=\"ql-align-justify\">La tecnolog\u00eda HDCVI proporciona transmisi\u00f3n de larga distancia en tiempo real sin p\u00e9rdida de transmisi\u00f3n. Admite distancias de transmisi\u00f3n de hasta 700 m para videos HD de 2 MP\/5 MP\/8 MP a trav\u00e9s de cables coaxiales y hasta 300 m a trav\u00e9s de cables UTP. Los resultados se obtuvieron y verificaron mediante pruebas rigurosas en el laboratorio de pruebas de Dahua.<\/p>\n<p>&nbsp;<\/p>\n<\/div>\n<\/div>\n<hr class=\"padding-bottom-2x\" \/>\n<div class=\"row align-items-center padding-bottom-2x\">\n<div class=\"col-md-5 order-md-2\"><img decoding=\"async\" class=\"d-block m-auto img-thumbnail\" src=\"https:\/\/tvc.mx\/media\/557259\/Dahua-DH-HAC-B1A21-Camara-Bullet-2-Megapixeles-1080p-carcateristicas-principales.png\" alt=\" caracteristicas\" \/><\/div>\n<div class=\"col-md-7 order-md-1 text-md-left text-center\">\n<h2>Caracter\u00edsticas Principales<\/h2>\n<p class=\"text-muted\">\n<p class=\"ql-align-justify\"><strong>\u00b7\u00a0<\/strong>m\u00e1x. 30 fps@1080p<\/p>\n<p class=\"ql-align-justify\"><strong>\u00b7\u00a0<\/strong>CVI\/CVBS\/AHD\/TVI conmutable<\/p>\n<p class=\"ql-align-justify\"><strong>\u00b7\u00a0<\/strong>Lente fijo de 2.8 mm<\/p>\n<p class=\"ql-align-justify\"><strong>\u00b7\u00a0<\/strong>m\u00e1x. Longitud IR 20 m, IR inteligente<\/p>\n<p class=\"ql-align-justify\"><strong>\u00b7\u00a0<\/strong>IP67,12 VDC<\/p>\n<p>&nbsp;<\/p>\n<\/div>\n<\/div>\n<hr class=\"padding-bottom-2x\" \/>\n<div class=\"row align-items-center padding-bottom-2x\">\n<div class=\"col-md-5\"><img decoding=\"async\" class=\"d-block m-auto img-thumbnail\" src=\"https:\/\/tvc.mx\/media\/557263\/Dahua-DH-HAC-B1A21-Camara-Bullet-2-Megapixeles-1080p-Especificaciones-tecnicas.png\" alt=\" \" \/><\/div>\n<div class=\"col-md-7 text-md-left text-center\">\n<h2>Especificaciones T\u00e9cnicas<\/h2>\n<p class=\"text-muted\">\n<p>CMOS 2 Megapixeles<\/p>\n<p>M\u00e1x. Resoluci\u00f3n 1920 (H) x 1080 (V)<\/p>\n<p>Sistema escaneo progresivo<\/p>\n<p>Distancia de iluminaci\u00f3n 20 m (65.62 pies)<\/p>\n<p>Numero de iluminador: 2 (luz infrarroja)<\/p>\n<p>Relaci\u00f3n se\u00f1al\/ruido &gt; 65 dB<\/p>\n<\/div>\n<\/div>\n","protected":false},"excerpt":{"rendered":"<p>Informaci\u00f3n general La Serie Cooper ofrece soluciones HDCVI simples y altamente rentables. Brinda monitoreo confiable las 24 horas del d\u00eda, los 7 d\u00edas de la semana con un rendimiento de imagen de alta calidad, lo que ahorra costos tanto en materiales como en mano de&hellip;<\/p>\n","protected":false},"featured_media":2540,"comment_status":"open","ping_status":"closed","template":"","meta":{"om_disable_all_campaigns":false,"_monsterinsights_skip_tracking":false,"_monsterinsights_sitenote_active":false,"_monsterinsights_sitenote_note":"","_monsterinsights_sitenote_category":0},"product_brand":[],"product_cat":[164],"product_tag":[42,165,166,151],"class_list":{"0":"post-2541","1":"product","2":"type-product","3":"status-publish","4":"has-post-thumbnail","6":"product_cat-bullet-camaras-cctv-hd","7":"product_tag-camaras","8":"product_tag-camaras-cctv-hd","9":"product_tag-cctv","10":"product_tag-seguridad","12":"first","13":"instock","14":"sale","15":"taxable","16":"shipping-taxable","17":"purchasable","18":"product-type-simple"},"aioseo_notices":[],"_links":{"self":[{"href":"https:\/\/tecsecmty.com\/index.php\/wp-json\/wp\/v2\/product\/2541","targetHints":{"allow":["GET"]}}],"collection":[{"href":"https:\/\/tecsecmty.com\/index.php\/wp-json\/wp\/v2\/product"}],"about":[{"href":"https:\/\/tecsecmty.com\/index.php\/wp-json\/wp\/v2\/types\/product"}],"replies":[{"embeddable":true,"href":"https:\/\/tecsecmty.com\/index.php\/wp-json\/wp\/v2\/comments?post=2541"}],"version-history":[{"count":0,"href":"https:\/\/tecsecmty.com\/index.php\/wp-json\/wp\/v2\/product\/2541\/revisions"}],"wp:featuredmedia":[{"embeddable":true,"href":"https:\/\/tecsecmty.com\/index.php\/wp-json\/wp\/v2\/media\/2540"}],"wp:attachment":[{"href":"https:\/\/tecsecmty.com\/index.php\/wp-json\/wp\/v2\/media?parent=2541"}],"wp:term":[{"taxonomy":"product_brand","embeddable":true,"href":"https:\/\/tecsecmty.com\/index.php\/wp-json\/wp\/v2\/product_brand?post=2541"},{"taxonomy":"product_cat","embeddable":true,"href":"https:\/\/tecsecmty.com\/index.php\/wp-json\/wp\/v2\/product_cat?post=2541"},{"taxonomy":"product_tag","embeddable":true,"href":"https:\/\/tecsecmty.com\/index.php\/wp-json\/wp\/v2\/product_tag?post=2541"}],"curies":[{"name":"wp","href":"https:\/\/api.w.org\/{rel}","templated":true}]}}