{"id":2545,"date":"2023-02-22T21:45:24","date_gmt":"2023-02-23T03:45:24","guid":{"rendered":"https:\/\/tecsecmty.com\/index.php\/producto\/dahua-cooper-b2a21-camara-bullet-hdcvi-1080p-100-grados-de-apertura-lente-2-8-mm-ir-de-20-mts-ip67-metalica-soporta-cvi-tvi-ahd-y-cvbs-lonuevo\/"},"modified":"2023-03-22T23:22:21","modified_gmt":"2023-03-23T05:22:21","slug":"dahua-cooper-b2a21-camara-bullet-hdcvi-1080p-100-grados-de-apertura-lente-2-8-mm-ir-de-20-mts-ip67-metalica-soporta-cvi-tvi-ahd-y-cvbs-lonuevo","status":"publish","type":"product","link":"https:\/\/tecsecmty.com\/index.php\/producto\/dahua-cooper-b2a21-camara-bullet-hdcvi-1080p-100-grados-de-apertura-lente-2-8-mm-ir-de-20-mts-ip67-metalica-soporta-cvi-tvi-ahd-y-cvbs-lonuevo\/","title":{"rendered":"DAHUA COOPER B2A21 &#8211; Camara Bullet HDCVI 1080p\/ 100 Grados de Apertura\/ Lente 2.8 mm\/ IR de 20 Mts\/ IP67\/ Metalica\/ Soporta: CVI\/TVI\/AHD y CVBS\/ #LoNuevo"},"content":{"rendered":"<div class=\"row aling-items-center padding-bottom-2x\">\n<div class=\"col-lg-12\">\n<h5 class=\"card-title text-center\">Informaci\u00f3n general<\/h5>\n<p class=\"ql-align-justify\">La Serie Cooper ofrece soluciones HDCVI simples y altamente rentables. Brinda monitoreo confiable las 24 horas del d\u00eda, los 7 d\u00edas d e la semana con un rendimiento de imagen de alta calidad, lo que ahorra costos tanto en materiales como en mano de obra. Tambi\u00e9n est\u00e1 dise\u00f1ado y construido seg\u00fan los est\u00e1ndares espec\u00edficos de Dahua.<\/p>\n<p><img decoding=\"async\" class=\"overview-center-img-web\" src=\"https:\/\/tvc.mx\/media\/563759\/DAHUA-COOPER-B2A21-Camara-Bullet-HDCVI-1080p-720p-100-Grados-Apertura-banner-principal.png\" alt=\"Camara bullet\" \/><\/p>\n<\/div>\n<\/div>\n<div class=\"row align-items-center padding-bottom-2x\">\n<div class=\"col-md-5\"><img decoding=\"async\" class=\"d-block m-auto img-thumbnail\" src=\"https:\/\/tvc.mx\/media\/563767\/IP67-dahua.png\" alt=\" IP67\" \/><\/div>\n<div class=\"col-md-7 text-md-left text-center\">\n<h2>Protecci\u00f3n IP67<\/h2>\n<p class=\"ql-align-justify\">IP67: la c \u00e1mara super\u00f3 u na serie de rigurosas pruebas de p olvo e inmersi\u00f3n. Su carcasa es a prueba de polvo e impermeable, y puede funcionar normalmente mientras se sumerge en agua a 1 m de profundidad durante un m\u00e1ximo de 30 minutos. Amplio voltaje: la c\u00e1mara tiene una tolerancia de voltaje de entrada d e \u00b130 % (para algunas fuentes de alimentaci\u00f3n) y un amplio rango de voltaje, lo que la hace adecuada para una variedad de escenarios al aire libre.<\/p>\n<p>&nbsp;<\/p>\n<\/div>\n<\/div>\n<hr class=\"padding-bottom-2x\" \/>\n<div class=\"row align-items-center padding-bottom-2x\">\n<div class=\"col-md-5 order-md-2\"><img decoding=\"async\" class=\"d-block m-auto img-thumbnail\" src=\"https:\/\/tvc.mx\/media\/563775\/4-se%C3%B1ales-sobre-1-cable-coaxial-Dahua.png\" alt=\" 4 se\u00f1ales sobre un cable coaxial\" \/><\/div>\n<div class=\"col-md-7 order-md-1 text-md-left text-center\">\n<h2>4 Se\u00f1ales sobre 1 Cable Coaxial<\/h2>\n<p class=\"ql-align-justify\">La tecnolog\u00eda HDCVI admite 4 se\u00f1ales (video, audio*, datos y alimentaci\u00f3n) que se transmiten simult\u00e1neamente a trav\u00e9s de un cable coaxial. La transmisi\u00f3n de datos bidireccional permite que la c\u00e1mara HDCVI interact\u00fae con el XVR para realizar diversas acciones, como enviar se\u00f1ales de control y activar alarmas. La tecnolog\u00eda HDCVI tambi\u00e9n es compatible con PoC, lo que hace que la c\u00e1mara s ea f\u00e1cil y r\u00e1pida de instalar.<\/p>\n<p>&nbsp;<\/p>\n<\/div>\n<\/div>\n<hr class=\"padding-bottom-2x\" \/>\n<div class=\"row align-items-center padding-bottom-2x\">\n<div class=\"col-md-5\"><img decoding=\"async\" class=\"d-block m-auto img-thumbnail\" src=\"https:\/\/tvc.mx\/media\/563795\/HDCVI-dahua.png\" alt=\" Transmisi\u00f3n de larga distancia\" \/><\/div>\n<div class=\"col-md-7 text-md-left text-center\">\n<h2>Transmisi\u00f3n de larga distancia<\/h2>\n<p class=\"ql-align-justify\">La tecnolog\u00eda HDCVI proporciona transmisi\u00f3n de larga distancia en tiempo real sin p\u00e9rdida de transmisi\u00f3n. Admite distancias de transmisi\u00f3n de hasta 7 00 mp ara videos HD de 2 M P\/5 M P\/8 MP a trav\u00e9s de cables coaxiales y hasta 300 m a trav\u00e9s de cables UTP. Los resultados se obtuvieron y verificaron mediante pruebas rigurosas en el laboratorio de pruebas de Dahua.<\/p>\n<p>&nbsp;<\/p>\n<\/div>\n<\/div>\n<hr class=\"padding-bottom-2x\" \/>\n<div class=\"row align-items-center padding-bottom-2x\">\n<div class=\"col-md-5 order-md-2\"><img decoding=\"async\" class=\"d-block m-auto img-thumbnail\" src=\"https:\/\/tvc.mx\/media\/563799\/DAHUA-COOPER-B2A21-Camara-Bullet-HDCVI-1080p-720p-100-Grados-Apertura-caracteristicas-principal.png\" alt=\" caracter\u00edsticas\" \/><\/div>\n<div class=\"col-md-7 order-md-1 text-md-left text-center\">\n<h2>Caracter\u00edsticas principales<\/h2>\n<p><strong>\u00b7<\/strong>\u00a0m\u00e1x. 3 0 fps@1080p<\/p>\n<p><strong>\u00b7<\/strong>\u00a0CVI\/CVBS\/AHD\/TVI conmutable<\/p>\n<p><strong>\u00b7<\/strong>\u00a0Lente fija de 3 ,6 m m (2,8 mm, 6 mm opcional)<\/p>\n<p><strong>\u00b7<\/strong>\u00a0m\u00e1x. Longitud IR 20 m, IR inteligente<\/p>\n<p><strong>\u00b7<\/strong>\u00a0IP67,12 V DC<\/p>\n<p>&nbsp;<\/p>\n<\/div>\n<\/div>\n<hr class=\"padding-bottom-2x\" \/>\n<div class=\"row align-items-center padding-bottom-2x\">\n<div class=\"col-md-5\"><img decoding=\"async\" class=\"d-block m-auto img-thumbnail\" src=\"https:\/\/tvc.mx\/media\/563811\/DAHUA-COOPER-B2A21-Camara-Bullet-HDCVI-1080p-720p-100-Grados-Apertura-especificaciones-tecnicas.png\" alt=\" Dimensiones\" \/><\/div>\n<div class=\"col-md-7 text-md-left text-center\">\n<h2>Especificaciones T\u00e9cnicas<\/h2>\n<ul>\n<li>Cmos de 2 MP<\/li>\n<li>M\u00e1x. Resoluci\u00f3n: 1920 (H) x 1080 (v)<\/li>\n<li>Sistema de escaneo: Progresivo<\/li>\n<li>Velocidad de obturaci\u00f3n electr\u00f3nica:\u00a0PAL: 1\/25 s\u20131\/100 0 00 s NTSC: 1\/30 s\u20131\/100 000 s<\/li>\n<li>M\u00edn. iluminaci\u00f3n: 0,04 lux a F2,0 (color, 30 IRE) 0 ,004\u00a0 lux a F2,0 (B\/N, 30 IRE) 0 lux (iluminador encendido)<\/li>\n<li>Relaci\u00f3n se\u00f1al\/ruido: &gt;65 dB<\/li>\n<li>Distancia de iluminaci\u00f3n: 20 m (65.62 pies)<\/li>\n<li>Control de encendido\/apagado del iluminador<\/li>\n<li>N\u00famero de iluminador: 2 (luz infrarroja)<\/li>\n<\/ul>\n<\/div>\n<\/div>\n","protected":false},"excerpt":{"rendered":"<p>Informaci\u00f3n general La Serie Cooper ofrece soluciones HDCVI simples y altamente rentables. Brinda monitoreo confiable las 24 horas del d\u00eda, los 7 d\u00edas d e la semana con un rendimiento de imagen de alta calidad, lo que ahorra costos tanto en materiales como en mano&hellip;<\/p>\n","protected":false},"featured_media":2544,"comment_status":"open","ping_status":"closed","template":"","meta":{"om_disable_all_campaigns":false,"_monsterinsights_skip_tracking":false,"_monsterinsights_sitenote_active":false,"_monsterinsights_sitenote_note":"","_monsterinsights_sitenote_category":0},"product_brand":[],"product_cat":[164],"product_tag":[42,165,166,151],"class_list":{"0":"post-2545","1":"product","2":"type-product","3":"status-publish","4":"has-post-thumbnail","6":"product_cat-bullet-camaras-cctv-hd","7":"product_tag-camaras","8":"product_tag-camaras-cctv-hd","9":"product_tag-cctv","10":"product_tag-seguridad","12":"first","13":"instock","14":"sale","15":"taxable","16":"shipping-taxable","17":"purchasable","18":"product-type-simple"},"aioseo_notices":[],"_links":{"self":[{"href":"https:\/\/tecsecmty.com\/index.php\/wp-json\/wp\/v2\/product\/2545","targetHints":{"allow":["GET"]}}],"collection":[{"href":"https:\/\/tecsecmty.com\/index.php\/wp-json\/wp\/v2\/product"}],"about":[{"href":"https:\/\/tecsecmty.com\/index.php\/wp-json\/wp\/v2\/types\/product"}],"replies":[{"embeddable":true,"href":"https:\/\/tecsecmty.com\/index.php\/wp-json\/wp\/v2\/comments?post=2545"}],"version-history":[{"count":0,"href":"https:\/\/tecsecmty.com\/index.php\/wp-json\/wp\/v2\/product\/2545\/revisions"}],"wp:featuredmedia":[{"embeddable":true,"href":"https:\/\/tecsecmty.com\/index.php\/wp-json\/wp\/v2\/media\/2544"}],"wp:attachment":[{"href":"https:\/\/tecsecmty.com\/index.php\/wp-json\/wp\/v2\/media?parent=2545"}],"wp:term":[{"taxonomy":"product_brand","embeddable":true,"href":"https:\/\/tecsecmty.com\/index.php\/wp-json\/wp\/v2\/product_brand?post=2545"},{"taxonomy":"product_cat","embeddable":true,"href":"https:\/\/tecsecmty.com\/index.php\/wp-json\/wp\/v2\/product_cat?post=2545"},{"taxonomy":"product_tag","embeddable":true,"href":"https:\/\/tecsecmty.com\/index.php\/wp-json\/wp\/v2\/product_tag?post=2545"}],"curies":[{"name":"wp","href":"https:\/\/api.w.org\/{rel}","templated":true}]}}