{"id":2557,"date":"2023-02-22T21:45:40","date_gmt":"2023-02-23T03:45:40","guid":{"rendered":"https:\/\/tecsecmty.com\/index.php\/producto\/dahua-dh-hac-hfw2241tun-z-a-camara-bullet-de-2-megapixeles-lente-motirzado-de-2-7-a-13-5-mm-super-adapt-microfono-integrado-ir-de-80-mts-ip67-wdr-real-de-130-db-metalica-lonuevo\/"},"modified":"2023-03-22T23:22:23","modified_gmt":"2023-03-23T05:22:23","slug":"dahua-dh-hac-hfw2241tun-z-a-camara-bullet-de-2-megapixeles-lente-motirzado-de-2-7-a-13-5-mm-super-adapt-microfono-integrado-ir-de-80-mts-ip67-wdr-real-de-130-db-metalica-lonuevo","status":"publish","type":"product","link":"https:\/\/tecsecmty.com\/index.php\/producto\/dahua-dh-hac-hfw2241tun-z-a-camara-bullet-de-2-megapixeles-lente-motirzado-de-2-7-a-13-5-mm-super-adapt-microfono-integrado-ir-de-80-mts-ip67-wdr-real-de-130-db-metalica-lonuevo\/","title":{"rendered":"DAHUA DH-HAC-HFW2241TUN-Z-A &#8211; Camara Bullet de 2 Megapixeles\/ Lente Motirzado de 2.7 a 13.5 mm\/ Super Adapt\/ Microfono Integrado\/ IR de 80 Mts\/ IP67\/ WDR Real de 130 dB\/ Metalica\/#LoNuevo"},"content":{"rendered":"<div class=\"row aling-items-center padding-bottom-2x\">\n<div class=\"col-lg-12\">\n<h5 class=\"card-title text-center\">Informaci\u00f3n General<\/h5>\n<p>La serie PoC presenta una c\u00e1mara alimentada directamente por la grabadora a trav\u00e9s del mismo cable coaxial en el que se transmite el video. La distancia de transmisi\u00f3n PoC de Dahua puede alcanzar hasta 400 metros para c\u00e1maras AF y 200 metros para c\u00e1maras AT, lo que puede ayudar a reducir los costos de material e instalaci\u00f3n y simplificar el sistema.<\/p>\n<p><img decoding=\"async\" class=\"overview-center-img-web\" src=\"https:\/\/tvc.mx\/media\/487658\/camara-bullet-de-2-megapxeles-microfono-integrado-wdr-130db-HAC-HFW2241TUN-Z-A-Dahua.png\" alt=\"\" \/><\/div>\n<\/div>\n<div class=\"row align-items-center padding-bottom-2x\">\n<div class=\"col-md-5 order-md-2\"><img decoding=\"async\" class=\"d-block m-auto img-thumbnail\" src=\"https:\/\/tvc.mx\/media\/487660\/Starlight-Dahua.png\" alt=\" \" \/><\/div>\n<div class=\"col-md-7 order-md-1 text-md-left text-center\">\n<h2>Starlight<\/h2>\n<p class=\"text-muted\">\n<p>Con la adopci\u00f3n de un sensor de alto rendimiento de gran tama\u00f1o y una lente de gran apertura, la c\u00e1mara puede proporcionar un rendimiento incomparable incluso en entornos con poca luz extrema. La funci\u00f3n Starlight permite capturar m\u00e1s detalles y reconocer colores precisos por la noche o en escenas con iluminaci\u00f3n limitada.<\/p>\n<p>&nbsp;<\/p>\n<\/div>\n<\/div>\n<hr class=\"padding-bottom-2x\" \/>\n<div class=\"row align-items-center padding-bottom-2x\">\n<div class=\"col-md-5\"><img decoding=\"async\" class=\"d-block m-auto img-thumbnail\" src=\"https:\/\/tvc.mx\/media\/487662\/WDR-Dahua.png\" alt=\" \" \/><\/div>\n<div class=\"col-md-7 text-md-left text-center\">\n<h2>Amplio Rango Din\u00e1mico<\/h2>\n<p class=\"text-muted\">\n<p>Con la avanzada tecnolog\u00eda de amplio rango din\u00e1mico (WDR), la c\u00e1mara Dahua HDCVI proporciona detalles claros en un entorno de fuerte contraste de brillo. El \u00e1rea brillante y oscura puede obtener un video claro incluso en entornos de alto brillo o con sombra de luz de fondo.<\/p>\n<p>&nbsp;<\/p>\n<\/div>\n<\/div>\n<hr class=\"padding-bottom-2x\" \/>\n<div class=\"row align-items-center padding-bottom-2x\">\n<div class=\"col-md-5 order-md-2\"><img decoding=\"async\" class=\"d-block m-auto img-thumbnail\" src=\"https:\/\/tvc.mx\/media\/487664\/Super-Adapt-Dahua.png\" alt=\" \" \/><\/div>\n<div class=\"col-md-7 order-md-1 text-md-left text-center\">\n<h2>Super Adapt<\/h2>\n<p class=\"text-muted\">\n<p>Incorporado con un algoritmo inteligente, para cambiar el entorno externo, la c\u00e1mara puede ajustar autom\u00e1ticamente los par\u00e1metros para presentar la imagen \u00f3ptima y resuelve el problema de la configuraci\u00f3n.<\/p>\n<p>&nbsp;<\/p>\n<\/div>\n<\/div>\n<hr class=\"padding-bottom-2x\" \/>\n<div class=\"row align-items-center padding-bottom-2x\">\n<div class=\"col-md-5\"><img decoding=\"async\" class=\"d-block m-auto img-thumbnail\" src=\"https:\/\/tvc.mx\/media\/487666\/3DNR-dahua.png\" alt=\" \" \/><\/div>\n<div class=\"col-md-7 text-md-left text-center\">\n<h2>3DNR avanzado<\/h2>\n<p class=\"text-muted\">\n<p>3DNR es una tecnolog\u00eda de reducci\u00f3n de ruido que detecta y elimina ruidos aleatorios comparando dos fotogramas secuenciales. La avanzada tecnolog\u00eda 3DNR de Dahua permite una notable reducci\u00f3n del ruido con poco impacto en la nitidez, especialmente en condiciones de iluminaci\u00f3n limitada. Adem\u00e1s, el 3DNR avanzado reduce efectivamente el ancho de banda y ahorra espacio de almacenamiento.<\/p>\n<p>&nbsp;<\/p>\n<\/div>\n<\/div>\n<hr class=\"padding-bottom-2x\" \/>\n<div class=\"row align-items-center padding-bottom-2x\">\n<div class=\"col-md-5 order-md-2\"><img decoding=\"async\" class=\"d-block m-auto img-thumbnail\" src=\"https:\/\/tvc.mx\/media\/487668\/Smart-IR-Dahua.png\" alt=\" \" \/><\/div>\n<div class=\"col-md-7 order-md-1 text-md-left text-center\">\n<h2>IR Inteligente<\/h2>\n<p class=\"text-muted\">\n<p>La c\u00e1mara est\u00e1 dise\u00f1ada con iluminaci\u00f3n IR para un mejor rendimiento con poca luz. Smart IR es una tecnolog\u00eda para garantizar la uniformidad del brillo en im\u00e1genes en blanco y negro con poca iluminaci\u00f3n. El exclusivo Smart IR de Dahua se ajusta a la intensidad de los LED infrarrojos de la c\u00e1mara para compensar la distancia de un objeto y evita que los LED IR sobreexpongan las im\u00e1genes a medida que el objeto se acerca a la c\u00e1mara.<\/p>\n<p>&nbsp;<\/p>\n<\/div>\n<\/div>\n<hr class=\"padding-bottom-2x\" \/>\n<div class=\"row align-items-center padding-bottom-2x\">\n<div class=\"col-md-5\"><img decoding=\"async\" class=\"d-block m-auto img-thumbnail\" src=\"https:\/\/tvc.mx\/media\/487670\/camara-bullet-de-2-megapxeles-microfono-integrado-wdr-130db-HAC-HFW2241TUN-Z-A-Dahua-caracteristicas.png\" alt=\" \" \/><\/div>\n<div class=\"col-md-7 text-md-left text-center\">\n<h2>Principales Caracter\u00edsticas<\/h2>\n<p class=\"text-muted\">\n<ul>\n<li>Starlight<\/li>\n<li>WDR real de 130 dB<\/li>\n<li>3D NR<\/li>\n<li>Enfoque autom\u00e1tico<\/li>\n<li>CVI\/CVBS\/AHD\/TVI conmutable<\/li>\n<li>S\u00faper Adaptado<\/li>\n<li>Micr\u00f3fono incorporado<\/li>\n<li>IR inteligente<\/li>\n<li>IP67, PoC<\/li>\n<\/ul>\n<p>&nbsp;<\/p>\n<\/div>\n<\/div>\n<hr class=\"padding-bottom-2x\" \/>\n<div class=\"row align-items-center padding-bottom-2x\">\n<div class=\"col-md-5 order-md-2\"><img decoding=\"async\" class=\"d-block m-auto img-thumbnail\" src=\"https:\/\/tvc.mx\/media\/487672\/camara-bullet-de-2-megapxeles-microfono-integrado-wdr-130db-HAC-HFW2241TUN-Z-A-Dahua-especificaciones.png\" alt=\" \" \/><\/div>\n<div class=\"col-md-7 order-md-1 text-md-left text-center\">\n<h2>Especificaciones<\/h2>\n<p class=\"text-muted\">\n<ul>\n<li>CMOS de 2 megap\u00edxeles<\/li>\n<li>Distancia de iluminaci\u00f3n 80 m<\/li>\n<li>Lente Varifocal motorizado 2.7 mm-13.5 mm}<\/li>\n<li>CLB: BLC\/WDR\/HLC<\/li>\n<li>WDR real 130dB<\/li>\n<li>Reducci\u00f3n de ruido NR 3D<\/li>\n<li>Opciones de salida de video de CVI\/TVI\/AHD\/CVBS por un puerto BNC<\/li>\n<li>Micr\u00f3fono incorporado de un canal<\/li>\n<li>Fuente de alimentaci\u00f3n: POC (solo CVI)\/12V\u00b130% CC<\/li>\n<li>Grado de protecci\u00f3n IP67<\/li>\n<li>Metal en toda la carcasa<\/li>\n<\/ul>\n<\/div>\n<\/div>\n","protected":false},"excerpt":{"rendered":"<p>Informaci\u00f3n General La serie PoC presenta una c\u00e1mara alimentada directamente por la grabadora a trav\u00e9s del mismo cable coaxial en el que se transmite el video. La distancia de transmisi\u00f3n PoC de Dahua puede alcanzar hasta 400 metros para c\u00e1maras AF y 200 metros para&hellip;<\/p>\n","protected":false},"featured_media":2556,"comment_status":"open","ping_status":"closed","template":"","meta":{"om_disable_all_campaigns":false,"_monsterinsights_skip_tracking":false,"_monsterinsights_sitenote_active":false,"_monsterinsights_sitenote_note":"","_monsterinsights_sitenote_category":0},"product_brand":[],"product_cat":[164],"product_tag":[42,165,166,151],"class_list":{"0":"post-2557","1":"product","2":"type-product","3":"status-publish","4":"has-post-thumbnail","6":"product_cat-bullet-camaras-cctv-hd","7":"product_tag-camaras","8":"product_tag-camaras-cctv-hd","9":"product_tag-cctv","10":"product_tag-seguridad","12":"first","13":"instock","14":"sale","15":"taxable","16":"shipping-taxable","17":"purchasable","18":"product-type-simple"},"aioseo_notices":[],"_links":{"self":[{"href":"https:\/\/tecsecmty.com\/index.php\/wp-json\/wp\/v2\/product\/2557","targetHints":{"allow":["GET"]}}],"collection":[{"href":"https:\/\/tecsecmty.com\/index.php\/wp-json\/wp\/v2\/product"}],"about":[{"href":"https:\/\/tecsecmty.com\/index.php\/wp-json\/wp\/v2\/types\/product"}],"replies":[{"embeddable":true,"href":"https:\/\/tecsecmty.com\/index.php\/wp-json\/wp\/v2\/comments?post=2557"}],"version-history":[{"count":0,"href":"https:\/\/tecsecmty.com\/index.php\/wp-json\/wp\/v2\/product\/2557\/revisions"}],"wp:featuredmedia":[{"embeddable":true,"href":"https:\/\/tecsecmty.com\/index.php\/wp-json\/wp\/v2\/media\/2556"}],"wp:attachment":[{"href":"https:\/\/tecsecmty.com\/index.php\/wp-json\/wp\/v2\/media?parent=2557"}],"wp:term":[{"taxonomy":"product_brand","embeddable":true,"href":"https:\/\/tecsecmty.com\/index.php\/wp-json\/wp\/v2\/product_brand?post=2557"},{"taxonomy":"product_cat","embeddable":true,"href":"https:\/\/tecsecmty.com\/index.php\/wp-json\/wp\/v2\/product_cat?post=2557"},{"taxonomy":"product_tag","embeddable":true,"href":"https:\/\/tecsecmty.com\/index.php\/wp-json\/wp\/v2\/product_tag?post=2557"}],"curies":[{"name":"wp","href":"https:\/\/api.w.org\/{rel}","templated":true}]}}