{"id":2559,"date":"2023-02-22T21:45:42","date_gmt":"2023-02-23T03:45:42","guid":{"rendered":"https:\/\/tecsecmty.com\/index.php\/producto\/dahua-hac-b3a51-z-camara-bullet-de-5-megapixeles-lente-motorizado-de-2-7-a-12-mm-ir-de-40-mts-ip67-cvi-cvbs-ahd-tvi\/"},"modified":"2023-03-22T23:22:38","modified_gmt":"2023-03-23T05:22:38","slug":"dahua-hac-b3a51-z-camara-bullet-de-5-megapixeles-lente-motorizado-de-2-7-a-12-mm-ir-de-40-mts-ip67-cvi-cvbs-ahd-tvi","status":"publish","type":"product","link":"https:\/\/tecsecmty.com\/index.php\/producto\/dahua-hac-b3a51-z-camara-bullet-de-5-megapixeles-lente-motorizado-de-2-7-a-12-mm-ir-de-40-mts-ip67-cvi-cvbs-ahd-tvi\/","title":{"rendered":"DAHUA HAC-B3A51-Z &#8211; Camara Bullet de 5 Megapixeles\/ Lente Motorizado de 2.7 a 12 mm\/ IR de 40 Mts\/ IP67\/ CVI\/CVBS\/AHD\/TVI\/"},"content":{"rendered":"<div class=\"row aling-items-center padding-bottom-2x\">\n<div class=\"col-lg-12\">\n<h5 class=\"card-title text-center\">Informaci\u00f3n General<\/h5>\n<p>Experimenta video Full HD de 5MP y la simplicidad de usar la infraestructura de cableado existente con HDCVI. La c\u00e1mara HDCVI de 5MP de la serie Lite presenta un dise\u00f1o compacto y ofrece una imagen de alta calidad a un precio accesible. Ofrece varios modelos de lentes fijos\/motorizados con OSD en varios idiomas y salida conmutable HD\/SD. Su flexibilidad estructural y su alto costo-rendimiento hacen de la c\u00e1mara una opci\u00f3n ideal para las soluciones de PYMES.<\/p>\n<p><img decoding=\"async\" class=\"overview-center-img-web\" src=\"https:\/\/tvc.mx\/media\/439455\/camara-hdcvi-HAC-B3A51-Z-5mp-lente-motorizado-dahua.png\" alt=\"\" \/><\/div>\n<\/div>\n<div class=\"row align-items-center padding-bottom-2x\">\n<div class=\"col-md-5 order-md-2\"><img decoding=\"async\" class=\"d-block m-auto img-thumbnail\" src=\"https:\/\/tvc.mx\/media\/439367\/Multiformatos-dahua.png\" alt=\" \" \/><\/div>\n<div class=\"col-md-7 order-md-1 text-md-left text-center\">\n<h2>Multiformato<\/h2>\n<p class=\"text-muted\">\n<p>La c\u00e1mara admite m\u00faltiples formatos de video, incluidos HDCVI, CVBS y otros dos formatos anal\u00f3gicos HD comunes en el mercado. Los cuatro formatos se pueden cambiar a trav\u00e9s del men\u00fa OSD. Esta funci\u00f3n hace que la c\u00e1mara sea compatible con la mayor\u00eda de los DVR HD\/SD existentes de los usuarios finales.<\/p>\n<p>&nbsp;<\/p>\n<\/div>\n<\/div>\n<hr class=\"padding-bottom-2x\" \/>\n<div class=\"row align-items-center padding-bottom-2x\">\n<div class=\"col-md-5\"><img decoding=\"async\" class=\"d-block m-auto img-thumbnail\" src=\"https:\/\/tvc.mx\/media\/439371\/Smart-IR-Dahua.png\" alt=\" \" \/><\/div>\n<div class=\"col-md-7 text-md-left text-center\">\n<h2>Smart IR<\/h2>\n<p class=\"text-muted\">\n<p>La c\u00e1mara est\u00e1 dise\u00f1ada con iluminaci\u00f3n IR para un mejor rendimiento con poca luz. Smart IR es una tecnolog\u00eda para garantizar la uniformidad del brillo en im\u00e1genes en blanco y negro con poca iluminaci\u00f3n. El exclusivo Smart IR de Dahua se ajusta a la intensidad de luz de la c\u00e1mara para compensar la distancia de un objeto y evita que los sobreexpongan las im\u00e1genes a medida que el objeto se acerca a la c\u00e1mara.<\/p>\n<p>&nbsp;<\/p>\n<\/div>\n<\/div>\n<hr class=\"padding-bottom-2x\" \/>\n<div class=\"row align-items-center padding-bottom-2x\">\n<div class=\"col-md-5 order-md-2\"><img decoding=\"async\" class=\"d-block m-auto img-thumbnail\" src=\"https:\/\/tvc.mx\/media\/439375\/distancia-dori-cooper-dahua.png\" alt=\" \" \/><\/div>\n<div class=\"col-md-7 order-md-1 text-md-left text-center\">\n<h2>Distancia DORI<\/h2>\n<p class=\"text-muted\">\n<p>La distancia DORI es una proximidad general de la distancia que hace que sea f\u00e1cil elegir la c\u00e1mara adecuada para sus necesidades. La distancia DORI se calcula sobre la base de la especificaci\u00f3n del sensor y del resultado de la prueba de laboratorio seg\u00fan EN 62676-4, que define los criterios para Detectar, Observar, Reconocer e Identificar, respectivamente.<\/p>\n<p>&nbsp;<\/p>\n<\/div>\n<\/div>\n<hr class=\"padding-bottom-2x\" \/>\n<div class=\"row align-items-center padding-bottom-2x\">\n<div class=\"col-md-5\"><img decoding=\"async\" class=\"d-block m-auto img-thumbnail\" src=\"https:\/\/tvc.mx\/media\/439379\/IP67-dahua.png\" alt=\" \" \/><\/div>\n<div class=\"col-md-7 text-md-left text-center\">\n<h2>Protecci\u00f3n IP67<\/h2>\n<p class=\"text-muted\">\n<p>La excelente confiabilidad de la c\u00e1mara es insuperable debido a su dise\u00f1o resistente. La c\u00e1mara est\u00e1 protegida contra el agua y el polvo con clasificaci\u00f3n IP67, lo que la hace adecuada para entornos interiores o exteriores.<\/p>\n<p>Con un rango de temperatura de trabajo de \u201330 \u00b0C a +60 \u00b0C (\u201322 \u00b0F a +140 \u00b0F), la c\u00e1mara est\u00e1 dise\u00f1ada para entornos con temperaturas extremas. Con una tolerancia de voltaje de entrada de \u00b130 %, esta c\u00e1mara se adapta incluso a las condiciones de suministro de energ\u00eda m\u00e1s inestables. Su clasificaci\u00f3n de rayos de 4kV proporciona protecci\u00f3n contra la c\u00e1mara y su estructura de los efectos de los rayos.<\/p>\n<p>&nbsp;<\/p>\n<\/div>\n<\/div>\n<hr class=\"padding-bottom-2x\" \/>\n<div class=\"row align-items-center padding-bottom-2x\">\n<div class=\"col-md-5 order-md-2\"><img decoding=\"async\" class=\"d-block m-auto img-thumbnail\" src=\"https:\/\/tvc.mx\/media\/439383\/camara-hdcvi-HAC-B3A51-Z-5mp-lente-motorizado-dahua-caracteristicas.png\" alt=\" \" \/><\/div>\n<div class=\"col-md-7 order-md-1 text-md-left text-center\">\n<h2>Principales Caracter\u00edsticas<\/h2>\n<p class=\"text-muted\">\n<ul>\n<li>D-WDR &#8211; Amplio rango din\u00e1mico de la iluminaci\u00f3n<\/li>\n<li>2D-DNR &#8211; Reducci\u00f3n digital de ruido en la imagen<\/li>\n<li>BLC\/HLC &#8211; compensaci\u00f3n de luz de fondo \/ luz alta<\/li>\n<li>ICR &#8211; Filtro mec\u00e1nico de infrarrojos<\/li>\n<li>Mirror &#8211; Imagen de espejo<\/li>\n<li>AGC &#8211; Ajuste autom\u00e1tico de la ganancia de la imagen<\/li>\n<li>Balance de blancos autom\u00e1tico<\/li>\n<\/ul>\n<p>&nbsp;<\/p>\n<\/div>\n<\/div>\n<hr class=\"padding-bottom-2x\" \/>\n<div class=\"row align-items-center padding-bottom-2x\">\n<div class=\"col-md-5\"><img decoding=\"async\" class=\"d-block m-auto img-thumbnail\" src=\"https:\/\/tvc.mx\/media\/439399\/camara-hdcvi-HAC-B3A51-Z-5mp-lente-motorizado-dahua-especificaciones.png\" alt=\" \" \/><\/div>\n<div class=\"col-md-7 text-md-left text-center\">\n<h2>Especificaciones<\/h2>\n<p class=\"text-muted\">\n<ul>\n<li>CMOS de 1\/2,7 pulgadas}<\/li>\n<li>5 Megap\u00edxeles<\/li>\n<li>Distancia de iluminaci\u00f3n 40 m<\/li>\n<li>N\u00famero de iluminador 2<\/li>\n<li>Lente Varifocal motorizado 2.7 mm\u201312 mm<\/li>\n<li>D\u00eda\/Noche: Cambio autom\u00e1tico por ICR<\/li>\n<li>BLC\/HLC\/DWDR<\/li>\n<li>Reducci\u00f3n de ruido NR 2D<\/li>\n<li>Opciones de salida de video de CVI\/TVI\/AHD\/CVBS por un puerto BNC<\/li>\n<li>Fuente de alimentaci\u00f3n 12 V CC \u00b130 %<\/li>\n<li>Grado de protecci\u00f3n IP67<\/li>\n<li>Carcasa: Cubierta frontal mental + cuerpo principal de pl\u00e1stico + soporte de pl\u00e1stico<\/li>\n<\/ul>\n<\/div>\n<\/div>\n","protected":false},"excerpt":{"rendered":"<p>Informaci\u00f3n General Experimenta video Full HD de 5MP y la simplicidad de usar la infraestructura de cableado existente con HDCVI. La c\u00e1mara HDCVI de 5MP de la serie Lite presenta un dise\u00f1o compacto y ofrece una imagen de alta calidad a un precio accesible. Ofrece&hellip;<\/p>\n","protected":false},"featured_media":2558,"comment_status":"open","ping_status":"closed","template":"","meta":{"om_disable_all_campaigns":false,"_monsterinsights_skip_tracking":false,"_monsterinsights_sitenote_active":false,"_monsterinsights_sitenote_note":"","_monsterinsights_sitenote_category":0},"product_brand":[],"product_cat":[164],"product_tag":[42,165,166,151],"class_list":{"0":"post-2559","1":"product","2":"type-product","3":"status-publish","4":"has-post-thumbnail","6":"product_cat-bullet-camaras-cctv-hd","7":"product_tag-camaras","8":"product_tag-camaras-cctv-hd","9":"product_tag-cctv","10":"product_tag-seguridad","12":"first","13":"instock","14":"sale","15":"taxable","16":"shipping-taxable","17":"purchasable","18":"product-type-simple"},"aioseo_notices":[],"_links":{"self":[{"href":"https:\/\/tecsecmty.com\/index.php\/wp-json\/wp\/v2\/product\/2559","targetHints":{"allow":["GET"]}}],"collection":[{"href":"https:\/\/tecsecmty.com\/index.php\/wp-json\/wp\/v2\/product"}],"about":[{"href":"https:\/\/tecsecmty.com\/index.php\/wp-json\/wp\/v2\/types\/product"}],"replies":[{"embeddable":true,"href":"https:\/\/tecsecmty.com\/index.php\/wp-json\/wp\/v2\/comments?post=2559"}],"version-history":[{"count":0,"href":"https:\/\/tecsecmty.com\/index.php\/wp-json\/wp\/v2\/product\/2559\/revisions"}],"wp:featuredmedia":[{"embeddable":true,"href":"https:\/\/tecsecmty.com\/index.php\/wp-json\/wp\/v2\/media\/2558"}],"wp:attachment":[{"href":"https:\/\/tecsecmty.com\/index.php\/wp-json\/wp\/v2\/media?parent=2559"}],"wp:term":[{"taxonomy":"product_brand","embeddable":true,"href":"https:\/\/tecsecmty.com\/index.php\/wp-json\/wp\/v2\/product_brand?post=2559"},{"taxonomy":"product_cat","embeddable":true,"href":"https:\/\/tecsecmty.com\/index.php\/wp-json\/wp\/v2\/product_cat?post=2559"},{"taxonomy":"product_tag","embeddable":true,"href":"https:\/\/tecsecmty.com\/index.php\/wp-json\/wp\/v2\/product_tag?post=2559"}],"curies":[{"name":"wp","href":"https:\/\/api.w.org\/{rel}","templated":true}]}}