{"id":2561,"date":"2023-02-22T21:45:44","date_gmt":"2023-02-23T03:45:44","guid":{"rendered":"https:\/\/tecsecmty.com\/index.php\/producto\/dahua-hac-hfw1200cmn-a-camara-bullet-1080p-lente-de-2-8-mm-microfono-integrado-101-grados-de-apertura-metalica-ir-de-30-mts-ip67-soporta-cvi-cvbs-ahd-tvi\/"},"modified":"2023-03-22T23:22:40","modified_gmt":"2023-03-23T05:22:40","slug":"dahua-hac-hfw1200cmn-a-camara-bullet-1080p-lente-de-2-8-mm-microfono-integrado-101-grados-de-apertura-metalica-ir-de-30-mts-ip67-soporta-cvi-cvbs-ahd-tvi","status":"publish","type":"product","link":"https:\/\/tecsecmty.com\/index.php\/producto\/dahua-hac-hfw1200cmn-a-camara-bullet-1080p-lente-de-2-8-mm-microfono-integrado-101-grados-de-apertura-metalica-ir-de-30-mts-ip67-soporta-cvi-cvbs-ahd-tvi\/","title":{"rendered":"DAHUA HAC-HFW1200CMN-A- Camara Bullet 1080p\/ Lente de 2.8 mm\/ Microfono Integrado\/ 101 Grados de Apertura\/ Metalica\/ IR de 30 Mts\/ IP67\/ Soporta CVI\/CVBS\/AHD\/TVI\/"},"content":{"rendered":"<div class=\"row aling-items-center padding-bottom-2x\">\n<div class=\"col-lg-12\">\n<h5 class=\"card-title text-center\">Informaci\u00f3n general<\/h5>\n<p>Experimente video 1080p Full HD y la simplicidad de usar la infraestructura de cableado existente con HDCVI. La c\u00e1mara presenta un dise\u00f1o compacto y ofrece una imagen de alta calidad a un precio accesible.<\/p>\n<p><img decoding=\"async\" class=\"overview-center-img-web\" src=\"https:\/\/tvc.mx\/media\/389843\/Camara-Bullet-1080p-Lente-2.8mm-Microfono-Integrado-IP67--HAC-HFW1200CMN-A-Dahua-B.png\" alt=\"\" \/><\/div>\n<\/div>\n<div class=\"row align-items-center padding-bottom-2x\">\n<div class=\"col-md-5 order-md-2\"><img decoding=\"async\" class=\"d-block m-auto img-thumbnail\" src=\"https:\/\/tvc.mx\/media\/406055\/distancia-de-transmision-dahua.png\" alt=\" \" \/><\/div>\n<div class=\"col-md-7 order-md-1 text-md-left text-center\">\n<h2>Distancia de Transmisi\u00f3n<\/h2>\n<p class=\"text-muted\">\n<p>La tecnolog\u00eda HDCVI garantiza la transmisi\u00f3n en tiempo real a larga distancia sin perdidas. Admite transmisi\u00f3n de hasta 800 m (1080p)\/ 1200 m (720p) a trav\u00e9s de un cable coaxial y hasta 300 m (1080p) \/ 450 m (720p) a trav\u00e9s de un cable UTP.<\/p>\n<p>&nbsp;<\/p>\n<\/div>\n<\/div>\n<hr class=\"padding-bottom-2x\" \/>\n<div class=\"row align-items-center padding-bottom-2x\">\n<div class=\"col-md-5\"><img decoding=\"async\" class=\"d-block m-auto img-thumbnail\" src=\"https:\/\/tvc.mx\/media\/406059\/Smart-IR-Dahua.png\" alt=\" \" \/><\/div>\n<div class=\"col-md-7 text-md-left text-center\">\n<h2>IR Inteligente<\/h2>\n<p class=\"text-muted\">\n<p>El IR inteligente exclusivo de Dahua se ajusta a la intensidad de los LED infrarrojos de la c\u00e1mara para compensar la distancia de un objeto y evita que los LED IR sobreexpongan las im\u00e1genes a medida que el objeto se acerca a la c\u00e1mara<\/p>\n<p>&nbsp;<\/p>\n<\/div>\n<\/div>\n<hr class=\"padding-bottom-2x\" \/>\n<div class=\"row align-items-center padding-bottom-2x\">\n<div class=\"col-md-5 order-md-2\"><img decoding=\"async\" class=\"d-block m-auto img-thumbnail\" src=\"https:\/\/tvc.mx\/media\/406071\/Multiformatos-dahua.png\" alt=\" \" \/><\/div>\n<div class=\"col-md-7 order-md-1 text-md-left text-center\">\n<h2>Multiformato<\/h2>\n<p class=\"text-muted\">\n<p>La c\u00e1mara admite m\u00faltiples formatos de video, incluidos HDCVI, CVBS y otros dos formatos anal\u00f3gicos HD comunes en el mercado. Los cuatro formatos se pueden cambiar a trav\u00e9s del men\u00fa OSD o por PFM820.<\/p>\n<p>&nbsp;<\/p>\n<\/div>\n<\/div>\n<hr class=\"padding-bottom-2x\" \/>\n<div class=\"row align-items-center padding-bottom-2x\">\n<div class=\"col-md-5\"><img decoding=\"async\" class=\"d-block m-auto img-thumbnail\" src=\"https:\/\/tvc.mx\/media\/406083\/IP67-dahua.png\" alt=\" \" \/><\/div>\n<div class=\"col-md-7 text-md-left text-center\">\n<h2>Protecci\u00f3n IP67<\/h2>\n<p class=\"text-muted\">\n<p>La excelente confiabilidad de la c\u00e1mara es insuperable debido a su dise\u00f1o resistente. La c\u00e1mara esta protegida contra el agua y el polvo con clasificaci\u00f3n IP67, lo que la hace adecuada para entornos interiores o exteriores<\/p>\n<p>&nbsp;<\/p>\n<\/div>\n<\/div>\n<hr class=\"padding-bottom-2x\" \/>\n<div class=\"row align-items-center padding-bottom-2x\">\n<div class=\"col-md-5 order-md-2\"><img decoding=\"async\" class=\"d-block m-auto img-thumbnail\" src=\"https:\/\/tvc.mx\/media\/406091\/Camara-Bullet-1080p-Lente-2.8mm-Microfono-Integrado-IP67--HAC-HFW1200CMN-A-Dahua-pp-caracteristicas.png\" alt=\" \" \/><\/div>\n<div class=\"col-md-7 order-md-1 text-md-left text-center\">\n<h2>Principales Caracter\u00edsticas<\/h2>\n<p class=\"text-muted\">\n<ul>\n<li>\u00a0M\u00e1ximo\u00a030\u00a0fps\u00a0a\u00a01080P<\/li>\n<li>\u00a0CVI\u00a0\/\u00a0CVBS\u00a0\/\u00a0AHD\u00a0\/\u00a0TVI\u00a0conmutable<\/li>\n<li>Micr\u00f3fono\u00a0incorporado\u00a0(\u2011A)<\/li>\n<li>\u00a0IR\u00a0inteligente<\/li>\n<li>\u00a0IP67<\/li>\n<\/ul>\n<p>&nbsp;<\/p>\n<\/div>\n<\/div>\n<hr class=\"padding-bottom-2x\" \/>\n<div class=\"row align-items-center padding-bottom-2x\">\n<div class=\"col-md-5\"><img decoding=\"async\" class=\"d-block m-auto img-thumbnail\" src=\"https:\/\/tvc.mx\/media\/406099\/Camara-Bullet-1080p-Lente-2.8mm-Microfono-Integrado-IP67--HAC-HFW1200CMN-A-Dahua-especificaciones%2B.png\" alt=\" \" \/><\/div>\n<div class=\"col-md-7 text-md-left text-center\">\n<h2>Especificaciones<\/h2>\n<p class=\"text-muted\">\n<ul>\n<li>CMOS\u00a0de\u00a01\u00a0\/\u00a02,7\u00a0pulgadas<\/li>\n<li>2 Megap\u00edxeles<\/li>\n<li>Distancia\u00a0de\u00a0iluminaci\u00f3n 30\u00a0m<\/li>\n<li>Lente Fijo 2.8mm<\/li>\n<li>Distancia\u00a0de\u00a0enfoque\u00a0cercana: 2,8\u00a0mm<\/li>\n<li>BLC\u00a0\/\u00a0HLC<\/li>\n<li>DWDR<\/li>\n<li>Reducci\u00f3n\u00a0de\u00a0ruido 2D\u00a0NR<\/li>\n<li>Micr\u00f3fono\u00a0integrado\u00a0de\u00a0un\u00a0canal\u00a0(\u2011A)<\/li>\n<li>Fuente\u00a0de\u00a0alimentaci\u00f3n 12V<\/li>\n<li>Grado\u00a0de\u00a0protecci\u00f3n IP67<\/li>\n<li>Metal\u00a0en\u00a0toda\u00a0la\u00a0carcasa<\/li>\n<\/ul>\n<\/div>\n<\/div>\n","protected":false},"excerpt":{"rendered":"<p>Informaci\u00f3n general Experimente video 1080p Full HD y la simplicidad de usar la infraestructura de cableado existente con HDCVI. La c\u00e1mara presenta un dise\u00f1o compacto y ofrece una imagen de alta calidad a un precio accesible. Distancia de Transmisi\u00f3n La tecnolog\u00eda HDCVI garantiza la transmisi\u00f3n&hellip;<\/p>\n","protected":false},"featured_media":2560,"comment_status":"open","ping_status":"closed","template":"","meta":{"om_disable_all_campaigns":false,"_monsterinsights_skip_tracking":false,"_monsterinsights_sitenote_active":false,"_monsterinsights_sitenote_note":"","_monsterinsights_sitenote_category":0},"product_brand":[],"product_cat":[164],"product_tag":[42,165,166,151],"class_list":{"0":"post-2561","1":"product","2":"type-product","3":"status-publish","4":"has-post-thumbnail","6":"product_cat-bullet-camaras-cctv-hd","7":"product_tag-camaras","8":"product_tag-camaras-cctv-hd","9":"product_tag-cctv","10":"product_tag-seguridad","12":"first","13":"instock","14":"sale","15":"taxable","16":"shipping-taxable","17":"purchasable","18":"product-type-simple"},"aioseo_notices":[],"_links":{"self":[{"href":"https:\/\/tecsecmty.com\/index.php\/wp-json\/wp\/v2\/product\/2561","targetHints":{"allow":["GET"]}}],"collection":[{"href":"https:\/\/tecsecmty.com\/index.php\/wp-json\/wp\/v2\/product"}],"about":[{"href":"https:\/\/tecsecmty.com\/index.php\/wp-json\/wp\/v2\/types\/product"}],"replies":[{"embeddable":true,"href":"https:\/\/tecsecmty.com\/index.php\/wp-json\/wp\/v2\/comments?post=2561"}],"version-history":[{"count":0,"href":"https:\/\/tecsecmty.com\/index.php\/wp-json\/wp\/v2\/product\/2561\/revisions"}],"wp:featuredmedia":[{"embeddable":true,"href":"https:\/\/tecsecmty.com\/index.php\/wp-json\/wp\/v2\/media\/2560"}],"wp:attachment":[{"href":"https:\/\/tecsecmty.com\/index.php\/wp-json\/wp\/v2\/media?parent=2561"}],"wp:term":[{"taxonomy":"product_brand","embeddable":true,"href":"https:\/\/tecsecmty.com\/index.php\/wp-json\/wp\/v2\/product_brand?post=2561"},{"taxonomy":"product_cat","embeddable":true,"href":"https:\/\/tecsecmty.com\/index.php\/wp-json\/wp\/v2\/product_cat?post=2561"},{"taxonomy":"product_tag","embeddable":true,"href":"https:\/\/tecsecmty.com\/index.php\/wp-json\/wp\/v2\/product_tag?post=2561"}],"curies":[{"name":"wp","href":"https:\/\/api.w.org\/{rel}","templated":true}]}}