{"id":2565,"date":"2023-02-22T21:45:48","date_gmt":"2023-02-23T03:45:48","guid":{"rendered":"https:\/\/tecsecmty.com\/index.php\/producto\/dahua-hac-hfw1200d-036-camara-bullet-hdcvi-1080p-lente-3-6-mm-87-5-grados-de-apertura-smart-ir-80-mts-ip67-metalica-dwdr-blc-hlc-tvi-ahd-y-cvbs\/"},"modified":"2023-03-22T23:22:40","modified_gmt":"2023-03-23T05:22:40","slug":"dahua-hac-hfw1200d-036-camara-bullet-hdcvi-1080p-lente-3-6-mm-87-5-grados-de-apertura-smart-ir-80-mts-ip67-metalica-dwdr-blc-hlc-tvi-ahd-y-cvbs","status":"publish","type":"product","link":"https:\/\/tecsecmty.com\/index.php\/producto\/dahua-hac-hfw1200d-036-camara-bullet-hdcvi-1080p-lente-3-6-mm-87-5-grados-de-apertura-smart-ir-80-mts-ip67-metalica-dwdr-blc-hlc-tvi-ahd-y-cvbs\/","title":{"rendered":"DAHUA HAC-HFW1200D-036- Camara Bullet HDCVI 1080p\/ Lente 3.6 mm\/ 87.5 Grados de Apertura\/ Smart IR 80 Mts\/ IP67\/ Met\u00e1lica\/ DWDR\/ BLC\/ HLC\/ TVI AHD y CVBS\/"},"content":{"rendered":"<div class=\"row aling-items-center padding-bottom-2x\">\n<div class=\"col-lg-12\">\n<h5 class=\"card-title text-center\">INFORMACI\u00d3N GENERAL.<\/h5>\n<p class=\"ql-align-justify\">El modelo\u00a0<strong>HFW1200D36-S4<\/strong>\u00a0cuenta con la tecnolog\u00eda desarrollada por DAHUA llamada\u00a0<strong>HDCVI\u00a0<\/strong>y las tecnolog\u00edas<strong>\u00a0HDTVI\/ AHD\/ CVBS,\u00a0<\/strong>en la cual se transmite video de alta definici\u00f3n mediante cable coaxial y UTP, en el caso de esta c\u00e1mara a\u00a0<strong>1080p\u00a0<\/strong>(1920&#215;1080). Este modelo est\u00e1 dise\u00f1ado con un potente chipset que incorpora un sensor avanzado para proporcionar una excelente calidad en la imagen con colores vivos y abundantes detalles, tambi\u00e9n obtendremos un \u00e1ngulo de visi\u00f3n m\u00e1s amplio.<\/p>\n<p class=\"ql-align-justify\">Una de las ventajas que nos proporciona este modelo es que tendremos una visi\u00f3n de\u00a0<strong>87.5 grados<\/strong>\u00a0con su lente de\u00a0<strong>3.6 mm.\u00a0<\/strong>Adem\u00e1s la c\u00e1mara es a prueba de agua con \u00edndice de protecci\u00f3n IP67 lo que le permite\u00a0ser utilizada para el exterior, ya que esta\u00a0dise\u00f1ada para que no ingrese polvo y agua.<\/p>\n<p><img decoding=\"async\" class=\"overview-center-img-web\" src=\"https:\/\/tvc.mx\/media\/439579\/camara-bullet-hdcvi-1080p-smart-ir-dwdr--HAC-HFW1200D-Dahua.png\" alt=\"\" \/><\/p>\n<\/div>\n<\/div>\n<div class=\"row align-items-center padding-bottom-2x\">\n<div class=\"col-md-5 order-md-2\"><img decoding=\"async\" class=\"d-block m-auto img-thumbnail\" src=\"https:\/\/tvc.mx\/media\/439583\/larga-distancia-de-transmision-dahua.png\" alt=\" \" \/><\/div>\n<div class=\"col-md-7 order-md-1 text-md-left text-center\">\n<h2>LARGA DISTANCIA DE TRANSMISI\u00d3N<\/h2>\n<p>La tecnolog\u00eda HDCVI de Dahua garantiza la transmisi\u00f3n de v\u00eddeo a tiempo real y sin p\u00e9rdidas de calidad, a distancias de hasta 800m para v\u00eddeo de 1080P v\u00eda cable coaxial RG6 y hasta 300m por cable UTP, mediante transceptores PFM8004MP.<\/p>\n<p>&nbsp;<\/p>\n<\/div>\n<\/div>\n<hr class=\"padding-bottom-2x\" \/>\n<div class=\"row align-items-center padding-bottom-2x\">\n<div class=\"col-md-5\"><img decoding=\"async\" class=\"d-block m-auto img-thumbnail\" src=\"https:\/\/tvc.mx\/media\/439587\/Distancia-DORI.png\" alt=\" \" \/><\/div>\n<div class=\"col-md-7 text-md-left text-center\">\n<h2>DISTANCIA DORI<\/h2>\n<p>La distancia DORI es una proximidad general de la distancia que hace que sea f\u00e1cil elegir la c\u00e1mara adecuada para sus necesidades. La distancia DORI se calcula sobre la base de la especificaci\u00f3n del sensor y del resultado de la prueba de laboratorio seg\u00fan EN 62676-4, que define los criterios para Detectar, Observar, Reconocer e Identificar, respectivamente.<\/p>\n<p>&nbsp;<\/p>\n<\/div>\n<\/div>\n<hr class=\"padding-bottom-2x\" \/>\n<div class=\"row align-items-center padding-bottom-2x\">\n<div class=\"col-md-5 order-md-2\"><img decoding=\"async\" class=\"d-block m-auto img-thumbnail\" src=\"https:\/\/tvc.mx\/media\/439591\/WDR-Dahua.png\" alt=\" \" \/><\/div>\n<div class=\"col-md-7 order-md-1 text-md-left text-center\">\n<h2>DWDR<\/h2>\n<p class=\"ql-align-justify\">Nuestra c\u00e1mara\u00a0cuenta con DWDR, esta funci\u00f3n\u00a0se encarga de medir, compensar y ajustar la luz en la imagen\u00a0captada para despu\u00e9s combinar los espacios de luces brillantes con los espacios de sombras que hay en una misma toma, creando\u00a0un equilibrio en la imagen final.<\/p>\n<p>&nbsp;<\/p>\n<\/div>\n<\/div>\n<hr class=\"padding-bottom-2x\" \/>\n<div class=\"row align-items-center padding-bottom-2x\">\n<div class=\"col-md-5\"><img decoding=\"async\" class=\"d-block m-auto img-thumbnail\" src=\"https:\/\/tvc.mx\/media\/439595\/Smart-IR-Dahua.png\" alt=\" \" \/><\/div>\n<div class=\"col-md-7 text-md-left text-center\">\n<h2>SMART IR<\/h2>\n<p class=\"ql-align-justify\">Con la iluminaci\u00f3n IR, las im\u00e1genes detalladas se pueden capturar con poca luz o oscuridad total. La tecnolog\u00eda Smart IR ajusta la intensidad de los LED infrarrojos para compensar la distancia de un objeto evitando\u00a0que los LEDs IR borren las im\u00e1genes a medida que se acercan a la c\u00e1mara. La iluminaci\u00f3n infrarroja integrada de la c\u00e1mara proporciona un alto rendimiento en entornos con poca luz extrema de hasta 80 mts.<\/p>\n<p>&nbsp;<\/p>\n<\/div>\n<\/div>\n<hr class=\"padding-bottom-2x\" \/>\n<div class=\"row align-items-center padding-bottom-2x\">\n<div class=\"col-md-5 order-md-2\"><img decoding=\"async\" class=\"d-block m-auto img-thumbnail\" src=\"https:\/\/tvc.mx\/media\/439599\/camara-bullet-hdcvi-1080p-smart-ir-dwdr--HAC-HFW1200D-Dahua-caracteristicas.png\" alt=\" \" \/><\/div>\n<div class=\"col-md-7 order-md-1 text-md-left text-center\">\n<h2>CARACTER\u00cdSTICAS PRINCIPALES<\/h2>\n<ul>\n<li>ICR &#8211; Filtro mec\u00e1nico de infrarrojos<\/li>\n<li>D-WDR &#8211; Amplio rango din\u00e1mico de la iluminaci\u00f3n<\/li>\n<li>2D-DNR &#8211; Reducci\u00f3n digital de ruido en la imagen<\/li>\n<li>BLC &#8211; compensaci\u00f3n de contraluz<\/li>\n<li>AGC &#8211; Ajuste autom\u00e1tico de la ganancia de la imagen<\/li>\n<li class=\"ql-align-justify\">Balance de blancos autom\u00e1tico<\/li>\n<\/ul>\n<p>&nbsp;<\/p>\n<\/div>\n<\/div>\n<hr class=\"padding-bottom-2x\" \/>\n<div class=\"row align-items-center padding-bottom-2x\">\n<div class=\"col-md-5\"><img decoding=\"async\" class=\"d-block m-auto img-thumbnail\" src=\"https:\/\/tvc.mx\/media\/439635\/camara-bullet-hdcvi-1080p-smart-ir-dwdr--HAC-HFW1200D-Dahua-especificaciones.png\" alt=\" \" \/><\/div>\n<div class=\"col-md-7 text-md-left text-center\">\n<h2>Especificaciones<\/h2>\n<ul>\n<li>1\/2.7\u00a0\u00bb Progressive Scan CMOS<\/li>\n<li>2 megap\u00edxeles<\/li>\n<li>Lentes fijo:3.6\u00a0mm<\/li>\n<li>\u00c1ngulo de visi\u00f3n:90\u00a0\u00b0<\/li>\n<li>Rango del iluminador IR:80\u00a0m<\/li>\n<li>Ajuste de potencia del iluminador IR: Autom\u00e1tico<\/li>\n<li>Salida de v\u00eddeo: AHD\u00a0\/\u00a0HD-CVI\u00a0\/\u00a0HD-TVI\u00a0\/\u00a0PAL<\/li>\n<li>Alimentaci\u00f3n:12\u00a0V\u00a0DC\u00a0\/ 410\u00a0mA<\/li>\n<li>Grado de protecci\u00f3n:IP67<\/li>\n<li>Carcasa: Metal<\/li>\n<\/ul>\n<\/div>\n<\/div>\n","protected":false},"excerpt":{"rendered":"<p>INFORMACI\u00d3N GENERAL. El modelo\u00a0HFW1200D36-S4\u00a0cuenta con la tecnolog\u00eda desarrollada por DAHUA llamada\u00a0HDCVI\u00a0y las tecnolog\u00edas\u00a0HDTVI\/ AHD\/ CVBS,\u00a0en la cual se transmite video de alta definici\u00f3n mediante cable coaxial y UTP, en el caso de esta c\u00e1mara a\u00a01080p\u00a0(1920&#215;1080). Este modelo est\u00e1 dise\u00f1ado con un potente chipset que incorpora&hellip;<\/p>\n","protected":false},"featured_media":2564,"comment_status":"open","ping_status":"closed","template":"","meta":{"om_disable_all_campaigns":false,"_monsterinsights_skip_tracking":false,"_monsterinsights_sitenote_active":false,"_monsterinsights_sitenote_note":"","_monsterinsights_sitenote_category":0},"product_brand":[],"product_cat":[164],"product_tag":[42,165,166,151],"class_list":{"0":"post-2565","1":"product","2":"type-product","3":"status-publish","4":"has-post-thumbnail","6":"product_cat-bullet-camaras-cctv-hd","7":"product_tag-camaras","8":"product_tag-camaras-cctv-hd","9":"product_tag-cctv","10":"product_tag-seguridad","12":"first","13":"instock","14":"sale","15":"taxable","16":"shipping-taxable","17":"purchasable","18":"product-type-simple"},"aioseo_notices":[],"_links":{"self":[{"href":"https:\/\/tecsecmty.com\/index.php\/wp-json\/wp\/v2\/product\/2565","targetHints":{"allow":["GET"]}}],"collection":[{"href":"https:\/\/tecsecmty.com\/index.php\/wp-json\/wp\/v2\/product"}],"about":[{"href":"https:\/\/tecsecmty.com\/index.php\/wp-json\/wp\/v2\/types\/product"}],"replies":[{"embeddable":true,"href":"https:\/\/tecsecmty.com\/index.php\/wp-json\/wp\/v2\/comments?post=2565"}],"version-history":[{"count":0,"href":"https:\/\/tecsecmty.com\/index.php\/wp-json\/wp\/v2\/product\/2565\/revisions"}],"wp:featuredmedia":[{"embeddable":true,"href":"https:\/\/tecsecmty.com\/index.php\/wp-json\/wp\/v2\/media\/2564"}],"wp:attachment":[{"href":"https:\/\/tecsecmty.com\/index.php\/wp-json\/wp\/v2\/media?parent=2565"}],"wp:term":[{"taxonomy":"product_brand","embeddable":true,"href":"https:\/\/tecsecmty.com\/index.php\/wp-json\/wp\/v2\/product_brand?post=2565"},{"taxonomy":"product_cat","embeddable":true,"href":"https:\/\/tecsecmty.com\/index.php\/wp-json\/wp\/v2\/product_cat?post=2565"},{"taxonomy":"product_tag","embeddable":true,"href":"https:\/\/tecsecmty.com\/index.php\/wp-json\/wp\/v2\/product_tag?post=2565"}],"curies":[{"name":"wp","href":"https:\/\/api.w.org\/{rel}","templated":true}]}}