{"id":2569,"date":"2023-02-22T21:45:52","date_gmt":"2023-02-23T03:45:52","guid":{"rendered":"https:\/\/tecsecmty.com\/index.php\/producto\/dahua-hac-hfw1209c-led-camara-bullet-full-color-1080p-lente-de-2-8-mm-106-grados-de-apertura-luz-blanca-de-20-mts-dwdr-starlight-ip67-soporta-cvi-ahd-y-cvbs-promofullcolor\/"},"modified":"2023-03-22T23:22:41","modified_gmt":"2023-03-23T05:22:41","slug":"dahua-hac-hfw1209c-led-camara-bullet-full-color-1080p-lente-de-2-8-mm-106-grados-de-apertura-luz-blanca-de-20-mts-dwdr-starlight-ip67-soporta-cvi-ahd-y-cvbs-promofullcolor","status":"publish","type":"product","link":"https:\/\/tecsecmty.com\/index.php\/producto\/dahua-hac-hfw1209c-led-camara-bullet-full-color-1080p-lente-de-2-8-mm-106-grados-de-apertura-luz-blanca-de-20-mts-dwdr-starlight-ip67-soporta-cvi-ahd-y-cvbs-promofullcolor\/","title":{"rendered":"DAHUA HAC-HFW1209C-LED &#8211; C\u00e1mara Bullet Full Color 1080p\/ Lente de 2.8 mm\/ 106 Grados de Apertura\/ Luz Blanca de 20 Mts\/ DWDR\/ Starlight\/ IP67\/ Soporta CVI\/AHD y CVBS\/ #PromoFullColor"},"content":{"rendered":"<div class=\"row aling-items-center padding-bottom-2x\">\n<div class=\"col-lg-12\">\n<h5 class=\"card-title text-center\">Informaci\u00f3n General<\/h5>\n<p>El modelo\u00a0<strong>HFW1209C-LED<\/strong>\u00a0es una c\u00e1mara bullet de\u00a0<strong>1080P<\/strong>\u00a0de resoluci\u00f3n, con la cual podemos apreciar una imagen con mayor nitidez, brillo y claridad. Este modelo incorpora un lente de\u00a0<strong>2.8 mm<\/strong>, cuenta con la tecnolog\u00eda Full Color, esta nos permite obtener un rendimiento excepcional ideal para la visualizaci\u00f3n y reproducci\u00f3n de im\u00e1genes bajo condiciones de poca iluminaci\u00f3n. Cuenta con funciones especiales para cambios de iluminaci\u00f3n como lo es el DWDR .<\/p>\n<p><img decoding=\"async\" class=\"overview-center-img-web\" src=\"https:\/\/tvc.mx\/media\/439799\/HAC-HFW1209C-LED-c%C3%A1mara-bullet-Full-color-1080p.png\" alt=\"\" \/><\/div>\n<\/div>\n<div class=\"row align-items-center padding-bottom-2x\">\n<div class=\"col-md-5 order-md-2\"><img decoding=\"async\" class=\"d-block m-auto img-thumbnail\" src=\"https:\/\/tvc.mx\/media\/439803\/full-color-dahua.png\" alt=\" \" \/><\/div>\n<div class=\"col-md-7 order-md-1 text-md-left text-center\">\n<h2>Full Color<\/h2>\n<p class=\"text-muted\">\n<p>Esta tecnolog\u00eda nos permite obtener un\u00a0rendimiento excepcional ideal para la visualizaci\u00f3n y reproducci\u00f3n\u00a0de im\u00e1genes bajo condiciones de poca iluminaci\u00f3n, tanto en condiciones de contraluz extremo como en la obscuridad. Las c\u00e1maras Full Color nos permite tener un monitoreo 24\/7, para recopilaci\u00f3n de datos crom\u00e1ticos.<\/p>\n<p>&nbsp;<\/p>\n<\/div>\n<\/div>\n<hr class=\"padding-bottom-2x\" \/>\n<div class=\"row align-items-center padding-bottom-2x\">\n<div class=\"col-md-5\"><img decoding=\"async\" class=\"d-block m-auto img-thumbnail\" src=\"https:\/\/tvc.mx\/media\/439807\/luces-suplementaria-Dahua.png\" alt=\" \" \/><\/div>\n<div class=\"col-md-7 text-md-left text-center\">\n<h2>Luz Suplementaria<\/h2>\n<p class=\"text-muted\">\n<p>Con una c\u00e1lida luz LED suplementaria hasta 20 mts. , la c\u00e1mara puede proporcionar una imagen a color v\u00edvida incluso en la oscuridad total. Por defecto, la c\u00e1mara\u00a0<strong>HFW1509T-A-LED<\/strong>\u00a0esta configurada en modo de luz inteligente, en el que la c\u00e1mara puede ajustarse autom\u00e1ticamente el tiempo de exposici\u00f3n y la sensibilidad a la luz simult\u00e1neamentey as\u00ed evitar la sobre-exposici\u00f3n de los objetos en el centro de la imagen. Adem\u00e1s, la sensibilidad y La intensidad de las luces LED se puede controlar de forma remota mediante el men\u00fa OSD.<\/p>\n<p>&nbsp;<\/p>\n<\/div>\n<\/div>\n<hr class=\"padding-bottom-2x\" \/>\n<div class=\"row align-items-center padding-bottom-2x\">\n<div class=\"col-md-5 order-md-2\"><img decoding=\"async\" class=\"d-block m-auto img-thumbnail\" src=\"https:\/\/tvc.mx\/media\/439811\/OSD-Dahua.png\" alt=\" \" \/><\/div>\n<div class=\"col-md-7 order-md-1 text-md-left text-center\">\n<h2>Soporte M\u00faltiples Formatos de Video<\/h2>\n<p class=\"text-muted\">\n<p>La c\u00e1mara admite m\u00faltiples formatos de video, incluidos HDCVI, CVBS y otros dos formatos anal\u00f3gicos HD comunes en el mercado. Los cuatro formatos se pueden cambiar a trav\u00e9s del men\u00fa OSD o mediante PFM820 (controlador UTC). Esta caracter\u00edstica hace que la c\u00e1mara sea compatible con la mayor\u00eda de los DVR HD \/ SD existentes de los usuarios finales.<\/p>\n<p>&nbsp;<\/p>\n<\/div>\n<\/div>\n<hr class=\"padding-bottom-2x\" \/>\n<div class=\"row align-items-center padding-bottom-2x\">\n<div class=\"col-md-5\"><img decoding=\"async\" class=\"d-block m-auto img-thumbnail\" src=\"https:\/\/tvc.mx\/media\/439815\/IP67-dahua.png\" alt=\" \" \/><\/div>\n<div class=\"col-md-7 text-md-left text-center\">\n<h2>Dise\u00f1o Resistente<\/h2>\n<p class=\"text-muted\">\n<p>La excelente fiabilidad de la c\u00e1mara es inigualable debido a su dise\u00f1o resistente. La c\u00e1mara est\u00e1 protegida contra el agua y el polvo con clasificaci\u00f3n\u00a0<strong>IP67<\/strong>, lo que la hace adecuada para entornos interiores o exteriores. Con un rango de temperatura de trabajo de<strong>\u00a0-40 \u00b0 C a +60 \u00b0 C<\/strong>\u00a0, est\u00e1 dise\u00f1ada para entornos de temperatura extrema. Con una tolerancia de voltaje de entrada de\u00a0<strong>\u00b1 30%<\/strong>, esta c\u00e1mara se adapta incluso a las condiciones de fuente de alimentaci\u00f3n m\u00e1s inestables. la estructura esta dise\u00f1ada con soporte a rayos con un \u00edndice de\u00a0<strong>4KV.<\/strong><\/p>\n<p>&nbsp;<\/p>\n<\/div>\n<\/div>\n<hr class=\"padding-bottom-2x\" \/>\n<div class=\"row align-items-center padding-bottom-2x\">\n<div class=\"col-md-5 order-md-2\"><img decoding=\"async\" class=\"d-block m-auto img-thumbnail\" src=\"https:\/\/tvc.mx\/media\/439819\/HAC-HFW1209C-LED-c%C3%A1mara-bullet-Full-color-1080p-caracteristicas.png\" alt=\" \" \/><\/div>\n<div class=\"col-md-7 order-md-1 text-md-left text-center\">\n<h2>Principales Caracter\u00edsticas<\/h2>\n<p class=\"text-muted\">\n<ul>\n<li class=\"ql-align-justify\">Tecnolog\u00eda Starlight<\/li>\n<li class=\"ql-align-justify\">Full color<\/li>\n<li class=\"ql-align-justify\">Luces suplementarias c\u00e1lidas<\/li>\n<li class=\"ql-align-justify\">DWDR<\/li>\n<li class=\"ql-align-justify\">CVI \/ CVBS \/ AHD \/ TVI conmutable<\/li>\n<li class=\"ql-align-justify\">IP67<\/li>\n<\/ul>\n<\/div>\n<\/div>\n","protected":false},"excerpt":{"rendered":"<p>Informaci\u00f3n General El modelo\u00a0HFW1209C-LED\u00a0es una c\u00e1mara bullet de\u00a01080P\u00a0de resoluci\u00f3n, con la cual podemos apreciar una imagen con mayor nitidez, brillo y claridad. Este modelo incorpora un lente de\u00a02.8 mm, cuenta con la tecnolog\u00eda Full Color, esta nos permite obtener un rendimiento excepcional ideal para la&hellip;<\/p>\n","protected":false},"featured_media":2568,"comment_status":"open","ping_status":"closed","template":"","meta":{"om_disable_all_campaigns":false,"_monsterinsights_skip_tracking":false,"_monsterinsights_sitenote_active":false,"_monsterinsights_sitenote_note":"","_monsterinsights_sitenote_category":0},"product_brand":[],"product_cat":[164],"product_tag":[42,165,166,151],"class_list":{"0":"post-2569","1":"product","2":"type-product","3":"status-publish","4":"has-post-thumbnail","6":"product_cat-bullet-camaras-cctv-hd","7":"product_tag-camaras","8":"product_tag-camaras-cctv-hd","9":"product_tag-cctv","10":"product_tag-seguridad","12":"first","13":"instock","14":"sale","15":"taxable","16":"shipping-taxable","17":"purchasable","18":"product-type-simple"},"aioseo_notices":[],"_links":{"self":[{"href":"https:\/\/tecsecmty.com\/index.php\/wp-json\/wp\/v2\/product\/2569","targetHints":{"allow":["GET"]}}],"collection":[{"href":"https:\/\/tecsecmty.com\/index.php\/wp-json\/wp\/v2\/product"}],"about":[{"href":"https:\/\/tecsecmty.com\/index.php\/wp-json\/wp\/v2\/types\/product"}],"replies":[{"embeddable":true,"href":"https:\/\/tecsecmty.com\/index.php\/wp-json\/wp\/v2\/comments?post=2569"}],"version-history":[{"count":0,"href":"https:\/\/tecsecmty.com\/index.php\/wp-json\/wp\/v2\/product\/2569\/revisions"}],"wp:featuredmedia":[{"embeddable":true,"href":"https:\/\/tecsecmty.com\/index.php\/wp-json\/wp\/v2\/media\/2568"}],"wp:attachment":[{"href":"https:\/\/tecsecmty.com\/index.php\/wp-json\/wp\/v2\/media?parent=2569"}],"wp:term":[{"taxonomy":"product_brand","embeddable":true,"href":"https:\/\/tecsecmty.com\/index.php\/wp-json\/wp\/v2\/product_brand?post=2569"},{"taxonomy":"product_cat","embeddable":true,"href":"https:\/\/tecsecmty.com\/index.php\/wp-json\/wp\/v2\/product_cat?post=2569"},{"taxonomy":"product_tag","embeddable":true,"href":"https:\/\/tecsecmty.com\/index.php\/wp-json\/wp\/v2\/product_tag?post=2569"}],"curies":[{"name":"wp","href":"https:\/\/api.w.org\/{rel}","templated":true}]}}