{"id":2571,"date":"2023-02-22T21:45:54","date_gmt":"2023-02-23T03:45:54","guid":{"rendered":"https:\/\/tecsecmty.com\/index.php\/producto\/dahua-hac-hfw1209cmn-a-led-camara-bullet-full-color-1080p-lente-de-2-8-mm-microfono-integrado-108-grados-de-apertura-metalica-wdr-digital-20-metros-de-iluminacion-ip67-soporta-cvi-cvbs-ahd-t\/"},"modified":"2023-03-22T23:22:41","modified_gmt":"2023-03-23T05:22:41","slug":"dahua-hac-hfw1209cmn-a-led-camara-bullet-full-color-1080p-lente-de-2-8-mm-microfono-integrado-108-grados-de-apertura-metalica-wdr-digital-20-metros-de-iluminacion-ip67-soporta-cvi-cvbs-ahd-t","status":"publish","type":"product","link":"https:\/\/tecsecmty.com\/index.php\/producto\/dahua-hac-hfw1209cmn-a-led-camara-bullet-full-color-1080p-lente-de-2-8-mm-microfono-integrado-108-grados-de-apertura-metalica-wdr-digital-20-metros-de-iluminacion-ip67-soporta-cvi-cvbs-ahd-t\/","title":{"rendered":"DAHUA HAC-HFW1209CMN-A-LED &#8211; Camara Bullet Full Color 1080p\/ Lente de 2.8 mm\/ Micr\u00f3fono Integrado\/ 108 Grados de Apertura\/ Metalica\/ WDR Digital\/ 20 Metros de Iluminacion\/ IP67\/ Soporta CVI\/CVBS\/AHD\/TVI\/ #LoNuevo"},"content":{"rendered":"<div class=\"row aling-items-center padding-bottom-2x\">\n<div class=\"col-lg-12\">\n<h5 class=\"card-title text-center\">Informaci\u00f3n general<\/h5>\n<p class=\"ql-align-justify\">La serie Lite es una excelente opci\u00f3n para los consumidores que buscan productos de monitoreo de alta calidad a un precio razonable. Su bajo costo y alto rendimiento lo hacen ideal para \u00e1reas residenciales y soluciones para PYMES. Esta serie est\u00e1 equipada con una amplia gama de tecnolog\u00edas, como full-color y starlight, brindando diversas soluciones para diferentes escenarios.<\/p>\n<p><img decoding=\"async\" class=\"overview-center-img-web\" src=\"https:\/\/tvc.mx\/media\/557539\/DAHUA-HFW1209CMN-A-LED-Camara-Bullet-Full-Color-1080p-Lente-2.png-banner-principal.png\" alt=\"Camara\" \/><\/div>\n<\/div>\n<div class=\"row align-items-center padding-bottom-2x\">\n<div class=\"col-md-5\"><img decoding=\"async\" class=\"d-block m-auto img-thumbnail\" src=\"https:\/\/tvc.mx\/media\/557547\/full-color-dahua.png\" alt=\" Full color\" \/><\/div>\n<div class=\"col-md-7 text-md-left text-center\">\n<h2>Full Color<\/h2>\n<p class=\"text-muted\">\n<p>Con su algoritmo de procesamiento de im\u00e1genes avanzado y su capacidad para absorber grandes cantidades de luz, la c\u00e1mara proporciona un monitoreo de color las 24 horas del d\u00eda, los 7 d\u00edas de la semana que recopila informaci\u00f3n clara y muy detallada, lo que aumenta significativamente la confiabilidad de las im\u00e1genes humanas y de veh\u00edculos que se recopilan como evidencia para el an\u00e1lisis inteligente.<\/p>\n<p>&nbsp;<\/p>\n<\/div>\n<\/div>\n<hr class=\"padding-bottom-2x\" \/>\n<div class=\"row align-items-center padding-bottom-2x\">\n<div class=\"col-md-5 order-md-2\"><img decoding=\"async\" class=\"d-block m-auto img-thumbnail\" src=\"https:\/\/tvc.mx\/media\/557551\/4-se%C3%B1ales-sobre-1-cable-coaxial-Dahua.png\" alt=\" tecnolog\u00eda HDCVI\" \/><\/div>\n<div class=\"col-md-7 order-md-1 text-md-left text-center\">\n<h2>4 Se\u00f1ales sobre 1 Cable Coaxial<\/h2>\n<p class=\"text-muted\">\n<p class=\"ql-align-justify\">La tecnolog\u00eda HDCVI admite 4 se\u00f1ales (video, audio*, datos y alimentaci\u00f3n) que se transmiten simult\u00e1neamente a trav\u00e9s de un cable coaxial. La transmisi\u00f3n de datos bidireccional permite que la c\u00e1mara HDCVI interact\u00fae con el XVR para realizar diversas acciones, como enviar se\u00f1ales de control y activar alarmas. La tecnolog\u00eda HDCVI tambi\u00e9n es compatible con PoC, lo que hace que la c\u00e1mara sea f\u00e1cil y r\u00e1pida de instalar.<\/p>\n<p>&nbsp;<\/p>\n<\/div>\n<\/div>\n<hr class=\"padding-bottom-2x\" \/>\n<div class=\"row align-items-center padding-bottom-2x\">\n<div class=\"col-md-5\"><img decoding=\"async\" class=\"d-block m-auto img-thumbnail\" src=\"https:\/\/tvc.mx\/media\/557555\/IP67-dahua.png\" alt=\" Protecci\u00f3n\" \/><\/div>\n<div class=\"col-md-7 text-md-left text-center\">\n<h2>Protecci\u00f3n (IP67, amplio voltaje)<\/h2>\n<p class=\"text-muted\">\n<p>IP67: la c\u00e1mara super\u00f3 una serie de rigurosas pruebas de polvo e inmersi\u00f3n. Su carcasa es a prueba de polvo e impermeable, y puede funcionar normalmente mientras se sumerge en agua a 1 m de profundidad durante un m\u00e1ximo de 30 minutos. Amplio voltaje: la c\u00e1mara tiene una tolerancia de voltaje de entrada de \u00b130 % (para algunas fuentes de alimentaci\u00f3n) y un amplio rango de voltaje, lo que la hace adecuada para una variedad de escenarios al aire libre<\/p>\n<p>&nbsp;<\/p>\n<\/div>\n<\/div>\n<hr class=\"padding-bottom-2x\" \/>\n<div class=\"row align-items-center padding-bottom-2x\">\n<div class=\"col-md-5 order-md-2\"><img decoding=\"async\" class=\"d-block m-auto img-thumbnail\" src=\"https:\/\/tvc.mx\/media\/557559\/3DNR-dahua.png\" alt=\" 3DNR\" \/><\/div>\n<div class=\"col-md-7 order-md-1 text-md-left text-center\">\n<h2>3DNR<\/h2>\n<p class=\"text-muted\">\n<p>La tecnolog\u00eda avanzada 3DNR de Dahua reduce el ruido de la imagen con poco o ning\u00fan impacto en la nitidez de la imagen, especialmente en condiciones de poca luz. Detecta el ruido y compara los cuadros secuenciales para reducir el ruido de manera efectiva.Tambi\u00e9n hace un uso eficiente del ancho de banda, ahorrando espacio de almacenamiento.<\/p>\n<p>&nbsp;<\/p>\n<\/div>\n<\/div>\n<hr class=\"padding-bottom-2x\" \/>\n<div class=\"row align-items-center padding-bottom-2x\">\n<div class=\"col-md-5\"><img decoding=\"async\" class=\"d-block m-auto img-thumbnail\" src=\"https:\/\/tvc.mx\/media\/557563\/DAHUA-HFW1209CMN-A-LED-Camara-Bullet-Full-Color-1080p-Lente-2-caracteristicas-principales.png\" alt=\" Caracteristicas\" \/><\/div>\n<div class=\"col-md-7 text-md-left text-center\">\n<h2>Caracteristicas principales<\/h2>\n<p class=\"text-muted\">\n<p><strong>\u00b7\u00a0<\/strong>m\u00e1x. 30 fps@1080p.<\/p>\n<p><strong>\u00b7\u00a0<\/strong>Im\u00e1genes en color 24\/7.<\/p>\n<p><strong>\u00b7\u00a0<\/strong>Distancia de iluminaci\u00f3n de 20 m.<\/p>\n<p><strong>\u00b7\u00a0<\/strong>S\u00faper Adaptado.<\/p>\n<p><strong>\u00b7\u00a0<\/strong>Micr\u00f3fono Incorporado (-A).<\/p>\n<p><strong>\u00b7\u00a0<\/strong>Lente fijo de 2,8 mm.<\/p>\n<p><strong>\u00b7\u00a0<\/strong>CVI\/CVBS\/AHD\/TVI conmutable.<\/p>\n<p><strong>\u00b7\u00a0<\/strong>IP67, 12 V CC.<\/p>\n<p>&nbsp;<\/p>\n<\/div>\n<\/div>\n<hr class=\"padding-bottom-2x\" \/>\n<div class=\"row align-items-center padding-bottom-2x\">\n<div class=\"col-md-5 order-md-2\"><img decoding=\"async\" class=\"d-block m-auto img-thumbnail\" src=\"https:\/\/tvc.mx\/media\/558087\/DAHUA-HFW1209CMN-A-LED-Camara-Bullet-Full-Color-1080p-Lente-2-especificaciones-tecnicas.png\" alt=\" Especificaciones\" \/><\/div>\n<div class=\"col-md-7 order-md-1 text-md-left text-center\">\n<h2>Especificaciones T\u00e9cnicas<\/h2>\n<p class=\"text-muted\">\n<ul>\n<li>CMOS de 2 Megapixeles<\/li>\n<li>M\u00e1x. Resoluci\u00f3n 1920 (H) x 1080 (v)<\/li>\n<li>Sistema de escaneo: Progresivo<\/li>\n<li>M\u00edn iluminaci\u00f3n 0,005 lux a F1.6 (color)<\/li>\n<li>Relaci\u00f3n se\u00f1al\/ruido &gt; 65 dB<\/li>\n<li>Distancia de iluminaci\u00f3n 20 m (65.62 pies)<\/li>\n<li>Control de encendido\/apagado del iluminador. Manual de auto<\/li>\n<li>Numero de iluminado 1 (luz c\u00e1lida)<\/li>\n<li>Rango de giro:\u00a0\u00a00\u00b0\u2013360\u00b0<\/li>\n<li>Rango de inclinaci\u00f3n: 0\u00b0\u201390\u00b0<\/li>\n<li>Rango de rotaci\u00f3n: \u00a00\u00b0\u2013360\u00b0<\/li>\n<\/ul>\n<\/div>\n<\/div>\n","protected":false},"excerpt":{"rendered":"<p>Informaci\u00f3n general La serie Lite es una excelente opci\u00f3n para los consumidores que buscan productos de monitoreo de alta calidad a un precio razonable. Su bajo costo y alto rendimiento lo hacen ideal para \u00e1reas residenciales y soluciones para PYMES. Esta serie est\u00e1 equipada con&hellip;<\/p>\n","protected":false},"featured_media":2570,"comment_status":"open","ping_status":"closed","template":"","meta":{"om_disable_all_campaigns":false,"_monsterinsights_skip_tracking":false,"_monsterinsights_sitenote_active":false,"_monsterinsights_sitenote_note":"","_monsterinsights_sitenote_category":0},"product_brand":[],"product_cat":[164],"product_tag":[42,165,166,151],"class_list":{"0":"post-2571","1":"product","2":"type-product","3":"status-publish","4":"has-post-thumbnail","6":"product_cat-bullet-camaras-cctv-hd","7":"product_tag-camaras","8":"product_tag-camaras-cctv-hd","9":"product_tag-cctv","10":"product_tag-seguridad","12":"first","13":"instock","14":"sale","15":"taxable","16":"shipping-taxable","17":"purchasable","18":"product-type-simple"},"aioseo_notices":[],"_links":{"self":[{"href":"https:\/\/tecsecmty.com\/index.php\/wp-json\/wp\/v2\/product\/2571","targetHints":{"allow":["GET"]}}],"collection":[{"href":"https:\/\/tecsecmty.com\/index.php\/wp-json\/wp\/v2\/product"}],"about":[{"href":"https:\/\/tecsecmty.com\/index.php\/wp-json\/wp\/v2\/types\/product"}],"replies":[{"embeddable":true,"href":"https:\/\/tecsecmty.com\/index.php\/wp-json\/wp\/v2\/comments?post=2571"}],"version-history":[{"count":0,"href":"https:\/\/tecsecmty.com\/index.php\/wp-json\/wp\/v2\/product\/2571\/revisions"}],"wp:featuredmedia":[{"embeddable":true,"href":"https:\/\/tecsecmty.com\/index.php\/wp-json\/wp\/v2\/media\/2570"}],"wp:attachment":[{"href":"https:\/\/tecsecmty.com\/index.php\/wp-json\/wp\/v2\/media?parent=2571"}],"wp:term":[{"taxonomy":"product_brand","embeddable":true,"href":"https:\/\/tecsecmty.com\/index.php\/wp-json\/wp\/v2\/product_brand?post=2571"},{"taxonomy":"product_cat","embeddable":true,"href":"https:\/\/tecsecmty.com\/index.php\/wp-json\/wp\/v2\/product_cat?post=2571"},{"taxonomy":"product_tag","embeddable":true,"href":"https:\/\/tecsecmty.com\/index.php\/wp-json\/wp\/v2\/product_tag?post=2571"}],"curies":[{"name":"wp","href":"https:\/\/api.w.org\/{rel}","templated":true}]}}