{"id":2573,"date":"2023-02-22T21:45:56","date_gmt":"2023-02-23T03:45:56","guid":{"rendered":"https:\/\/tecsecmty.com\/index.php\/producto\/dahua-hac-hfw1209cn-a-led-camara-bullet-full-color-1080p-lente-de-2-8-mm-106-grados-de-apertura-microfono-integrado-luz-blanca-de-20-mts-dwdr-starlight-ip67-soporta-cvi-ahd-y-cvbs-fullcolo\/"},"modified":"2023-03-22T23:22:41","modified_gmt":"2023-03-23T05:22:41","slug":"dahua-hac-hfw1209cn-a-led-camara-bullet-full-color-1080p-lente-de-2-8-mm-106-grados-de-apertura-microfono-integrado-luz-blanca-de-20-mts-dwdr-starlight-ip67-soporta-cvi-ahd-y-cvbs-fullcolo","status":"publish","type":"product","link":"https:\/\/tecsecmty.com\/index.php\/producto\/dahua-hac-hfw1209cn-a-led-camara-bullet-full-color-1080p-lente-de-2-8-mm-106-grados-de-apertura-microfono-integrado-luz-blanca-de-20-mts-dwdr-starlight-ip67-soporta-cvi-ahd-y-cvbs-fullcolo\/","title":{"rendered":"DAHUA HAC-HFW1209CN-A-LED &#8211; C\u00e1mara Bullet Full Color 1080p\/ Lente de 2.8 mm\/ 106 Grados de Apertura\/ Micr\u00f3fono Integrado\/ Luz Blanca de 20 Mts\/ DWDR\/ Starlight\/ IP67\/ Soporta CVI\/AHD y CVBS\/ #FullColor #LoNuevo"},"content":{"rendered":"<div class=\"row aling-items-center padding-bottom-2x\">\n<div class=\"col-lg-12\">\n<h5 class=\"card-title text-center\">Informaci\u00f3n general<\/h5>\n<p class=\"ql-align-justify\">Experimente el video en color Full HD de 2MP y la simplicidad de reutilizar la infraestructura coaxial existente con HDCVI. La c\u00e1mara HDCVI starlight a todo color presenta una imagen en color de alta calidad con ricos detalles incluso en condiciones de oscuridad total. Ofrece varios modelos de lentes fijas con OSD multiling\u00fce y salida conmutable HD \/ SD. Adopta uno de los potentes iluminadores LED de color blanco c\u00e1lido, que cubren un alcance efectivo de hasta 20 m (65,61 pies). Los LED se encienden autom\u00e1ticamente en la oscuridad para capturar im\u00e1genes a todo color repletas de detalles las 24 horas, los 7 d\u00edas de la semana, lo que garantiza una identificaci\u00f3n aut\u00e9ntica de los objetos. Es una opci\u00f3n ideal para aplicaciones como escuelas, centros comerciales y estacionamientos.<\/p>\n<p><img decoding=\"async\" class=\"overview-center-img-web\" src=\"https:\/\/tvc.mx\/media\/586463\/DAHUA-HAC-HFW1209CN-A-LED---Camara-Bullet-Full-Color-1080p-Lente-2-banner.png\" alt=\"C\u00e1mara bullet\" \/><\/div>\n<\/div>\n<div class=\"row align-items-center padding-bottom-2x\">\n<div class=\"col-md-5\"><img decoding=\"async\" class=\"d-block m-auto img-thumbnail\" src=\"https:\/\/tvc.mx\/media\/586467\/4-se%C3%B1ales-sobre-1-cable-coaxial-Dahua.png\" alt=\" Tecnolog\u00eda HDCVI\" \/><\/div>\n<div class=\"col-md-7 text-md-left text-center\">\n<h2>4 Se\u00f1ales sobre 1 Cable Coaxial<\/h2>\n<p class=\"text-muted\">\n<p class=\"ql-align-justify\">La tecnolog\u00eda HDCVI admite 4 se\u00f1ales que se transmiten a trav\u00e9s de 1 cable coaxial simult\u00e1neamente, es decir, video, audio, datos y alimentaci\u00f3n. La transmisi\u00f3n de datos de doble v\u00eda permite que la c\u00e1mara HDCVI interact\u00fae con el XVR, como enviar se\u00f1ales de control o activar alarmas.<\/p>\n<p>&nbsp;<\/p>\n<\/div>\n<\/div>\n<hr class=\"padding-bottom-2x\" \/>\n<div class=\"row align-items-center padding-bottom-2x\">\n<div class=\"col-md-5 order-md-2\"><img decoding=\"async\" class=\"d-block m-auto img-thumbnail\" src=\"https:\/\/tvc.mx\/media\/586471\/Starlight-Dahua.png\" alt=\" Starlight\" \/><\/div>\n<div class=\"col-md-7 order-md-1 text-md-left text-center\">\n<h2>Starlight a todo color<\/h2>\n<p class=\"text-muted\">\n<p class=\"ql-align-justify\">La c\u00e1mara adopta una lente de gran apertura F1.6 y un sensor de alto rendimiento de 1 \/ 2.8 \u00ab. Con una mayor cantidad de luz absorbida y un algoritmo avanzado de procesamiento de im\u00e1genes, la c\u00e1mara presenta un rendimiento impresionante con poca luz con un equilibrio excepcional entre la reducci\u00f3n de ruido y el desenfoque del objeto en movimiento .<\/p>\n<p>&nbsp;<\/p>\n<\/div>\n<\/div>\n<hr class=\"padding-bottom-2x\" \/>\n<div class=\"row align-items-center padding-bottom-2x\">\n<div class=\"col-md-5\"><img decoding=\"async\" class=\"d-block m-auto img-thumbnail\" src=\"https:\/\/tvc.mx\/media\/586475\/Multiformatos-dahua.png\" alt=\" Formatos m\u00faltiples\" \/><\/div>\n<div class=\"col-md-7 text-md-left text-center\">\n<h2>Formatos m\u00faltiples<\/h2>\n<p class=\"text-muted\">\n<p class=\"ql-align-justify\">La c\u00e1mara admite m\u00faltiples formatos de video, incluidos HDCVI, CVBS y otros dos formatos anal\u00f3gicos HD comunes en el mercado. Los cuatro formatos se pueden cambiar a trav\u00e9s del men\u00fa OSD o mediante PFM820 (controlador UTC). Esta caracter\u00edstica hace que la c\u00e1mara sea compatible con la mayor\u00eda de los DVR HD \/ SD existentes de los usuarios finales.<\/p>\n<p>&nbsp;<\/p>\n<\/div>\n<\/div>\n<hr class=\"padding-bottom-2x\" \/>\n<div class=\"row align-items-center padding-bottom-2x\">\n<div class=\"col-md-5 order-md-2\"><img decoding=\"async\" class=\"d-block m-auto img-thumbnail\" src=\"https:\/\/tvc.mx\/media\/586479\/IP67-dahua.png\" alt=\" IP67\" \/><\/div>\n<div class=\"col-md-7 order-md-1 text-md-left text-center\">\n<h2>Protecci\u00f3n IP67<\/h2>\n<p class=\"text-muted\">\n<p class=\"ql-align-justify\">La excelente fiabilidad de la c\u00e1mara es inigualable debido a su dise\u00f1o resistente. La c\u00e1mara est\u00e1 protegida contra el agua y el polvo con clasificaci\u00f3n IP67, lo que la hace adecuada para entornos interiores o exteriores. Con un rango de temperatura de trabajo de -40 \u00b0 C a +60 \u00b0 C (-40 \u00b0 F a +140 \u00b0 F), la c\u00e1mara est\u00e1 dise\u00f1ada para entornos de temperatura extrema. Con una tolerancia de voltaje de entrada de \u00b1 30%, esta c\u00e1mara se adapta incluso a las condiciones de fuente de alimentaci\u00f3n m\u00e1s inestables. Su clasificaci\u00f3n de rayos 4KV brinda protecci\u00f3n contra la c\u00e1mara y su estructura contra los efectos de los rayos.<\/p>\n<p>&nbsp;<\/p>\n<\/div>\n<\/div>\n<hr class=\"padding-bottom-2x\" \/>\n<div class=\"row align-items-center padding-bottom-2x\">\n<div class=\"col-md-5\"><img decoding=\"async\" class=\"d-block m-auto img-thumbnail\" src=\"https:\/\/tvc.mx\/media\/586483\/DAHUA-HAC-HFW1209CN-A-LED---Camara-Bullet-Full-Color-1080p-Lente-2-caracteristicas-principales.png\" alt=\" Camara \" \/><\/div>\n<div class=\"col-md-7 text-md-left text-center\">\n<h2>Caracter\u00edsticas Principales<\/h2>\n<p class=\"text-muted\">\n<p>\u00b7 Luz estelar a todo color<\/p>\n<p>\u00b7 20 m de distancia de iluminaci\u00f3n<\/p>\n<p>\u00b7 M\u00e1x. 30 fps a 1080 p<\/p>\n<p>\u00b7 CVI \/ CVBS \/ AHD \/ TVI conmutable<\/p>\n<p>\u00b7 Lente fija (2.8 mm; 3.6 mm opcional)<\/p>\n<p>\u00b7 IP67, 12V \u00b1 30% DC<\/p>\n<p>&nbsp;<\/p>\n<\/div>\n<\/div>\n<hr class=\"padding-bottom-2x\" \/>\n<div class=\"row align-items-center padding-bottom-2x\">\n<div class=\"col-md-5\"><img decoding=\"async\" class=\"d-block m-auto img-thumbnail\" src=\"https:\/\/tvc.mx\/media\/586487\/DAHUA-HAC-HFW1209CN-A-LED---Camara-Bullet-Full-Color-1080p-Lente-2-especificaciones-tecnicas.png\" alt=\" Dimensiones\" \/><\/div>\n<div class=\"col-md-7 text-md-left text-center\">\n<h2>Especificaciones T\u00e9cnicas<\/h2>\n<p class=\"text-muted\">\n<p class=\"ql-align-justify\">CMOS de 1\/2.8 pulgadas<\/p>\n<p class=\"ql-align-justify\">Pixeles efectivos: 1920 (H) x 1080 (v), 2MP<\/p>\n<p class=\"ql-align-justify\">Sistema de escaneo progresivo<\/p>\n<p class=\"ql-align-justify\">Velocidad de obturaci\u00f3n electr\u00f3nica:\u00a0PAL: 1 \/ 25s \u2013 1 \/ 100000s NTSC: 1 \/ 30s \u2013 1 \/ 100000s<\/p>\n<p class=\"ql-align-justify\">Relaci\u00f3n S\/N &gt; 65dB<\/p>\n<p class=\"ql-align-justify\">Iluminaci\u00f3n m\u00ednima: 0.01Lux \/ F1.6, 0Lux luz blanca encendida<\/p>\n<\/div>\n<\/div>\n","protected":false},"excerpt":{"rendered":"<p>Informaci\u00f3n general Experimente el video en color Full HD de 2MP y la simplicidad de reutilizar la infraestructura coaxial existente con HDCVI. La c\u00e1mara HDCVI starlight a todo color presenta una imagen en color de alta calidad con ricos detalles incluso en condiciones de oscuridad&hellip;<\/p>\n","protected":false},"featured_media":2572,"comment_status":"open","ping_status":"closed","template":"","meta":{"om_disable_all_campaigns":false,"_monsterinsights_skip_tracking":false,"_monsterinsights_sitenote_active":false,"_monsterinsights_sitenote_note":"","_monsterinsights_sitenote_category":0},"product_brand":[],"product_cat":[164],"product_tag":[42,165,166,151],"class_list":{"0":"post-2573","1":"product","2":"type-product","3":"status-publish","4":"has-post-thumbnail","6":"product_cat-bullet-camaras-cctv-hd","7":"product_tag-camaras","8":"product_tag-camaras-cctv-hd","9":"product_tag-cctv","10":"product_tag-seguridad","12":"first","13":"instock","14":"sale","15":"taxable","16":"shipping-taxable","17":"purchasable","18":"product-type-simple"},"aioseo_notices":[],"_links":{"self":[{"href":"https:\/\/tecsecmty.com\/index.php\/wp-json\/wp\/v2\/product\/2573","targetHints":{"allow":["GET"]}}],"collection":[{"href":"https:\/\/tecsecmty.com\/index.php\/wp-json\/wp\/v2\/product"}],"about":[{"href":"https:\/\/tecsecmty.com\/index.php\/wp-json\/wp\/v2\/types\/product"}],"replies":[{"embeddable":true,"href":"https:\/\/tecsecmty.com\/index.php\/wp-json\/wp\/v2\/comments?post=2573"}],"version-history":[{"count":0,"href":"https:\/\/tecsecmty.com\/index.php\/wp-json\/wp\/v2\/product\/2573\/revisions"}],"wp:featuredmedia":[{"embeddable":true,"href":"https:\/\/tecsecmty.com\/index.php\/wp-json\/wp\/v2\/media\/2572"}],"wp:attachment":[{"href":"https:\/\/tecsecmty.com\/index.php\/wp-json\/wp\/v2\/media?parent=2573"}],"wp:term":[{"taxonomy":"product_brand","embeddable":true,"href":"https:\/\/tecsecmty.com\/index.php\/wp-json\/wp\/v2\/product_brand?post=2573"},{"taxonomy":"product_cat","embeddable":true,"href":"https:\/\/tecsecmty.com\/index.php\/wp-json\/wp\/v2\/product_cat?post=2573"},{"taxonomy":"product_tag","embeddable":true,"href":"https:\/\/tecsecmty.com\/index.php\/wp-json\/wp\/v2\/product_tag?post=2573"}],"curies":[{"name":"wp","href":"https:\/\/api.w.org\/{rel}","templated":true}]}}