{"id":2585,"date":"2023-02-22T21:46:07","date_gmt":"2023-02-23T03:46:07","guid":{"rendered":"https:\/\/tecsecmty.com\/index.php\/producto\/dahua-hac-hfw1239tlm-a-led-camara-bullet-full-color-de-2-megapixeles-super-adapt-con-wdr-real-de-130-db-microfono-integrado-lente-de-3-6mm-leds-para-40-mts-ip67-starlight-soporta-cvi-cvbs-ah\/"},"modified":"2023-03-22T23:22:41","modified_gmt":"2023-03-23T05:22:41","slug":"dahua-hac-hfw1239tlm-a-led-camara-bullet-full-color-de-2-megapixeles-super-adapt-con-wdr-real-de-130-db-microfono-integrado-lente-de-3-6mm-leds-para-40-mts-ip67-starlight-soporta-cvi-cvbs-ah","status":"publish","type":"product","link":"https:\/\/tecsecmty.com\/index.php\/producto\/dahua-hac-hfw1239tlm-a-led-camara-bullet-full-color-de-2-megapixeles-super-adapt-con-wdr-real-de-130-db-microfono-integrado-lente-de-3-6mm-leds-para-40-mts-ip67-starlight-soporta-cvi-cvbs-ah\/","title":{"rendered":"DAHUA HAC-HFW1239TLM-A-LED &#8211; Camara Bullet Full Color de 2 Megapixeles\/ Super Adapt con WDR Real de 130 dB\/ Microfono Integrado\/ Lente de 3.6mm\/ Leds para 40 mts\/ IP67\/ Starlight\/ Soporta: CVI\/CVBS\/AHD\/TVI"},"content":{"rendered":"<div class=\"row aling-items-center padding-bottom-2x\">\n<div class=\"col-lg-12\">\n<h5 class=\"card-title text-center\">Informaci\u00f3n General<\/h5>\n<p class=\"ql-align-justify\">La c\u00e1mara modelo\u00a0<strong>HFW1239TLM-A-LED\u00a0<\/strong>es una c\u00e1mara bullet de\u00a0<strong>2MP\u00a0<\/strong>de resoluci\u00f3n<strong>,<\/strong>con la cual podemos apreciar una imagen con mayor nitidez, brillo y claridad . Este modelo\u00a0incorpora un lente\u00a0de\u00a03.6mm dando un angulo de visi\u00f3n de<strong>\u00a086.9\u00b0<\/strong>, tecnolog\u00eda\u00a0<strong>Full Color<\/strong>esta tecnolog\u00eda nos permite obtener un\u00a0rendimiento excepcional ideal para la visualizaci\u00f3n y reproducci\u00f3n\u00a0de im\u00e1genes bajo condiciones de poca iluminaci\u00f3n.<\/p>\n<p><img decoding=\"async\" class=\"overview-center-img-web\" src=\"https:\/\/tvc.mx\/media\/441491\/camara-bullet-full-color-de-2-megapixeles-1080p-microfono-integrado-HFW1239TLM-A-LED-dahua.png\" alt=\"\" \/><\/div>\n<\/div>\n<div class=\"row align-items-center padding-bottom-2x\">\n<div class=\"col-md-5\"><img decoding=\"async\" class=\"d-block m-auto img-thumbnail\" src=\"https:\/\/tvc.mx\/media\/441495\/full-color-dahua.png\" alt=\" \" \/><\/div>\n<div class=\"col-md-7 text-md-left text-center\">\n<h2>Full Color<\/h2>\n<p class=\"text-muted\">\n<p>Esta tecnolog\u00eda nos permite obtener un\u00a0rendimiento excepcional ideal para la visualizaci\u00f3n y reproducci\u00f3n\u00a0de im\u00e1genes bajo condiciones de poca iluminaci\u00f3n, tanto en condiciones de contraluz extremo como en la obscuridad.<\/p>\n<p>Las c\u00e1maras fullcolor permite una monitorizaci\u00f3n 24\/7, para recopilaci\u00f3n de datos crom\u00e1ticos.<\/p>\n<p>&nbsp;<\/p>\n<\/div>\n<\/div>\n<hr class=\"padding-bottom-2x\" \/>\n<div class=\"row align-items-center padding-bottom-2x\">\n<div class=\"col-md-5 order-md-2\"><img decoding=\"async\" class=\"d-block m-auto img-thumbnail\" src=\"https:\/\/tvc.mx\/media\/441499\/WDR-Dahua.png\" alt=\" \" \/><\/div>\n<div class=\"col-md-7 order-md-1 text-md-left text-center\">\n<h2>DWDR<\/h2>\n<p class=\"text-muted\">\n<p class=\"ql-align-justify\">Nuestra c\u00e1mara\u00a0cuenta con DWDR, esta funci\u00f3n\u00a0se encarga de medir, compensar y ajustar la luz en la imagen\u00a0captada para despu\u00e9s combinar los espacios de luces brillantes con los espacios de sombras que hay en una misma toma, creando\u00a0un equilibrio en la imagen final.<\/p>\n<p>&nbsp;<\/p>\n<\/div>\n<\/div>\n<hr class=\"padding-bottom-2x\" \/>\n<div class=\"row align-items-center padding-bottom-2x\">\n<div class=\"col-md-5\"><img decoding=\"async\" class=\"d-block m-auto img-thumbnail\" src=\"https:\/\/tvc.mx\/media\/441503\/audio-hdcvi-Dahua.png\" alt=\" \" \/><\/div>\n<div class=\"col-md-7 text-md-left text-center\">\n<h2>AUDIO HDCVI<\/h2>\n<p class=\"text-muted\">\n<p>Cuenta con un\u00a0<strong>micr\u00f3fono integrado<\/strong>\u00a0de esta manera se puede transmitir la se\u00f1al de video y audio utilizando un solo cable (coaxial o UTP) hacia un\u00a0DVR DAHUA HDCVI, para poder ver y escuchar dichas se\u00f1ales desde nuestra PC por Software o Smart pone por la App.<\/p>\n<p>&nbsp;<\/p>\n<\/div>\n<\/div>\n<hr class=\"padding-bottom-2x\" \/>\n<div class=\"row align-items-center padding-bottom-2x\">\n<div class=\"col-md-5 order-md-2\"><img decoding=\"async\" class=\"d-block m-auto img-thumbnail\" src=\"https:\/\/tvc.mx\/media\/441507\/Distancia-DORI.png\" alt=\" \" \/><\/div>\n<div class=\"col-md-7 order-md-1 text-md-left text-center\">\n<h2>Distancia DORI<\/h2>\n<p class=\"text-muted\">\n<p>La distancia DORI es una proximidad general de la distancia que hace que sea f\u00e1cil elegir la c\u00e1mara adecuada para sus necesidades. La distancia DORI se calcula sobre la base de la especificaci\u00f3n del sensor y del resultado de la prueba de laboratorio seg\u00fan EN 62676-4, que define los criterios para Detectar, Observar, Reconocer e Identificar, respectivamente.<\/p>\n<p>&nbsp;<\/p>\n<\/div>\n<\/div>\n<hr class=\"padding-bottom-2x\" \/>\n<div class=\"row align-items-center padding-bottom-2x\">\n<div class=\"col-md-5\"><img decoding=\"async\" class=\"d-block m-auto img-thumbnail\" src=\"https:\/\/tvc.mx\/media\/441511\/camara-bullet-full-color-de-2-megapixeles-1080p-microfono-integrado-HFW1239TLM-A-LED-dahua-caracteristicas.png\" alt=\" \" \/><\/div>\n<div class=\"col-md-7 text-md-left text-center\">\n<h2>Principales Caracteristicas<\/h2>\n<p class=\"text-muted\">\n<ul>\n<li>Posibilidad de apagar el iluminador LED<\/li>\n<li>WDR &#8211; 130 dB &#8211; Amplio rango din\u00e1mico de la iluminaci\u00f3n<\/li>\n<li>3D-DNR &#8211; Reducci\u00f3n digital de ruido en la imagen<\/li>\n<li>BLC\/HLC &#8211; compensaci\u00f3n de luz de fondo \/ luz alta<\/li>\n<li>Balance de blancos autom\u00e1tico<\/li>\n<li>AGC &#8211; Ajuste autom\u00e1tico de la ganancia de la imagen<\/li>\n<li>Mirror &#8211; Imagen de espejo<\/li>\n<li>Sharpness &#8211; Enfoque de los contornos de la imagen<\/li>\n<li class=\"ql-align-justify\">Zonas de privacidad &#8211; hasta 8<\/li>\n<\/ul>\n<p>&nbsp;<\/p>\n<\/div>\n<\/div>\n<hr class=\"padding-bottom-2x\" \/>\n<div class=\"row align-items-center padding-bottom-2x\">\n<div class=\"col-md-5 order-md-2\"><img decoding=\"async\" class=\"d-block m-auto img-thumbnail\" src=\"https:\/\/tvc.mx\/media\/441515\/camara-bullet-full-color-de-2-megapixeles-1080p-microfono-integrado-HFW1239TLM-A-LED-dahua-especificaciones.png\" alt=\" \" \/><\/div>\n<div class=\"col-md-7 order-md-1 text-md-left text-center\">\n<h2>Especificaciones<\/h2>\n<p class=\"text-muted\">\n<ul>\n<li>1\/2.8\u00a0\u00bb CMOS<\/li>\n<li>2 megap\u00edxeles<\/li>\n<li>Lentes Fijo 3.6\u00a0mm<\/li>\n<li>\u00c1ngulo de visi\u00f3n:86\u00a0\u00b0<\/li>\n<li>Alcance del iluminador de luz blanca (LED):40\u00a0m<\/li>\n<li>Salida de v\u00eddeo:AHD\u00a0\/\u00a0HD-CVI\u00a0\/\u00a0HD-TVI\u00a0\/\u00a0CVBS, 1\u00a0Vpp\u00a0\/ 75\u00a0\u03a9<\/li>\n<li>Audio: Micr\u00f3fono integrado, Soporte para audio a trav\u00e9s del cable coaxial &#8211; s\u00f3lo HD-CVI<\/li>\n<li>Grado de protecci\u00f3n:IP67<\/li>\n<li>Alimentaci\u00f3n:12\u00a0V\u00a0DC\u00a0\/ 350\u00a0mA<\/li>\n<li>Carcasa: Metal + Pl\u00e1stico<\/li>\n<\/ul>\n<\/div>\n<\/div>\n","protected":false},"excerpt":{"rendered":"<p>Informaci\u00f3n General La c\u00e1mara modelo\u00a0HFW1239TLM-A-LED\u00a0es una c\u00e1mara bullet de\u00a02MP\u00a0de resoluci\u00f3n,con la cual podemos apreciar una imagen con mayor nitidez, brillo y claridad . Este modelo\u00a0incorpora un lente\u00a0de\u00a03.6mm dando un angulo de visi\u00f3n de\u00a086.9\u00b0, tecnolog\u00eda\u00a0Full Coloresta tecnolog\u00eda nos permite obtener un\u00a0rendimiento excepcional ideal para la visualizaci\u00f3n&hellip;<\/p>\n","protected":false},"featured_media":2584,"comment_status":"open","ping_status":"closed","template":"","meta":{"om_disable_all_campaigns":false,"_monsterinsights_skip_tracking":false,"_monsterinsights_sitenote_active":false,"_monsterinsights_sitenote_note":"","_monsterinsights_sitenote_category":0},"product_brand":[],"product_cat":[164],"product_tag":[42,165,166,151],"class_list":{"0":"post-2585","1":"product","2":"type-product","3":"status-publish","4":"has-post-thumbnail","6":"product_cat-bullet-camaras-cctv-hd","7":"product_tag-camaras","8":"product_tag-camaras-cctv-hd","9":"product_tag-cctv","10":"product_tag-seguridad","12":"first","13":"instock","14":"sale","15":"taxable","16":"shipping-taxable","17":"purchasable","18":"product-type-simple"},"aioseo_notices":[],"_links":{"self":[{"href":"https:\/\/tecsecmty.com\/index.php\/wp-json\/wp\/v2\/product\/2585","targetHints":{"allow":["GET"]}}],"collection":[{"href":"https:\/\/tecsecmty.com\/index.php\/wp-json\/wp\/v2\/product"}],"about":[{"href":"https:\/\/tecsecmty.com\/index.php\/wp-json\/wp\/v2\/types\/product"}],"replies":[{"embeddable":true,"href":"https:\/\/tecsecmty.com\/index.php\/wp-json\/wp\/v2\/comments?post=2585"}],"version-history":[{"count":0,"href":"https:\/\/tecsecmty.com\/index.php\/wp-json\/wp\/v2\/product\/2585\/revisions"}],"wp:featuredmedia":[{"embeddable":true,"href":"https:\/\/tecsecmty.com\/index.php\/wp-json\/wp\/v2\/media\/2584"}],"wp:attachment":[{"href":"https:\/\/tecsecmty.com\/index.php\/wp-json\/wp\/v2\/media?parent=2585"}],"wp:term":[{"taxonomy":"product_brand","embeddable":true,"href":"https:\/\/tecsecmty.com\/index.php\/wp-json\/wp\/v2\/product_brand?post=2585"},{"taxonomy":"product_cat","embeddable":true,"href":"https:\/\/tecsecmty.com\/index.php\/wp-json\/wp\/v2\/product_cat?post=2585"},{"taxonomy":"product_tag","embeddable":true,"href":"https:\/\/tecsecmty.com\/index.php\/wp-json\/wp\/v2\/product_tag?post=2585"}],"curies":[{"name":"wp","href":"https:\/\/api.w.org\/{rel}","templated":true}]}}