{"id":2591,"date":"2023-02-22T21:46:14","date_gmt":"2023-02-23T03:46:14","guid":{"rendered":"https:\/\/tecsecmty.com\/index.php\/producto\/dahua-hac-hfw1500d-camara-bullet-de-5-megapixeles-metalica-lente-de-3-6-mm-92-grados-de-apertura-ir-de-80-mts-ip67-soporta-cvi-cvbs-ahd-tvi\/"},"modified":"2023-03-22T23:22:41","modified_gmt":"2023-03-23T05:22:41","slug":"dahua-hac-hfw1500d-camara-bullet-de-5-megapixeles-metalica-lente-de-3-6-mm-92-grados-de-apertura-ir-de-80-mts-ip67-soporta-cvi-cvbs-ahd-tvi","status":"publish","type":"product","link":"https:\/\/tecsecmty.com\/index.php\/producto\/dahua-hac-hfw1500d-camara-bullet-de-5-megapixeles-metalica-lente-de-3-6-mm-92-grados-de-apertura-ir-de-80-mts-ip67-soporta-cvi-cvbs-ahd-tvi\/","title":{"rendered":"DAHUA HAC-HFW1500D &#8211; Camara Bullet de 5 Megapixeles\/ Metalica\/ Lente de 3.6 mm\/ 92 Grados de Apertura\/ IR de 80 Mts\/ IP67\/ Soporta: CVI\/CVBS\/AHD\/TVI\/"},"content":{"rendered":"<div class=\"row aling-items-center padding-bottom-2x\">\n<div class=\"col-lg-12\">\n<h5 class=\"card-title text-center\">Informaci\u00f3n General<\/h5>\n<p>La c\u00e1mara<strong>\u00a0HFW1500D<\/strong>\u00a0cuenta con una resoluci\u00f3n de video de 5MP full HD, adem\u00e1s cuenta con la simplicidad de usar la infraestructura de cableado existente con HDCVI. La c\u00e1mara HDCVI de 5MP ofrece una imagen de alta calidad a un precio asequible. Cuenta con un lente fijo de 3.6 mm con OSD en varios idiomas. Su flexibilidad estructural y su relaci\u00f3n costo rendimiento hacen que la c\u00e1mara sea una opci\u00f3n ideal para soluciones SMB.<\/p>\n<p><img decoding=\"async\" class=\"overview-center-img-web\" src=\"https:\/\/tvc.mx\/media\/383899\/Dahua-DH-HAC-HFW1500DN-0360B-c%C3%A1mara-5mp-metalica-lente-3.6mm-ip67-IR-80m-principal.png\" alt=\"\" \/><\/div>\n<\/div>\n<div class=\"row align-items-center padding-bottom-2x\">\n<div class=\"col-md-5\"><img decoding=\"async\" class=\"d-block m-auto img-thumbnail\" src=\"https:\/\/tvc.mx\/media\/383903\/Starlight-Dahua.png\" alt=\" \" \/><\/div>\n<div class=\"col-md-7 text-md-left text-center\">\n<h2>Tecnolog\u00eda Starlight<\/h2>\n<p class=\"text-muted\">\n<p>Para aplicaciones desafiantes con poca luz, la tecnolog\u00eda de luz ultrabaja Starlight de Dahua ofrece la mejor sensibilidad a la luz de su clase, capturando detalles de color en condiciones de poca luz hasta<strong>\u00a00,005 lux<\/strong>. La c\u00e1mara utiliza un conjunto de caracter\u00edsticas \u00f3pticas para equilibrar la luz en toda la escena, lo que resulta en im\u00e1genes claras en entornos oscuros.<\/p>\n<p>&nbsp;<\/p>\n<\/div>\n<\/div>\n<hr class=\"padding-bottom-2x\" \/>\n<div class=\"row align-items-center padding-bottom-2x\">\n<div class=\"col-md-5 order-md-2\"><img decoding=\"async\" class=\"d-block m-auto img-thumbnail\" src=\"https:\/\/tvc.mx\/media\/383907\/Smart-IR-Dahua.png\" alt=\" \" \/><\/div>\n<div class=\"col-md-7 order-md-1 text-md-left text-center\">\n<h2>Smart IR<\/h2>\n<p class=\"text-muted\">\n<p>La c\u00e1mara est\u00e1 dise\u00f1ada con iluminaci\u00f3n LED IR para un mejor rendimiento con poca luz. Smart IR es una tecnolog\u00eda que garantiza la uniformidad del brillo en im\u00e1genes en blanco y negro con poca iluminaci\u00f3n. El exclusivo Smart IR de Dahua se ajusta a la intensidad de los LED infrarrojos de la c\u00e1mara para compensar la distancia de un objeto y evita que los LED de infrarrojos sobre expongan las im\u00e1genes a medida que el objeto se acerca a la c\u00e1mara.<\/p>\n<p>&nbsp;<\/p>\n<\/div>\n<\/div>\n<hr class=\"padding-bottom-2x\" \/>\n<div class=\"row align-items-center padding-bottom-2x\">\n<div class=\"col-md-5\"><img decoding=\"async\" class=\"d-block m-auto img-thumbnail\" src=\"https:\/\/tvc.mx\/media\/383915\/Multiformatos-dahua.png\" alt=\" \" \/><\/div>\n<div class=\"col-md-7 text-md-left text-center\">\n<h2>Tecnolog\u00eda Multiformato<\/h2>\n<p class=\"text-muted\">\n<p>La c\u00e1mara soporta m\u00faltiples formatos de video incluidos HDCVI, CVBS y otros 2 formatos HD comunes del mercado los 4 formatos pueden ser cambiados v\u00eda men\u00fa OSD, esta caracter\u00edstica hace que la c\u00e1mara sea compatible con la mayor\u00eda de equipos existentes HD\/SD DVR.<\/p>\n<p>&nbsp;<\/p>\n<\/div>\n<\/div>\n<hr class=\"padding-bottom-2x\" \/>\n<div class=\"row align-items-center padding-bottom-2x\">\n<div class=\"col-md-5 order-md-2\"><img decoding=\"async\" class=\"d-block m-auto img-thumbnail\" src=\"https:\/\/tvc.mx\/media\/383919\/Dahua-DH-HAC-HFW1500DN-0360B-c%C3%A1mara-5mp-metalica-lente-3.6mm-ip67-IR-80m-pp-caracteristicas.png\" alt=\" \" \/><\/div>\n<div class=\"col-md-7 order-md-1 text-md-left text-center\">\n<h2>Principales Caracter\u00edsticas<\/h2>\n<p class=\"text-muted\">\n<ul>\n<li>M\u00e1ximo 25 fps a 5MP (salida de video 16: 9)<\/li>\n<li>CVI \/ CVBS \/ AHD \/ TVI conmutable<\/li>\n<li>IR inteligente<\/li>\n<li>OSD en varios idiomas<\/li>\n<li>Transmisi\u00f3n de larga distancia<\/li>\n<li>IP67<\/li>\n<\/ul>\n<p>&nbsp;<\/p>\n<\/div>\n<\/div>\n<hr class=\"padding-bottom-2x\" \/>\n<div class=\"row align-items-center padding-bottom-2x\">\n<div class=\"col-md-5\"><img decoding=\"async\" class=\"d-block m-auto img-thumbnail\" src=\"https:\/\/tvc.mx\/media\/383923\/Dahua-DH-HAC-HFW1500DN-0360B-c%C3%A1mara-5mp-metalica-lente-3.6mm-ip67-IR-80m-especificaciones.png\" alt=\" \" \/><\/div>\n<div class=\"col-md-7 text-md-left text-center\">\n<h2>Especificaciones<\/h2>\n<p class=\"text-muted\">\n<ul>\n<li>CMOS de 1 \/ 2,7 pulgadas<\/li>\n<li>5 Megap\u00edxeles<\/li>\n<li>Distancia de iluminaci\u00f3n 80 m<\/li>\n<li>BLC \/ HLC \/ DWDR<\/li>\n<li>Reducci\u00f3n de ruido 2D NR<\/li>\n<li>Fuente de alimentaci\u00f3n 12V \u00b1 30% CC<\/li>\n<li>Grado de protecci\u00f3n IP67<\/li>\n<li>Mental en toda la carcasa<\/li>\n<\/ul>\n<\/div>\n<\/div>\n","protected":false},"excerpt":{"rendered":"<p>Informaci\u00f3n General La c\u00e1mara\u00a0HFW1500D\u00a0cuenta con una resoluci\u00f3n de video de 5MP full HD, adem\u00e1s cuenta con la simplicidad de usar la infraestructura de cableado existente con HDCVI. La c\u00e1mara HDCVI de 5MP ofrece una imagen de alta calidad a un precio asequible. Cuenta con un&hellip;<\/p>\n","protected":false},"featured_media":2590,"comment_status":"open","ping_status":"closed","template":"","meta":{"om_disable_all_campaigns":false,"_monsterinsights_skip_tracking":false,"_monsterinsights_sitenote_active":false,"_monsterinsights_sitenote_note":"","_monsterinsights_sitenote_category":0},"product_brand":[],"product_cat":[164],"product_tag":[42,165,166,151],"class_list":{"0":"post-2591","1":"product","2":"type-product","3":"status-publish","4":"has-post-thumbnail","6":"product_cat-bullet-camaras-cctv-hd","7":"product_tag-camaras","8":"product_tag-camaras-cctv-hd","9":"product_tag-cctv","10":"product_tag-seguridad","12":"first","13":"instock","14":"sale","15":"taxable","16":"shipping-taxable","17":"purchasable","18":"product-type-simple"},"aioseo_notices":[],"_links":{"self":[{"href":"https:\/\/tecsecmty.com\/index.php\/wp-json\/wp\/v2\/product\/2591","targetHints":{"allow":["GET"]}}],"collection":[{"href":"https:\/\/tecsecmty.com\/index.php\/wp-json\/wp\/v2\/product"}],"about":[{"href":"https:\/\/tecsecmty.com\/index.php\/wp-json\/wp\/v2\/types\/product"}],"replies":[{"embeddable":true,"href":"https:\/\/tecsecmty.com\/index.php\/wp-json\/wp\/v2\/comments?post=2591"}],"version-history":[{"count":0,"href":"https:\/\/tecsecmty.com\/index.php\/wp-json\/wp\/v2\/product\/2591\/revisions"}],"wp:featuredmedia":[{"embeddable":true,"href":"https:\/\/tecsecmty.com\/index.php\/wp-json\/wp\/v2\/media\/2590"}],"wp:attachment":[{"href":"https:\/\/tecsecmty.com\/index.php\/wp-json\/wp\/v2\/media?parent=2591"}],"wp:term":[{"taxonomy":"product_brand","embeddable":true,"href":"https:\/\/tecsecmty.com\/index.php\/wp-json\/wp\/v2\/product_brand?post=2591"},{"taxonomy":"product_cat","embeddable":true,"href":"https:\/\/tecsecmty.com\/index.php\/wp-json\/wp\/v2\/product_cat?post=2591"},{"taxonomy":"product_tag","embeddable":true,"href":"https:\/\/tecsecmty.com\/index.php\/wp-json\/wp\/v2\/product_tag?post=2591"}],"curies":[{"name":"wp","href":"https:\/\/api.w.org\/{rel}","templated":true}]}}