{"id":2599,"date":"2023-02-22T21:46:23","date_gmt":"2023-02-23T03:46:23","guid":{"rendered":"https:\/\/tecsecmty.com\/index.php\/producto\/dahua-hac-hfw1500tl-28-camara-bullet-de-5-megapixeles-lente-de-2-8-mm-111-grados-de-apertura-ir-de-40-mts-ip67-starlight-dwdr-soporta-cvi-cvbs-ahd-tvi\/"},"modified":"2023-03-22T23:22:41","modified_gmt":"2023-03-23T05:22:41","slug":"dahua-hac-hfw1500tl-28-camara-bullet-de-5-megapixeles-lente-de-2-8-mm-111-grados-de-apertura-ir-de-40-mts-ip67-starlight-dwdr-soporta-cvi-cvbs-ahd-tvi","status":"publish","type":"product","link":"https:\/\/tecsecmty.com\/index.php\/producto\/dahua-hac-hfw1500tl-28-camara-bullet-de-5-megapixeles-lente-de-2-8-mm-111-grados-de-apertura-ir-de-40-mts-ip67-starlight-dwdr-soporta-cvi-cvbs-ahd-tvi\/","title":{"rendered":"DAHUA HAC-HFW1500TL-28 &#8211; Camara Bullet de 5 Megapixeles\/ Lente de 2.8 mm\/ 111 Grados de Apertura\/ IR de 40 Mts\/ IP67\/ Starlight\/ DWDR\/ Soporta: CVI\/CVBS\/AHD\/TVI\/"},"content":{"rendered":"<div class=\"row aling-items-center padding-bottom-2x\">\n<div class=\"col-lg-12\">\n<h5 class=\"card-title text-center\">Informaci\u00f3n general<\/h5>\n<p>Experimente video de 5MP full HD y la simplicidad de usar cableado existente infraestructura con HDCVI. Caracter\u00edsticas de la c\u00e1mara HDCVI de 5 MP de la serie Lite un dise\u00f1o compacto y ofrece una imagen de alta calidad a un precio asequible. Eso ofrece varios modelos de lentes motorizados \/ fijos con un OSD en varios idiomas y salida conmutable HD \/ SD. Su flexibilidad estructural y su alto costo-rendimiento hacen que la c\u00e1mara sea una opci\u00f3n ideal para soluciones SMB.<\/p>\n<p><img decoding=\"async\" class=\"overview-center-img-web\" src=\"https:\/\/tvc.mx\/media\/408319\/camara-bullet-5-megapixeles-starlight-ir-inteligente-HAC-HFW1500TL-dahua.png\" alt=\"\" \/><\/div>\n<\/div>\n<div class=\"row align-items-center padding-bottom-2x\">\n<div class=\"col-md-5 order-md-2\"><img decoding=\"async\" class=\"d-block m-auto img-thumbnail\" src=\"https:\/\/tvc.mx\/media\/408327\/Multiformatos-dahua.png\" alt=\" \" \/><\/div>\n<div class=\"col-md-7 order-md-1 text-md-left text-center\">\n<h2>Multiformato<\/h2>\n<p class=\"text-muted\">\n<p>La c\u00e1mara admite m\u00faltiples formatos de video, incluidos HDCVI, CVBS y otros dos formatos anal\u00f3gicos HD comunes en el mercado. Los cuatro formatos se pueden cambiar a trav\u00e9s del men\u00fa OSD. Esta caracter\u00edstica hace que la c\u00e1mara sea compatible con la mayor\u00eda de los DVR HD \/ SD existentes de los usuarios finales.<\/p>\n<p>&nbsp;<\/p>\n<\/div>\n<\/div>\n<hr class=\"padding-bottom-2x\" \/>\n<div class=\"row align-items-center padding-bottom-2x\">\n<div class=\"col-md-5\"><img decoding=\"async\" class=\"d-block m-auto img-thumbnail\" src=\"https:\/\/tvc.mx\/media\/181477\/OSD.jpg\" alt=\" \" \/><\/div>\n<div class=\"col-md-7 text-md-left text-center\">\n<h2>OSD en varios idiomas<\/h2>\n<p class=\"text-muted\">\n<p>El men\u00fa OSD proporciona m\u00faltiples ajustes de imagen y configuraciones de funciones para cumplir con los requisitos de diferentes escenas de monitoreo. El OSD men\u00fa incluye configuraciones como el modo de luz de fondo, d\u00eda \/ noche, blanco equilibrio, m\u00e1scara de privacidad y detecci\u00f3n de movimiento. La c\u00e1mara admite 11 idiomas para el men\u00fa OSD, a saber, chino, ingl\u00e9s, franc\u00e9s, alem\u00e1n,<\/p>\n<p>Espa\u00f1ol, portugu\u00e9s, italiano, japon\u00e9s, coreano, ruso y polaco.<\/p>\n<p>&nbsp;<\/p>\n<\/div>\n<\/div>\n<hr class=\"padding-bottom-2x\" \/>\n<div class=\"row align-items-center padding-bottom-2x\">\n<div class=\"col-md-5 order-md-2\"><img decoding=\"async\" class=\"d-block m-auto img-thumbnail\" src=\"https:\/\/tvc.mx\/media\/408343\/IP67-dahua.png\" alt=\" \" \/><\/div>\n<div class=\"col-md-7 order-md-1 text-md-left text-center\">\n<h2>Proteccion<\/h2>\n<p class=\"text-muted\">\n<p>La excelente confiabilidad de la c\u00e1mara es insuperable debido a su dise\u00f1o resistente. La c\u00e1mara est\u00e1 protegida contra el agua y el polvo con clasificaci\u00f3n IP67, haci\u00e9ndolo adecuado para ambientes interiores o exteriores. Con un rango de temperatura de trabajo de -40 \u00b0 C a +60 \u00b0 C (-40 \u00b0 F a +140 \u00b0 F), la c\u00e1mara est\u00e1 dise\u00f1ada para entornos de temperaturas extremas. Con una tolerancia de voltaje de entrada de \u00b1 30%, esta c\u00e1mara se adapta incluso condiciones de suministro de energ\u00eda m\u00e1s inestables. Su clasificaci\u00f3n de rayos 4KV proporciona protecci\u00f3n contra la c\u00e1mara y su estructura de los efectos de rel\u00e1mpago.<\/p>\n<p>&nbsp;<\/p>\n<\/div>\n<\/div>\n<hr class=\"padding-bottom-2x\" \/>\n<div class=\"row align-items-center padding-bottom-2x\">\n<div class=\"col-md-5\"><img decoding=\"async\" class=\"d-block m-auto img-thumbnail\" src=\"https:\/\/tvc.mx\/media\/408347\/camara-bullet-5-megapixeles-starlight-ir-inteligente-HAC-HFW1500TL-dahua-caracteristicas.png\" alt=\" \" \/><\/div>\n<div class=\"col-md-7 text-md-left text-center\">\n<h2>Principales caracter\u00edsticas<\/h2>\n<p class=\"text-muted\">\n<ul>\n<li>D-WDR &#8211; Amplio rango din\u00e1mico de la iluminaci\u00f3n<\/li>\n<li>2D-DNR &#8211; Reducci\u00f3n digital de ruido en la imagen<\/li>\n<li>BLC\/HLC &#8211; compensaci\u00f3n de luz de fondo \/ luz alta<\/li>\n<li>Modo d\u00eda\/noche<\/li>\n<li>ICR &#8211; Filtro mec\u00e1nico de infrarrojos<\/li>\n<li>Balance de blancos autom\u00e1tico<\/li>\n<li>AGC &#8211; Ajuste autom\u00e1tico de la ganancia de la imagen<\/li>\n<li>Sharpness &#8211; Enfoque de los contornos de la imagen<\/li>\n<li>Zonas de privacidad<\/li>\n<li>Mirror &#8211; Imagen de espejo<\/li>\n<\/ul>\n<p>&nbsp;<\/p>\n<\/div>\n<\/div>\n<hr class=\"padding-bottom-2x\" \/>\n<div class=\"row align-items-center padding-bottom-2x\">\n<div class=\"col-md-5 order-md-2\"><img decoding=\"async\" class=\"d-block m-auto img-thumbnail\" src=\"https:\/\/tvc.mx\/media\/408351\/camara-bullet-5-megapixeles-starlight-ir-inteligente-HAC-HFW1500TL-dahua-especificaciones.png\" alt=\" \" \/><\/div>\n<div class=\"col-md-7 order-md-1 text-md-left text-center\">\n<h2>Especificaciones<\/h2>\n<p class=\"text-muted\">\n<ul>\n<li>1\/2.7\u00a0\u00bb Progressive Scan CMOS<\/li>\n<li>5 megap\u00edxeles<\/li>\n<li>Lente fijo 2.8mm<\/li>\n<li>\u00c1ngulo de visi\u00f3n: 92\u00a0\u00b0<\/li>\n<li>Rango del iluminador IR: 80\u00a0m<\/li>\n<li>Salida de v\u00eddeo: AHD\u00a0\/\u00a0HD-CVI\u00a0\/\u00a0HD-TVI\u00a0\/\u00a0CVBS<\/li>\n<li>Alimentaci\u00f3n:12\u00a0V\u00a0DC<\/li>\n<li>Carcasa: Pl\u00e1stico + Metal<\/li>\n<li>Grado de protecci\u00f3n:IP67<\/li>\n<\/ul>\n<\/div>\n<\/div>\n","protected":false},"excerpt":{"rendered":"<p>Informaci\u00f3n general Experimente video de 5MP full HD y la simplicidad de usar cableado existente infraestructura con HDCVI. Caracter\u00edsticas de la c\u00e1mara HDCVI de 5 MP de la serie Lite un dise\u00f1o compacto y ofrece una imagen de alta calidad a un precio asequible. Eso&hellip;<\/p>\n","protected":false},"featured_media":2598,"comment_status":"open","ping_status":"closed","template":"","meta":{"om_disable_all_campaigns":false,"_monsterinsights_skip_tracking":false,"_monsterinsights_sitenote_active":false,"_monsterinsights_sitenote_note":"","_monsterinsights_sitenote_category":0},"product_brand":[],"product_cat":[164],"product_tag":[42,165,166,151],"class_list":{"0":"post-2599","1":"product","2":"type-product","3":"status-publish","4":"has-post-thumbnail","6":"product_cat-bullet-camaras-cctv-hd","7":"product_tag-camaras","8":"product_tag-camaras-cctv-hd","9":"product_tag-cctv","10":"product_tag-seguridad","12":"first","13":"instock","14":"sale","15":"taxable","16":"shipping-taxable","17":"purchasable","18":"product-type-simple"},"aioseo_notices":[],"_links":{"self":[{"href":"https:\/\/tecsecmty.com\/index.php\/wp-json\/wp\/v2\/product\/2599","targetHints":{"allow":["GET"]}}],"collection":[{"href":"https:\/\/tecsecmty.com\/index.php\/wp-json\/wp\/v2\/product"}],"about":[{"href":"https:\/\/tecsecmty.com\/index.php\/wp-json\/wp\/v2\/types\/product"}],"replies":[{"embeddable":true,"href":"https:\/\/tecsecmty.com\/index.php\/wp-json\/wp\/v2\/comments?post=2599"}],"version-history":[{"count":0,"href":"https:\/\/tecsecmty.com\/index.php\/wp-json\/wp\/v2\/product\/2599\/revisions"}],"wp:featuredmedia":[{"embeddable":true,"href":"https:\/\/tecsecmty.com\/index.php\/wp-json\/wp\/v2\/media\/2598"}],"wp:attachment":[{"href":"https:\/\/tecsecmty.com\/index.php\/wp-json\/wp\/v2\/media?parent=2599"}],"wp:term":[{"taxonomy":"product_brand","embeddable":true,"href":"https:\/\/tecsecmty.com\/index.php\/wp-json\/wp\/v2\/product_brand?post=2599"},{"taxonomy":"product_cat","embeddable":true,"href":"https:\/\/tecsecmty.com\/index.php\/wp-json\/wp\/v2\/product_cat?post=2599"},{"taxonomy":"product_tag","embeddable":true,"href":"https:\/\/tecsecmty.com\/index.php\/wp-json\/wp\/v2\/product_tag?post=2599"}],"curies":[{"name":"wp","href":"https:\/\/api.w.org\/{rel}","templated":true}]}}