{"id":2603,"date":"2023-02-22T21:46:27","date_gmt":"2023-02-23T03:46:27","guid":{"rendered":"https:\/\/tecsecmty.com\/index.php\/producto\/dahua-hac-hfw1509c-led-28-camara-bullet-full-color-de-5-megapixeles-lente-de-2-8-mm-112-grados-de-apertura-leds-para-20-mts-wdr-de-120-db-starlight-ip67\/"},"modified":"2023-03-22T23:22:41","modified_gmt":"2023-03-23T05:22:41","slug":"dahua-hac-hfw1509c-led-28-camara-bullet-full-color-de-5-megapixeles-lente-de-2-8-mm-112-grados-de-apertura-leds-para-20-mts-wdr-de-120-db-starlight-ip67","status":"publish","type":"product","link":"https:\/\/tecsecmty.com\/index.php\/producto\/dahua-hac-hfw1509c-led-28-camara-bullet-full-color-de-5-megapixeles-lente-de-2-8-mm-112-grados-de-apertura-leds-para-20-mts-wdr-de-120-db-starlight-ip67\/","title":{"rendered":"DAHUA HAC-HFW1509C-LED-28 &#8211; C\u00e1mara Bullet Full Color de 5 Megapixeles\/ Lente de 2.8 mm\/ 112 Grados de Apertura\/ Leds para 20 Mts\/ WDR de 120 dB\/ Starlight\/ IP67\/"},"content":{"rendered":"<div class=\"row aling-items-center padding-bottom-2x\">\n<div class=\"col-lg-12\">\n<h5 class=\"card-title text-center\">Informaci\u00f3n general<\/h5>\n<p class=\"ql-align-justify\">La c\u00e1mara\u00a0<strong>HAC-HFW1509C-LED<\/strong>\u00a0de la serie Lite es adecuada para usuarios que requieren productos de monitoreo de alta calidad. Es rentable y ofrece un alto rendimiento, lo que lo convierte en una opci\u00f3n ideal para aplicaciones residenciales y de peque\u00f1as y medianas empresas. Esta serie ofrece una opci\u00f3n de una amplia gama de tecnolog\u00edas como Full-color y Starlight, proporcionando varias soluciones para diferentes escenarios.<\/p>\n<p><img decoding=\"async\" class=\"overview-center-img-web\" src=\"https:\/\/tvc.mx\/media\/387375\/Camara-bullet-fullcolor-5-megapixels-lente-2.8-HAC-HFW1509C-LED-Dahua.png\" alt=\"\" \/><\/div>\n<\/div>\n<div class=\"row align-items-center padding-bottom-2x\">\n<div class=\"col-md-5 order-md-2\"><img decoding=\"async\" class=\"d-block m-auto img-thumbnail\" src=\"https:\/\/tvc.mx\/media\/387395\/full-color-dahua.png\" alt=\" \" \/><\/div>\n<div class=\"col-md-7 order-md-1 text-md-left text-center\">\n<h2>Full Color<\/h2>\n<p class=\"text-muted\">\n<p class=\"ql-align-justify\">La c\u00e1mara HAC-HFW1509C(-A)-LED full color adopta una lente de gran apertura y un sensor de alto rendimiento. Con una mayor cantidad de luz absorbida y un algoritmo avanzado de procesamiento de im\u00e1genes, la c\u00e1mara proporciona monitoreo de color 24\/7 que recopila informaci\u00f3n clara y v\u00edvida, lo que aumenta significativamente la probabilidad de recopilar evidencia v\u00e1lida de humanos, veh\u00edculos y eventos que se puede usar para un an\u00e1lisis inteligente adicional.<\/p>\n<p>&nbsp;<\/p>\n<\/div>\n<\/div>\n<hr class=\"padding-bottom-2x\" \/>\n<div class=\"row align-items-center padding-bottom-2x\">\n<div class=\"col-md-5\"><img decoding=\"async\" class=\"d-block m-auto img-thumbnail\" src=\"https:\/\/tvc.mx\/media\/387399\/luces-suplementaria-Dahua.png\" alt=\" \" \/><\/div>\n<div class=\"col-md-7 text-md-left text-center\">\n<h2>Luces Suplementarias<\/h2>\n<p class=\"text-muted\">\n<p class=\"ql-align-justify\">Con c\u00e1lidas luces LED suplementarias, la c\u00e1mara puede proporcionar una imagen colorida y v\u00edvida incluso en la oscuridad total. De forma predeterminada, la c\u00e1mara est\u00e1 configurada en modo de luz inteligente, en el que la c\u00e1mara puede ajustar autom\u00e1ticamente el tiempo de exposici\u00f3n y la sensibilidad a la luz simult\u00e1neamente para evitar la sobreexposici\u00f3n de los objetos en el centro de la imagen.<\/p>\n<p class=\"ql-align-justify\">Con tecnolog\u00eda avanzada de amplio rango din\u00e1mico (WDR), la c\u00e1mara Dahua HDCVI proporciona detalles claros en un entorno de fuerte contraste de brillo. El \u00e1rea brillante y oscura puede obtener un video claro incluso en un entorno de alto brillo o con sombra de luz de fondo.<\/p>\n<p>&nbsp;<\/p>\n<\/div>\n<\/div>\n<hr class=\"padding-bottom-2x\" \/>\n<div class=\"row align-items-center padding-bottom-2x\">\n<div class=\"col-md-5 order-md-2\"><img decoding=\"async\" class=\"d-block m-auto img-thumbnail\" src=\"https:\/\/tvc.mx\/media\/387403\/Starlight-Dahua.png\" alt=\" \" \/><\/div>\n<div class=\"col-md-7 order-md-1 text-md-left text-center\">\n<h2>Starligth<\/h2>\n<p class=\"text-muted\">\n<p class=\"ql-align-justify\">Con la adopci\u00f3n de un sensor de alto rendimiento de gran tama\u00f1o y grande lente de apertura, la c\u00e1mara\u00a0HAC-HFW1509C(-A)-LED puede proporcionar un rendimiento incomparable incluso en entornos con poca luz extrema. La funci\u00f3n\u00a0Starlight\u00a0permite capturar m\u00e1s detalles y reconocer colores precisos por la noche o en escenas con iluminaci\u00f3n limitada.<\/p>\n<p>&nbsp;<\/p>\n<\/div>\n<\/div>\n<hr class=\"padding-bottom-2x\" \/>\n<div class=\"row align-items-center padding-bottom-2x\">\n<div class=\"col-md-5\"><img decoding=\"async\" class=\"d-block m-auto img-thumbnail\" src=\"https:\/\/tvc.mx\/media\/387407\/Camara-bullet-fullcolor-5-megapixels-lente-2.8-HAC-HFW1509C-LED-Dahua-pp-caracteristicas.png\" alt=\" \" \/><\/div>\n<div class=\"col-md-7 text-md-left text-center\">\n<h2>Principales Caracter\u00edsticas<\/h2>\n<p class=\"text-muted\">\n<ul>\n<li class=\"ql-align-justify\">M\u00e1ximo 25 fps a 5MP (salida de video 16: 9)<\/li>\n<li class=\"ql-align-justify\">WDR real de 120 dB<\/li>\n<li class=\"ql-align-justify\">3D NR<\/li>\n<li class=\"ql-align-justify\">Im\u00e1genes en color 24 horas al d\u00eda, 7 d\u00edas a la semana<\/li>\n<li class=\"ql-align-justify\">IR inteligente<\/li>\n<li class=\"ql-align-justify\">CVI \/ CVBS \/ AHD \/ TVI conmutable<\/li>\n<li class=\"ql-align-justify\">IP67<\/li>\n<\/ul>\n<p>&nbsp;<\/p>\n<\/div>\n<\/div>\n<hr class=\"padding-bottom-2x\" \/>\n<div class=\"row align-items-center padding-bottom-2x\">\n<div class=\"col-md-5 order-md-2\"><img decoding=\"async\" class=\"d-block m-auto img-thumbnail\" src=\"https:\/\/tvc.mx\/media\/387411\/Camara-bullet-fullcolor-5-megapixels-lente-2.8-HAC-HFW1509C-LED-Dahua-especificaciones.png\" alt=\" \" \/><\/div>\n<div class=\"col-md-7 order-md-1 text-md-left text-center\">\n<h2>Especificaciones<\/h2>\n<p class=\"text-muted\">\n<ul>\n<li class=\"ql-align-justify\">CMOS de 5 MP<\/li>\n<li class=\"ql-align-justify\">Distancia de iluminaci\u00f3n 20 m<\/li>\n<li class=\"ql-align-justify\">N\u00famero de iluminador 1<\/li>\n<li class=\"ql-align-justify\">Lente Fijo 2.8 mm<\/li>\n<li class=\"ql-align-justify\">Distancia de enfoque cercana: 1,6 m<\/li>\n<li class=\"ql-align-justify\">BLC \/ HLC \/ WDR real 120 dB \/ HLC-Pro<\/li>\n<li class=\"ql-align-justify\">Reducci\u00f3n de ruido 3D NR<\/li>\n<li class=\"ql-align-justify\">Opciones de salida de video de CVI \/ TVI \/ AHD \/ CVBS por un puerto BNC<\/li>\n<li class=\"ql-align-justify\">Fuente de alimentaci\u00f3n 12 V \u00b1 30% CC<\/li>\n<li class=\"ql-align-justify\">Grado de protecci\u00f3n IP67<\/li>\n<li class=\"ql-align-justify\">Cubierta frontal de metal + cuerpo principal de pl\u00e1stico + soporte de pl\u00e1stico<\/li>\n<\/ul>\n<\/div>\n<\/div>\n","protected":false},"excerpt":{"rendered":"<p>Informaci\u00f3n general La c\u00e1mara\u00a0HAC-HFW1509C-LED\u00a0de la serie Lite es adecuada para usuarios que requieren productos de monitoreo de alta calidad. Es rentable y ofrece un alto rendimiento, lo que lo convierte en una opci\u00f3n ideal para aplicaciones residenciales y de peque\u00f1as y medianas empresas. Esta serie&hellip;<\/p>\n","protected":false},"featured_media":2602,"comment_status":"open","ping_status":"closed","template":"","meta":{"om_disable_all_campaigns":false,"_monsterinsights_skip_tracking":false,"_monsterinsights_sitenote_active":false,"_monsterinsights_sitenote_note":"","_monsterinsights_sitenote_category":0},"product_brand":[],"product_cat":[164],"product_tag":[42,165,166,151],"class_list":{"0":"post-2603","1":"product","2":"type-product","3":"status-publish","4":"has-post-thumbnail","6":"product_cat-bullet-camaras-cctv-hd","7":"product_tag-camaras","8":"product_tag-camaras-cctv-hd","9":"product_tag-cctv","10":"product_tag-seguridad","12":"first","13":"instock","14":"sale","15":"taxable","16":"shipping-taxable","17":"purchasable","18":"product-type-simple"},"aioseo_notices":[],"_links":{"self":[{"href":"https:\/\/tecsecmty.com\/index.php\/wp-json\/wp\/v2\/product\/2603","targetHints":{"allow":["GET"]}}],"collection":[{"href":"https:\/\/tecsecmty.com\/index.php\/wp-json\/wp\/v2\/product"}],"about":[{"href":"https:\/\/tecsecmty.com\/index.php\/wp-json\/wp\/v2\/types\/product"}],"replies":[{"embeddable":true,"href":"https:\/\/tecsecmty.com\/index.php\/wp-json\/wp\/v2\/comments?post=2603"}],"version-history":[{"count":0,"href":"https:\/\/tecsecmty.com\/index.php\/wp-json\/wp\/v2\/product\/2603\/revisions"}],"wp:featuredmedia":[{"embeddable":true,"href":"https:\/\/tecsecmty.com\/index.php\/wp-json\/wp\/v2\/media\/2602"}],"wp:attachment":[{"href":"https:\/\/tecsecmty.com\/index.php\/wp-json\/wp\/v2\/media?parent=2603"}],"wp:term":[{"taxonomy":"product_brand","embeddable":true,"href":"https:\/\/tecsecmty.com\/index.php\/wp-json\/wp\/v2\/product_brand?post=2603"},{"taxonomy":"product_cat","embeddable":true,"href":"https:\/\/tecsecmty.com\/index.php\/wp-json\/wp\/v2\/product_cat?post=2603"},{"taxonomy":"product_tag","embeddable":true,"href":"https:\/\/tecsecmty.com\/index.php\/wp-json\/wp\/v2\/product_tag?post=2603"}],"curies":[{"name":"wp","href":"https:\/\/api.w.org\/{rel}","templated":true}]}}