{"id":2605,"date":"2023-02-22T21:46:29","date_gmt":"2023-02-23T03:46:29","guid":{"rendered":"https:\/\/tecsecmty.com\/index.php\/producto\/dahua-hac-hfw1509cn-a-led-camara-bullet-full-color-de-5-megapixeles-lente-de-2-8-mm-112-grados-de-apertura-microfono-integrado-leds-para-20-mts-wdr-de-120-db-starlight-ip67-fullcolor-lonue\/"},"modified":"2023-03-22T23:22:42","modified_gmt":"2023-03-23T05:22:42","slug":"dahua-hac-hfw1509cn-a-led-camara-bullet-full-color-de-5-megapixeles-lente-de-2-8-mm-112-grados-de-apertura-microfono-integrado-leds-para-20-mts-wdr-de-120-db-starlight-ip67-fullcolor-lonue","status":"publish","type":"product","link":"https:\/\/tecsecmty.com\/index.php\/producto\/dahua-hac-hfw1509cn-a-led-camara-bullet-full-color-de-5-megapixeles-lente-de-2-8-mm-112-grados-de-apertura-microfono-integrado-leds-para-20-mts-wdr-de-120-db-starlight-ip67-fullcolor-lonue\/","title":{"rendered":"DAHUA HAC-HFW1509CN-A-LED &#8211; C\u00e1mara Bullet Full Color de 5 Megapixeles\/ Lente de 2.8 mm\/ 112 Grados de Apertura\/ Microfono Integrado\/ Leds para 20 Mts\/ WDR de 120 dB\/ Starlight\/ IP67\/ #FullColor #LoNuevo"},"content":{"rendered":"<div class=\"row aling-items-center padding-bottom-2x\">\n<div class=\"col-lg-12\">\n<h5 class=\"card-title text-center\">Informaci\u00f3n general<\/h5>\n<h5 class=\"ql-align-justify\">La serie Lite es adecuada para usuarios que requieren productos de monitoreo de alta calidad a un precio razonable. Es rentable y ofrece un alto rendimiento, lo que lo convierte en una opci\u00f3n ideal para aplicaciones residenciales y de peque\u00f1as y medianas empresas. Esta serie ofrece una opci\u00f3n de una amplia gama de tecnolog\u00edas como Full-color y Starlight, brindando varias soluciones para diferentes escenarios.<\/h5>\n<p><img decoding=\"async\" class=\"overview-center-img-web\" src=\"https:\/\/tvc.mx\/media\/579771\/DAHUA-DH-HAC-HFW1509CN-A-LED-Camara-Bullet-Full-Color-5-Megapixeles-Lente-de-2-BANNER.png\" alt=\"Camara bullet\" \/><\/div>\n<\/div>\n<div class=\"row align-items-center padding-bottom-2x\">\n<div class=\"col-md-5\"><img decoding=\"async\" class=\"d-block m-auto img-thumbnail\" src=\"https:\/\/tvc.mx\/media\/579779\/3DNR-dahua.png\" alt=\" 3D NR\" \/><\/div>\n<div class=\"col-md-7 text-md-left text-center\">\n<h2>3 DNR avanzado<\/h2>\n<p class=\"text-muted\">\n<h5 class=\"ql-align-justify\">3D NR es una tecnolog\u00eda de reducci\u00f3n de ruido que detecta y elimina ruidos aleatorios comparando dos fotogramas secuenciales. La avanzada tecnolog\u00eda 3D NR de Dahua permite una notable reducci\u00f3n del ruido con poco impacto en la nitidez, especialmente en condiciones de iluminaci\u00f3n limitada. Adem\u00e1s, el 3D NR avanzado reduce efectivamente el ancho de banda y ahorra espacio de almacenamiento.<\/h5>\n<p>&nbsp;<\/p>\n<\/div>\n<\/div>\n<hr class=\"padding-bottom-2x\" \/>\n<div class=\"row align-items-center padding-bottom-2x\">\n<div class=\"col-md-5 order-md-2\"><img decoding=\"async\" class=\"d-block m-auto img-thumbnail\" src=\"https:\/\/tvc.mx\/media\/579799\/4-se%C3%B1ales-sobre-1-cable-coaxial-Dahua.png\" alt=\" Tecnolog\u00eda HDCVI\" \/><\/div>\n<div class=\"col-md-7 order-md-1 text-md-left text-center\">\n<h2>4 Se\u00f1ales sobre 1 Cable Coaxial<\/h2>\n<p class=\"text-muted\">\n<h5 class=\"ql-align-justify\">La tecnolog\u00eda HDCVI admite la transmisi\u00f3n simult\u00e1nea de 4 se\u00f1ales a trav\u00e9s de 1 cable coaxial, es decir, video, audio*, datos y alimentaci\u00f3n. La transmisi\u00f3n de datos bidireccional permite que la c\u00e1mara HDCVI interact\u00fae con el XVR, como enviar una se\u00f1al de control o activar una alarma. Adem\u00e1s, la tecnolog\u00eda HDCVI es compatible con PoC para la flexibilidad de la construcci\u00f3n.<\/h5>\n<p>&nbsp;<\/p>\n<\/div>\n<\/div>\n<hr class=\"padding-bottom-2x\" \/>\n<div class=\"row align-items-center padding-bottom-2x\">\n<div class=\"col-md-5\"><img decoding=\"async\" class=\"d-block m-auto img-thumbnail\" src=\"https:\/\/tvc.mx\/media\/579807\/full-color-dahua.png\" alt=\" \" \/><\/div>\n<div class=\"col-md-7 text-md-left text-center\">\n<h2>A todo color<\/h2>\n<p class=\"text-muted\">\n<h5 class=\"ql-align-justify\">La c\u00e1mara a todo color adopta una lente de gran apertura y un sensor de alto rendimiento. Con una mayor cantidad de luz absorbida y un algoritmo avanzado de procesamiento de im\u00e1genes, la c\u00e1mara proporciona monitoreo de color las 24 horas, los 7 d\u00edas de la semana que recopila informaci\u00f3n clara y v\u00edvida, lo que aumenta significativamente la probabilidad de recopilar evidencia humana, de veh\u00edculos y de eventos v\u00e1lida que se puede usar para un an\u00e1lisis inteligente adicional.<\/h5>\n<p>&nbsp;<\/p>\n<\/div>\n<\/div>\n<hr class=\"padding-bottom-2x\" \/>\n<div class=\"row align-items-center padding-bottom-2x\">\n<div class=\"col-md-5\"><img decoding=\"async\" class=\"d-block m-auto img-thumbnail\" src=\"https:\/\/tvc.mx\/media\/579819\/WDR-Dahua.png\" alt=\" WDR\" \/><\/div>\n<div class=\"col-md-7 text-md-left text-center\">\n<h2>Amplio rango din\u00e1mico<\/h2>\n<p class=\"text-muted\">\n<h5 class=\"ql-align-justify\">Con la avanzada tecnolog\u00eda de amplio rango din\u00e1mico (WDR), la c\u00e1mara Dahua HDCVI proporciona detalles claros en un entorno de fuerte contraste de brillo. El \u00e1rea brillante y oscura puede obtener un video claro incluso en entornos de alto brillo o con sombra de luz de fondo.<\/h5>\n<p>&nbsp;<\/p>\n<\/div>\n<\/div>\n<hr class=\"padding-bottom-2x\" \/>\n<div class=\"row align-items-center padding-bottom-2x\">\n<div class=\"col-md-5 order-md-2\"><img decoding=\"async\" class=\"d-block m-auto img-thumbnail\" src=\"https:\/\/tvc.mx\/media\/579827\/DAHUA-DH-HAC-HFW1509CN-A-LED-Camara-Bullet-Full-Color-5-Megapixeles-Lente-de-2-caracteristicas-principales.png\" alt=\" Camara bullet\" \/><\/div>\n<div class=\"col-md-7 order-md-1 text-md-left text-center\">\n<h2>Caracter\u00edsticas Principales<\/h2>\n<p class=\"text-muted\">\n<ul>\n<li>Max 25 fps@5MP (salida de video 16:9)<\/li>\n<li>WDR real de 120 dB, 3D NR<\/li>\n<li>Im\u00e1genes en color 24\/7<\/li>\n<li>Distancia de iluminaci\u00f3n de 20 m<\/li>\n<li>CVI\/CVBS\/AHD\/TVI conmutable<\/li>\n<li>Lente 2.8 mm<\/li>\n<li>IP67, 12 V CC<\/li>\n<\/ul>\n<p>&nbsp;<\/p>\n<\/div>\n<\/div>\n<hr class=\"padding-bottom-2x\" \/>\n<div class=\"row align-items-center padding-bottom-2x\">\n<div class=\"col-md-5 order-md-2\"><img decoding=\"async\" class=\"d-block m-auto img-thumbnail\" src=\"https:\/\/tvc.mx\/media\/579923\/DAHUA-DH-HAC-HFW1509CN-A-LED-Camara-Bullet-Full-Color-5-Megapixeles-Lente-de-2-Especificaciones-tecnicas.png\" alt=\" Dimensiones\" \/><\/div>\n<div class=\"col-md-7 order-md-1 text-md-left text-center\">\n<h2>Especificaciones T\u00e9cnicas<\/h2>\n<p class=\"text-muted\">\n<ul>\n<li>CMOS de 5 MP<\/li>\n<li>M\u00e1x. Resoluci\u00f3n 2880 (H) x 1620 (v)<\/li>\n<li>Sistema de escaneo progresivo<\/li>\n<li>Velocidad de obturaci\u00f3n electr\u00f3nica:\u00a0PAL:1\/3 s\u20131\/100 000 s NTSC:1\/4 s\u20131\/100 000 s<\/li>\n<li>Relaci\u00f3n se\u00f1al\/ruido &gt; 65 dB<\/li>\n<li>M\u00edn. Iluminaci\u00f3n 0.001 Lux\/F1.0, 0 Lux luz c\u00e1lida encendida<\/li>\n<li>Distancia de iluminaci\u00f3n: 20 m (65.61 pies)<\/li>\n<\/ul>\n<\/div>\n<\/div>\n","protected":false},"excerpt":{"rendered":"<p>Informaci\u00f3n general La serie Lite es adecuada para usuarios que requieren productos de monitoreo de alta calidad a un precio razonable. Es rentable y ofrece un alto rendimiento, lo que lo convierte en una opci\u00f3n ideal para aplicaciones residenciales y de peque\u00f1as y medianas empresas.&hellip;<\/p>\n","protected":false},"featured_media":2604,"comment_status":"open","ping_status":"closed","template":"","meta":{"om_disable_all_campaigns":false,"_monsterinsights_skip_tracking":false,"_monsterinsights_sitenote_active":false,"_monsterinsights_sitenote_note":"","_monsterinsights_sitenote_category":0},"product_brand":[],"product_cat":[164],"product_tag":[42,165,166,151],"class_list":{"0":"post-2605","1":"product","2":"type-product","3":"status-publish","4":"has-post-thumbnail","6":"product_cat-bullet-camaras-cctv-hd","7":"product_tag-camaras","8":"product_tag-camaras-cctv-hd","9":"product_tag-cctv","10":"product_tag-seguridad","12":"first","13":"instock","14":"sale","15":"taxable","16":"shipping-taxable","17":"purchasable","18":"product-type-simple"},"aioseo_notices":[],"_links":{"self":[{"href":"https:\/\/tecsecmty.com\/index.php\/wp-json\/wp\/v2\/product\/2605","targetHints":{"allow":["GET"]}}],"collection":[{"href":"https:\/\/tecsecmty.com\/index.php\/wp-json\/wp\/v2\/product"}],"about":[{"href":"https:\/\/tecsecmty.com\/index.php\/wp-json\/wp\/v2\/types\/product"}],"replies":[{"embeddable":true,"href":"https:\/\/tecsecmty.com\/index.php\/wp-json\/wp\/v2\/comments?post=2605"}],"version-history":[{"count":0,"href":"https:\/\/tecsecmty.com\/index.php\/wp-json\/wp\/v2\/product\/2605\/revisions"}],"wp:featuredmedia":[{"embeddable":true,"href":"https:\/\/tecsecmty.com\/index.php\/wp-json\/wp\/v2\/media\/2604"}],"wp:attachment":[{"href":"https:\/\/tecsecmty.com\/index.php\/wp-json\/wp\/v2\/media?parent=2605"}],"wp:term":[{"taxonomy":"product_brand","embeddable":true,"href":"https:\/\/tecsecmty.com\/index.php\/wp-json\/wp\/v2\/product_brand?post=2605"},{"taxonomy":"product_cat","embeddable":true,"href":"https:\/\/tecsecmty.com\/index.php\/wp-json\/wp\/v2\/product_cat?post=2605"},{"taxonomy":"product_tag","embeddable":true,"href":"https:\/\/tecsecmty.com\/index.php\/wp-json\/wp\/v2\/product_tag?post=2605"}],"curies":[{"name":"wp","href":"https:\/\/api.w.org\/{rel}","templated":true}]}}