{"id":2607,"date":"2023-02-22T21:46:31","date_gmt":"2023-02-23T03:46:31","guid":{"rendered":"https:\/\/tecsecmty.com\/index.php\/producto\/dahua-hac-hfw1509mh-a-led-camara-bullet-full-color-de-5-megapixeles-lente-de-3-6mm-microfono-integrado-luz-blanca-de-50-mts-wdr-real-de-120-db-color-24-7-ip67-starlight\/"},"modified":"2023-03-22T23:22:42","modified_gmt":"2023-03-23T05:22:42","slug":"dahua-hac-hfw1509mh-a-led-camara-bullet-full-color-de-5-megapixeles-lente-de-3-6mm-microfono-integrado-luz-blanca-de-50-mts-wdr-real-de-120-db-color-24-7-ip67-starlight","status":"publish","type":"product","link":"https:\/\/tecsecmty.com\/index.php\/producto\/dahua-hac-hfw1509mh-a-led-camara-bullet-full-color-de-5-megapixeles-lente-de-3-6mm-microfono-integrado-luz-blanca-de-50-mts-wdr-real-de-120-db-color-24-7-ip67-starlight\/","title":{"rendered":"DAHUA HAC-HFW1509MH-A-LED &#8211; Camara Bullet Full Color de 5 Megapixeles\/ Lente de 3.6mm\/ Microfono Integrado\/ Luz Blanca de 50 Mts\/ WDR Real de 120 dB\/ Color 24\/7\/ IP67\/ Starlight\/"},"content":{"rendered":"<div class=\"row aling-items-center padding-bottom-2x\">\n<div class=\"col-lg-12\">\n<h5 class=\"card-title text-center\">Informaci\u00f3n general<\/h5>\n<p>El modelo HAC-HFW1509MH-A-LED\u00a0ofrece un alto rendimiento, lo que lo convierte en una opci\u00f3n ideal para aplicaciones residenciales y de peque\u00f1as y medianas empresas. Esta serie ofrece una opci\u00f3n de una amplia gama de tecnolog\u00edas como Full-color y Starlight, proporcionando varias soluciones para diferentes escenarios.<\/p>\n<p><img decoding=\"async\" class=\"overview-center-img-web\" src=\"https:\/\/tvc.mx\/media\/382535\/Camara-Bullet-5-Megapixeles-Lente-3.6-Megapixeles-Starlight-Dahua-B.png\" alt=\"\" \/><\/div>\n<\/div>\n<div class=\"row align-items-center padding-bottom-2x\">\n<div class=\"col-md-5 order-md-2\"><img decoding=\"async\" class=\"d-block m-auto img-thumbnail\" src=\"https:\/\/tvc.mx\/media\/382539\/full-color-dahua.png\" alt=\" \" \/><\/div>\n<div class=\"col-md-7 order-md-1 text-md-left text-center\">\n<h2>Full Color<\/h2>\n<p class=\"text-muted\">\n<p>La c\u00e1mara full color adopta una lente de gran apertura y un sensor de alto rendimiento. Con una mayor cantidad de luz absorbida y un algoritmo avanzado de procesamiento de im\u00e1genes, la c\u00e1mara proporciona monitoreo de color 24\/7 que recopila informaci\u00f3n clara y v\u00edvida, lo que aumenta significativamente la probabilidad de recopilar evidencia v\u00e1lida de humanos, veh\u00edculos y eventos que se puede usar para un an\u00e1lisis inteligente adicional.<\/p>\n<p>&nbsp;<\/p>\n<\/div>\n<\/div>\n<hr class=\"padding-bottom-2x\" \/>\n<div class=\"row align-items-center padding-bottom-2x\">\n<div class=\"col-md-5\"><img decoding=\"async\" class=\"d-block m-auto img-thumbnail\" src=\"https:\/\/tvc.mx\/media\/382543\/luces-suplementaria-Dahua.png\" alt=\" \" \/><\/div>\n<div class=\"col-md-7 text-md-left text-center\">\n<h2>Luces Suplementarias<\/h2>\n<p class=\"text-muted\">\n<p>Con c\u00e1lidas luces LED suplementarias, la c\u00e1mara puede proporcionar una imagen colorida y v\u00edvida incluso en la oscuridad total. De forma predeterminada, la c\u00e1mara est\u00e1 configurada en modo de luz inteligente, en el que la c\u00e1mara puede ajustar autom\u00e1ticamente el tiempo de exposici\u00f3n y la sensibilidad a la luz simult\u00e1neamente para evitar la sobre exposici\u00f3n de los objetos en el centro de la imagen.<\/p>\n<p>&nbsp;<\/p>\n<\/div>\n<\/div>\n<hr class=\"padding-bottom-2x\" \/>\n<div class=\"row align-items-center padding-bottom-2x\">\n<div class=\"col-md-5\"><img decoding=\"async\" class=\"d-block m-auto img-thumbnail\" src=\"https:\/\/tvc.mx\/media\/382555\/3DNR-dahua.png\" alt=\" \" \/><\/div>\n<div class=\"col-md-7 text-md-left text-center\">\n<h2>3D DNR<\/h2>\n<p class=\"text-muted\">\n<p>3D NR es una tecnolog\u00eda de reducci\u00f3n de ruido que detecta y elimina ruidos aleatorios al comparar dos fotogramas secuenciales. La avanzada tecnolog\u00eda 3D NR de Dahua permite una notable reducci\u00f3n del ruido con poco impacto en la nitidez, especialmente en condiciones de iluminaci\u00f3n limitadas. Adem\u00e1s, el 3D NR avanzado reduce efectivamente el ancho de banda y ahorra espacio de almacenamiento.<\/p>\n<p>&nbsp;<\/p>\n<\/div>\n<\/div>\n<hr class=\"padding-bottom-2x\" \/>\n<div class=\"row align-items-center padding-bottom-2x\">\n<div class=\"col-md-5 order-md-2\"><img decoding=\"async\" class=\"d-block m-auto img-thumbnail\" src=\"https:\/\/tvc.mx\/media\/382559\/Super-Adapt-Dahua.png\" alt=\" \" \/><\/div>\n<div class=\"col-md-7 order-md-1 text-md-left text-center\">\n<h2>Super Adapt<\/h2>\n<p class=\"text-muted\">\n<p>Integrada con un algoritmo inteligente, para cambiar el entorno externo, la c\u00e1mara puede ajustar autom\u00e1ticamente los par\u00e1metros para presentar la imagen \u00f3ptima y resuelve el problema de la configuraci\u00f3n.<\/p>\n<p>&nbsp;<\/p>\n<\/div>\n<\/div>\n<hr class=\"padding-bottom-2x\" \/>\n<div class=\"row align-items-center padding-bottom-2x\">\n<div class=\"col-md-5 order-md-2\"><img decoding=\"async\" class=\"d-block m-auto img-thumbnail\" src=\"https:\/\/tvc.mx\/media\/382551\/IP67-dahua.png\" alt=\" \" \/><\/div>\n<div class=\"col-md-7 order-md-1 text-md-left text-center\">\n<h2>Dise\u00f1o Resistente<\/h2>\n<p class=\"text-muted\">\n<p>IP67: la c\u00e1mara pasa una serie de estrictas pruebas de polvo y agua. Tiene funci\u00f3n a prueba de polvo, y el gabinete puede funcionar normalmente despu\u00e9s de remojarlo en agua de 1 m de profundidad durante 30 minutos.<\/p>\n<p>Voltaje amplio: la c\u00e1mara permite una tolerancia de voltaje de entrada de \u00b1 30% (para algunas fuentes de alimentaci\u00f3n) rango de voltaje amplio, y se aplica ampliamente a entornos exteriores con voltaje inestable.<\/p>\n<p>&nbsp;<\/p>\n<\/div>\n<\/div>\n<hr class=\"padding-bottom-2x\" \/>\n<div class=\"row align-items-center padding-bottom-2x\">\n<div class=\"col-md-5\"><img decoding=\"async\" class=\"d-block m-auto img-thumbnail\" src=\"https:\/\/tvc.mx\/media\/382567\/Camara-Bullet-5-Megapixeles-Lente-3.6-Megapixeles-Starlight-Dahua-caracteristicas.png\" alt=\" \" \/><\/div>\n<div class=\"col-md-7 text-md-left text-center\">\n<h2>Principales Caracter\u00edsticas<\/h2>\n<p class=\"text-muted\">\n<p>\u00b7 M\u00e1ximo 25 fps a 5MP (salida de video 16: 9)<\/p>\n<p>\u00b7 WDR verdadero de 120 dB,<\/p>\n<p>\u00b7 3D NR<\/p>\n<p>\u00b7 Full Color<\/p>\n<p>\u00b7 Tecnolog\u00eda Starlight<\/p>\n<p>\u00b7 Im\u00e1genes en color 24 horas al d\u00eda, 7 d\u00edas a la semana<\/p>\n<p>\u00b7 Distancia de iluminaci\u00f3n de 50 m<\/p>\n<p>\u00b7 CVI \/ CVBS \/ AHD \/ TVI conmutable<\/p>\n<p>\u00b7 Micr\u00f3fono incorporado<\/p>\n<p>\u00b7 Lente fija de 3,6 mm<\/p>\n<p>\u00b7 IP67<\/p>\n<p>&nbsp;<\/p>\n<\/div>\n<\/div>\n<hr class=\"padding-bottom-2x\" \/>\n<div class=\"row align-items-center padding-bottom-2x\">\n<div class=\"col-md-5 order-md-2\"><img decoding=\"async\" class=\"d-block m-auto img-thumbnail\" src=\"https:\/\/tvc.mx\/media\/382579\/Camara-Bullet-5-Megapixeles-Lente-3.6-Megapixeles-Starlight-Dahua-especificaciones.png\" alt=\" \" \/><\/div>\n<div class=\"col-md-7 order-md-1 text-md-left text-center\">\n<h2>Especificaciones<\/h2>\n<p class=\"text-muted\">\n<ul>\n<li>Sensor de imagen CMOS de 5 MP<\/li>\n<li>Max. Resoluci\u00f3n 2880 (H) \u00d7 1620 (V)<\/li>\n<li>Distancia de iluminaci\u00f3n 50 m<\/li>\n<li>BLC \/ HLC \/ WDR \/ HLC-Pro<\/li>\n<li>WDR 120 dB<\/li>\n<li>Reducci\u00f3n de ruido 3D NR<\/li>\n<li>Fuente de alimentaci\u00f3n 12 V \u00b1 30% CC<\/li>\n<li>Grado de protecci\u00f3n IP67<\/li>\n<li>Cubierta frontal de metal + cuerpo principal de pl\u00e1stico + soporte de pl\u00e1stico<\/li>\n<\/ul>\n<p>&nbsp;<\/p>\n<\/div>\n<\/div>\n<hr class=\"padding-bottom-2x\" \/>\n<div class=\"row align-items-center padding-bottom-2x\">\n<div class=\"col-md-5\"><img decoding=\"async\" class=\"d-block m-auto img-thumbnail\" src=\"https:\/\/tvc.mx\/media\/382583\/DAHUA-LC.png\" alt=\" \" \/><\/div>\n<div class=\"col-md-7 text-md-left text-center\">\n<h2>Incluye<\/h2>\n<p class=\"text-muted\">\n<ul>\n<li>C\u00e1mara Bullet Full Color\u00a0<strong>HAC-HFW1509MH-A-LED<\/strong><\/li>\n<li>Tornillos<\/li>\n<li>Llave Torx<\/li>\n<li>Manuales de instalaci\u00f3n<\/li>\n<li>Gu\u00eda r\u00e1pida<\/li>\n<li>P\u00f3liza de Garant\u00eda<\/li>\n<\/ul>\n<\/div>\n<\/div>\n","protected":false},"excerpt":{"rendered":"<p>Informaci\u00f3n general El modelo HAC-HFW1509MH-A-LED\u00a0ofrece un alto rendimiento, lo que lo convierte en una opci\u00f3n ideal para aplicaciones residenciales y de peque\u00f1as y medianas empresas. Esta serie ofrece una opci\u00f3n de una amplia gama de tecnolog\u00edas como Full-color y Starlight, proporcionando varias soluciones para diferentes&hellip;<\/p>\n","protected":false},"featured_media":2606,"comment_status":"open","ping_status":"closed","template":"","meta":{"om_disable_all_campaigns":false,"_monsterinsights_skip_tracking":false,"_monsterinsights_sitenote_active":false,"_monsterinsights_sitenote_note":"","_monsterinsights_sitenote_category":0},"product_brand":[],"product_cat":[164],"product_tag":[42,165,166,151],"class_list":{"0":"post-2607","1":"product","2":"type-product","3":"status-publish","4":"has-post-thumbnail","6":"product_cat-bullet-camaras-cctv-hd","7":"product_tag-camaras","8":"product_tag-camaras-cctv-hd","9":"product_tag-cctv","10":"product_tag-seguridad","12":"first","13":"instock","14":"sale","15":"taxable","16":"shipping-taxable","17":"purchasable","18":"product-type-simple"},"aioseo_notices":[],"_links":{"self":[{"href":"https:\/\/tecsecmty.com\/index.php\/wp-json\/wp\/v2\/product\/2607","targetHints":{"allow":["GET"]}}],"collection":[{"href":"https:\/\/tecsecmty.com\/index.php\/wp-json\/wp\/v2\/product"}],"about":[{"href":"https:\/\/tecsecmty.com\/index.php\/wp-json\/wp\/v2\/types\/product"}],"replies":[{"embeddable":true,"href":"https:\/\/tecsecmty.com\/index.php\/wp-json\/wp\/v2\/comments?post=2607"}],"version-history":[{"count":0,"href":"https:\/\/tecsecmty.com\/index.php\/wp-json\/wp\/v2\/product\/2607\/revisions"}],"wp:featuredmedia":[{"embeddable":true,"href":"https:\/\/tecsecmty.com\/index.php\/wp-json\/wp\/v2\/media\/2606"}],"wp:attachment":[{"href":"https:\/\/tecsecmty.com\/index.php\/wp-json\/wp\/v2\/media?parent=2607"}],"wp:term":[{"taxonomy":"product_brand","embeddable":true,"href":"https:\/\/tecsecmty.com\/index.php\/wp-json\/wp\/v2\/product_brand?post=2607"},{"taxonomy":"product_cat","embeddable":true,"href":"https:\/\/tecsecmty.com\/index.php\/wp-json\/wp\/v2\/product_cat?post=2607"},{"taxonomy":"product_tag","embeddable":true,"href":"https:\/\/tecsecmty.com\/index.php\/wp-json\/wp\/v2\/product_tag?post=2607"}],"curies":[{"name":"wp","href":"https:\/\/api.w.org\/{rel}","templated":true}]}}