{"id":2609,"date":"2023-02-22T21:46:33","date_gmt":"2023-02-23T03:46:33","guid":{"rendered":"https:\/\/tecsecmty.com\/index.php\/producto\/dahua-hac-hfw1509tmn-il-a-camara-bullet-de-5-megapixeles-iluminador-dual-inteligente-full-color-lente-de-2-8-mm-111-grados-de-apertura-microfono-integrado-40-metros-de-iluminacion-ir-y-visibl\/"},"modified":"2023-03-22T23:22:42","modified_gmt":"2023-03-23T05:22:42","slug":"dahua-hac-hfw1509tmn-il-a-camara-bullet-de-5-megapixeles-iluminador-dual-inteligente-full-color-lente-de-2-8-mm-111-grados-de-apertura-microfono-integrado-40-metros-de-iluminacion-ir-y-visibl","status":"publish","type":"product","link":"https:\/\/tecsecmty.com\/index.php\/producto\/dahua-hac-hfw1509tmn-il-a-camara-bullet-de-5-megapixeles-iluminador-dual-inteligente-full-color-lente-de-2-8-mm-111-grados-de-apertura-microfono-integrado-40-metros-de-iluminacion-ir-y-visibl\/","title":{"rendered":"DAHUA HAC-HFW1509TMN-IL-A &#8211; Camara Bullet de 5 Megapixeles\/ Iluminador Dual Inteligente + Full Color\/ Lente de 2.8 mm\/ 111 Grados de Apertura\/ Microfono Integrado\/ 40 Metros de Iluminaci\u00f3n IR y Visible\/ WDR Real de 130 dB\/ Metalica\/ IP67\/ #LoNuevo"},"content":{"rendered":"<div class=\"row aling-items-center padding-bottom-2x\">\n<div class=\"col-lg-12\">\n<h5 class=\"card-title text-center\">Informaci\u00f3n general<\/h5>\n<h5 class=\"ql-align-justify\">La serie Lite es una excelente opci\u00f3n para los consumidores que buscan productos de monitoreo de alta calidad a un precio razonable. Su bajo costo y alto rendimiento lo hacen ideal para \u00e1reas residenciales y soluciones para PYMES. Esta serie est\u00e1 equipada con una amplia gama de tecnolog\u00edas, como full-color y starlight, brindando diversas soluciones para diferentes escenarios.<\/h5>\n<p><img decoding=\"async\" class=\"overview-center-img-web\" src=\"https:\/\/tvc.mx\/media\/611235\/DAHUA-HFW1509TMN-IL-A-Camara-Bullet-Smart-Dual-Illuminator-5-Megapixeles-banner-principal.png\" alt=\"camara bullet\" \/><\/p>\n<\/div>\n<\/div>\n<div class=\"row align-items-center padding-bottom-2x\">\n<div class=\"col-md-5\"><img decoding=\"async\" class=\"d-block m-auto img-thumbnail\" src=\"https:\/\/tvc.mx\/media\/611239\/3DNR-dahua.png\" alt=\" 3DNR\" \/><\/div>\n<div class=\"col-md-7 text-md-left text-center\">\n<h2>3DNR avanzado<\/h2>\n<h5 class=\"ql-align-justify\">La tecnolog\u00eda avanzada 3DNR de Dahua reduce el ruido de la imagen con poco o ning\u00fan impacto en la nitidez de la imagen, especialmente en condiciones de poca luz. Detecta el ruido y compara los cuadros secuenciales para reducir el ruido de manera efectiva. Tambi\u00e9n hace un uso eficiente del ancho de banda, ahorrando espacio de almacenamiento.<\/h5>\n<p>&nbsp;<\/p>\n<\/div>\n<\/div>\n<hr class=\"padding-bottom-2x\" \/>\n<div class=\"row align-items-center padding-bottom-2x\">\n<div class=\"col-md-5 order-md-2\"><img decoding=\"async\" class=\"d-block m-auto img-thumbnail\" src=\"https:\/\/tvc.mx\/media\/611243\/WDR-Dahua.png\" alt=\" WDR\" \/><\/div>\n<div class=\"col-md-7 order-md-1 text-md-left text-center\">\n<h2>Amplio rango din\u00e1mico<\/h2>\n<h5 class=\"ql-align-justify\">La tecnolog\u00eda avanzada 3DNR de Dahua reduce el ruido de la imagen con poco o ning\u00fan impacto en la nitidez de la imagen, especialmente en condiciones de poca luz. Detecta el ruido y compara los cuadros secuenciales para reducir el ruido de manera efectiva. Tambi\u00e9n hace un uso eficiente del ancho de banda, ahorrando espacio de almacenamiento.<\/h5>\n<p>&nbsp;<\/p>\n<\/div>\n<\/div>\n<hr class=\"padding-bottom-2x\" \/>\n<div class=\"row align-items-center padding-bottom-2x\">\n<div class=\"col-md-5\"><img decoding=\"async\" class=\"d-block m-auto img-thumbnail\" src=\"https:\/\/tvc.mx\/media\/611251\/4-se%C3%B1ales-sobre-1-cable-coaxial-Dahua.png\" alt=\" 4 Se\u00f1ales sobre 1 cable coaxial\" \/><\/div>\n<div class=\"col-md-7 text-md-left text-center\">\n<h2>4 Se\u00f1ales sobre 1 Cable Coaxial<\/h2>\n<h5 class=\"ql-align-justify\">La tecnolog\u00eda HDCVI admite 4 se\u00f1ales (video, audio*, datos y alimentaci\u00f3n) que se transmiten simult\u00e1neamente a trav\u00e9s de un cable coaxial. La transmisi\u00f3n de datos bidireccional permite que la c\u00e1mara HDCVI interact\u00fae con el XVR para realizar diversas acciones, como enviar se\u00f1ales de control y activar alarmas. La tecnolog\u00eda HDCVI tambi\u00e9n es compatible con PoC, lo que hace que la c\u00e1mara sea f\u00e1cil y r\u00e1pida de instalar.<\/h5>\n<p>&nbsp;<\/p>\n<\/div>\n<\/div>\n<hr class=\"padding-bottom-2x\" \/>\n<div class=\"row align-items-center padding-bottom-2x\">\n<div class=\"col-md-5 order-md-2\"><img decoding=\"async\" class=\"d-block m-auto img-thumbnail\" src=\"https:\/\/tvc.mx\/media\/611271\/DAHUA-HFW1509TMN-IL-A-Camara-Bullet-Smart-Dual-Illuminator-5-Megapixeles-caracteristicas-principal.png\" alt=\" Caracter\u00edsticas\" \/><\/div>\n<div class=\"col-md-7 order-md-1 text-md-left text-center\">\n<h2>Caracter\u00edsticas Principales<\/h2>\n<p><strong>\u00b7\u00a0<\/strong>M\u00e1x. 25 fps@5MP (salida de video 16:9).<\/p>\n<p><strong>\u00b7\u00a0<\/strong>WDR real de 120 dB, 3D NR.<\/p>\n<p><strong>\u00b7\u00a0<\/strong>Iluminadores duales inteligentes.<\/p>\n<p><strong>\u00b7\u00a0<\/strong>Distancia de iluminaci\u00f3n de 40 m.<\/p>\n<p><strong>\u00b7\u00a0<\/strong>S\u00faper Adaptado.<\/p>\n<p><strong>\u00b7\u00a0<\/strong>CVI\/CVBS\/AHD\/TVI conmutable.<\/p>\n<p><strong>\u00b7\u00a0<\/strong>IP67, 12 V CC<\/p>\n<p>&nbsp;<\/p>\n<\/div>\n<\/div>\n<hr class=\"padding-bottom-2x\" \/>\n<div class=\"row align-items-center padding-bottom-2x\">\n<div class=\"col-md-5\"><img decoding=\"async\" class=\"d-block m-auto img-thumbnail\" src=\"https:\/\/tvc.mx\/media\/611291\/DAHUA-HFW1509TMN-IL-A-Camara-Bullet-Smart-Dual-Illuminator-5-Megapixeles-especificaciones-tecnicas.png\" alt=\" \" \/><\/div>\n<div class=\"col-md-7 text-md-left text-center\">\n<h2>Especificaciones T\u00e9cnicas<\/h2>\n<ul>\n<li>CMOS de 5 MP<\/li>\n<li>M\u00e1x. Resoluci\u00f3n: 2880 (H) x 1620 (v)<\/li>\n<li>Sistema de escaneo progresivo<\/li>\n<li>Velocidad de obturaci\u00f3n electr\u00f3nica:\u00a0PAL: 1\/3 s\u20131\/100000 s NTSC: 1\/4 s\u20131\/100000 s<\/li>\n<li>M\u00edn. Iluminaci\u00f3n: 0,001 lux a F1,0 (color, 30 IRE) 0,0001 lux a F1,0 (B\/N, 30 IRE) 0 lux (iluminador encendido)<\/li>\n<li>Relaci\u00f3n se\u00f1al\/ruido &gt;65 dB<\/li>\n<li>Distancia de iluminaci\u00f3n:IR: 40 m (131,23 pies) Luz c\u00e1lida: 40 m (131,23 pies)<\/li>\n<\/ul>\n<\/div>\n<\/div>\n","protected":false},"excerpt":{"rendered":"<p>Informaci\u00f3n general La serie Lite es una excelente opci\u00f3n para los consumidores que buscan productos de monitoreo de alta calidad a un precio razonable. Su bajo costo y alto rendimiento lo hacen ideal para \u00e1reas residenciales y soluciones para PYMES. Esta serie est\u00e1 equipada con&hellip;<\/p>\n","protected":false},"featured_media":2608,"comment_status":"open","ping_status":"closed","template":"","meta":{"om_disable_all_campaigns":false,"_monsterinsights_skip_tracking":false,"_monsterinsights_sitenote_active":false,"_monsterinsights_sitenote_note":"","_monsterinsights_sitenote_category":0},"product_brand":[],"product_cat":[164],"product_tag":[42,165,166,151],"class_list":{"0":"post-2609","1":"product","2":"type-product","3":"status-publish","4":"has-post-thumbnail","6":"product_cat-bullet-camaras-cctv-hd","7":"product_tag-camaras","8":"product_tag-camaras-cctv-hd","9":"product_tag-cctv","10":"product_tag-seguridad","12":"first","13":"instock","14":"sale","15":"taxable","16":"shipping-taxable","17":"purchasable","18":"product-type-simple"},"aioseo_notices":[],"_links":{"self":[{"href":"https:\/\/tecsecmty.com\/index.php\/wp-json\/wp\/v2\/product\/2609","targetHints":{"allow":["GET"]}}],"collection":[{"href":"https:\/\/tecsecmty.com\/index.php\/wp-json\/wp\/v2\/product"}],"about":[{"href":"https:\/\/tecsecmty.com\/index.php\/wp-json\/wp\/v2\/types\/product"}],"replies":[{"embeddable":true,"href":"https:\/\/tecsecmty.com\/index.php\/wp-json\/wp\/v2\/comments?post=2609"}],"version-history":[{"count":0,"href":"https:\/\/tecsecmty.com\/index.php\/wp-json\/wp\/v2\/product\/2609\/revisions"}],"wp:featuredmedia":[{"embeddable":true,"href":"https:\/\/tecsecmty.com\/index.php\/wp-json\/wp\/v2\/media\/2608"}],"wp:attachment":[{"href":"https:\/\/tecsecmty.com\/index.php\/wp-json\/wp\/v2\/media?parent=2609"}],"wp:term":[{"taxonomy":"product_brand","embeddable":true,"href":"https:\/\/tecsecmty.com\/index.php\/wp-json\/wp\/v2\/product_brand?post=2609"},{"taxonomy":"product_cat","embeddable":true,"href":"https:\/\/tecsecmty.com\/index.php\/wp-json\/wp\/v2\/product_cat?post=2609"},{"taxonomy":"product_tag","embeddable":true,"href":"https:\/\/tecsecmty.com\/index.php\/wp-json\/wp\/v2\/product_tag?post=2609"}],"curies":[{"name":"wp","href":"https:\/\/api.w.org\/{rel}","templated":true}]}}