{"id":2611,"date":"2023-02-22T21:46:35","date_gmt":"2023-02-23T03:46:35","guid":{"rendered":"https:\/\/tecsecmty.com\/index.php\/producto\/dahua-hac-hfw1801cn-a-0280b-s2-camara-bullet-4k-con-microfono-integrado-8-megapixeles-lente-de-2-8-mm-106-grados-de-apertura-20-metros-de-ir-wdr-real-de-120-db-soporta-cvi-tvi-ahd-cvbs-lonu\/"},"modified":"2023-03-22T23:22:42","modified_gmt":"2023-03-23T05:22:42","slug":"dahua-hac-hfw1801cn-a-0280b-s2-camara-bullet-4k-con-microfono-integrado-8-megapixeles-lente-de-2-8-mm-106-grados-de-apertura-20-metros-de-ir-wdr-real-de-120-db-soporta-cvi-tvi-ahd-cvbs-lonu","status":"publish","type":"product","link":"https:\/\/tecsecmty.com\/index.php\/producto\/dahua-hac-hfw1801cn-a-0280b-s2-camara-bullet-4k-con-microfono-integrado-8-megapixeles-lente-de-2-8-mm-106-grados-de-apertura-20-metros-de-ir-wdr-real-de-120-db-soporta-cvi-tvi-ahd-cvbs-lonu\/","title":{"rendered":"DAHUA HAC-HFW1801CN-A-0280B-S2 &#8211; C\u00e1mara Bullet 4k con Micr\u00f3fono Integrado\/ 8 Megapixeles\/ Lente de 2.8 mm\/ 106 Grados de Apertura\/ 20 Metros de IR\/ WDR Real de 120 dB\/ Soporta: CVI\/TVI\/AHD\/CVBS\/ #LoNuevo"},"content":{"rendered":"<div class=\"row aling-items-center padding-bottom-2x\">\n<div class=\"col-lg-12\">\n<h5 class=\"card-title text-center\">Informaci\u00f3n general<\/h5>\n<h5 class=\"ql-align-justify\">La serie Lite es una excelente opci\u00f3n para los consumidores que buscan productos de monitoreo de alta calidad a un precio razonable. Su bajo costo y alto rendimiento lo hacen ideal para \u00e1reas residenciales y soluciones para PYMES. Esta serie est\u00e1 equipada con una amplia gama de tecnolog\u00edas, como full-color y starlight, brindando diversas soluciones para diferentes escenarios.<\/h5>\n<p><img decoding=\"async\" class=\"overview-center-img-web\" src=\"https:\/\/tvc.mx\/media\/580919\/DAHUA-DH-HAC-HFW1801CN-A-0280B-S2-Camara-Bullet-4k--Microfono-Integrado-Lente-2-banner.png\" alt=\"C\u00e1mara Bullet\" \/><\/div>\n<\/div>\n<div class=\"row align-items-center padding-bottom-2x\">\n<div class=\"col-md-5\"><img decoding=\"async\" class=\"d-block m-auto img-thumbnail\" src=\"https:\/\/tvc.mx\/media\/580939\/4-se%C3%B1ales-sobre-1-cable-coaxial-Dahua.png\" alt=\" \" \/><\/div>\n<div class=\"col-md-7 text-md-left text-center\">\n<h2>4 Se\u00f1ales sobre 1 Cable Coaxial<\/h2>\n<p class=\"text-muted\">\n<p class=\"ql-align-justify\">La tecnolog\u00eda HDCVI admite 4 se\u00f1ales (video, audio*, datos y alimentaci\u00f3n) que se transmiten simult\u00e1neamente a trav\u00e9s de un cable coaxial. La transmisi\u00f3n de datos bidireccional permite que la c\u00e1mara HDCVI interact\u00fae con el XVR para realizar diversas acciones, como enviar se\u00f1ales de control y activar alarmas. La tecnolog\u00eda HDCVI tambi\u00e9n es compatible con PoC, lo que hace que la c\u00e1mara sea f\u00e1cil y r\u00e1pida de instalar.<\/p>\n<p>&nbsp;<\/p>\n<\/div>\n<\/div>\n<hr class=\"padding-bottom-2x\" \/>\n<div class=\"row align-items-center padding-bottom-2x\">\n<div class=\"col-md-5 order-md-2\"><img decoding=\"async\" class=\"d-block m-auto img-thumbnail\" src=\"https:\/\/tvc.mx\/media\/580951\/Iluminadores-inteligentes-dahua.png\" alt=\" Iluminaci\u00f3n\" \/><\/div>\n<div class=\"col-md-7 order-md-1 text-md-left text-center\">\n<h2>Iluminaci\u00f3n IR inteligente<\/h2>\n<p class=\"text-muted\">\n<p class=\"ql-align-justify\">Con su iluminaci\u00f3n IR, la c\u00e1mara proporciona un rendimiento \u00f3ptimo en condiciones de poca luz, asegurando la uniformidad en el brillo de las im\u00e1genes en blanco y negro. A trav\u00e9s de su tecnolog\u00eda IR inteligente, la c\u00e1mara tambi\u00e9n compensa la distancia de los objetivos ajustando la intensidad de sus LED IR, evitando la sobre exposici\u00f3n de las im\u00e1genes a medida que los objetivos se acercan a la c\u00e1mara.<\/p>\n<p>&nbsp;<\/p>\n<\/div>\n<\/div>\n<hr class=\"padding-bottom-2x\" \/>\n<div class=\"row align-items-center padding-bottom-2x\">\n<div class=\"col-md-5\"><img decoding=\"async\" class=\"d-block m-auto img-thumbnail\" src=\"https:\/\/tvc.mx\/media\/580959\/3DNR-dahua.png\" alt=\" 3D NR avanzado\" \/><\/div>\n<div class=\"col-md-7 text-md-left text-center\">\n<h2>3D NR avanzado<\/h2>\n<p class=\"text-muted\">\n<p class=\"ql-align-justify\">La tecnolog\u00eda avanzada 3DNR de Dahua reduce el ruido de la imagen con poco o ning\u00fan impacto en la nitidez de la imagen, especialmente en condiciones de poca luz. Detecta el ruido y compara los cuadros secuenciales para reducir el ruido de manera efectiva. Tambi\u00e9n hace un uso eficiente del ancho de banda, ahorrando espacio de almacenamiento.<\/p>\n<p>&nbsp;<\/p>\n<\/div>\n<\/div>\n<hr class=\"padding-bottom-2x\" \/>\n<div class=\"row align-items-center padding-bottom-2x\">\n<div class=\"col-md-5 order-md-2\"><img decoding=\"async\" class=\"d-block m-auto img-thumbnail\" src=\"https:\/\/tvc.mx\/media\/580967\/DAHUA-DH-HAC-HFW1801CN-A-0280B-S2-Camara-Bullet-4k--Microfono-Integrado-Lente-2.png-caracteristicas.png\" alt=\" C\u00e1mara bullet\" \/><\/div>\n<div class=\"col-md-7 order-md-1 text-md-left text-center\">\n<h2>Caracter\u00edsticas Principales<\/h2>\n<p class=\"text-muted\">\n<p class=\"ql-align-justify\"><strong>\u00b7\u00a0<\/strong>m\u00e1x. 15 fps a 4K.<\/p>\n<p class=\"ql-align-justify\"><strong>\u00b7\u00a0<\/strong>WDR real de 120 dB, 3D NR.<\/p>\n<p class=\"ql-align-justify\"><strong>\u00b7\u00a0<\/strong>Iluminaci\u00f3n IR inteligente.<\/p>\n<p class=\"ql-align-justify\"><strong>\u00b7\u00a0<\/strong>Distancia de iluminaci\u00f3n de 30 m.<\/p>\n<p class=\"ql-align-justify\"><strong>\u00b7\u00a0<\/strong>S\u00faper Adaptado.<\/p>\n<p class=\"ql-align-justify\"><strong>\u00b7\u00a0<\/strong>MIC incorporado (-A).<\/p>\n<p class=\"ql-align-justify\"><strong>\u00b7\u00a0<\/strong>Lente fija de 3,6 mm (2,8 mm opcional).<\/p>\n<p class=\"ql-align-justify\"><strong>\u00b7\u00a0<\/strong>CVI\/CVBS\/AHD\/TVI conmutable.<\/p>\n<p class=\"ql-align-justify\"><strong>\u00b7\u00a0<\/strong>IP67, 12 V CC.<\/p>\n<p>&nbsp;<\/p>\n<\/div>\n<\/div>\n<hr class=\"padding-bottom-2x\" \/>\n<div class=\"row align-items-center padding-bottom-2x\">\n<div class=\"col-md-5\"><img decoding=\"async\" class=\"d-block m-auto img-thumbnail\" src=\"https:\/\/tvc.mx\/media\/580987\/DAHUA-DH-HAC-HFW1801CN-A-0280B-S2-Camara-Bullet-4k--Microfono-Integrado-Lente-especificaciones.png\" alt=\" Dimensiones\" \/><\/div>\n<div class=\"col-md-7 text-md-left text-center\">\n<h2>Especificaciones T\u00e9cnicas<\/h2>\n<p class=\"text-muted\">\n<p>CMOS 4K<\/p>\n<p>M\u00e1x. Resoluci\u00f3n 3840 (H) x 2160 (v)<\/p>\n<p>Sistema de escaneo progresivo<\/p>\n<p>Velocidad de obturaci\u00f3n electr\u00f3nica\u00a0PAL: 1\/25 s\u20131\/100000 s NTSC: 1\/30 s\u20131\/100000 s<\/p>\n<p>M\u00edn. iluminaci\u00f3n: 30 m (98,43 pies)<\/p>\n<p>N\u00famero de iluminador: 3 (luz infrarroja)<\/p>\n<p>&nbsp;<\/p>\n<\/div>\n<\/div>\n","protected":false},"excerpt":{"rendered":"<p>Informaci\u00f3n general La serie Lite es una excelente opci\u00f3n para los consumidores que buscan productos de monitoreo de alta calidad a un precio razonable. Su bajo costo y alto rendimiento lo hacen ideal para \u00e1reas residenciales y soluciones para PYMES. Esta serie est\u00e1 equipada con&hellip;<\/p>\n","protected":false},"featured_media":2610,"comment_status":"open","ping_status":"closed","template":"","meta":{"om_disable_all_campaigns":false,"_monsterinsights_skip_tracking":false,"_monsterinsights_sitenote_active":false,"_monsterinsights_sitenote_note":"","_monsterinsights_sitenote_category":0},"product_brand":[],"product_cat":[164],"product_tag":[42,165,166,151],"class_list":{"0":"post-2611","1":"product","2":"type-product","3":"status-publish","4":"has-post-thumbnail","6":"product_cat-bullet-camaras-cctv-hd","7":"product_tag-camaras","8":"product_tag-camaras-cctv-hd","9":"product_tag-cctv","10":"product_tag-seguridad","12":"first","13":"instock","14":"sale","15":"taxable","16":"shipping-taxable","17":"purchasable","18":"product-type-simple"},"aioseo_notices":[],"_links":{"self":[{"href":"https:\/\/tecsecmty.com\/index.php\/wp-json\/wp\/v2\/product\/2611","targetHints":{"allow":["GET"]}}],"collection":[{"href":"https:\/\/tecsecmty.com\/index.php\/wp-json\/wp\/v2\/product"}],"about":[{"href":"https:\/\/tecsecmty.com\/index.php\/wp-json\/wp\/v2\/types\/product"}],"replies":[{"embeddable":true,"href":"https:\/\/tecsecmty.com\/index.php\/wp-json\/wp\/v2\/comments?post=2611"}],"version-history":[{"count":0,"href":"https:\/\/tecsecmty.com\/index.php\/wp-json\/wp\/v2\/product\/2611\/revisions"}],"wp:featuredmedia":[{"embeddable":true,"href":"https:\/\/tecsecmty.com\/index.php\/wp-json\/wp\/v2\/media\/2610"}],"wp:attachment":[{"href":"https:\/\/tecsecmty.com\/index.php\/wp-json\/wp\/v2\/media?parent=2611"}],"wp:term":[{"taxonomy":"product_brand","embeddable":true,"href":"https:\/\/tecsecmty.com\/index.php\/wp-json\/wp\/v2\/product_brand?post=2611"},{"taxonomy":"product_cat","embeddable":true,"href":"https:\/\/tecsecmty.com\/index.php\/wp-json\/wp\/v2\/product_cat?post=2611"},{"taxonomy":"product_tag","embeddable":true,"href":"https:\/\/tecsecmty.com\/index.php\/wp-json\/wp\/v2\/product_tag?post=2611"}],"curies":[{"name":"wp","href":"https:\/\/api.w.org\/{rel}","templated":true}]}}