{"id":2617,"date":"2023-02-22T21:46:43","date_gmt":"2023-02-23T03:46:43","guid":{"rendered":"https:\/\/tecsecmty.com\/index.php\/producto\/dahua-hac-hfw1801t-camara-bullet-4k-metalica-8-megapixeles-lente-de-2-8-mm-106-grados-de-apertura-ir-de-30-metros-wdr-real-metalica-soporta-cvi-tvi-ahd-cvbs-lonuevo\/"},"modified":"2023-03-22T23:22:42","modified_gmt":"2023-03-23T05:22:42","slug":"dahua-hac-hfw1801t-camara-bullet-4k-metalica-8-megapixeles-lente-de-2-8-mm-106-grados-de-apertura-ir-de-30-metros-wdr-real-metalica-soporta-cvi-tvi-ahd-cvbs-lonuevo","status":"publish","type":"product","link":"https:\/\/tecsecmty.com\/index.php\/producto\/dahua-hac-hfw1801t-camara-bullet-4k-metalica-8-megapixeles-lente-de-2-8-mm-106-grados-de-apertura-ir-de-30-metros-wdr-real-metalica-soporta-cvi-tvi-ahd-cvbs-lonuevo\/","title":{"rendered":"DAHUA HAC-HFW1801T &#8211; Camara Bullet 4k Metalica\/ 8 Megapixeles\/ Lente de 2.8 mm\/ 106 Grados de Apertura\/ IR de 30 Metros\/ WDR Real\/ Metalica\/ Soporta: CVI\/TVI\/AHD\/CVBS\/ #LoNuevo"},"content":{"rendered":"<div class=\"row aling-items-center padding-bottom-2x\">\n<div class=\"col-lg-12\">\n<h5 class=\"card-title text-center\">Informaci\u00f3n general<\/h5>\n<p>Experimente la videovigilancia 4K con la simplicidad de reutilizar la infraestructura coaxial existente, La c\u00e1mara 4K HDCVI adopta un potente ISP Dahua y un sensor CMOS avanzado de 1 \/ 2.7 \u00ab, que proporciona im\u00e1genes de alta calidad superior.<\/p>\n<p>Adem\u00e1s, la c\u00e1mara cuenta con audio de calidad, para proporcionar una colecci\u00f3n de evidencia complementaria mejorada. Definici\u00f3n ultra alta y un conjunto completo de caracter\u00edsticas hace que la c\u00e1mara 4K HDCVI sea una opci\u00f3n ideal para empresas y proyectos de tama\u00f1o mediano a grande donde se exigen vigilancia altamente confiable y flexibilidad de construcci\u00f3n.<\/p>\n<p><img decoding=\"async\" class=\"overview-center-img-web\" src=\"https:\/\/tvc.mx\/media\/548563\/camara-bulle-4k-con-microfono-integrado-8-megapixeles-ir-de-30-mt-HFW1801T-A-Dahua..png\" alt=\"C\u00e1mara tipo bala\" \/><\/p>\n<\/div>\n<\/div>\n<div class=\"row align-items-center padding-bottom-2x\">\n<div class=\"col-md-5\"><img decoding=\"async\" class=\"d-block m-auto img-thumbnail\" src=\"https:\/\/tvc.mx\/media\/546407\/3DNR-dahua.png\" alt=\" reduccion-ruido\" \/><\/div>\n<div class=\"col-md-7 text-md-left text-center\">\n<h2>3-DNR avanzado<\/h2>\n<p>3DNR es una tecnolog\u00eda de reducci\u00f3n de ruido que detecta y elimina ruidos aleatorios comparando dos fotogramas secuenciales. La avanzada tecnolog\u00eda 3DNR de Dahua permite una reducci\u00f3n de ruido notable con poco impacto en la nitidez, especialmente en condiciones de iluminaci\u00f3n limitadas.<\/p>\n<p>Adem\u00e1s, el 3DNR avanzado reduce efectivamente el ancho de banda y ahorra espacio de almacenamiento.<\/p>\n<p>&nbsp;<\/p>\n<\/div>\n<\/div>\n<hr class=\"padding-bottom-2x\" \/>\n<div class=\"row align-items-center padding-bottom-2x\">\n<div class=\"col-md-5 order-md-2\"><img decoding=\"async\" class=\"d-block m-auto img-thumbnail\" src=\"https:\/\/tvc.mx\/media\/546455\/4-se%C3%B1ales-sobre-1-cable-coaxial-Dahua.png\" alt=\" Energia-video-datos-audio\" \/><\/div>\n<div class=\"col-md-7 order-md-1 text-md-left text-center\">\n<h2>4 en 1<\/h2>\n<p>La tecnolog\u00eda HDCVI admite la transmisi\u00f3n de 4 se\u00f1ales a trav\u00e9s de 1 cable coaxial simult\u00e1neamente, es decir, video, audio *, datos y energ\u00eda. La transmisi\u00f3n de datos de doble v\u00eda permite que la c\u00e1mara HDCVI interact\u00fae con el HCVR, como enviar una se\u00f1al de control o activar una alarma. Adem\u00e1s, la tecnolog\u00eda HDCVI admite PoC para flexibilidad de construcci\u00f3n.<\/p>\n<p>&nbsp;<\/p>\n<\/div>\n<\/div>\n<hr class=\"padding-bottom-2x\" \/>\n<div class=\"row align-items-center padding-bottom-2x\">\n<div class=\"col-md-5 order-md-2\"><img decoding=\"async\" class=\"d-block m-auto img-thumbnail\" src=\"https:\/\/tvc.mx\/media\/546467\/HDCVI-dahua.png\" alt=\" Transmision-en-tiempo-real\" \/><\/div>\n<div class=\"col-md-7 order-md-1 text-md-left text-center\">\n<h2>Transmisi\u00f3n de larga distancia<\/h2>\n<p>La tecnolog\u00eda HDCVI garantiza la transmisi\u00f3n en tiempo real a larga distancia sin p\u00e9rdidas. Admite una transmisi\u00f3n de hasta 700 m para video 4K y 4MP HD a trav\u00e9s de un cable coaxial y hasta 300 m mediante un cable UTP.<\/p>\n<p>La tecnolog\u00eda HDCVI hereda la caracter\u00edstica nativa de la simplicidad del sistema de vigilancia anal\u00f3gica tradicional, convirti\u00e9ndose en la mejor opci\u00f3n para proteger la inversi\u00f3n.<\/p>\n<p>El sistema HDCVI puede actualizar sin problemas el sistema anal\u00f3gico tradicional sin reemplazar el cableado coaxial existente. El enfoque plug and play permite la videovigilancia Full HD sin la molestia de configurar una red.<\/p>\n<p>&nbsp;<\/p>\n<\/div>\n<\/div>\n<hr class=\"padding-bottom-2x\" \/>\n<div class=\"row align-items-center padding-bottom-2x\">\n<div class=\"col-md-5 order-md-2\"><img decoding=\"async\" class=\"d-block m-auto img-thumbnail\" src=\"https:\/\/tvc.mx\/media\/546483\/audio-hdcvi-Dahua.png\" alt=\" Videovigilancia\" \/><\/div>\n<div class=\"col-md-7 order-md-1 text-md-left text-center\">\n<h2>Audio con calidad de transmisi\u00f3n<\/h2>\n<p>La informaci\u00f3n de audio se utiliza como evidencia complementaria en aplicaciones de videovigilancia. La c\u00e1mara HDCVI admite la transmisi\u00f3n de se\u00f1ales de audio a trav\u00e9s de cable coaxial. Adem\u00e1s, adopta una tecnolog\u00eda de transmisi\u00f3n y procesamiento de audio \u00fanica que restaura mejor el audio de origen y elimina el ruido, lo que garantiza la calidad y eficacia de la informaci\u00f3n de audio recopilada.<\/p>\n<p>&nbsp;<\/p>\n<\/div>\n<\/div>\n<hr class=\"padding-bottom-2x\" \/>\n<div class=\"row align-items-center padding-bottom-2x\">\n<div class=\"col-md-5\"><img decoding=\"async\" class=\"d-block m-auto img-thumbnail\" src=\"https:\/\/tvc.mx\/media\/548591\/Multiformatos-dahua.png\" alt=\" Formatos-de-video-HDCVI-CVBS-otros-formatos-analogicos\" \/><\/div>\n<div class=\"col-md-7 text-md-left text-center\">\n<h2>M\u00faltiples formatos<\/h2>\n<p>La c\u00e1mara admite m\u00faltiples formatos de video, incluidos HDCVI, CVBS y otros dos formatos anal\u00f3gicos HD comunes en el mercado.<\/p>\n<p>Esta funci\u00f3n hace que la c\u00e1mara sea compatible no solo con los XVR, sino tambi\u00e9n con la mayor\u00eda de los DVR HD \/ SD existentes.<\/p>\n<p>&nbsp;<\/p>\n<\/div>\n<\/div>\n<hr class=\"padding-bottom-2x\" \/>\n<div class=\"row align-items-center padding-bottom-2x\">\n<div class=\"col-md-5 order-md-2\"><img decoding=\"async\" class=\"d-block m-auto img-thumbnail\" src=\"https:\/\/tvc.mx\/media\/546551\/IP67-dahua.png\" alt=\" Proteccion\" \/><\/div>\n<div class=\"col-md-7 order-md-1 text-md-left text-center\">\n<h2>Protecci\u00f3n IP67<\/h2>\n<p>La excelente confiabilidad de la c\u00e1mara es insuperable debido a su dise\u00f1o resistente. La c\u00e1mara est\u00e1 protegida contra el agua y el polvo con clasificaci\u00f3n IP67, lo que la hace adecuada para entornos interiores o exteriores.<\/p>\n<p>Con una tolerancia de voltaje de entrada de \u00b1 30%, esta c\u00e1mara se adapta incluso a las condiciones de suministro de energ\u00eda m\u00e1s inestables. Su clasificaci\u00f3n de rayos 4KV proporciona protecci\u00f3n contra lac\u00e1mara y su estructura contra los efectos de los rayos.<\/p>\n<p>&nbsp;<\/p>\n<\/div>\n<\/div>\n<hr class=\"padding-bottom-2x\" \/>\n<div class=\"row align-items-center padding-bottom-2x\">\n<div class=\"col-md-5 order-md-2\"><img decoding=\"async\" class=\"d-block m-auto img-thumbnail\" src=\"https:\/\/tvc.mx\/media\/546967\/Dahua-HAC-HFW1801T-OVERVIEWS-LATERAL.png\" alt=\" Camara metalica\" \/><\/div>\n<div class=\"col-md-7 order-md-1 text-md-left text-center\">\n<h2>Principales caracteristicas<\/h2>\n<p>\u00b7 120dB True WDR, 3DNR<\/p>\n<p>\u00b7 M\u00e1x. Resoluci\u00f3n 4K<\/p>\n<p>\u00b7 CVI \/ CVBS \/ AHD \/ TVI conmutable<\/p>\n<p>\u00b7 Lente fija (2,8 mm; 3,6 mm; 6 mm opcional)<\/p>\n<p>\u00b7 M\u00e1x. IR longitud 30 m, IR inteligente<\/p>\n<p>\u00b7 IP67, 12V \u00b1 30% CC<\/p>\n<p>&nbsp;<\/p>\n<\/div>\n<\/div>\n<hr class=\"padding-bottom-2x\" \/>\n<div class=\"row align-items-center padding-bottom-2x\">\n<div class=\"col-md-5\"><img decoding=\"async\" class=\"d-block m-auto img-thumbnail\" src=\"https:\/\/tvc.mx\/media\/547159\/Dahua-HAC-HFW1801T-DIM-OVERVIEWS-LATERAL.png\" alt=\" \" \/><\/div>\n<div class=\"col-md-7 text-md-left text-center\">\n<h2>Especificaciones<\/h2>\n<p>CMOS de 1 \/ 2,7 pulgadas<\/p>\n<p>0.03Lux \/ F2.0, 30IRE, 0Lux IR encendido<\/p>\n<p>Distancia hasta 30 m (98,43 pies)<\/p>\n<p>BLC \/ HLC \/ WDR<\/p>\n<p>120dB \/ WDR<\/p>\n<p>Auto; manual<\/p>\n<p>2D y 3D NR<\/p>\n<p>Longitud Focal 2,8 mm; 3,6 mm; 6 mm<\/p>\n<p>Iris fijo<\/p>\n<p>Distancia de enfoque cercana 1 m \/ 1,8 m \/ 3,6 m (3,28 pies \/ 5,91 pies \/ 11,81 pies)<\/p>\n<p>Opciones de salida de video de CVI \/ TVI \/ AHD \/ CVBS por un puerto BNC.<\/p>\n<p>12V \u00b1 30% CC<\/p>\n<p>M\u00e1x.5,2 W (12 V CC, IR encendido)<\/p>\n<\/div>\n<\/div>\n","protected":false},"excerpt":{"rendered":"<p>Informaci\u00f3n general Experimente la videovigilancia 4K con la simplicidad de reutilizar la infraestructura coaxial existente, La c\u00e1mara 4K HDCVI adopta un potente ISP Dahua y un sensor CMOS avanzado de 1 \/ 2.7 \u00ab, que proporciona im\u00e1genes de alta calidad superior. Adem\u00e1s, la c\u00e1mara cuenta&hellip;<\/p>\n","protected":false},"featured_media":2616,"comment_status":"open","ping_status":"closed","template":"","meta":{"om_disable_all_campaigns":false,"_monsterinsights_skip_tracking":false,"_monsterinsights_sitenote_active":false,"_monsterinsights_sitenote_note":"","_monsterinsights_sitenote_category":0},"product_brand":[],"product_cat":[164],"product_tag":[42,165,166,151],"class_list":{"0":"post-2617","1":"product","2":"type-product","3":"status-publish","4":"has-post-thumbnail","6":"product_cat-bullet-camaras-cctv-hd","7":"product_tag-camaras","8":"product_tag-camaras-cctv-hd","9":"product_tag-cctv","10":"product_tag-seguridad","12":"first","13":"instock","14":"sale","15":"taxable","16":"shipping-taxable","17":"purchasable","18":"product-type-simple"},"aioseo_notices":[],"_links":{"self":[{"href":"https:\/\/tecsecmty.com\/index.php\/wp-json\/wp\/v2\/product\/2617","targetHints":{"allow":["GET"]}}],"collection":[{"href":"https:\/\/tecsecmty.com\/index.php\/wp-json\/wp\/v2\/product"}],"about":[{"href":"https:\/\/tecsecmty.com\/index.php\/wp-json\/wp\/v2\/types\/product"}],"replies":[{"embeddable":true,"href":"https:\/\/tecsecmty.com\/index.php\/wp-json\/wp\/v2\/comments?post=2617"}],"version-history":[{"count":0,"href":"https:\/\/tecsecmty.com\/index.php\/wp-json\/wp\/v2\/product\/2617\/revisions"}],"wp:featuredmedia":[{"embeddable":true,"href":"https:\/\/tecsecmty.com\/index.php\/wp-json\/wp\/v2\/media\/2616"}],"wp:attachment":[{"href":"https:\/\/tecsecmty.com\/index.php\/wp-json\/wp\/v2\/media?parent=2617"}],"wp:term":[{"taxonomy":"product_brand","embeddable":true,"href":"https:\/\/tecsecmty.com\/index.php\/wp-json\/wp\/v2\/product_brand?post=2617"},{"taxonomy":"product_cat","embeddable":true,"href":"https:\/\/tecsecmty.com\/index.php\/wp-json\/wp\/v2\/product_cat?post=2617"},{"taxonomy":"product_tag","embeddable":true,"href":"https:\/\/tecsecmty.com\/index.php\/wp-json\/wp\/v2\/product_tag?post=2617"}],"curies":[{"name":"wp","href":"https:\/\/api.w.org\/{rel}","templated":true}]}}