{"id":2619,"date":"2023-02-22T21:46:44","date_gmt":"2023-02-23T03:46:44","guid":{"rendered":"https:\/\/tecsecmty.com\/index.php\/producto\/dahua-hac-hfw1801th-i4-camara-bullet-4k-8-megapixeles-lente-de-2-8-mm-106-grados-de-apertura-40-metros-de-ir-wdr-real-de-120-db-super-adapt-ip67-soporta-cvi-tvi-ahd-cvbs-lonuevo\/"},"modified":"2023-03-22T23:22:42","modified_gmt":"2023-03-23T05:22:42","slug":"dahua-hac-hfw1801th-i4-camara-bullet-4k-8-megapixeles-lente-de-2-8-mm-106-grados-de-apertura-40-metros-de-ir-wdr-real-de-120-db-super-adapt-ip67-soporta-cvi-tvi-ahd-cvbs-lonuevo","status":"publish","type":"product","link":"https:\/\/tecsecmty.com\/index.php\/producto\/dahua-hac-hfw1801th-i4-camara-bullet-4k-8-megapixeles-lente-de-2-8-mm-106-grados-de-apertura-40-metros-de-ir-wdr-real-de-120-db-super-adapt-ip67-soporta-cvi-tvi-ahd-cvbs-lonuevo\/","title":{"rendered":"DAHUA HAC-HFW1801TH-I4 &#8211; C\u00e1mara Bullet 4k\/ 8 Megapixeles\/ Lente de 2.8 mm\/ 106 Grados de Apertura\/ 40 Metros de IR\/ WDR Real de 120 dB\/ Super Adapt\/ IP67\/ Soporta: CVI\/TVI\/AHD\/CVBS\/ #LoNuevo"},"content":{"rendered":"<div class=\"row aling-items-center padding-bottom-2x\">\n<div class=\"col-lg-12\">\n<h5 class=\"card-title text-center\">Informaci\u00f3n general<\/h5>\n<h5 class=\"ql-align-justify\">Experimente la videovigilancia 4K con la simplicidad de reutilizar la infraestructura coaxial existente. La c\u00e1mara 4K HDCVI adopta un potente ISP de Dahua y un sensor CMOS avanzado de 1\/2,7&#8243;, que proporciona im\u00e1genes de alta calidad superior. Adem\u00e1s, la c\u00e1mara cuenta con audio de calidad de transmisi\u00f3n para proporcionar una mejor recopilaci\u00f3n de pruebas complementarias. Ultra alta definici\u00f3n y un conjunto completo de caracter\u00edsticas convierte a la c\u00e1mara 4K HDCVI en una opci\u00f3n ideal para proyectos y empresas medianas y grandes en los que se exige tanto vigilancia altamente confiable como flexibilidad en la construcci\u00f3n.<\/h5>\n<p><img decoding=\"async\" class=\"overview-center-img-web\" src=\"https:\/\/tvc.mx\/media\/611407\/DAHUA-HAC-HFW1801TH-I4---Camara-Bullet-4k-8-Megapixeles-Lente-2-banner-principal.png\" alt=\"camara bullet\" \/><\/div>\n<\/div>\n<div class=\"row align-items-center padding-bottom-2x\">\n<div class=\"col-md-5\"><img decoding=\"async\" class=\"d-block m-auto img-thumbnail\" src=\"https:\/\/tvc.mx\/media\/611415\/WDR-Dahua.png\" alt=\" WDR\" \/><\/div>\n<div class=\"col-md-7 text-md-left text-center\">\n<h2>Amplio rango din\u00e1mico<\/h2>\n<p class=\"text-muted\">\n<h5 class=\"ql-align-justify\">Integrado con la tecnolog\u00eda de amplio rango din\u00e1mico (WDR) l\u00edder en la industria, se logran im\u00e1genes v\u00edvidas incluso en las condiciones de iluminaci\u00f3n de contraste m\u00e1s intensas. True WDR (120dB) optimiza las \u00e1reas brillantes y oscuras de una escena al mismo tiempo para proporcionar un video utilizable.<\/h5>\n<p>&nbsp;<\/p>\n<\/div>\n<\/div>\n<hr class=\"padding-bottom-2x\" \/>\n<div class=\"row align-items-center padding-bottom-2x\">\n<div class=\"col-md-5 order-md-2\"><img decoding=\"async\" class=\"d-block m-auto img-thumbnail\" src=\"https:\/\/tvc.mx\/media\/611419\/3DNR-dahua.png\" alt=\" 3DNR\" \/><\/div>\n<div class=\"col-md-7 order-md-1 text-md-left text-center\">\n<h2>3DNR avanzado<\/h2>\n<p class=\"text-muted\">\n<h5 class=\"ql-align-justify\">3DNR es una tecnolog\u00eda de reducci\u00f3n de ruido que detecta y elimina ruidos aleatorios comparando dos fotogramas secuenciales. La avanzada tecnolog\u00eda 3DNR de Dahua permite una notable reducci\u00f3n del ruido con poco impacto en la nitidez, especialmente en condiciones de iluminaci\u00f3n limitada. Adem\u00e1s, el 3DNR avanzado reduce efectivamente el ancho de banda y ahorra espacio de almacenamiento.<\/h5>\n<p>&nbsp;<\/p>\n<\/div>\n<\/div>\n<hr class=\"padding-bottom-2x\" \/>\n<div class=\"row align-items-center padding-bottom-2x\">\n<div class=\"col-md-5 order-md-2\"><img decoding=\"async\" class=\"d-block m-auto img-thumbnail\" src=\"https:\/\/tvc.mx\/media\/611423\/4-se%C3%B1ales-sobre-1-cable-coaxial-Dahua.png\" alt=\" \" \/><\/div>\n<div class=\"col-md-7 order-md-1 text-md-left text-center\">\n<h2>4 Se\u00f1ales sobre cable coaxial<\/h2>\n<p class=\"text-muted\">\n<h5 class=\"ql-align-justify\">La tecnolog\u00eda HDCVI admite la transmisi\u00f3n simult\u00e1nea de 4 se\u00f1ales a trav\u00e9s de 1 cable coaxial, es decir, video, audio*, datos y alimentaci\u00f3n. La transmisi\u00f3n de datos bidireccional permite que la c\u00e1mara HDCVI interact\u00fae con el HCVR, como enviar una se\u00f1al de control o activar una alarma. Adem\u00e1s, la tecnolog\u00eda HDCVI es compatible con PoC para la flexibilidad de la construcci\u00f3n.<\/h5>\n<p>&nbsp;<\/p>\n<\/div>\n<\/div>\n<hr class=\"padding-bottom-2x\" \/>\n<div class=\"row align-items-center padding-bottom-2x\">\n<div class=\"col-md-5 order-md-2\"><img decoding=\"async\" class=\"d-block m-auto img-thumbnail\" src=\"https:\/\/tvc.mx\/media\/611427\/IP67-dahua.png\" alt=\" IP67\" \/><\/div>\n<div class=\"col-md-7 order-md-1 text-md-left text-center\">\n<h2>Protecci\u00f3n<\/h2>\n<p class=\"text-muted\">\n<h5 class=\"ql-align-justify\">La excelente confiabilidad de la c\u00e1mara es insuperable debido a su dise\u00f1o resistente. La c\u00e1mara est\u00e1 protegida contra el agua y el polvo con clasificaci\u00f3n IP67, lo que la hace adecuada para ambientes interiores o exteriores. Con una tolerancia de voltaje de entrada de \u00b130 %, esta c\u00e1mara se adapta incluso a la fuente de alimentaci\u00f3n m\u00e1s inestable condiciones. Su clasificaci\u00f3n de rayos 4KV proporciona protecci\u00f3n contra la c\u00e1mara y su estructura de los efectos de los rayos.<\/h5>\n<p>&nbsp;<\/p>\n<\/div>\n<\/div>\n<hr class=\"padding-bottom-2x\" \/>\n<div class=\"row align-items-center padding-bottom-2x\">\n<div class=\"col-md-5\"><img decoding=\"async\" class=\"d-block m-auto img-thumbnail\" src=\"https:\/\/tvc.mx\/media\/611435\/DAHUA-HAC-HFW1801TH-I4---Camara-Bullet-4k-8-Megapixeles-Lente-2.caracteristicas-principales.png\" alt=\" Caracteristicas\" \/><\/div>\n<div class=\"col-md-7 text-md-left text-center\">\n<h2>Caracter\u00edsticas Principales<\/h2>\n<p class=\"text-muted\">\n<h5 class=\"ql-align-justify\">\u00b7 WDR real de 120dB, 3DNR<\/h5>\n<h5 class=\"ql-align-justify\">\u00b7 M\u00e1x. resoluci\u00f3n 4K<\/h5>\n<h5 class=\"ql-align-justify\">\u00b7 CVI\/CVBS\/AHD\/TVI conmutable<\/h5>\n<h5 class=\"ql-align-justify\">\u00b7 Lente fija de 2,8 mm.<\/h5>\n<h5 class=\"ql-align-justify\">\u00b7 M\u00e1x. Longitud IR 40 m, IR inteligente<\/h5>\n<h5 class=\"ql-align-justify\">\u00b7 IP67, 12V\u00b130%CC<\/h5>\n<p>&nbsp;<\/p>\n<\/div>\n<\/div>\n<hr class=\"padding-bottom-2x\" \/>\n<div class=\"row align-items-center padding-bottom-2x\">\n<div class=\"col-md-5 order-md-2\"><img decoding=\"async\" class=\"d-block m-auto img-thumbnail\" src=\"https:\/\/tvc.mx\/media\/611439\/DAHUA-HAC-HFW1801TH-I4---Camara-Bullet-4k-8-Megapixeles-Lente-2.8-mm-especificaciones-tecnicas.png\" alt=\" \" \/><\/div>\n<div class=\"col-md-7 order-md-1 text-md-left text-center\">\n<h2>Especificaciones T\u00e9cnicas<\/h2>\n<p class=\"text-muted\">\n<h5 class=\"ql-align-justify\">\u00b7\u00a0CMOS de 1\/2,7 pulgadas<\/h5>\n<h5 class=\"ql-align-justify\">\u00b7\u00a0P\u00edxeles efectivos 3840 (H) x 2160 (v), 4k<\/h5>\n<h5 class=\"ql-align-justify\">\u00b7\u00a0Velocidad de obturaci\u00f3n electr\u00f3nica:\u00a0PAL:1\/3s\u20131\/100000s\u00a0NTSC:1\/4s\u20131\/100000s<\/h5>\n<h5 class=\"ql-align-justify\">\u00b7\u00a0Iluminaci\u00f3n m\u00ednima: 0.03Lux\/F2.0, 30IRE, 0Lux IR encendido<\/h5>\n<h5 class=\"ql-align-justify\">\u00b7\u00a0Distancia de infrarrojos: Distancia hasta 40 m (131,23 pies)<\/h5>\n<\/div>\n<\/div>\n","protected":false},"excerpt":{"rendered":"<p>Informaci\u00f3n general Experimente la videovigilancia 4K con la simplicidad de reutilizar la infraestructura coaxial existente. La c\u00e1mara 4K HDCVI adopta un potente ISP de Dahua y un sensor CMOS avanzado de 1\/2,7&#8243;, que proporciona im\u00e1genes de alta calidad superior. Adem\u00e1s, la c\u00e1mara cuenta con audio&hellip;<\/p>\n","protected":false},"featured_media":2618,"comment_status":"open","ping_status":"closed","template":"","meta":{"om_disable_all_campaigns":false,"_monsterinsights_skip_tracking":false,"_monsterinsights_sitenote_active":false,"_monsterinsights_sitenote_note":"","_monsterinsights_sitenote_category":0},"product_brand":[],"product_cat":[164],"product_tag":[42,165,166,151],"class_list":{"0":"post-2619","1":"product","2":"type-product","3":"status-publish","4":"has-post-thumbnail","6":"product_cat-bullet-camaras-cctv-hd","7":"product_tag-camaras","8":"product_tag-camaras-cctv-hd","9":"product_tag-cctv","10":"product_tag-seguridad","12":"first","13":"instock","14":"sale","15":"taxable","16":"shipping-taxable","17":"purchasable","18":"product-type-simple"},"aioseo_notices":[],"_links":{"self":[{"href":"https:\/\/tecsecmty.com\/index.php\/wp-json\/wp\/v2\/product\/2619","targetHints":{"allow":["GET"]}}],"collection":[{"href":"https:\/\/tecsecmty.com\/index.php\/wp-json\/wp\/v2\/product"}],"about":[{"href":"https:\/\/tecsecmty.com\/index.php\/wp-json\/wp\/v2\/types\/product"}],"replies":[{"embeddable":true,"href":"https:\/\/tecsecmty.com\/index.php\/wp-json\/wp\/v2\/comments?post=2619"}],"version-history":[{"count":0,"href":"https:\/\/tecsecmty.com\/index.php\/wp-json\/wp\/v2\/product\/2619\/revisions"}],"wp:featuredmedia":[{"embeddable":true,"href":"https:\/\/tecsecmty.com\/index.php\/wp-json\/wp\/v2\/media\/2618"}],"wp:attachment":[{"href":"https:\/\/tecsecmty.com\/index.php\/wp-json\/wp\/v2\/media?parent=2619"}],"wp:term":[{"taxonomy":"product_brand","embeddable":true,"href":"https:\/\/tecsecmty.com\/index.php\/wp-json\/wp\/v2\/product_brand?post=2619"},{"taxonomy":"product_cat","embeddable":true,"href":"https:\/\/tecsecmty.com\/index.php\/wp-json\/wp\/v2\/product_cat?post=2619"},{"taxonomy":"product_tag","embeddable":true,"href":"https:\/\/tecsecmty.com\/index.php\/wp-json\/wp\/v2\/product_tag?post=2619"}],"curies":[{"name":"wp","href":"https:\/\/api.w.org\/{rel}","templated":true}]}}