{"id":2629,"date":"2023-02-22T21:46:55","date_gmt":"2023-02-23T03:46:55","guid":{"rendered":"https:\/\/tecsecmty.com\/index.php\/producto\/dahua-hac-hfw2802t-a-i8-camara-bullet-4k-lente-de-3-6mm-ir-de-80-metros-microfono-integrado-1-entrada-de-audio-metalica-ip67-wdr-real-de-120-db-lonuevo\/"},"modified":"2023-03-22T23:22:43","modified_gmt":"2023-03-23T05:22:43","slug":"dahua-hac-hfw2802t-a-i8-camara-bullet-4k-lente-de-3-6mm-ir-de-80-metros-microfono-integrado-1-entrada-de-audio-metalica-ip67-wdr-real-de-120-db-lonuevo","status":"publish","type":"product","link":"https:\/\/tecsecmty.com\/index.php\/producto\/dahua-hac-hfw2802t-a-i8-camara-bullet-4k-lente-de-3-6mm-ir-de-80-metros-microfono-integrado-1-entrada-de-audio-metalica-ip67-wdr-real-de-120-db-lonuevo\/","title":{"rendered":"DAHUA HAC-HFW2802T-A-I8 &#8211; Camara Bullet 4k\/ Lente de 3.6mm\/ IR de 80 Metros\/ Microfono Integrado + 1 Entrada de Audio\/ Metalica\/ IP67\/ WDR Real de 120 dB\/ #LoNuevo"},"content":{"rendered":"<div class=\"row aling-items-center padding-bottom-2x\">\n<div class=\"col-lg-12\">\n<h5 class=\"card-title text-center\">Informaci\u00f3n general<\/h5>\n<p>Experimente la video vigilancia 4K con la simplicidad de reutilizar la infraestructura coaxial existente. La c\u00e1mara 4K HDCVI adopta un potente ISP de Dahua y un sensor de imagen avanzado de 1\/2&#8243;, que brinda im\u00e1genes de alta calidad superior. Tambi\u00e9n es compatible con Starlight y WDR real de 120dB para una imagen clara en condiciones de poca luz. Adem\u00e1s, la c\u00e1mara cuenta con audio de calidad de transmisi\u00f3n para proporcionar una mejor recopilaci\u00f3n de pruebas complementarias. La ultra alta definici\u00f3n y un conjunto completo de caracter\u00edsticas hacen de la c\u00e1mara 4K HDCVI una opci\u00f3n ideal para empresas y proyectos de tama\u00f1o mediano a grande donde se exigen vigilancia altamente confiable y flexibilidad de construcci\u00f3n.<\/p>\n<p><img decoding=\"async\" class=\"overview-center-img-web\" src=\"https:\/\/tvc.mx\/media\/551996\/HAC-HFW2802T-A-I8-4K-Starlight-HDCVI-IR-Bullet-Camera-DAHUA-BANNER-PRINCIPAL.png\" alt=\"Camara bala metalica\" \/><\/div>\n<\/div>\n<div class=\"row align-items-center padding-bottom-2x\">\n<div class=\"col-md-5\"><img decoding=\"async\" class=\"d-block m-auto img-thumbnail\" src=\"https:\/\/tvc.mx\/media\/552005\/3DNR-dahua.png\" alt=\" Tecnolog\u00eda de reducci\u00f3n de ruido\" \/><\/div>\n<div class=\"col-md-7 text-md-left text-center\">\n<h2>3 DNR Avanzado<\/h2>\n<p class=\"text-muted\">\n<p>3DNR es una tecnolog\u00eda de reducci\u00f3n de ruido que detecta y elimina ruidos aleatorios comparando dos fotogramas secuenciales. La avanzada tecnolog\u00eda 3DNR de Dahua permite una notable reducci\u00f3n del ruido con poco impacto en la nitidez, especialmente en condiciones de iluminaci\u00f3n limitada. Adem\u00e1s, el 3DNR avanzado reduce efectivamente el ancho de banda y ahorra espacio de almacenamiento.<\/p>\n<p>&nbsp;<\/p>\n<\/div>\n<\/div>\n<hr class=\"padding-bottom-2x\" \/>\n<div class=\"row align-items-center padding-bottom-2x\">\n<div class=\"col-md-5 order-md-2\"><img decoding=\"async\" class=\"d-block m-auto img-thumbnail\" src=\"https:\/\/tvc.mx\/media\/552017\/4-se%C3%B1ales-sobre-1-cable-coaxial-Dahua.png\" alt=\" V\u00eddeo, audio, datos, alimentaci\u00f3n\" \/><\/div>\n<div class=\"col-md-7 order-md-1 text-md-left text-center\">\n<h2>4 Se\u00f1ales sobre 1 cable coaxial<\/h2>\n<p class=\"text-muted\">\n<p>La tecnolog\u00eda HDCVI admite la transmisi\u00f3n simult\u00e1nea de 4 se\u00f1ales a trav\u00e9s de 1 cable coaxial, es decir, video, audio*, datos y alimentaci\u00f3n. La transmisi\u00f3n de datos bidireccional permite que la c\u00e1mara HDCVI interact\u00fae con el HCVR, como enviar una se\u00f1al de control o activar una alarma. Adem\u00e1s, la tecnolog\u00eda HDCVI es compatible con PoC para la flexibilidad de la construcci\u00f3n.<\/p>\n<p>&nbsp;<\/p>\n<\/div>\n<\/div>\n<hr class=\"padding-bottom-2x\" \/>\n<div class=\"row align-items-center padding-bottom-2x\">\n<div class=\"col-md-5\"><img decoding=\"async\" class=\"d-block m-auto img-thumbnail\" src=\"https:\/\/tvc.mx\/media\/552038\/IP67-dahua.png\" alt=\" 3 DNR\" \/><\/div>\n<div class=\"col-md-7 text-md-left text-center\">\n<h2>Protecci\u00f3n<\/h2>\n<p class=\"text-muted\">\n<p>La excelente confiabilidad de la c\u00e1mara es insuperable debido a su dise\u00f1o resistente. La c\u00e1mara est\u00e1 protegida contra el agua y el polvo con clasificaci\u00f3n IP67, lo que la hace adecuada para entornos interiores o exteriores.<\/p>\n<p>Con una tolerancia de voltaje de entrada de \u00b130 %, esta c\u00e1mara se adapta incluso a las condiciones de suministro de energ\u00eda m\u00e1s inestables. Su clasificaci\u00f3n de rayos 4KV proporciona protecci\u00f3n contra la c\u00e1mara y su estructura de los efectos de los rayos.<\/p>\n<p>&nbsp;<\/p>\n<\/div>\n<\/div>\n<hr class=\"padding-bottom-2x\" \/>\n<div class=\"row align-items-center padding-bottom-2x\">\n<div class=\"col-md-5 order-md-2\"><img decoding=\"async\" class=\"d-block m-auto img-thumbnail\" src=\"https:\/\/tvc.mx\/media\/552044\/Multiformatos-dahua.png\" alt=\" HDCVI, CVBS\" \/><\/div>\n<div class=\"col-md-7 order-md-1 text-md-left text-center\">\n<h2>M\u00faltiples formatos<\/h2>\n<p class=\"text-muted\">\n<p>La c\u00e1mara admite m\u00faltiples formatos de video, incluidos HDCVI, CVBS y otros dos formatos anal\u00f3gicos HD comunes en el mercado. Un interruptor DIP ubicado en el cable le permite alternar formatos r\u00e1pidamente, lo que simplifica a\u00fan m\u00e1s la instalaci\u00f3n y la depuraci\u00f3n. Esta funci\u00f3n hace que la c\u00e1mara sea compatible no solo con XVR, sino tambi\u00e9n con la mayor\u00eda de los DVR HD\/SD existentes.<\/p>\n<p>&nbsp;<\/p>\n<\/div>\n<\/div>\n<hr class=\"padding-bottom-2x\" \/>\n<div class=\"row align-items-center padding-bottom-2x\">\n<div class=\"col-md-5\"><img decoding=\"async\" class=\"d-block m-auto img-thumbnail\" src=\"https:\/\/tvc.mx\/media\/552047\/HAC-HFW2802T-A-I8-4K-Starlight-HDCVI-IR-Bullet-Camera-DAHUA-caracteristicas-principales.png\" alt=\" Camara bala metalica\" \/><\/div>\n<div class=\"col-md-7 text-md-left text-center\">\n<h2>Caracter\u00edsticas Principales<\/h2>\n<p class=\"text-muted\">\n<p>\u00b7 Luz estelar, WDR real de 120 dB, 3DNR<\/p>\n<p>\u00b7 M\u00e1x. resoluci\u00f3n 4K<\/p>\n<p>\u00b7 HD\/SD conmutable<\/p>\n<p>\u00b7 Interfaz de entrada de audio, micr\u00f3fono incorporado<\/p>\n<p>\u00b7 Lente fija de 3,6 mm (6 mm opcional)<\/p>\n<p>\u00b7 M\u00e1x. Longitud IR 80 m, IR inteligente<\/p>\n<p>\u00b7 IP67, CC12V\u00b130%<\/p>\n<p>&nbsp;<\/p>\n<\/div>\n<\/div>\n<hr class=\"padding-bottom-2x\" \/>\n<div class=\"row align-items-center padding-bottom-2x\">\n<div class=\"col-md-5 order-md-2\"><img decoding=\"async\" class=\"d-block m-auto img-thumbnail\" src=\"https:\/\/tvc.mx\/media\/552065\/HAC-HFW2802T-A-I8-4K-Starlight-HDCVI-IR-Bullet-Camera-DAHUA-especificaciones.png\" alt=\" Dimensiones\" \/><\/div>\n<div class=\"col-md-7 order-md-1 text-md-left text-center\">\n<h2>Especificaciones tecnicas<\/h2>\n<p class=\"text-muted\">\n<p>Sensor de imagen<\/p>\n<p>CMOS de 1\/2<\/p>\n<p>P\u00edxeles efectivos\u00a03840 (Altura) \u00d7 2160 (Vista), 8MP<\/p>\n<p>Sistema de escaneo\u00a0Progresivo<\/p>\n<p>Velocidad de obturaci\u00f3n electr\u00f3nica\u00a0PAL: 1\/4s~1\/100,000s NTSC: 1\/3s~1\/100,000s<\/p>\n<p>iluminaci\u00f3n m\u00ednima\u00a00.005Lux\/F1.6, 30IRE, 0Lux IR encendido<\/p>\n<p>Relaci\u00f3n se\u00f1al\/ruido\u00a0M\u00e1s de 65dB<\/p>\n<p>LED IR\u00a04<\/p>\n<p>Longitud focal\u00a03,6 mm (6 mm opcional)<\/p>\n<p>Punto de vista\u00a0Alto: 87\u00b0 (55\u00b0)<\/p>\n<p>Distancia de enfoque cercano\u00a02500 mm (6100 mm) 98,43\u00bb (240,2&#8242;)<\/p>\n<\/div>\n<\/div>\n","protected":false},"excerpt":{"rendered":"<p>Informaci\u00f3n general Experimente la video vigilancia 4K con la simplicidad de reutilizar la infraestructura coaxial existente. La c\u00e1mara 4K HDCVI adopta un potente ISP de Dahua y un sensor de imagen avanzado de 1\/2&#8243;, que brinda im\u00e1genes de alta calidad superior. Tambi\u00e9n es compatible con&hellip;<\/p>\n","protected":false},"featured_media":2628,"comment_status":"open","ping_status":"closed","template":"","meta":{"om_disable_all_campaigns":false,"_monsterinsights_skip_tracking":false,"_monsterinsights_sitenote_active":false,"_monsterinsights_sitenote_note":"","_monsterinsights_sitenote_category":0},"product_brand":[],"product_cat":[164],"product_tag":[42,165,166,151],"class_list":{"0":"post-2629","1":"product","2":"type-product","3":"status-publish","4":"has-post-thumbnail","6":"product_cat-bullet-camaras-cctv-hd","7":"product_tag-camaras","8":"product_tag-camaras-cctv-hd","9":"product_tag-cctv","10":"product_tag-seguridad","12":"first","13":"instock","14":"sale","15":"taxable","16":"shipping-taxable","17":"purchasable","18":"product-type-simple"},"aioseo_notices":[],"_links":{"self":[{"href":"https:\/\/tecsecmty.com\/index.php\/wp-json\/wp\/v2\/product\/2629","targetHints":{"allow":["GET"]}}],"collection":[{"href":"https:\/\/tecsecmty.com\/index.php\/wp-json\/wp\/v2\/product"}],"about":[{"href":"https:\/\/tecsecmty.com\/index.php\/wp-json\/wp\/v2\/types\/product"}],"replies":[{"embeddable":true,"href":"https:\/\/tecsecmty.com\/index.php\/wp-json\/wp\/v2\/comments?post=2629"}],"version-history":[{"count":0,"href":"https:\/\/tecsecmty.com\/index.php\/wp-json\/wp\/v2\/product\/2629\/revisions"}],"wp:featuredmedia":[{"embeddable":true,"href":"https:\/\/tecsecmty.com\/index.php\/wp-json\/wp\/v2\/media\/2628"}],"wp:attachment":[{"href":"https:\/\/tecsecmty.com\/index.php\/wp-json\/wp\/v2\/media?parent=2629"}],"wp:term":[{"taxonomy":"product_brand","embeddable":true,"href":"https:\/\/tecsecmty.com\/index.php\/wp-json\/wp\/v2\/product_brand?post=2629"},{"taxonomy":"product_cat","embeddable":true,"href":"https:\/\/tecsecmty.com\/index.php\/wp-json\/wp\/v2\/product_cat?post=2629"},{"taxonomy":"product_tag","embeddable":true,"href":"https:\/\/tecsecmty.com\/index.php\/wp-json\/wp\/v2\/product_tag?post=2629"}],"curies":[{"name":"wp","href":"https:\/\/api.w.org\/{rel}","templated":true}]}}