{"id":2633,"date":"2023-02-22T21:46:59","date_gmt":"2023-02-23T03:46:59","guid":{"rendered":"https:\/\/tecsecmty.com\/index.php\/producto\/dahua-hac-me1509thn-a-pv-s2-camara-bullet-tioc-de-5-megapixeles-iluminador-dual-inteligentedisuasion-activa-con-luz-roja-y-azul-lente-de-2-8mm-111-grados-40-metros-de-iluminacion-ir-y-visible\/"},"modified":"2023-03-22T23:22:43","modified_gmt":"2023-03-23T05:22:43","slug":"dahua-hac-me1509thn-a-pv-s2-camara-bullet-tioc-de-5-megapixeles-iluminador-dual-inteligentedisuasion-activa-con-luz-roja-y-azul-lente-de-2-8mm-111-grados-40-metros-de-iluminacion-ir-y-visible","status":"publish","type":"product","link":"https:\/\/tecsecmty.com\/index.php\/producto\/dahua-hac-me1509thn-a-pv-s2-camara-bullet-tioc-de-5-megapixeles-iluminador-dual-inteligentedisuasion-activa-con-luz-roja-y-azul-lente-de-2-8mm-111-grados-40-metros-de-iluminacion-ir-y-visible\/","title":{"rendered":"DAHUA HAC-ME1509THN-A-PV-S2 &#8211; Camara Bullet TioC de 5 Megapixeles\/ Iluminador Dual Inteligente+Disuasi\u00f3n Activa con Luz Roja y Azul\/ Lente de 2.8mm\/ 111 Grados\/ 40 Metros de Iluminaci\u00f3n IR y Visible\/ Micr\u00f3fono Integrado\/ WDR Real de 120 dB\/ #LoNuevo"},"content":{"rendered":"<div class=\"row aling-items-center padding-bottom-2x\">\n<div class=\"col-lg-12\">\n<h5 class=\"card-title text-center\">Informaci\u00f3n general<\/h5>\n<h5 class=\"ql-align-justify\">La serie Active Deterrence ofrece un sistema multidimensional que vincula videos de vigilancia con alarmas, avisos de audio y varios tipos de informaci\u00f3n para ayudar a verificar los riesgos potenciales. Las c\u00e1maras de esta serie advierten activamente a los intrusos con luz y sonido, mientras lomantienen actualizado de los eventos en tiempo real a trav\u00e9s de la alarma por coaxial y su vista en vivo.<\/h5>\n<p><img decoding=\"async\" class=\"overview-center-img-web\" src=\"https:\/\/tvc.mx\/media\/639677\/DAHUA-HAC-ME1509THN-A-PV-S2---Camara-Bullet-TioC-Iluminador-Dual-Inteligente%2BDisuasi%C3%B3n-Activa-banner-principal.png\" alt=\"\" \/><\/div>\n<\/div>\n<div class=\"row align-items-center padding-bottom-2x\">\n<div class=\"col-md-5\"><img decoding=\"async\" class=\"d-block m-auto img-thumbnail\" src=\"https:\/\/tvc.mx\/media\/639722\/3DNR-dahua.png\" alt=\" \" \/><\/div>\n<div class=\"col-md-7 text-md-left text-center\">\n<h2>3DNR avanzado<\/h2>\n<p class=\"text-muted\">\n<h5 class=\"ql-align-justify\">La tecnolog\u00eda avanzada 3DNR de Dahua reduce el ruido de la imagen con poco o ning\u00fan impacto en la nitidez de la imagen, especialmente en condiciones de poca luz. Detecta el ruido y compara los cuadros secuenciales para reducir el ruido de manera efectiva. Tambi\u00e9n hace un uso eficiente del ancho de banda, ahorrando espacio de almacenamiento.<\/h5>\n<p>&nbsp;<\/p>\n<\/div>\n<\/div>\n<hr class=\"padding-bottom-2x\" \/>\n<div class=\"row align-items-center padding-bottom-2x\">\n<div class=\"col-md-5\"><img decoding=\"async\" class=\"d-block m-auto img-thumbnail\" src=\"https:\/\/tvc.mx\/media\/639727\/disuacion-activa.png\" alt=\" \" \/><\/div>\n<div class=\"col-md-7 text-md-left text-center\">\n<h2>Disuasi\u00f3n activa (luz roja-azul)<\/h2>\n<p class=\"text-muted\">\n<h5 class=\"ql-align-justify\">Dise\u00f1ada con tecnolog\u00eda de disuasi\u00f3n activa, la c\u00e1mara enciende una sirena y una luz roja y azul que parpadea en intervalos para disuadir y advertir a los intrusos. La sirena tiene configuraciones personalizables.<\/h5>\n<p>&nbsp;<\/p>\n<\/div>\n<\/div>\n<hr class=\"padding-bottom-2x\" \/>\n<div class=\"row align-items-center padding-bottom-2x\">\n<div class=\"col-md-5\"><img decoding=\"async\" class=\"d-block m-auto img-thumbnail\" src=\"https:\/\/tvc.mx\/media\/639732\/amplio-rango-de-vision-videoportero-dahua.png\" alt=\" \" \/><\/div>\n<div class=\"col-md-7 text-md-left text-center\">\n<h2>Amplio rango din\u00e1mico<\/h2>\n<p class=\"text-muted\">\n<h5 class=\"ql-align-justify\">Con su avanzada tecnolog\u00eda de amplio rango din\u00e1mico (WDR), la c\u00e1mara captura im\u00e1genes muy detalladas y produce grabaciones de alta definici\u00f3n en condiciones de iluminaci\u00f3n de alto contraste y en escenas con luz de fondo o sombras.<\/h5>\n<p>&nbsp;<\/p>\n<\/div>\n<\/div>\n<hr class=\"padding-bottom-2x\" \/>\n<div class=\"row align-items-center padding-bottom-2x\">\n<div class=\"col-md-5 order-md-2\"><img decoding=\"async\" class=\"d-block m-auto img-thumbnail\" src=\"https:\/\/tvc.mx\/media\/639802\/DAHUA-HAC-ME1509THN-A-PV-S2---Camara-Bullet-TioC-Iluminador-Dual-Inteligente%2BDisuasi%C3%B3n-Activa-caracteristicas-principales.png\" alt=\" \" \/><\/div>\n<div class=\"col-md-7 order-md-1 text-md-left text-center\">\n<h2>Caracter\u00edsticas Principales<\/h2>\n<p class=\"text-muted\">\n<h5 class=\"ql-align-justify\"><strong>\u00b7\u00a0<\/strong>M\u00e1x. 25 fps@5 MP (salida de video 16:9).<\/h5>\n<h5 class=\"ql-align-justify\"><strong>\u00b7\u00a0<\/strong>WDR real de 120 dB, 3D NR.<\/h5>\n<h5 class=\"ql-align-justify\"><strong>\u00b7\u00a0<\/strong>Iluminadores duales inteligentes.<\/h5>\n<h5 class=\"ql-align-justify\"><strong>\u00b7\u00a0<\/strong>Protecci\u00f3n Contra Interferencias de Luz Roja-Azul.<\/h5>\n<h5 class=\"ql-align-justify\"><strong>\u00b7\u00a0<\/strong>Disuasi\u00f3n activa con luz azul roja, sirena e interfaz de salida de alarma.<\/h5>\n<h5 class=\"ql-align-justify\"><strong>\u00b7\u00a0<\/strong>Distancia de iluminaci\u00f3n de 40 m.<\/h5>\n<p>&nbsp;<\/p>\n<\/div>\n<\/div>\n<hr class=\"padding-bottom-2x\" \/>\n<div class=\"row align-items-center padding-bottom-2x\">\n<div class=\"col-md-5\"><img decoding=\"async\" class=\"d-block m-auto img-thumbnail\" src=\"https:\/\/tvc.mx\/media\/639872\/DAHUA-HAC-ME1509THN-A-PV-S2---Camara-Bullet-TioC-Iluminador-Dual-Inteligente%2BDisuasi%C3%B3n-Activa-especificaciones-tecnicas.png\" alt=\" \" \/><\/div>\n<div class=\"col-md-7 text-md-left text-center\">\n<h2>Especificaciones T\u00e9cnicas<\/h2>\n<p class=\"text-muted\">\n<h5 class=\"ql-align-justify\">\u00b7 S\u00faper Adaptado.<\/h5>\n<h5 class=\"ql-align-justify\">\u00b7 Lente fija de 3,6 mm (2,8 mm opcional).<\/h5>\n<h5 class=\"ql-align-justify\">\u00b7 CVI\/CVBS\/AHD\/TVI conmutable.<\/h5>\n<h5 class=\"ql-align-justify\">\u00b7 IP67, 12 V CC.<\/h5>\n<h5 class=\"ql-align-justify\">\u00b7 CMOS 5 MP<\/h5>\n<h5 class=\"ql-align-justify\">\u00b7Sistema de escaneo progresivo<\/h5>\n<h5 class=\"ql-align-justify\">\u00b7 Relaci\u00f3n se\u00f1al\/ruido<\/h5>\n<\/div>\n<\/div>\n","protected":false},"excerpt":{"rendered":"<p>Informaci\u00f3n general La serie Active Deterrence ofrece un sistema multidimensional que vincula videos de vigilancia con alarmas, avisos de audio y varios tipos de informaci\u00f3n para ayudar a verificar los riesgos potenciales. Las c\u00e1maras de esta serie advierten activamente a los intrusos con luz y&hellip;<\/p>\n","protected":false},"featured_media":2632,"comment_status":"open","ping_status":"closed","template":"","meta":{"om_disable_all_campaigns":false,"_monsterinsights_skip_tracking":false,"_monsterinsights_sitenote_active":false,"_monsterinsights_sitenote_note":"","_monsterinsights_sitenote_category":0},"product_brand":[],"product_cat":[164],"product_tag":[42,165,166,151],"class_list":{"0":"post-2633","1":"product","2":"type-product","3":"status-publish","4":"has-post-thumbnail","6":"product_cat-bullet-camaras-cctv-hd","7":"product_tag-camaras","8":"product_tag-camaras-cctv-hd","9":"product_tag-cctv","10":"product_tag-seguridad","12":"first","13":"instock","14":"sale","15":"taxable","16":"shipping-taxable","17":"purchasable","18":"product-type-simple"},"aioseo_notices":[],"_links":{"self":[{"href":"https:\/\/tecsecmty.com\/index.php\/wp-json\/wp\/v2\/product\/2633","targetHints":{"allow":["GET"]}}],"collection":[{"href":"https:\/\/tecsecmty.com\/index.php\/wp-json\/wp\/v2\/product"}],"about":[{"href":"https:\/\/tecsecmty.com\/index.php\/wp-json\/wp\/v2\/types\/product"}],"replies":[{"embeddable":true,"href":"https:\/\/tecsecmty.com\/index.php\/wp-json\/wp\/v2\/comments?post=2633"}],"version-history":[{"count":0,"href":"https:\/\/tecsecmty.com\/index.php\/wp-json\/wp\/v2\/product\/2633\/revisions"}],"wp:featuredmedia":[{"embeddable":true,"href":"https:\/\/tecsecmty.com\/index.php\/wp-json\/wp\/v2\/media\/2632"}],"wp:attachment":[{"href":"https:\/\/tecsecmty.com\/index.php\/wp-json\/wp\/v2\/media?parent=2633"}],"wp:term":[{"taxonomy":"product_brand","embeddable":true,"href":"https:\/\/tecsecmty.com\/index.php\/wp-json\/wp\/v2\/product_brand?post=2633"},{"taxonomy":"product_cat","embeddable":true,"href":"https:\/\/tecsecmty.com\/index.php\/wp-json\/wp\/v2\/product_cat?post=2633"},{"taxonomy":"product_tag","embeddable":true,"href":"https:\/\/tecsecmty.com\/index.php\/wp-json\/wp\/v2\/product_tag?post=2633"}],"curies":[{"name":"wp","href":"https:\/\/api.w.org\/{rel}","templated":true}]}}