{"id":2635,"date":"2023-02-22T21:47:01","date_gmt":"2023-02-23T03:47:01","guid":{"rendered":"https:\/\/tecsecmty.com\/index.php\/producto\/dahua-hac-me1809th-a-pv-camara-bullet-tioc-4k-disuasion-activa-full-color-estrobo-azul-y-rojo-lente-de-3-6mm-luz-de-40-mts-microfono-integrado-1-salida-de-alarma-soporta-cvi-tvi-ahd-ip67\/"},"modified":"2023-03-22T23:22:44","modified_gmt":"2023-03-23T05:22:44","slug":"dahua-hac-me1809th-a-pv-camara-bullet-tioc-4k-disuasion-activa-full-color-estrobo-azul-y-rojo-lente-de-3-6mm-luz-de-40-mts-microfono-integrado-1-salida-de-alarma-soporta-cvi-tvi-ahd-ip67","status":"publish","type":"product","link":"https:\/\/tecsecmty.com\/index.php\/producto\/dahua-hac-me1809th-a-pv-camara-bullet-tioc-4k-disuasion-activa-full-color-estrobo-azul-y-rojo-lente-de-3-6mm-luz-de-40-mts-microfono-integrado-1-salida-de-alarma-soporta-cvi-tvi-ahd-ip67\/","title":{"rendered":"DAHUA HAC-ME1809TH-A-PV &#8211; C\u00e1mara Bullet TiOC 4k\/ Disuasi\u00f3n Activa\/ Full Color\/ Estrobo Azul y Rojo\/ Lente de 3.6mm\/ Luz de 40 Mts\/ Micr\u00f3fono Integrado\/ 1 Salida de Alarma\/ Soporta: CVI\/TVI\/AHD\/ IP67\/"},"content":{"rendered":"<div class=\"row aling-items-center padding-bottom-2x\">\n<div class=\"col-lg-12\">\n<h5 class=\"card-title text-center\">Informaci\u00f3n General<\/h5>\n<p class=\"ql-align-justify\">La c\u00e1mara de seguridad modelo<strong>\u00a0HAC-ME1809TH-A-PV<\/strong>\u00a0es una c\u00e1mara bullet de\u00a04-k\u00a0de resoluci\u00f3n, con la cual podemos apreciar una imagen con mayor nitidez, brillo y claridad. Este modelo\u00a0incorpora tecnolog\u00eda\u00a0Full Color, esta tecnolog\u00eda nos permite obtener un\u00a0rendimiento excepcional ideal para la visualizaci\u00f3n y reproducci\u00f3n\u00a0de im\u00e1genes bajo condiciones de poca iluminaci\u00f3n. Cuenta con disuasi\u00f3n activa que advierte a los intrusos con luces rojo y azul ,adem\u00e1s de su sirena la cual advierte a los usuarios aun si no se han dado cuenta.<\/p>\n<p class=\"ql-align-justify\">Nota: Para el uso correcto de las funciones de la c\u00e1mara TiOC es necesario hacer uso de los grabadores de las siguientes series:<\/p>\n<ul>\n<li class=\"ql-align-justify\">Serie de inteligencia<\/li>\n<\/ul>\n<p><img decoding=\"async\" class=\"overview-center-img-web\" src=\"https:\/\/tvc.mx\/media\/385959\/Dahua-DH-HAC-ME1809THN-A-PV-0360B-C%C3%A1mara-Bullet-HDCVI-TiOC-4K-principal.png\" alt=\"C\u00e1mara TiOC\" \/><\/div>\n<\/div>\n<div class=\"row align-items-center padding-bottom-2x\">\n<div class=\"col-md-5\"><img decoding=\"async\" class=\"d-block m-auto img-thumbnail\" src=\"https:\/\/tvc.mx\/media\/385979\/full-color-dahua.png\" alt=\" Full Color\" \/><\/div>\n<div class=\"col-md-7 text-md-left text-center\">\n<h2>Full Color<\/h2>\n<p class=\"text-muted\">\n<p class=\"ql-align-justify\">Esta tecnolog\u00eda nos permite obtener un\u00a0rendimiento excepcional ideal para la visualizaci\u00f3n y reproducci\u00f3n\u00a0de im\u00e1genes bajo condiciones de poca iluminaci\u00f3n, tanto en condiciones de contraluz extremo como en la obscuridad. Las c\u00e1maras Full Color nos permite tener un monitoreo 24\/7, para recopilaci\u00f3n de datos crom\u00e1ticos.<\/p>\n<p>&nbsp;<\/p>\n<\/div>\n<\/div>\n<hr class=\"padding-bottom-2x\" \/>\n<div class=\"row align-items-center padding-bottom-2x\">\n<div class=\"col-md-5 order-md-2\"><img decoding=\"async\" class=\"d-block m-auto img-thumbnail\" src=\"https:\/\/tvc.mx\/media\/385983\/disuacion-activa.png\" alt=\" Disuasi\u00f3n\" \/><\/div>\n<div class=\"col-md-7 order-md-1 text-md-left text-center\">\n<h2>Disuasi\u00f3n Activa<\/h2>\n<p class=\"text-muted\">\n<p class=\"ql-align-justify\">Nuestra c\u00e1mara cuenta con disuasi\u00f3n activa, su funci\u00f3n principal es advertir la operaci\u00f3n de los intrusos con una luz roja\/azul y una sirena audible, incluso antes de darse cuenta de la incidencia. Una vez que se detecte una intrusi\u00f3n, las luces se encender\u00e1n y la sirena sonar\u00e1 para alertar al intruso.<\/p>\n<p>&nbsp;<\/p>\n<\/div>\n<\/div>\n<hr class=\"padding-bottom-2x\" \/>\n<div class=\"row align-items-center padding-bottom-2x\">\n<div class=\"col-md-5\"><img decoding=\"async\" class=\"d-block m-auto img-thumbnail\" src=\"https:\/\/tvc.mx\/media\/385987\/WDR-Dahua.png\" alt=\" DWDR\" \/><\/div>\n<div class=\"col-md-7 text-md-left text-center\">\n<h2>DWDR<\/h2>\n<p class=\"text-muted\">\n<p class=\"ql-align-justify\">Nuestra c\u00e1mara\u00a0cuenta con DWDR, esta funci\u00f3n\u00a0se encarga de medir, compensar y ajustar la luz en la imagen\u00a0captada para despu\u00e9s combinar los espacios de luces brillantes con los espacios de sombras que hay en una misma toma, creando\u00a0un equilibrio en la imagen final.<\/p>\n<p>&nbsp;<\/p>\n<\/div>\n<\/div>\n<hr class=\"padding-bottom-2x\" \/>\n<div class=\"row align-items-center padding-bottom-2x\">\n<div class=\"col-md-5 order-md-2\"><img decoding=\"async\" class=\"d-block m-auto img-thumbnail\" src=\"https:\/\/tvc.mx\/media\/385991\/Dahua-DH-HAC-ME1809THN-A-PV-0360B-C%C3%A1mara-Bullet-HDCVI-TiOC-4K-pp-caracteristicas.png\" alt=\" Caracter\u00edsticas\" \/><\/div>\n<div class=\"col-md-7 order-md-1 text-md-left text-center\">\n<h2>Principales Caracter\u00edsticas<\/h2>\n<p class=\"text-muted\">\n<ul>\n<li class=\"ql-align-justify\">\u00a0Im\u00e1genes en color 24 horas al d\u00eda, 7 d\u00edas a la semana<\/li>\n<li class=\"ql-align-justify\">Disuasi\u00f3n activa con luz azul roja, sirena e interfaz de salida de alarma<\/li>\n<li class=\"ql-align-justify\">Micr\u00f3fono incorporado<\/li>\n<li class=\"ql-align-justify\">Lente fija de 3,6 mm<\/li>\n<li class=\"ql-align-justify\">IR Inteligente<\/li>\n<li class=\"ql-align-justify\">IP67<\/li>\n<\/ul>\n<p>&nbsp;<\/p>\n<\/div>\n<\/div>\n<hr class=\"padding-bottom-2x\" \/>\n<div class=\"row align-items-center padding-bottom-2x\">\n<div class=\"col-md-5\"><img decoding=\"async\" class=\"d-block m-auto img-thumbnail\" src=\"https:\/\/tvc.mx\/media\/386015\/DAHUA-DH-HAC-ME1509TH-PV-C%C3%A1mara-bullet-5-mp-TiOC-Disuasi%C3%B3n-activa-luz-roja-azul-full-color-especificaciones.png\" alt=\" \" \/><\/div>\n<div class=\"col-md-7 text-md-left text-center\">\n<h2>Especificaciones<\/h2>\n<p class=\"text-muted\">\n<ul>\n<li class=\"ql-align-justify\">CMOS de 1 \/ 2,8 \u00ab<\/li>\n<li class=\"ql-align-justify\">4K<\/li>\n<li class=\"ql-align-justify\">Distancia de iluminaci\u00f3n 40 m<\/li>\n<li class=\"ql-align-justify\">N\u00famero de iluminador 2 (luz c\u00e1lida)<\/li>\n<li class=\"ql-align-justify\">Lente fijo 3.6 mm<\/li>\n<li class=\"ql-align-justify\">BLC \/ HLC \/ DWDR<\/li>\n<li class=\"ql-align-justify\">Reducci\u00f3n de ruido 2D<\/li>\n<li class=\"ql-align-justify\">1 salida BNC Soporta CVI \/ TVI \/ AHD<\/li>\n<li class=\"ql-align-justify\">Micr\u00f3fono incorporado<\/li>\n<li class=\"ql-align-justify\">Salida de alarma<\/li>\n<li class=\"ql-align-justify\">Fuente de alimentaci\u00f3n 12V \u00b1 30% CC<\/li>\n<li class=\"ql-align-justify\">Protecci\u00f3n de ingreso IP67<\/li>\n<li class=\"ql-align-justify\">Cubierta: Metal; Trasero: pl\u00e1stico; Pedestal: metal<\/li>\n<\/ul>\n<p>&nbsp;<\/p>\n<\/div>\n<\/div>\n<hr class=\"padding-bottom-2x\" \/>\n<div class=\"row align-items-center padding-bottom-2x\">\n<div class=\"col-md-5 order-md-2\"><img decoding=\"async\" class=\"d-block m-auto img-thumbnail\" src=\"https:\/\/tvc.mx\/media\/406803\/DAHUA-DH-HAC-ME1509TH-PV-C%C3%A1mara-bullet-5-mp-TiOC-Disuasi%C3%B3n-activa-luz-roja-azul-full-color-incluye.png\" alt=\" \" \/><\/div>\n<div class=\"col-md-7 order-md-1 text-md-left text-center\">\n<h2>Incluye<\/h2>\n<p class=\"text-muted\">\n<ul>\n<li class=\"ql-align-justify\">C\u00e1mara Bullet TiOC\u00a0<strong>HAC-ME1809TH-A-PV<\/strong><\/li>\n<li class=\"ql-align-justify\">Tornillos<\/li>\n<li class=\"ql-align-justify\">Llave torx<\/li>\n<li class=\"ql-align-justify\">Manuales de instalaci\u00f3n<\/li>\n<li class=\"ql-align-justify\">P\u00f3liza de garant\u00eda<\/li>\n<\/ul>\n<\/div>\n<\/div>\n","protected":false},"excerpt":{"rendered":"<p>Informaci\u00f3n General La c\u00e1mara de seguridad modelo\u00a0HAC-ME1809TH-A-PV\u00a0es una c\u00e1mara bullet de\u00a04-k\u00a0de resoluci\u00f3n, con la cual podemos apreciar una imagen con mayor nitidez, brillo y claridad. Este modelo\u00a0incorpora tecnolog\u00eda\u00a0Full Color, esta tecnolog\u00eda nos permite obtener un\u00a0rendimiento excepcional ideal para la visualizaci\u00f3n y reproducci\u00f3n\u00a0de im\u00e1genes bajo condiciones&hellip;<\/p>\n","protected":false},"featured_media":2634,"comment_status":"open","ping_status":"closed","template":"","meta":{"om_disable_all_campaigns":false,"_monsterinsights_skip_tracking":false,"_monsterinsights_sitenote_active":false,"_monsterinsights_sitenote_note":"","_monsterinsights_sitenote_category":0},"product_brand":[],"product_cat":[164],"product_tag":[42,165,166,151],"class_list":{"0":"post-2635","1":"product","2":"type-product","3":"status-publish","4":"has-post-thumbnail","6":"product_cat-bullet-camaras-cctv-hd","7":"product_tag-camaras","8":"product_tag-camaras-cctv-hd","9":"product_tag-cctv","10":"product_tag-seguridad","12":"first","13":"instock","14":"sale","15":"taxable","16":"shipping-taxable","17":"purchasable","18":"product-type-simple"},"aioseo_notices":[],"_links":{"self":[{"href":"https:\/\/tecsecmty.com\/index.php\/wp-json\/wp\/v2\/product\/2635","targetHints":{"allow":["GET"]}}],"collection":[{"href":"https:\/\/tecsecmty.com\/index.php\/wp-json\/wp\/v2\/product"}],"about":[{"href":"https:\/\/tecsecmty.com\/index.php\/wp-json\/wp\/v2\/types\/product"}],"replies":[{"embeddable":true,"href":"https:\/\/tecsecmty.com\/index.php\/wp-json\/wp\/v2\/comments?post=2635"}],"version-history":[{"count":0,"href":"https:\/\/tecsecmty.com\/index.php\/wp-json\/wp\/v2\/product\/2635\/revisions"}],"wp:featuredmedia":[{"embeddable":true,"href":"https:\/\/tecsecmty.com\/index.php\/wp-json\/wp\/v2\/media\/2634"}],"wp:attachment":[{"href":"https:\/\/tecsecmty.com\/index.php\/wp-json\/wp\/v2\/media?parent=2635"}],"wp:term":[{"taxonomy":"product_brand","embeddable":true,"href":"https:\/\/tecsecmty.com\/index.php\/wp-json\/wp\/v2\/product_brand?post=2635"},{"taxonomy":"product_cat","embeddable":true,"href":"https:\/\/tecsecmty.com\/index.php\/wp-json\/wp\/v2\/product_cat?post=2635"},{"taxonomy":"product_tag","embeddable":true,"href":"https:\/\/tecsecmty.com\/index.php\/wp-json\/wp\/v2\/product_tag?post=2635"}],"curies":[{"name":"wp","href":"https:\/\/api.w.org\/{rel}","templated":true}]}}